{"id":109,"date":"2026-03-05T14:44:32","date_gmt":"2026-03-05T14:44:32","guid":{"rendered":"https:\/\/sanmarcohotels.ms3.decms.eu\/?page_id=109"},"modified":"2026-03-19T14:21:00","modified_gmt":"2026-03-19T14:21:00","slug":"rialto-hotel-ca-rialto-house","status":"publish","type":"page","link":"https:\/\/www.sanmarcohotels.com\/de\/unsere-unterkuenfte\/rialto-hotel-ca-rialto-house\/","title":{"rendered":"Rialto Hotel &#038; C\u00e0 Rialto House"},"content":{"rendered":"<p>Im Herzen von Venedig, nur wenige Schritte von der Rialtobr\u00fccke entfernt, bieten das Hotel Rialto, das Ca\u2019 Rialto House und die Rialto Studios verschiedene \u00dcbernachtungsm\u00f6glichkeiten im historischen Zentrum an. Vom Hotel mit Full-Service bis hin zu unabh\u00e4ngigen Apartments und Studios \u2013 jede Unterkunft l\u00e4sst Ihnen die Wahl zwischen Hotelkomfort und Eigenst\u00e4ndigkeit. Die gepflegte Innenausstattung, die Lage am Canal Grande und die N\u00e4he zu den wichtigsten Sehensw\u00fcrdigkeiten machen diese L\u00f6sungen ideal f\u00fcr G\u00e4ste, die Venedig flexibel erleben m\u00f6chten. Die perfekte Wahl f\u00fcr alle, die ein Hotel nahe der Rialtobr\u00fccke oder ein Apartment im Zentrum von Venedig suchen.<\/p>\n","protected":false},"excerpt":{"rendered":"<p>Im Herzen von Venedig, nur wenige Schritte von der Rialtobr\u00fccke entfernt, bieten das Hotel Rialto, das Ca\u2019 Rialto House und die Rialto Studios verschiedene \u00dcbernachtungsm\u00f6glichkeiten im historischen Zentrum an. Vom Hotel mit Full-Service bis hin zu unabh\u00e4ngigen Apartments und Studios \u2013 jede Unterkunft l\u00e4sst Ihnen die Wahl zwischen Hotelkomfort und Eigenst\u00e4ndigkeit. Die gepflegte Innenausstattung, die [&hellip;]<\/p>\n","protected":false},"author":6,"featured_media":0,"parent":58,"menu_order":10,"comment_status":"closed","ping_status":"closed","template":"template-single-hotel.php","meta":{"footnotes":""},"class_list":["post-109","page","type-page","status-publish","hentry"],"yoast_head":"<!-- This site is optimized with the Yoast SEO plugin v26.9 - https:\/\/yoast.com\/product\/yoast-seo-wordpress\/ -->\n<title>Rialto Hotel &amp; C\u00e0 Rialto House - San Marco Hotels -<\/title>\n<meta name=\"description\" content=\"Im Herzen von Venedig, nur wenige Schritte von der Rialtobr\u00fccke entfernt, bieten das Hotel Rialto, das Ca\u2019 Rialto House und die Rialto Studios verschiedene \u00dcbernachtungsm\u00f6glichkeiten im historischen Zentrum an. Vom Hotel mit Full-Service bis hin zu unabh\u00e4ngigen Apartments und Studios \u2013 jede Unterkunft l\u00e4sst Ihnen die Wahl zwischen Hotelkomfort und Eigenst\u00e4ndigkeit\" \/>\n<meta name=\"robots\" content=\"index, follow, max-snippet:-1, max-image-preview:large, max-video-preview:-1\" \/>\n<link rel=\"canonical\" href=\"https:\/\/www.sanmarcohotels.com\/de\/unsere-unterkuenfte\/rialto-hotel-ca-rialto-house\/\" \/>\n<meta property=\"og:locale\" content=\"de_DE\" \/>\n<meta property=\"og:type\" content=\"article\" \/>\n<meta property=\"og:title\" content=\"Rialto Hotel &amp; C\u00e0 Rialto House - San Marco Hotels -\" \/>\n<meta property=\"og:description\" content=\"Im Herzen von Venedig, nur wenige Schritte von der Rialtobr\u00fccke entfernt, bieten das Hotel Rialto, das Ca\u2019 Rialto House und die Rialto Studios verschiedene \u00dcbernachtungsm\u00f6glichkeiten im historischen Zentrum an. Vom Hotel mit Full-Service bis hin zu unabh\u00e4ngigen Apartments und Studios \u2013 jede Unterkunft l\u00e4sst Ihnen die Wahl zwischen Hotelkomfort und Eigenst\u00e4ndigkeit\" \/>\n<meta property=\"og:url\" content=\"https:\/\/www.sanmarcohotels.com\/de\/unsere-unterkuenfte\/rialto-hotel-ca-rialto-house\/\" \/>\n<meta property=\"og:site_name\" content=\"San Marco Hotels\" \/>\n<meta property=\"article:modified_time\" content=\"2026-03-19T14:21:00+00:00\" \/>\n<meta name=\"twitter:card\" content=\"summary_large_image\" \/>\n<meta name=\"twitter:label1\" content=\"Est. reading time\" \/>\n\t<meta name=\"twitter:data1\" content=\"1\u00a0Minute\" \/>\n<script type=\"application\/ld+json\" class=\"yoast-schema-graph\">{\"@context\":\"https:\/\/schema.org\",\"@graph\":[{\"@type\":\"WebPage\",\"@id\":\"https:\/\/www.sanmarcohotels.com\/de\/unsere-unterkuenfte\/rialto-hotel-ca-rialto-house\/\",\"url\":\"https:\/\/www.sanmarcohotels.com\/de\/unsere-unterkuenfte\/rialto-hotel-ca-rialto-house\/\",\"name\":\"Rialto Hotel & C\u00e0 Rialto House - San Marco Hotels -\",\"isPartOf\":{\"@id\":\"https:\/\/www.sanmarcohotels.com\/de\/#website\"},\"datePublished\":\"2026-03-05T14:44:32+00:00\",\"dateModified\":\"2026-03-19T14:21:00+00:00\",\"description\":\"Im Herzen von Venedig, nur wenige Schritte von der Rialtobr\u00fccke entfernt, bieten das Hotel Rialto, das Ca\u2019 Rialto House und die Rialto Studios verschiedene \u00dcbernachtungsm\u00f6glichkeiten im historischen Zentrum an. Vom Hotel mit Full-Service bis hin zu unabh\u00e4ngigen Apartments und Studios \u2013 jede Unterkunft l\u00e4sst Ihnen die Wahl zwischen Hotelkomfort und Eigenst\u00e4ndigkeit\",\"breadcrumb\":{\"@id\":\"https:\/\/www.sanmarcohotels.com\/de\/unsere-unterkuenfte\/rialto-hotel-ca-rialto-house\/#breadcrumb\"},\"inLanguage\":\"de\",\"potentialAction\":[{\"@type\":\"ReadAction\",\"target\":[\"https:\/\/www.sanmarcohotels.com\/de\/unsere-unterkuenfte\/rialto-hotel-ca-rialto-house\/\"]}]},{\"@type\":\"BreadcrumbList\",\"@id\":\"https:\/\/www.sanmarcohotels.com\/de\/unsere-unterkuenfte\/rialto-hotel-ca-rialto-house\/#breadcrumb\",\"itemListElement\":[{\"@type\":\"ListItem\",\"position\":1,\"name\":\"Home\",\"item\":\"https:\/\/www.sanmarcohotels.com\/de\/\"},{\"@type\":\"ListItem\",\"position\":2,\"name\":\"Unsere Unterk\u00fcnfte\",\"item\":\"https:\/\/www.sanmarcohotels.com\/de\/our-properties\/\"},{\"@type\":\"ListItem\",\"position\":3,\"name\":\"Rialto Hotel &#038; C\u00e0 Rialto House\"}]},{\"@type\":\"WebSite\",\"@id\":\"https:\/\/www.sanmarcohotels.com\/de\/#website\",\"url\":\"https:\/\/www.sanmarcohotels.com\/de\/\",\"name\":\"San Marco Hotels\",\"description\":\"\",\"publisher\":{\"@id\":\"https:\/\/www.sanmarcohotels.com\/de\/#organization\"},\"potentialAction\":[{\"@type\":\"SearchAction\",\"target\":{\"@type\":\"EntryPoint\",\"urlTemplate\":\"https:\/\/www.sanmarcohotels.com\/de\/?s={search_term_string}\"},\"query-input\":{\"@type\":\"PropertyValueSpecification\",\"valueRequired\":true,\"valueName\":\"search_term_string\"}}],\"inLanguage\":\"de\"},{\"@type\":\"Organization\",\"@id\":\"https:\/\/www.sanmarcohotels.com\/de\/#organization\",\"name\":\"San Marco Hotels\",\"url\":\"https:\/\/www.sanmarcohotels.com\/de\/\",\"logo\":{\"@type\":\"ImageObject\",\"inLanguage\":\"de\",\"@id\":\"https:\/\/www.sanmarcohotels.com\/de\/#\/schema\/logo\/image\/\",\"url\":\"https:\/\/sanmarcohotels.ms3.decms.eu\/wp-content\/uploads\/sites\/63\/2026\/03\/san_marco_hotels_logo_c.svg\",\"contentUrl\":\"https:\/\/sanmarcohotels.ms3.decms.eu\/wp-content\/uploads\/sites\/63\/2026\/03\/san_marco_hotels_logo_c.svg\",\"width\":802,\"height\":824,\"caption\":\"San Marco Hotels\"},\"image\":{\"@id\":\"https:\/\/www.sanmarcohotels.com\/de\/#\/schema\/logo\/image\/\"}}]}<\/script>\n<!-- \/ Yoast SEO plugin. -->","yoast_head_json":{"title":"Rialto Hotel & C\u00e0 Rialto House - San Marco Hotels -","description":"Im Herzen von Venedig, nur wenige Schritte von der Rialtobr\u00fccke entfernt, bieten das Hotel Rialto, das Ca\u2019 Rialto House und die Rialto Studios verschiedene \u00dcbernachtungsm\u00f6glichkeiten im historischen Zentrum an. Vom Hotel mit Full-Service bis hin zu unabh\u00e4ngigen Apartments und Studios \u2013 jede Unterkunft l\u00e4sst Ihnen die Wahl zwischen Hotelkomfort und Eigenst\u00e4ndigkeit","robots":{"index":"index","follow":"follow","max-snippet":"max-snippet:-1","max-image-preview":"max-image-preview:large","max-video-preview":"max-video-preview:-1"},"canonical":"https:\/\/www.sanmarcohotels.com\/de\/unsere-unterkuenfte\/rialto-hotel-ca-rialto-house\/","og_locale":"de_DE","og_type":"article","og_title":"Rialto Hotel & C\u00e0 Rialto House - San Marco Hotels -","og_description":"Im Herzen von Venedig, nur wenige Schritte von der Rialtobr\u00fccke entfernt, bieten das Hotel Rialto, das Ca\u2019 Rialto House und die Rialto Studios verschiedene \u00dcbernachtungsm\u00f6glichkeiten im historischen Zentrum an. Vom Hotel mit Full-Service bis hin zu unabh\u00e4ngigen Apartments und Studios \u2013 jede Unterkunft l\u00e4sst Ihnen die Wahl zwischen Hotelkomfort und Eigenst\u00e4ndigkeit","og_url":"https:\/\/www.sanmarcohotels.com\/de\/unsere-unterkuenfte\/rialto-hotel-ca-rialto-house\/","og_site_name":"San Marco Hotels","article_modified_time":"2026-03-19T14:21:00+00:00","twitter_card":"summary_large_image","twitter_misc":{"Est. reading time":"1\u00a0Minute"},"schema":{"@context":"https:\/\/schema.org","@graph":[{"@type":"WebPage","@id":"https:\/\/www.sanmarcohotels.com\/de\/unsere-unterkuenfte\/rialto-hotel-ca-rialto-house\/","url":"https:\/\/www.sanmarcohotels.com\/de\/unsere-unterkuenfte\/rialto-hotel-ca-rialto-house\/","name":"Rialto Hotel & C\u00e0 Rialto House - San Marco Hotels -","isPartOf":{"@id":"https:\/\/www.sanmarcohotels.com\/de\/#website"},"datePublished":"2026-03-05T14:44:32+00:00","dateModified":"2026-03-19T14:21:00+00:00","description":"Im Herzen von Venedig, nur wenige Schritte von der Rialtobr\u00fccke entfernt, bieten das Hotel Rialto, das Ca\u2019 Rialto House und die Rialto Studios verschiedene \u00dcbernachtungsm\u00f6glichkeiten im historischen Zentrum an. Vom Hotel mit Full-Service bis hin zu unabh\u00e4ngigen Apartments und Studios \u2013 jede Unterkunft l\u00e4sst Ihnen die Wahl zwischen Hotelkomfort und Eigenst\u00e4ndigkeit","breadcrumb":{"@id":"https:\/\/www.sanmarcohotels.com\/de\/unsere-unterkuenfte\/rialto-hotel-ca-rialto-house\/#breadcrumb"},"inLanguage":"de","potentialAction":[{"@type":"ReadAction","target":["https:\/\/www.sanmarcohotels.com\/de\/unsere-unterkuenfte\/rialto-hotel-ca-rialto-house\/"]}]},{"@type":"BreadcrumbList","@id":"https:\/\/www.sanmarcohotels.com\/de\/unsere-unterkuenfte\/rialto-hotel-ca-rialto-house\/#breadcrumb","itemListElement":[{"@type":"ListItem","position":1,"name":"Home","item":"https:\/\/www.sanmarcohotels.com\/de\/"},{"@type":"ListItem","position":2,"name":"Unsere Unterk\u00fcnfte","item":"https:\/\/www.sanmarcohotels.com\/de\/our-properties\/"},{"@type":"ListItem","position":3,"name":"Rialto Hotel &#038; C\u00e0 Rialto House"}]},{"@type":"WebSite","@id":"https:\/\/www.sanmarcohotels.com\/de\/#website","url":"https:\/\/www.sanmarcohotels.com\/de\/","name":"San Marco Hotels","description":"","publisher":{"@id":"https:\/\/www.sanmarcohotels.com\/de\/#organization"},"potentialAction":[{"@type":"SearchAction","target":{"@type":"EntryPoint","urlTemplate":"https:\/\/www.sanmarcohotels.com\/de\/?s={search_term_string}"},"query-input":{"@type":"PropertyValueSpecification","valueRequired":true,"valueName":"search_term_string"}}],"inLanguage":"de"},{"@type":"Organization","@id":"https:\/\/www.sanmarcohotels.com\/de\/#organization","name":"San Marco Hotels","url":"https:\/\/www.sanmarcohotels.com\/de\/","logo":{"@type":"ImageObject","inLanguage":"de","@id":"https:\/\/www.sanmarcohotels.com\/de\/#\/schema\/logo\/image\/","url":"https:\/\/sanmarcohotels.ms3.decms.eu\/wp-content\/uploads\/sites\/63\/2026\/03\/san_marco_hotels_logo_c.svg","contentUrl":"https:\/\/sanmarcohotels.ms3.decms.eu\/wp-content\/uploads\/sites\/63\/2026\/03\/san_marco_hotels_logo_c.svg","width":802,"height":824,"caption":"San Marco Hotels"},"image":{"@id":"https:\/\/www.sanmarcohotels.com\/de\/#\/schema\/logo\/image\/"}}]}},"acf":[],"_links":{"self":[{"href":"https:\/\/www.sanmarcohotels.com\/de\/wp-json\/wp\/v2\/pages\/109","targetHints":{"allow":["GET"]}}],"collection":[{"href":"https:\/\/www.sanmarcohotels.com\/de\/wp-json\/wp\/v2\/pages"}],"about":[{"href":"https:\/\/www.sanmarcohotels.com\/de\/wp-json\/wp\/v2\/types\/page"}],"author":[{"embeddable":true,"href":"https:\/\/www.sanmarcohotels.com\/de\/wp-json\/wp\/v2\/users\/6"}],"replies":[{"embeddable":true,"href":"https:\/\/www.sanmarcohotels.com\/de\/wp-json\/wp\/v2\/comments?post=109"}],"version-history":[{"count":0,"href":"https:\/\/www.sanmarcohotels.com\/de\/wp-json\/wp\/v2\/pages\/109\/revisions"}],"up":[{"embeddable":true,"href":"https:\/\/www.sanmarcohotels.com\/de\/wp-json\/wp\/v2\/pages\/58"}],"wp:attachment":[{"href":"https:\/\/www.sanmarcohotels.com\/de\/wp-json\/wp\/v2\/media?parent=109"}],"curies":[{"name":"wp","href":"https:\/\/api.w.org\/{rel}","templated":true}]}}