{"id":119,"date":"2026-03-05T14:45:21","date_gmt":"2026-03-05T14:45:21","guid":{"rendered":"https:\/\/sanmarcohotels.ms3.decms.eu\/?page_id=119"},"modified":"2026-03-19T14:48:19","modified_gmt":"2026-03-19T14:48:19","slug":"the-doge-signature-collection","status":"publish","type":"page","link":"https:\/\/www.sanmarcohotels.com\/de\/unsere-unterkuenfte\/the-doge-signature-collection\/","title":{"rendered":"The Doge Signature Collection"},"content":{"rendered":"<p>Im Herzen des historischen Zentrums von Venedig, zwischen Markusplatz und Rialtobr\u00fccke, vereint die The Doge Signature Collection Hotels und Residenzen in den begehrtesten Lagen der Stadt. Es gibt Orte, die man besucht. Und es gibt Orte, an denen man wohnt. Direkter Blick auf den Markusplatz oder die Rialtobr\u00fccke, genau dort, wo Venedig seine authentischste Identit\u00e4t zeigt: das Licht, das sich auf den antiken Steinen spiegelt, der Rhythmus des Wassers, die pl\u00f6tzliche Stille in den Gassen. Es ist nicht einfach nur ein Zimmer mit Aussicht. Es ist ein Aufenthalt inmitten des Venedigs, das sich die Welt vorstellt. Unsere H\u00e4user befinden sich in historischen Geb\u00e4uden, die \u00fcber Jahrhunderte \u00fcberliefert und heute mit zeitgem\u00e4\u00dfem Komfort neu interpretiert wurden. Manche Ausblicke lassen sich nicht planen: Sie geh\u00f6ren zur Geschichte und werden bewahrt. Wer sich f\u00fcr die The Doge Signature Collection entscheidet, wohnt im monumentalen Zentrum von Venedig, in Hotels, die nur wenige Schritte von den wichtigsten Wahrzeichen der Stadt entfernt sind.<\/p>\n","protected":false},"excerpt":{"rendered":"<p>Im Herzen des historischen Zentrums von Venedig, zwischen Markusplatz und Rialtobr\u00fccke, vereint die The Doge Signature Collection Hotels und Residenzen in den begehrtesten Lagen der Stadt. Es gibt Orte, die man besucht. Und es gibt Orte, an denen man wohnt. Direkter Blick auf den Markusplatz oder die Rialtobr\u00fccke, genau dort, wo Venedig seine authentischste Identit\u00e4t [&hellip;]<\/p>\n","protected":false},"author":6,"featured_media":0,"parent":58,"menu_order":40,"comment_status":"closed","ping_status":"closed","template":"template-single-hotel.php","meta":{"footnotes":""},"class_list":["post-119","page","type-page","status-publish","hentry"],"yoast_head":"<!-- This site is optimized with the Yoast SEO plugin v26.9 - https:\/\/yoast.com\/product\/yoast-seo-wordpress\/ -->\n<title>The Doge Signature Collection - San Marco Hotels -<\/title>\n<meta name=\"description\" content=\"Im Herzen des historischen Zentrums von Venedig, zwischen Markusplatz und Rialtobr\u00fccke, vereint die The Doge Signature Collection Hotels und Residenzen in den begehrtesten Lagen der Stadt. Es gibt Orte, die man besucht\" \/>\n<meta name=\"robots\" content=\"index, follow, max-snippet:-1, max-image-preview:large, max-video-preview:-1\" \/>\n<link rel=\"canonical\" href=\"https:\/\/www.sanmarcohotels.com\/de\/unsere-unterkuenfte\/the-doge-signature-collection\/\" \/>\n<meta property=\"og:locale\" content=\"de_DE\" \/>\n<meta property=\"og:type\" content=\"article\" \/>\n<meta property=\"og:title\" content=\"The Doge Signature Collection - San Marco Hotels -\" \/>\n<meta property=\"og:description\" content=\"Im Herzen des historischen Zentrums von Venedig, zwischen Markusplatz und Rialtobr\u00fccke, vereint die The Doge Signature Collection Hotels und Residenzen in den begehrtesten Lagen der Stadt. Es gibt Orte, die man besucht\" \/>\n<meta property=\"og:url\" content=\"https:\/\/www.sanmarcohotels.com\/de\/unsere-unterkuenfte\/the-doge-signature-collection\/\" \/>\n<meta property=\"og:site_name\" content=\"San Marco Hotels\" \/>\n<meta property=\"article:modified_time\" content=\"2026-03-19T14:48:19+00:00\" \/>\n<meta name=\"twitter:card\" content=\"summary_large_image\" \/>\n<meta name=\"twitter:label1\" content=\"Est. reading time\" \/>\n\t<meta name=\"twitter:data1\" content=\"1\u00a0Minute\" \/>\n<script type=\"application\/ld+json\" class=\"yoast-schema-graph\">{\"@context\":\"https:\/\/schema.org\",\"@graph\":[{\"@type\":\"WebPage\",\"@id\":\"https:\/\/www.sanmarcohotels.com\/de\/unsere-unterkuenfte\/the-doge-signature-collection\/\",\"url\":\"https:\/\/www.sanmarcohotels.com\/de\/unsere-unterkuenfte\/the-doge-signature-collection\/\",\"name\":\"The Doge Signature Collection - San Marco Hotels -\",\"isPartOf\":{\"@id\":\"https:\/\/www.sanmarcohotels.com\/de\/#website\"},\"datePublished\":\"2026-03-05T14:45:21+00:00\",\"dateModified\":\"2026-03-19T14:48:19+00:00\",\"description\":\"Im Herzen des historischen Zentrums von Venedig, zwischen Markusplatz und Rialtobr\u00fccke, vereint die The Doge Signature Collection Hotels und Residenzen in den begehrtesten Lagen der Stadt. Es gibt Orte, die man besucht\",\"breadcrumb\":{\"@id\":\"https:\/\/www.sanmarcohotels.com\/de\/unsere-unterkuenfte\/the-doge-signature-collection\/#breadcrumb\"},\"inLanguage\":\"de\",\"potentialAction\":[{\"@type\":\"ReadAction\",\"target\":[\"https:\/\/www.sanmarcohotels.com\/de\/unsere-unterkuenfte\/the-doge-signature-collection\/\"]}]},{\"@type\":\"BreadcrumbList\",\"@id\":\"https:\/\/www.sanmarcohotels.com\/de\/unsere-unterkuenfte\/the-doge-signature-collection\/#breadcrumb\",\"itemListElement\":[{\"@type\":\"ListItem\",\"position\":1,\"name\":\"Home\",\"item\":\"https:\/\/www.sanmarcohotels.com\/de\/\"},{\"@type\":\"ListItem\",\"position\":2,\"name\":\"Unsere Unterk\u00fcnfte\",\"item\":\"https:\/\/www.sanmarcohotels.com\/de\/our-properties\/\"},{\"@type\":\"ListItem\",\"position\":3,\"name\":\"The Doge Signature Collection\"}]},{\"@type\":\"WebSite\",\"@id\":\"https:\/\/www.sanmarcohotels.com\/de\/#website\",\"url\":\"https:\/\/www.sanmarcohotels.com\/de\/\",\"name\":\"San Marco Hotels\",\"description\":\"\",\"publisher\":{\"@id\":\"https:\/\/www.sanmarcohotels.com\/de\/#organization\"},\"potentialAction\":[{\"@type\":\"SearchAction\",\"target\":{\"@type\":\"EntryPoint\",\"urlTemplate\":\"https:\/\/www.sanmarcohotels.com\/de\/?s={search_term_string}\"},\"query-input\":{\"@type\":\"PropertyValueSpecification\",\"valueRequired\":true,\"valueName\":\"search_term_string\"}}],\"inLanguage\":\"de\"},{\"@type\":\"Organization\",\"@id\":\"https:\/\/www.sanmarcohotels.com\/de\/#organization\",\"name\":\"San Marco Hotels\",\"url\":\"https:\/\/www.sanmarcohotels.com\/de\/\",\"logo\":{\"@type\":\"ImageObject\",\"inLanguage\":\"de\",\"@id\":\"https:\/\/www.sanmarcohotels.com\/de\/#\/schema\/logo\/image\/\",\"url\":\"https:\/\/sanmarcohotels.ms3.decms.eu\/wp-content\/uploads\/sites\/63\/2026\/03\/san_marco_hotels_logo_c.svg\",\"contentUrl\":\"https:\/\/sanmarcohotels.ms3.decms.eu\/wp-content\/uploads\/sites\/63\/2026\/03\/san_marco_hotels_logo_c.svg\",\"width\":802,\"height\":824,\"caption\":\"San Marco Hotels\"},\"image\":{\"@id\":\"https:\/\/www.sanmarcohotels.com\/de\/#\/schema\/logo\/image\/\"}}]}<\/script>\n<!-- \/ Yoast SEO plugin. -->","yoast_head_json":{"title":"The Doge Signature Collection - San Marco Hotels -","description":"Im Herzen des historischen Zentrums von Venedig, zwischen Markusplatz und Rialtobr\u00fccke, vereint die The Doge Signature Collection Hotels und Residenzen in den begehrtesten Lagen der Stadt. Es gibt Orte, die man besucht","robots":{"index":"index","follow":"follow","max-snippet":"max-snippet:-1","max-image-preview":"max-image-preview:large","max-video-preview":"max-video-preview:-1"},"canonical":"https:\/\/www.sanmarcohotels.com\/de\/unsere-unterkuenfte\/the-doge-signature-collection\/","og_locale":"de_DE","og_type":"article","og_title":"The Doge Signature Collection - San Marco Hotels -","og_description":"Im Herzen des historischen Zentrums von Venedig, zwischen Markusplatz und Rialtobr\u00fccke, vereint die The Doge Signature Collection Hotels und Residenzen in den begehrtesten Lagen der Stadt. Es gibt Orte, die man besucht","og_url":"https:\/\/www.sanmarcohotels.com\/de\/unsere-unterkuenfte\/the-doge-signature-collection\/","og_site_name":"San Marco Hotels","article_modified_time":"2026-03-19T14:48:19+00:00","twitter_card":"summary_large_image","twitter_misc":{"Est. reading time":"1\u00a0Minute"},"schema":{"@context":"https:\/\/schema.org","@graph":[{"@type":"WebPage","@id":"https:\/\/www.sanmarcohotels.com\/de\/unsere-unterkuenfte\/the-doge-signature-collection\/","url":"https:\/\/www.sanmarcohotels.com\/de\/unsere-unterkuenfte\/the-doge-signature-collection\/","name":"The Doge Signature Collection - San Marco Hotels -","isPartOf":{"@id":"https:\/\/www.sanmarcohotels.com\/de\/#website"},"datePublished":"2026-03-05T14:45:21+00:00","dateModified":"2026-03-19T14:48:19+00:00","description":"Im Herzen des historischen Zentrums von Venedig, zwischen Markusplatz und Rialtobr\u00fccke, vereint die The Doge Signature Collection Hotels und Residenzen in den begehrtesten Lagen der Stadt. Es gibt Orte, die man besucht","breadcrumb":{"@id":"https:\/\/www.sanmarcohotels.com\/de\/unsere-unterkuenfte\/the-doge-signature-collection\/#breadcrumb"},"inLanguage":"de","potentialAction":[{"@type":"ReadAction","target":["https:\/\/www.sanmarcohotels.com\/de\/unsere-unterkuenfte\/the-doge-signature-collection\/"]}]},{"@type":"BreadcrumbList","@id":"https:\/\/www.sanmarcohotels.com\/de\/unsere-unterkuenfte\/the-doge-signature-collection\/#breadcrumb","itemListElement":[{"@type":"ListItem","position":1,"name":"Home","item":"https:\/\/www.sanmarcohotels.com\/de\/"},{"@type":"ListItem","position":2,"name":"Unsere Unterk\u00fcnfte","item":"https:\/\/www.sanmarcohotels.com\/de\/our-properties\/"},{"@type":"ListItem","position":3,"name":"The Doge Signature Collection"}]},{"@type":"WebSite","@id":"https:\/\/www.sanmarcohotels.com\/de\/#website","url":"https:\/\/www.sanmarcohotels.com\/de\/","name":"San Marco Hotels","description":"","publisher":{"@id":"https:\/\/www.sanmarcohotels.com\/de\/#organization"},"potentialAction":[{"@type":"SearchAction","target":{"@type":"EntryPoint","urlTemplate":"https:\/\/www.sanmarcohotels.com\/de\/?s={search_term_string}"},"query-input":{"@type":"PropertyValueSpecification","valueRequired":true,"valueName":"search_term_string"}}],"inLanguage":"de"},{"@type":"Organization","@id":"https:\/\/www.sanmarcohotels.com\/de\/#organization","name":"San Marco Hotels","url":"https:\/\/www.sanmarcohotels.com\/de\/","logo":{"@type":"ImageObject","inLanguage":"de","@id":"https:\/\/www.sanmarcohotels.com\/de\/#\/schema\/logo\/image\/","url":"https:\/\/sanmarcohotels.ms3.decms.eu\/wp-content\/uploads\/sites\/63\/2026\/03\/san_marco_hotels_logo_c.svg","contentUrl":"https:\/\/sanmarcohotels.ms3.decms.eu\/wp-content\/uploads\/sites\/63\/2026\/03\/san_marco_hotels_logo_c.svg","width":802,"height":824,"caption":"San Marco Hotels"},"image":{"@id":"https:\/\/www.sanmarcohotels.com\/de\/#\/schema\/logo\/image\/"}}]}},"acf":[],"_links":{"self":[{"href":"https:\/\/www.sanmarcohotels.com\/de\/wp-json\/wp\/v2\/pages\/119","targetHints":{"allow":["GET"]}}],"collection":[{"href":"https:\/\/www.sanmarcohotels.com\/de\/wp-json\/wp\/v2\/pages"}],"about":[{"href":"https:\/\/www.sanmarcohotels.com\/de\/wp-json\/wp\/v2\/types\/page"}],"author":[{"embeddable":true,"href":"https:\/\/www.sanmarcohotels.com\/de\/wp-json\/wp\/v2\/users\/6"}],"replies":[{"embeddable":true,"href":"https:\/\/www.sanmarcohotels.com\/de\/wp-json\/wp\/v2\/comments?post=119"}],"version-history":[{"count":0,"href":"https:\/\/www.sanmarcohotels.com\/de\/wp-json\/wp\/v2\/pages\/119\/revisions"}],"up":[{"embeddable":true,"href":"https:\/\/www.sanmarcohotels.com\/de\/wp-json\/wp\/v2\/pages\/58"}],"wp:attachment":[{"href":"https:\/\/www.sanmarcohotels.com\/de\/wp-json\/wp\/v2\/media?parent=119"}],"curies":[{"name":"wp","href":"https:\/\/api.w.org\/{rel}","templated":true}]}}