{"id":136,"date":"2026-03-05T15:21:53","date_gmt":"2026-03-05T15:21:53","guid":{"rendered":"https:\/\/sanmarcohotels.ms3.decms.eu\/?page_id=136"},"modified":"2026-03-19T15:27:56","modified_gmt":"2026-03-19T15:27:56","slug":"bar-del-doge","status":"publish","type":"page","link":"https:\/\/www.sanmarcohotels.com\/de\/restaurants-bar\/bar-del-doge\/","title":{"rendered":"Bar Del Doge"},"content":{"rendered":"<p>Die Bar Cavalletto ist ein eleganter R\u00fcckzugsort im historischen Zentrum, an dem die Zeit stillzustehen scheint. Ber\u00fchmt f\u00fcr ihre Mixology, die venezianische Klassiker wie Spritz und Negroni mit prestigetr\u00e4chtigen internationalen Spirituosen verbindet. Passend dazu bieten wir eine feine Auswahl an venezianischen Cicchetti und leichten Gerichten \u2013 perfekt f\u00fcr alle, die ein authentisches und privates Erlebnis abseits der Massen suchen.<\/p>\n","protected":false},"excerpt":{"rendered":"<p>Die Bar Cavalletto ist ein eleganter R\u00fcckzugsort im historischen Zentrum, an dem die Zeit stillzustehen scheint. Ber\u00fchmt f\u00fcr ihre Mixology, die venezianische Klassiker wie Spritz und Negroni mit prestigetr\u00e4chtigen internationalen Spirituosen verbindet. Passend dazu bieten wir eine feine Auswahl an venezianischen Cicchetti und leichten Gerichten \u2013 perfekt f\u00fcr alle, die ein authentisches und privates Erlebnis [&hellip;]<\/p>\n","protected":false},"author":6,"featured_media":0,"parent":63,"menu_order":20,"comment_status":"closed","ping_status":"closed","template":"template-single-restaurant.php","meta":{"footnotes":""},"class_list":["post-136","page","type-page","status-publish","hentry"],"yoast_head":"<!-- This site is optimized with the Yoast SEO plugin v26.9 - https:\/\/yoast.com\/product\/yoast-seo-wordpress\/ -->\n<title>Bar Del Doge - San Marco Hotels -<\/title>\n<meta name=\"description\" content=\"Die Bar Cavalletto ist ein eleganter R\u00fcckzugsort im historischen Zentrum, an dem die Zeit stillzustehen scheint. Ber\u00fchmt f\u00fcr ihre Mixology, die venezianische Klassiker wie Spritz und Negroni mit prestigetr\u00e4chtigen internationalen Spirituosen verbindet\" \/>\n<meta name=\"robots\" content=\"index, follow, max-snippet:-1, max-image-preview:large, max-video-preview:-1\" \/>\n<link rel=\"canonical\" href=\"https:\/\/www.sanmarcohotels.com\/de\/restaurants-bar\/bar-del-doge\/\" \/>\n<meta property=\"og:locale\" content=\"de_DE\" \/>\n<meta property=\"og:type\" content=\"article\" \/>\n<meta property=\"og:title\" content=\"Bar Del Doge - San Marco Hotels -\" \/>\n<meta property=\"og:description\" content=\"Die Bar Cavalletto ist ein eleganter R\u00fcckzugsort im historischen Zentrum, an dem die Zeit stillzustehen scheint. Ber\u00fchmt f\u00fcr ihre Mixology, die venezianische Klassiker wie Spritz und Negroni mit prestigetr\u00e4chtigen internationalen Spirituosen verbindet\" \/>\n<meta property=\"og:url\" content=\"https:\/\/www.sanmarcohotels.com\/de\/restaurants-bar\/bar-del-doge\/\" \/>\n<meta property=\"og:site_name\" content=\"San Marco Hotels\" \/>\n<meta property=\"article:modified_time\" content=\"2026-03-19T15:27:56+00:00\" \/>\n<meta name=\"twitter:card\" content=\"summary_large_image\" \/>\n<meta name=\"twitter:label1\" content=\"Est. reading time\" \/>\n\t<meta name=\"twitter:data1\" content=\"1\u00a0Minute\" \/>\n<script type=\"application\/ld+json\" class=\"yoast-schema-graph\">{\"@context\":\"https:\/\/schema.org\",\"@graph\":[{\"@type\":\"WebPage\",\"@id\":\"https:\/\/www.sanmarcohotels.com\/de\/restaurants-bar\/bar-del-doge\/\",\"url\":\"https:\/\/www.sanmarcohotels.com\/de\/restaurants-bar\/bar-del-doge\/\",\"name\":\"Bar Del Doge - San Marco Hotels -\",\"isPartOf\":{\"@id\":\"https:\/\/www.sanmarcohotels.com\/de\/#website\"},\"datePublished\":\"2026-03-05T15:21:53+00:00\",\"dateModified\":\"2026-03-19T15:27:56+00:00\",\"description\":\"Die Bar Cavalletto ist ein eleganter R\u00fcckzugsort im historischen Zentrum, an dem die Zeit stillzustehen scheint. Ber\u00fchmt f\u00fcr ihre Mixology, die venezianische Klassiker wie Spritz und Negroni mit prestigetr\u00e4chtigen internationalen Spirituosen verbindet\",\"breadcrumb\":{\"@id\":\"https:\/\/www.sanmarcohotels.com\/de\/restaurants-bar\/bar-del-doge\/#breadcrumb\"},\"inLanguage\":\"de\",\"potentialAction\":[{\"@type\":\"ReadAction\",\"target\":[\"https:\/\/www.sanmarcohotels.com\/de\/restaurants-bar\/bar-del-doge\/\"]}]},{\"@type\":\"BreadcrumbList\",\"@id\":\"https:\/\/www.sanmarcohotels.com\/de\/restaurants-bar\/bar-del-doge\/#breadcrumb\",\"itemListElement\":[{\"@type\":\"ListItem\",\"position\":1,\"name\":\"Home\",\"item\":\"https:\/\/www.sanmarcohotels.com\/de\/\"},{\"@type\":\"ListItem\",\"position\":2,\"name\":\"Restaurants &#038; Bar\",\"item\":\"https:\/\/www.sanmarcohotels.com\/de\/restaurants-bar\/\"},{\"@type\":\"ListItem\",\"position\":3,\"name\":\"Bar Del Doge\"}]},{\"@type\":\"WebSite\",\"@id\":\"https:\/\/www.sanmarcohotels.com\/de\/#website\",\"url\":\"https:\/\/www.sanmarcohotels.com\/de\/\",\"name\":\"San Marco Hotels\",\"description\":\"\",\"publisher\":{\"@id\":\"https:\/\/www.sanmarcohotels.com\/de\/#organization\"},\"potentialAction\":[{\"@type\":\"SearchAction\",\"target\":{\"@type\":\"EntryPoint\",\"urlTemplate\":\"https:\/\/www.sanmarcohotels.com\/de\/?s={search_term_string}\"},\"query-input\":{\"@type\":\"PropertyValueSpecification\",\"valueRequired\":true,\"valueName\":\"search_term_string\"}}],\"inLanguage\":\"de\"},{\"@type\":\"Organization\",\"@id\":\"https:\/\/www.sanmarcohotels.com\/de\/#organization\",\"name\":\"San Marco Hotels\",\"url\":\"https:\/\/www.sanmarcohotels.com\/de\/\",\"logo\":{\"@type\":\"ImageObject\",\"inLanguage\":\"de\",\"@id\":\"https:\/\/www.sanmarcohotels.com\/de\/#\/schema\/logo\/image\/\",\"url\":\"https:\/\/sanmarcohotels.ms3.decms.eu\/wp-content\/uploads\/sites\/63\/2026\/03\/san_marco_hotels_logo_c.svg\",\"contentUrl\":\"https:\/\/sanmarcohotels.ms3.decms.eu\/wp-content\/uploads\/sites\/63\/2026\/03\/san_marco_hotels_logo_c.svg\",\"width\":802,\"height\":824,\"caption\":\"San Marco Hotels\"},\"image\":{\"@id\":\"https:\/\/www.sanmarcohotels.com\/de\/#\/schema\/logo\/image\/\"}}]}<\/script>\n<!-- \/ Yoast SEO plugin. -->","yoast_head_json":{"title":"Bar Del Doge - San Marco Hotels -","description":"Die Bar Cavalletto ist ein eleganter R\u00fcckzugsort im historischen Zentrum, an dem die Zeit stillzustehen scheint. Ber\u00fchmt f\u00fcr ihre Mixology, die venezianische Klassiker wie Spritz und Negroni mit prestigetr\u00e4chtigen internationalen Spirituosen verbindet","robots":{"index":"index","follow":"follow","max-snippet":"max-snippet:-1","max-image-preview":"max-image-preview:large","max-video-preview":"max-video-preview:-1"},"canonical":"https:\/\/www.sanmarcohotels.com\/de\/restaurants-bar\/bar-del-doge\/","og_locale":"de_DE","og_type":"article","og_title":"Bar Del Doge - San Marco Hotels -","og_description":"Die Bar Cavalletto ist ein eleganter R\u00fcckzugsort im historischen Zentrum, an dem die Zeit stillzustehen scheint. Ber\u00fchmt f\u00fcr ihre Mixology, die venezianische Klassiker wie Spritz und Negroni mit prestigetr\u00e4chtigen internationalen Spirituosen verbindet","og_url":"https:\/\/www.sanmarcohotels.com\/de\/restaurants-bar\/bar-del-doge\/","og_site_name":"San Marco Hotels","article_modified_time":"2026-03-19T15:27:56+00:00","twitter_card":"summary_large_image","twitter_misc":{"Est. reading time":"1\u00a0Minute"},"schema":{"@context":"https:\/\/schema.org","@graph":[{"@type":"WebPage","@id":"https:\/\/www.sanmarcohotels.com\/de\/restaurants-bar\/bar-del-doge\/","url":"https:\/\/www.sanmarcohotels.com\/de\/restaurants-bar\/bar-del-doge\/","name":"Bar Del Doge - San Marco Hotels -","isPartOf":{"@id":"https:\/\/www.sanmarcohotels.com\/de\/#website"},"datePublished":"2026-03-05T15:21:53+00:00","dateModified":"2026-03-19T15:27:56+00:00","description":"Die Bar Cavalletto ist ein eleganter R\u00fcckzugsort im historischen Zentrum, an dem die Zeit stillzustehen scheint. Ber\u00fchmt f\u00fcr ihre Mixology, die venezianische Klassiker wie Spritz und Negroni mit prestigetr\u00e4chtigen internationalen Spirituosen verbindet","breadcrumb":{"@id":"https:\/\/www.sanmarcohotels.com\/de\/restaurants-bar\/bar-del-doge\/#breadcrumb"},"inLanguage":"de","potentialAction":[{"@type":"ReadAction","target":["https:\/\/www.sanmarcohotels.com\/de\/restaurants-bar\/bar-del-doge\/"]}]},{"@type":"BreadcrumbList","@id":"https:\/\/www.sanmarcohotels.com\/de\/restaurants-bar\/bar-del-doge\/#breadcrumb","itemListElement":[{"@type":"ListItem","position":1,"name":"Home","item":"https:\/\/www.sanmarcohotels.com\/de\/"},{"@type":"ListItem","position":2,"name":"Restaurants &#038; Bar","item":"https:\/\/www.sanmarcohotels.com\/de\/restaurants-bar\/"},{"@type":"ListItem","position":3,"name":"Bar Del Doge"}]},{"@type":"WebSite","@id":"https:\/\/www.sanmarcohotels.com\/de\/#website","url":"https:\/\/www.sanmarcohotels.com\/de\/","name":"San Marco Hotels","description":"","publisher":{"@id":"https:\/\/www.sanmarcohotels.com\/de\/#organization"},"potentialAction":[{"@type":"SearchAction","target":{"@type":"EntryPoint","urlTemplate":"https:\/\/www.sanmarcohotels.com\/de\/?s={search_term_string}"},"query-input":{"@type":"PropertyValueSpecification","valueRequired":true,"valueName":"search_term_string"}}],"inLanguage":"de"},{"@type":"Organization","@id":"https:\/\/www.sanmarcohotels.com\/de\/#organization","name":"San Marco Hotels","url":"https:\/\/www.sanmarcohotels.com\/de\/","logo":{"@type":"ImageObject","inLanguage":"de","@id":"https:\/\/www.sanmarcohotels.com\/de\/#\/schema\/logo\/image\/","url":"https:\/\/sanmarcohotels.ms3.decms.eu\/wp-content\/uploads\/sites\/63\/2026\/03\/san_marco_hotels_logo_c.svg","contentUrl":"https:\/\/sanmarcohotels.ms3.decms.eu\/wp-content\/uploads\/sites\/63\/2026\/03\/san_marco_hotels_logo_c.svg","width":802,"height":824,"caption":"San Marco Hotels"},"image":{"@id":"https:\/\/www.sanmarcohotels.com\/de\/#\/schema\/logo\/image\/"}}]}},"acf":[],"_links":{"self":[{"href":"https:\/\/www.sanmarcohotels.com\/de\/wp-json\/wp\/v2\/pages\/136","targetHints":{"allow":["GET"]}}],"collection":[{"href":"https:\/\/www.sanmarcohotels.com\/de\/wp-json\/wp\/v2\/pages"}],"about":[{"href":"https:\/\/www.sanmarcohotels.com\/de\/wp-json\/wp\/v2\/types\/page"}],"author":[{"embeddable":true,"href":"https:\/\/www.sanmarcohotels.com\/de\/wp-json\/wp\/v2\/users\/6"}],"replies":[{"embeddable":true,"href":"https:\/\/www.sanmarcohotels.com\/de\/wp-json\/wp\/v2\/comments?post=136"}],"version-history":[{"count":0,"href":"https:\/\/www.sanmarcohotels.com\/de\/wp-json\/wp\/v2\/pages\/136\/revisions"}],"up":[{"embeddable":true,"href":"https:\/\/www.sanmarcohotels.com\/de\/wp-json\/wp\/v2\/pages\/63"}],"wp:attachment":[{"href":"https:\/\/www.sanmarcohotels.com\/de\/wp-json\/wp\/v2\/media?parent=136"}],"curies":[{"name":"wp","href":"https:\/\/api.w.org\/{rel}","templated":true}]}}