{"id":162,"date":"2026-03-06T15:24:12","date_gmt":"2026-03-06T15:24:12","guid":{"rendered":"https:\/\/sanmarcohotels.ms3.decms.eu\/?page_id=162"},"modified":"2026-03-19T15:05:00","modified_gmt":"2026-03-19T15:05:00","slug":"hotel-ambassador-tre-rose","status":"publish","type":"page","link":"https:\/\/www.sanmarcohotels.com\/de\/unsere-unterkuenfte\/hotel-ambassador-tre-rose\/","title":{"rendered":"Hotel Ambassador Tre Rose"},"content":{"rendered":"<p>In privilegierter Lage, nur wenige Schritte vom Markusplatz entfernt, ist das Ambassador Tre Rose die perfekte Wahl f\u00fcr alle, die Venedig von innen heraus erleben m\u00f6chten. Unser Hotel in einem historischen Palast bewahrt den Charme venezianischer Tradition in einer famili\u00e4ren und herzlichen Atmosph\u00e4re. Es ist der ideale Ausgangspunkt f\u00fcr G\u00e4ste, die maximale logistische Bequemlichkeit suchen: Von hier aus sind Gassen, Museen und die Sch\u00e4tze der Stadt bequem zu Fu\u00df erreichbar.<\/p>\n","protected":false},"excerpt":{"rendered":"<p>In privilegierter Lage, nur wenige Schritte vom Markusplatz entfernt, ist das Ambassador Tre Rose die perfekte Wahl f\u00fcr alle, die Venedig von innen heraus erleben m\u00f6chten. Unser Hotel in einem historischen Palast bewahrt den Charme venezianischer Tradition in einer famili\u00e4ren und herzlichen Atmosph\u00e4re. Es ist der ideale Ausgangspunkt f\u00fcr G\u00e4ste, die maximale logistische Bequemlichkeit suchen: [&hellip;]<\/p>\n","protected":false},"author":6,"featured_media":0,"parent":58,"menu_order":70,"comment_status":"closed","ping_status":"closed","template":"template-single-hotel.php","meta":{"footnotes":""},"class_list":["post-162","page","type-page","status-publish","hentry"],"yoast_head":"<!-- This site is optimized with the Yoast SEO plugin v26.9 - https:\/\/yoast.com\/product\/yoast-seo-wordpress\/ -->\n<title>Hotel Ambassador Tre Rose - San Marco Hotels -<\/title>\n<meta name=\"description\" content=\"In privilegierter Lage, nur wenige Schritte vom Markusplatz entfernt, ist das Ambassador Tre Rose die perfekte Wahl f\u00fcr alle, die Venedig von innen heraus erleben m\u00f6chten. Unser Hotel in einem historischen Palast bewahrt den Charme venezianischer Tradition in einer famili\u00e4ren und herzlichen Atmosph\u00e4re\" \/>\n<meta name=\"robots\" content=\"index, follow, max-snippet:-1, max-image-preview:large, max-video-preview:-1\" \/>\n<link rel=\"canonical\" href=\"https:\/\/www.sanmarcohotels.com\/de\/unsere-unterkuenfte\/hotel-ambassador-tre-rose\/\" \/>\n<meta property=\"og:locale\" content=\"de_DE\" \/>\n<meta property=\"og:type\" content=\"article\" \/>\n<meta property=\"og:title\" content=\"Hotel Ambassador Tre Rose - San Marco Hotels -\" \/>\n<meta property=\"og:description\" content=\"In privilegierter Lage, nur wenige Schritte vom Markusplatz entfernt, ist das Ambassador Tre Rose die perfekte Wahl f\u00fcr alle, die Venedig von innen heraus erleben m\u00f6chten. Unser Hotel in einem historischen Palast bewahrt den Charme venezianischer Tradition in einer famili\u00e4ren und herzlichen Atmosph\u00e4re\" \/>\n<meta property=\"og:url\" content=\"https:\/\/www.sanmarcohotels.com\/de\/unsere-unterkuenfte\/hotel-ambassador-tre-rose\/\" \/>\n<meta property=\"og:site_name\" content=\"San Marco Hotels\" \/>\n<meta property=\"article:modified_time\" content=\"2026-03-19T15:05:00+00:00\" \/>\n<meta name=\"twitter:card\" content=\"summary_large_image\" \/>\n<meta name=\"twitter:label1\" content=\"Est. reading time\" \/>\n\t<meta name=\"twitter:data1\" content=\"1\u00a0Minute\" \/>\n<script type=\"application\/ld+json\" class=\"yoast-schema-graph\">{\"@context\":\"https:\/\/schema.org\",\"@graph\":[{\"@type\":\"WebPage\",\"@id\":\"https:\/\/www.sanmarcohotels.com\/de\/unsere-unterkuenfte\/hotel-ambassador-tre-rose\/\",\"url\":\"https:\/\/www.sanmarcohotels.com\/de\/unsere-unterkuenfte\/hotel-ambassador-tre-rose\/\",\"name\":\"Hotel Ambassador Tre Rose - San Marco Hotels -\",\"isPartOf\":{\"@id\":\"https:\/\/www.sanmarcohotels.com\/de\/#website\"},\"datePublished\":\"2026-03-06T15:24:12+00:00\",\"dateModified\":\"2026-03-19T15:05:00+00:00\",\"description\":\"In privilegierter Lage, nur wenige Schritte vom Markusplatz entfernt, ist das Ambassador Tre Rose die perfekte Wahl f\u00fcr alle, die Venedig von innen heraus erleben m\u00f6chten. Unser Hotel in einem historischen Palast bewahrt den Charme venezianischer Tradition in einer famili\u00e4ren und herzlichen Atmosph\u00e4re\",\"breadcrumb\":{\"@id\":\"https:\/\/www.sanmarcohotels.com\/de\/unsere-unterkuenfte\/hotel-ambassador-tre-rose\/#breadcrumb\"},\"inLanguage\":\"de\",\"potentialAction\":[{\"@type\":\"ReadAction\",\"target\":[\"https:\/\/www.sanmarcohotels.com\/de\/unsere-unterkuenfte\/hotel-ambassador-tre-rose\/\"]}]},{\"@type\":\"BreadcrumbList\",\"@id\":\"https:\/\/www.sanmarcohotels.com\/de\/unsere-unterkuenfte\/hotel-ambassador-tre-rose\/#breadcrumb\",\"itemListElement\":[{\"@type\":\"ListItem\",\"position\":1,\"name\":\"Home\",\"item\":\"https:\/\/www.sanmarcohotels.com\/de\/\"},{\"@type\":\"ListItem\",\"position\":2,\"name\":\"Unsere Unterk\u00fcnfte\",\"item\":\"https:\/\/www.sanmarcohotels.com\/de\/our-properties\/\"},{\"@type\":\"ListItem\",\"position\":3,\"name\":\"Hotel Ambassador Tre Rose\"}]},{\"@type\":\"WebSite\",\"@id\":\"https:\/\/www.sanmarcohotels.com\/de\/#website\",\"url\":\"https:\/\/www.sanmarcohotels.com\/de\/\",\"name\":\"San Marco Hotels\",\"description\":\"\",\"publisher\":{\"@id\":\"https:\/\/www.sanmarcohotels.com\/de\/#organization\"},\"potentialAction\":[{\"@type\":\"SearchAction\",\"target\":{\"@type\":\"EntryPoint\",\"urlTemplate\":\"https:\/\/www.sanmarcohotels.com\/de\/?s={search_term_string}\"},\"query-input\":{\"@type\":\"PropertyValueSpecification\",\"valueRequired\":true,\"valueName\":\"search_term_string\"}}],\"inLanguage\":\"de\"},{\"@type\":\"Organization\",\"@id\":\"https:\/\/www.sanmarcohotels.com\/de\/#organization\",\"name\":\"San Marco Hotels\",\"url\":\"https:\/\/www.sanmarcohotels.com\/de\/\",\"logo\":{\"@type\":\"ImageObject\",\"inLanguage\":\"de\",\"@id\":\"https:\/\/www.sanmarcohotels.com\/de\/#\/schema\/logo\/image\/\",\"url\":\"https:\/\/sanmarcohotels.ms3.decms.eu\/wp-content\/uploads\/sites\/63\/2026\/03\/san_marco_hotels_logo_c.svg\",\"contentUrl\":\"https:\/\/sanmarcohotels.ms3.decms.eu\/wp-content\/uploads\/sites\/63\/2026\/03\/san_marco_hotels_logo_c.svg\",\"width\":802,\"height\":824,\"caption\":\"San Marco Hotels\"},\"image\":{\"@id\":\"https:\/\/www.sanmarcohotels.com\/de\/#\/schema\/logo\/image\/\"}}]}<\/script>\n<!-- \/ Yoast SEO plugin. -->","yoast_head_json":{"title":"Hotel Ambassador Tre Rose - San Marco Hotels -","description":"In privilegierter Lage, nur wenige Schritte vom Markusplatz entfernt, ist das Ambassador Tre Rose die perfekte Wahl f\u00fcr alle, die Venedig von innen heraus erleben m\u00f6chten. Unser Hotel in einem historischen Palast bewahrt den Charme venezianischer Tradition in einer famili\u00e4ren und herzlichen Atmosph\u00e4re","robots":{"index":"index","follow":"follow","max-snippet":"max-snippet:-1","max-image-preview":"max-image-preview:large","max-video-preview":"max-video-preview:-1"},"canonical":"https:\/\/www.sanmarcohotels.com\/de\/unsere-unterkuenfte\/hotel-ambassador-tre-rose\/","og_locale":"de_DE","og_type":"article","og_title":"Hotel Ambassador Tre Rose - San Marco Hotels -","og_description":"In privilegierter Lage, nur wenige Schritte vom Markusplatz entfernt, ist das Ambassador Tre Rose die perfekte Wahl f\u00fcr alle, die Venedig von innen heraus erleben m\u00f6chten. Unser Hotel in einem historischen Palast bewahrt den Charme venezianischer Tradition in einer famili\u00e4ren und herzlichen Atmosph\u00e4re","og_url":"https:\/\/www.sanmarcohotels.com\/de\/unsere-unterkuenfte\/hotel-ambassador-tre-rose\/","og_site_name":"San Marco Hotels","article_modified_time":"2026-03-19T15:05:00+00:00","twitter_card":"summary_large_image","twitter_misc":{"Est. reading time":"1\u00a0Minute"},"schema":{"@context":"https:\/\/schema.org","@graph":[{"@type":"WebPage","@id":"https:\/\/www.sanmarcohotels.com\/de\/unsere-unterkuenfte\/hotel-ambassador-tre-rose\/","url":"https:\/\/www.sanmarcohotels.com\/de\/unsere-unterkuenfte\/hotel-ambassador-tre-rose\/","name":"Hotel Ambassador Tre Rose - San Marco Hotels -","isPartOf":{"@id":"https:\/\/www.sanmarcohotels.com\/de\/#website"},"datePublished":"2026-03-06T15:24:12+00:00","dateModified":"2026-03-19T15:05:00+00:00","description":"In privilegierter Lage, nur wenige Schritte vom Markusplatz entfernt, ist das Ambassador Tre Rose die perfekte Wahl f\u00fcr alle, die Venedig von innen heraus erleben m\u00f6chten. Unser Hotel in einem historischen Palast bewahrt den Charme venezianischer Tradition in einer famili\u00e4ren und herzlichen Atmosph\u00e4re","breadcrumb":{"@id":"https:\/\/www.sanmarcohotels.com\/de\/unsere-unterkuenfte\/hotel-ambassador-tre-rose\/#breadcrumb"},"inLanguage":"de","potentialAction":[{"@type":"ReadAction","target":["https:\/\/www.sanmarcohotels.com\/de\/unsere-unterkuenfte\/hotel-ambassador-tre-rose\/"]}]},{"@type":"BreadcrumbList","@id":"https:\/\/www.sanmarcohotels.com\/de\/unsere-unterkuenfte\/hotel-ambassador-tre-rose\/#breadcrumb","itemListElement":[{"@type":"ListItem","position":1,"name":"Home","item":"https:\/\/www.sanmarcohotels.com\/de\/"},{"@type":"ListItem","position":2,"name":"Unsere Unterk\u00fcnfte","item":"https:\/\/www.sanmarcohotels.com\/de\/our-properties\/"},{"@type":"ListItem","position":3,"name":"Hotel Ambassador Tre Rose"}]},{"@type":"WebSite","@id":"https:\/\/www.sanmarcohotels.com\/de\/#website","url":"https:\/\/www.sanmarcohotels.com\/de\/","name":"San Marco Hotels","description":"","publisher":{"@id":"https:\/\/www.sanmarcohotels.com\/de\/#organization"},"potentialAction":[{"@type":"SearchAction","target":{"@type":"EntryPoint","urlTemplate":"https:\/\/www.sanmarcohotels.com\/de\/?s={search_term_string}"},"query-input":{"@type":"PropertyValueSpecification","valueRequired":true,"valueName":"search_term_string"}}],"inLanguage":"de"},{"@type":"Organization","@id":"https:\/\/www.sanmarcohotels.com\/de\/#organization","name":"San Marco Hotels","url":"https:\/\/www.sanmarcohotels.com\/de\/","logo":{"@type":"ImageObject","inLanguage":"de","@id":"https:\/\/www.sanmarcohotels.com\/de\/#\/schema\/logo\/image\/","url":"https:\/\/sanmarcohotels.ms3.decms.eu\/wp-content\/uploads\/sites\/63\/2026\/03\/san_marco_hotels_logo_c.svg","contentUrl":"https:\/\/sanmarcohotels.ms3.decms.eu\/wp-content\/uploads\/sites\/63\/2026\/03\/san_marco_hotels_logo_c.svg","width":802,"height":824,"caption":"San Marco Hotels"},"image":{"@id":"https:\/\/www.sanmarcohotels.com\/de\/#\/schema\/logo\/image\/"}}]}},"acf":[],"_links":{"self":[{"href":"https:\/\/www.sanmarcohotels.com\/de\/wp-json\/wp\/v2\/pages\/162","targetHints":{"allow":["GET"]}}],"collection":[{"href":"https:\/\/www.sanmarcohotels.com\/de\/wp-json\/wp\/v2\/pages"}],"about":[{"href":"https:\/\/www.sanmarcohotels.com\/de\/wp-json\/wp\/v2\/types\/page"}],"author":[{"embeddable":true,"href":"https:\/\/www.sanmarcohotels.com\/de\/wp-json\/wp\/v2\/users\/6"}],"replies":[{"embeddable":true,"href":"https:\/\/www.sanmarcohotels.com\/de\/wp-json\/wp\/v2\/comments?post=162"}],"version-history":[{"count":0,"href":"https:\/\/www.sanmarcohotels.com\/de\/wp-json\/wp\/v2\/pages\/162\/revisions"}],"up":[{"embeddable":true,"href":"https:\/\/www.sanmarcohotels.com\/de\/wp-json\/wp\/v2\/pages\/58"}],"wp:attachment":[{"href":"https:\/\/www.sanmarcohotels.com\/de\/wp-json\/wp\/v2\/media?parent=162"}],"curies":[{"name":"wp","href":"https:\/\/api.w.org\/{rel}","templated":true}]}}