{"id":79,"date":"2026-03-05T15:47:31","date_gmt":"2026-03-05T15:47:31","guid":{"rendered":"https:\/\/sanmarcohotels.ms3.decms.eu\/?page_id=79"},"modified":"2026-03-19T15:20:03","modified_gmt":"2026-03-19T15:20:03","slug":"bar-americano","status":"publish","type":"page","link":"https:\/\/www.sanmarcohotels.com\/de\/restaurants-bar\/bar-americano\/","title":{"rendered":"Bar Americano"},"content":{"rendered":"<p>Direkt im Schatten des ber\u00fchmten Uhrturms verk\u00f6rpert die Bar Americano die dynamische Seele des Markusplatzes. Ideal f\u00fcr eine erfrischende Pause ohne Qualit\u00e4tsverlust, bietet sie einen schnellen und aufmerksamen Service. Von Kaffeespezialit\u00e4ten \u00fcber k\u00fchle Getr\u00e4nke bis hin zu Gourmet-Snacks \u2013 sie ist der Treffpunkt, um die Energie des ikonischsten Platzes der Welt mit Genuss und P\u00fcnktlichkeit zu erleben.<\/p>\n","protected":false},"excerpt":{"rendered":"<p>Direkt im Schatten des ber\u00fchmten Uhrturms verk\u00f6rpert die Bar Americano die dynamische Seele des Markusplatzes. Ideal f\u00fcr eine erfrischende Pause ohne Qualit\u00e4tsverlust, bietet sie einen schnellen und aufmerksamen Service. Von Kaffeespezialit\u00e4ten \u00fcber k\u00fchle Getr\u00e4nke bis hin zu Gourmet-Snacks \u2013 sie ist der Treffpunkt, um die Energie des ikonischsten Platzes der Welt mit Genuss und P\u00fcnktlichkeit [&hellip;]<\/p>\n","protected":false},"author":6,"featured_media":0,"parent":63,"menu_order":40,"comment_status":"closed","ping_status":"closed","template":"template-single-restaurant.php","meta":{"footnotes":""},"class_list":["post-79","page","type-page","status-publish","hentry"],"yoast_head":"<!-- This site is optimized with the Yoast SEO plugin v26.9 - https:\/\/yoast.com\/product\/yoast-seo-wordpress\/ -->\n<title>Bar Americano - San Marco Hotels -<\/title>\n<meta name=\"description\" content=\"Direkt im Schatten des ber\u00fchmten Uhrturms verk\u00f6rpert die Bar Americano die dynamische Seele des Markusplatzes. Ideal f\u00fcr eine erfrischende Pause ohne Qualit\u00e4tsverlust, bietet sie einen schnellen und aufmerksamen Service\" \/>\n<meta name=\"robots\" content=\"index, follow, max-snippet:-1, max-image-preview:large, max-video-preview:-1\" \/>\n<link rel=\"canonical\" href=\"https:\/\/www.sanmarcohotels.com\/de\/restaurants-bar\/bar-americano\/\" \/>\n<meta property=\"og:locale\" content=\"de_DE\" \/>\n<meta property=\"og:type\" content=\"article\" \/>\n<meta property=\"og:title\" content=\"Bar Americano - San Marco Hotels -\" \/>\n<meta property=\"og:description\" content=\"Direkt im Schatten des ber\u00fchmten Uhrturms verk\u00f6rpert die Bar Americano die dynamische Seele des Markusplatzes. Ideal f\u00fcr eine erfrischende Pause ohne Qualit\u00e4tsverlust, bietet sie einen schnellen und aufmerksamen Service\" \/>\n<meta property=\"og:url\" content=\"https:\/\/www.sanmarcohotels.com\/de\/restaurants-bar\/bar-americano\/\" \/>\n<meta property=\"og:site_name\" content=\"San Marco Hotels\" \/>\n<meta property=\"article:modified_time\" content=\"2026-03-19T15:20:03+00:00\" \/>\n<meta name=\"twitter:card\" content=\"summary_large_image\" \/>\n<meta name=\"twitter:label1\" content=\"Est. reading time\" \/>\n\t<meta name=\"twitter:data1\" content=\"1\u00a0Minute\" \/>\n<script type=\"application\/ld+json\" class=\"yoast-schema-graph\">{\"@context\":\"https:\/\/schema.org\",\"@graph\":[{\"@type\":\"WebPage\",\"@id\":\"https:\/\/www.sanmarcohotels.com\/de\/restaurants-bar\/bar-americano\/\",\"url\":\"https:\/\/www.sanmarcohotels.com\/de\/restaurants-bar\/bar-americano\/\",\"name\":\"Bar Americano - San Marco Hotels -\",\"isPartOf\":{\"@id\":\"https:\/\/www.sanmarcohotels.com\/de\/#website\"},\"datePublished\":\"2026-03-05T15:47:31+00:00\",\"dateModified\":\"2026-03-19T15:20:03+00:00\",\"description\":\"Direkt im Schatten des ber\u00fchmten Uhrturms verk\u00f6rpert die Bar Americano die dynamische Seele des Markusplatzes. Ideal f\u00fcr eine erfrischende Pause ohne Qualit\u00e4tsverlust, bietet sie einen schnellen und aufmerksamen Service\",\"breadcrumb\":{\"@id\":\"https:\/\/www.sanmarcohotels.com\/de\/restaurants-bar\/bar-americano\/#breadcrumb\"},\"inLanguage\":\"de\",\"potentialAction\":[{\"@type\":\"ReadAction\",\"target\":[\"https:\/\/www.sanmarcohotels.com\/de\/restaurants-bar\/bar-americano\/\"]}]},{\"@type\":\"BreadcrumbList\",\"@id\":\"https:\/\/www.sanmarcohotels.com\/de\/restaurants-bar\/bar-americano\/#breadcrumb\",\"itemListElement\":[{\"@type\":\"ListItem\",\"position\":1,\"name\":\"Home\",\"item\":\"https:\/\/www.sanmarcohotels.com\/de\/\"},{\"@type\":\"ListItem\",\"position\":2,\"name\":\"Restaurants &#038; Bar\",\"item\":\"https:\/\/www.sanmarcohotels.com\/de\/restaurants-bar\/\"},{\"@type\":\"ListItem\",\"position\":3,\"name\":\"Bar Americano\"}]},{\"@type\":\"WebSite\",\"@id\":\"https:\/\/www.sanmarcohotels.com\/de\/#website\",\"url\":\"https:\/\/www.sanmarcohotels.com\/de\/\",\"name\":\"San Marco Hotels\",\"description\":\"\",\"publisher\":{\"@id\":\"https:\/\/www.sanmarcohotels.com\/de\/#organization\"},\"potentialAction\":[{\"@type\":\"SearchAction\",\"target\":{\"@type\":\"EntryPoint\",\"urlTemplate\":\"https:\/\/www.sanmarcohotels.com\/de\/?s={search_term_string}\"},\"query-input\":{\"@type\":\"PropertyValueSpecification\",\"valueRequired\":true,\"valueName\":\"search_term_string\"}}],\"inLanguage\":\"de\"},{\"@type\":\"Organization\",\"@id\":\"https:\/\/www.sanmarcohotels.com\/de\/#organization\",\"name\":\"San Marco Hotels\",\"url\":\"https:\/\/www.sanmarcohotels.com\/de\/\",\"logo\":{\"@type\":\"ImageObject\",\"inLanguage\":\"de\",\"@id\":\"https:\/\/www.sanmarcohotels.com\/de\/#\/schema\/logo\/image\/\",\"url\":\"https:\/\/sanmarcohotels.ms3.decms.eu\/wp-content\/uploads\/sites\/63\/2026\/03\/san_marco_hotels_logo_c.svg\",\"contentUrl\":\"https:\/\/sanmarcohotels.ms3.decms.eu\/wp-content\/uploads\/sites\/63\/2026\/03\/san_marco_hotels_logo_c.svg\",\"width\":802,\"height\":824,\"caption\":\"San Marco Hotels\"},\"image\":{\"@id\":\"https:\/\/www.sanmarcohotels.com\/de\/#\/schema\/logo\/image\/\"}}]}<\/script>\n<!-- \/ Yoast SEO plugin. -->","yoast_head_json":{"title":"Bar Americano - San Marco Hotels -","description":"Direkt im Schatten des ber\u00fchmten Uhrturms verk\u00f6rpert die Bar Americano die dynamische Seele des Markusplatzes. Ideal f\u00fcr eine erfrischende Pause ohne Qualit\u00e4tsverlust, bietet sie einen schnellen und aufmerksamen Service","robots":{"index":"index","follow":"follow","max-snippet":"max-snippet:-1","max-image-preview":"max-image-preview:large","max-video-preview":"max-video-preview:-1"},"canonical":"https:\/\/www.sanmarcohotels.com\/de\/restaurants-bar\/bar-americano\/","og_locale":"de_DE","og_type":"article","og_title":"Bar Americano - San Marco Hotels -","og_description":"Direkt im Schatten des ber\u00fchmten Uhrturms verk\u00f6rpert die Bar Americano die dynamische Seele des Markusplatzes. Ideal f\u00fcr eine erfrischende Pause ohne Qualit\u00e4tsverlust, bietet sie einen schnellen und aufmerksamen Service","og_url":"https:\/\/www.sanmarcohotels.com\/de\/restaurants-bar\/bar-americano\/","og_site_name":"San Marco Hotels","article_modified_time":"2026-03-19T15:20:03+00:00","twitter_card":"summary_large_image","twitter_misc":{"Est. reading time":"1\u00a0Minute"},"schema":{"@context":"https:\/\/schema.org","@graph":[{"@type":"WebPage","@id":"https:\/\/www.sanmarcohotels.com\/de\/restaurants-bar\/bar-americano\/","url":"https:\/\/www.sanmarcohotels.com\/de\/restaurants-bar\/bar-americano\/","name":"Bar Americano - San Marco Hotels -","isPartOf":{"@id":"https:\/\/www.sanmarcohotels.com\/de\/#website"},"datePublished":"2026-03-05T15:47:31+00:00","dateModified":"2026-03-19T15:20:03+00:00","description":"Direkt im Schatten des ber\u00fchmten Uhrturms verk\u00f6rpert die Bar Americano die dynamische Seele des Markusplatzes. Ideal f\u00fcr eine erfrischende Pause ohne Qualit\u00e4tsverlust, bietet sie einen schnellen und aufmerksamen Service","breadcrumb":{"@id":"https:\/\/www.sanmarcohotels.com\/de\/restaurants-bar\/bar-americano\/#breadcrumb"},"inLanguage":"de","potentialAction":[{"@type":"ReadAction","target":["https:\/\/www.sanmarcohotels.com\/de\/restaurants-bar\/bar-americano\/"]}]},{"@type":"BreadcrumbList","@id":"https:\/\/www.sanmarcohotels.com\/de\/restaurants-bar\/bar-americano\/#breadcrumb","itemListElement":[{"@type":"ListItem","position":1,"name":"Home","item":"https:\/\/www.sanmarcohotels.com\/de\/"},{"@type":"ListItem","position":2,"name":"Restaurants &#038; Bar","item":"https:\/\/www.sanmarcohotels.com\/de\/restaurants-bar\/"},{"@type":"ListItem","position":3,"name":"Bar Americano"}]},{"@type":"WebSite","@id":"https:\/\/www.sanmarcohotels.com\/de\/#website","url":"https:\/\/www.sanmarcohotels.com\/de\/","name":"San Marco Hotels","description":"","publisher":{"@id":"https:\/\/www.sanmarcohotels.com\/de\/#organization"},"potentialAction":[{"@type":"SearchAction","target":{"@type":"EntryPoint","urlTemplate":"https:\/\/www.sanmarcohotels.com\/de\/?s={search_term_string}"},"query-input":{"@type":"PropertyValueSpecification","valueRequired":true,"valueName":"search_term_string"}}],"inLanguage":"de"},{"@type":"Organization","@id":"https:\/\/www.sanmarcohotels.com\/de\/#organization","name":"San Marco Hotels","url":"https:\/\/www.sanmarcohotels.com\/de\/","logo":{"@type":"ImageObject","inLanguage":"de","@id":"https:\/\/www.sanmarcohotels.com\/de\/#\/schema\/logo\/image\/","url":"https:\/\/sanmarcohotels.ms3.decms.eu\/wp-content\/uploads\/sites\/63\/2026\/03\/san_marco_hotels_logo_c.svg","contentUrl":"https:\/\/sanmarcohotels.ms3.decms.eu\/wp-content\/uploads\/sites\/63\/2026\/03\/san_marco_hotels_logo_c.svg","width":802,"height":824,"caption":"San Marco Hotels"},"image":{"@id":"https:\/\/www.sanmarcohotels.com\/de\/#\/schema\/logo\/image\/"}}]}},"acf":[],"_links":{"self":[{"href":"https:\/\/www.sanmarcohotels.com\/de\/wp-json\/wp\/v2\/pages\/79","targetHints":{"allow":["GET"]}}],"collection":[{"href":"https:\/\/www.sanmarcohotels.com\/de\/wp-json\/wp\/v2\/pages"}],"about":[{"href":"https:\/\/www.sanmarcohotels.com\/de\/wp-json\/wp\/v2\/types\/page"}],"author":[{"embeddable":true,"href":"https:\/\/www.sanmarcohotels.com\/de\/wp-json\/wp\/v2\/users\/6"}],"replies":[{"embeddable":true,"href":"https:\/\/www.sanmarcohotels.com\/de\/wp-json\/wp\/v2\/comments?post=79"}],"version-history":[{"count":0,"href":"https:\/\/www.sanmarcohotels.com\/de\/wp-json\/wp\/v2\/pages\/79\/revisions"}],"up":[{"embeddable":true,"href":"https:\/\/www.sanmarcohotels.com\/de\/wp-json\/wp\/v2\/pages\/63"}],"wp:attachment":[{"href":"https:\/\/www.sanmarcohotels.com\/de\/wp-json\/wp\/v2\/media?parent=79"}],"curies":[{"name":"wp","href":"https:\/\/api.w.org\/{rel}","templated":true}]}}