{"id":111,"date":"2026-03-05T14:44:32","date_gmt":"2026-03-05T14:44:32","guid":{"rendered":"https:\/\/sanmarcohotels.ms3.decms.eu\/?page_id=111"},"modified":"2026-03-19T14:21:07","modified_gmt":"2026-03-19T14:21:07","slug":"rialto-hotel-ca-rialto-house","status":"publish","type":"page","link":"https:\/\/www.sanmarcohotels.com\/es\/nuestras-propiedades\/rialto-hotel-ca-rialto-house\/","title":{"rendered":"Rialto Hotel &#038; C\u00e0 Rialto House"},"content":{"rendered":"<p>En el coraz\u00f3n de Venecia, a pocos pasos del Puente de Rialto, el Hotel Rialto, Ca\u2019 Rialto House y Rialto Studios proponen diversas soluciones de alojamiento en el centro hist\u00f3rico. Desde el hotel con servicio completo hasta apartamentos y estudios independientes, cada estructura permite elegir entre el confort hotelero y la autonom\u00eda. Los interiores cuidados, la ubicaci\u00f3n sobre el Gran Canal y la cercan\u00eda a los principales puntos de inter\u00e9s hacen que estas soluciones sean ideales para quienes desean vivir Venecia de forma flexible. Una elecci\u00f3n perfecta para quienes buscan un hotel cerca del Puente de Rialto o un apartamento en el centro de Venecia.<\/p>\n","protected":false},"excerpt":{"rendered":"<p>En el coraz\u00f3n de Venecia, a pocos pasos del Puente de Rialto, el Hotel Rialto, Ca\u2019 Rialto House y Rialto Studios proponen diversas soluciones de alojamiento en el centro hist\u00f3rico. Desde el hotel con servicio completo hasta apartamentos y estudios independientes, cada estructura permite elegir entre el confort hotelero y la autonom\u00eda. Los interiores cuidados, [&hellip;]<\/p>\n","protected":false},"author":6,"featured_media":0,"parent":59,"menu_order":10,"comment_status":"closed","ping_status":"closed","template":"template-single-hotel.php","meta":{"footnotes":""},"class_list":["post-111","page","type-page","status-publish","hentry"],"yoast_head":"<!-- This site is optimized with the Yoast SEO plugin v26.9 - https:\/\/yoast.com\/product\/yoast-seo-wordpress\/ -->\n<title>Rialto Hotel &amp; C\u00e0 Rialto House - San Marco Hotels -<\/title>\n<meta name=\"description\" content=\"En el coraz\u00f3n de Venecia, a pocos pasos del Puente de Rialto, el Hotel Rialto, Ca\u2019 Rialto House y Rialto Studios proponen diversas soluciones de alojamiento en el centro hist\u00f3rico. Desde el hotel con servicio completo hasta apartamentos y estudios independientes, cada estructura permite elegir entre el confort hotelero y la autonom\u00eda\" \/>\n<meta name=\"robots\" content=\"index, follow, max-snippet:-1, max-image-preview:large, max-video-preview:-1\" \/>\n<link rel=\"canonical\" href=\"https:\/\/www.sanmarcohotels.com\/es\/nuestras-propiedades\/rialto-hotel-ca-rialto-house\/\" \/>\n<meta property=\"og:locale\" content=\"es_ES\" \/>\n<meta property=\"og:type\" content=\"article\" \/>\n<meta property=\"og:title\" content=\"Rialto Hotel &amp; C\u00e0 Rialto House - San Marco Hotels -\" \/>\n<meta property=\"og:description\" content=\"En el coraz\u00f3n de Venecia, a pocos pasos del Puente de Rialto, el Hotel Rialto, Ca\u2019 Rialto House y Rialto Studios proponen diversas soluciones de alojamiento en el centro hist\u00f3rico. Desde el hotel con servicio completo hasta apartamentos y estudios independientes, cada estructura permite elegir entre el confort hotelero y la autonom\u00eda\" \/>\n<meta property=\"og:url\" content=\"https:\/\/www.sanmarcohotels.com\/es\/nuestras-propiedades\/rialto-hotel-ca-rialto-house\/\" \/>\n<meta property=\"og:site_name\" content=\"San Marco Hotels\" \/>\n<meta property=\"article:modified_time\" content=\"2026-03-19T14:21:07+00:00\" \/>\n<meta name=\"twitter:card\" content=\"summary_large_image\" \/>\n<meta name=\"twitter:label1\" content=\"Est. reading time\" \/>\n\t<meta name=\"twitter:data1\" content=\"1 minuto\" \/>\n<script type=\"application\/ld+json\" class=\"yoast-schema-graph\">{\"@context\":\"https:\/\/schema.org\",\"@graph\":[{\"@type\":\"WebPage\",\"@id\":\"https:\/\/www.sanmarcohotels.com\/es\/nuestras-propiedades\/rialto-hotel-ca-rialto-house\/\",\"url\":\"https:\/\/www.sanmarcohotels.com\/es\/nuestras-propiedades\/rialto-hotel-ca-rialto-house\/\",\"name\":\"Rialto Hotel & C\u00e0 Rialto House - San Marco Hotels -\",\"isPartOf\":{\"@id\":\"https:\/\/www.sanmarcohotels.com\/es\/#website\"},\"datePublished\":\"2026-03-05T14:44:32+00:00\",\"dateModified\":\"2026-03-19T14:21:07+00:00\",\"description\":\"En el coraz\u00f3n de Venecia, a pocos pasos del Puente de Rialto, el Hotel Rialto, Ca\u2019 Rialto House y Rialto Studios proponen diversas soluciones de alojamiento en el centro hist\u00f3rico. Desde el hotel con servicio completo hasta apartamentos y estudios independientes, cada estructura permite elegir entre el confort hotelero y la autonom\u00eda\",\"breadcrumb\":{\"@id\":\"https:\/\/www.sanmarcohotels.com\/es\/nuestras-propiedades\/rialto-hotel-ca-rialto-house\/#breadcrumb\"},\"inLanguage\":\"es\",\"potentialAction\":[{\"@type\":\"ReadAction\",\"target\":[\"https:\/\/www.sanmarcohotels.com\/es\/nuestras-propiedades\/rialto-hotel-ca-rialto-house\/\"]}]},{\"@type\":\"BreadcrumbList\",\"@id\":\"https:\/\/www.sanmarcohotels.com\/es\/nuestras-propiedades\/rialto-hotel-ca-rialto-house\/#breadcrumb\",\"itemListElement\":[{\"@type\":\"ListItem\",\"position\":1,\"name\":\"Home\",\"item\":\"https:\/\/www.sanmarcohotels.com\/es\/\"},{\"@type\":\"ListItem\",\"position\":2,\"name\":\"Nuestras propiedades\",\"item\":\"https:\/\/www.sanmarcohotels.com\/es\/our-properties\/\"},{\"@type\":\"ListItem\",\"position\":3,\"name\":\"Rialto Hotel &#038; C\u00e0 Rialto House\"}]},{\"@type\":\"WebSite\",\"@id\":\"https:\/\/www.sanmarcohotels.com\/es\/#website\",\"url\":\"https:\/\/www.sanmarcohotels.com\/es\/\",\"name\":\"San Marco Hotels\",\"description\":\"\",\"publisher\":{\"@id\":\"https:\/\/www.sanmarcohotels.com\/es\/#organization\"},\"potentialAction\":[{\"@type\":\"SearchAction\",\"target\":{\"@type\":\"EntryPoint\",\"urlTemplate\":\"https:\/\/www.sanmarcohotels.com\/es\/?s={search_term_string}\"},\"query-input\":{\"@type\":\"PropertyValueSpecification\",\"valueRequired\":true,\"valueName\":\"search_term_string\"}}],\"inLanguage\":\"es\"},{\"@type\":\"Organization\",\"@id\":\"https:\/\/www.sanmarcohotels.com\/es\/#organization\",\"name\":\"San Marco Hotels\",\"url\":\"https:\/\/www.sanmarcohotels.com\/es\/\",\"logo\":{\"@type\":\"ImageObject\",\"inLanguage\":\"es\",\"@id\":\"https:\/\/www.sanmarcohotels.com\/es\/#\/schema\/logo\/image\/\",\"url\":\"https:\/\/sanmarcohotels.ms3.decms.eu\/wp-content\/uploads\/sites\/63\/2026\/03\/san_marco_hotels_logo_c.svg\",\"contentUrl\":\"https:\/\/sanmarcohotels.ms3.decms.eu\/wp-content\/uploads\/sites\/63\/2026\/03\/san_marco_hotels_logo_c.svg\",\"width\":802,\"height\":824,\"caption\":\"San Marco Hotels\"},\"image\":{\"@id\":\"https:\/\/www.sanmarcohotels.com\/es\/#\/schema\/logo\/image\/\"}}]}<\/script>\n<!-- \/ Yoast SEO plugin. -->","yoast_head_json":{"title":"Rialto Hotel & C\u00e0 Rialto House - San Marco Hotels -","description":"En el coraz\u00f3n de Venecia, a pocos pasos del Puente de Rialto, el Hotel Rialto, Ca\u2019 Rialto House y Rialto Studios proponen diversas soluciones de alojamiento en el centro hist\u00f3rico. Desde el hotel con servicio completo hasta apartamentos y estudios independientes, cada estructura permite elegir entre el confort hotelero y la autonom\u00eda","robots":{"index":"index","follow":"follow","max-snippet":"max-snippet:-1","max-image-preview":"max-image-preview:large","max-video-preview":"max-video-preview:-1"},"canonical":"https:\/\/www.sanmarcohotels.com\/es\/nuestras-propiedades\/rialto-hotel-ca-rialto-house\/","og_locale":"es_ES","og_type":"article","og_title":"Rialto Hotel & C\u00e0 Rialto House - San Marco Hotels -","og_description":"En el coraz\u00f3n de Venecia, a pocos pasos del Puente de Rialto, el Hotel Rialto, Ca\u2019 Rialto House y Rialto Studios proponen diversas soluciones de alojamiento en el centro hist\u00f3rico. Desde el hotel con servicio completo hasta apartamentos y estudios independientes, cada estructura permite elegir entre el confort hotelero y la autonom\u00eda","og_url":"https:\/\/www.sanmarcohotels.com\/es\/nuestras-propiedades\/rialto-hotel-ca-rialto-house\/","og_site_name":"San Marco Hotels","article_modified_time":"2026-03-19T14:21:07+00:00","twitter_card":"summary_large_image","twitter_misc":{"Est. reading time":"1 minuto"},"schema":{"@context":"https:\/\/schema.org","@graph":[{"@type":"WebPage","@id":"https:\/\/www.sanmarcohotels.com\/es\/nuestras-propiedades\/rialto-hotel-ca-rialto-house\/","url":"https:\/\/www.sanmarcohotels.com\/es\/nuestras-propiedades\/rialto-hotel-ca-rialto-house\/","name":"Rialto Hotel & C\u00e0 Rialto House - San Marco Hotels -","isPartOf":{"@id":"https:\/\/www.sanmarcohotels.com\/es\/#website"},"datePublished":"2026-03-05T14:44:32+00:00","dateModified":"2026-03-19T14:21:07+00:00","description":"En el coraz\u00f3n de Venecia, a pocos pasos del Puente de Rialto, el Hotel Rialto, Ca\u2019 Rialto House y Rialto Studios proponen diversas soluciones de alojamiento en el centro hist\u00f3rico. Desde el hotel con servicio completo hasta apartamentos y estudios independientes, cada estructura permite elegir entre el confort hotelero y la autonom\u00eda","breadcrumb":{"@id":"https:\/\/www.sanmarcohotels.com\/es\/nuestras-propiedades\/rialto-hotel-ca-rialto-house\/#breadcrumb"},"inLanguage":"es","potentialAction":[{"@type":"ReadAction","target":["https:\/\/www.sanmarcohotels.com\/es\/nuestras-propiedades\/rialto-hotel-ca-rialto-house\/"]}]},{"@type":"BreadcrumbList","@id":"https:\/\/www.sanmarcohotels.com\/es\/nuestras-propiedades\/rialto-hotel-ca-rialto-house\/#breadcrumb","itemListElement":[{"@type":"ListItem","position":1,"name":"Home","item":"https:\/\/www.sanmarcohotels.com\/es\/"},{"@type":"ListItem","position":2,"name":"Nuestras propiedades","item":"https:\/\/www.sanmarcohotels.com\/es\/our-properties\/"},{"@type":"ListItem","position":3,"name":"Rialto Hotel &#038; C\u00e0 Rialto House"}]},{"@type":"WebSite","@id":"https:\/\/www.sanmarcohotels.com\/es\/#website","url":"https:\/\/www.sanmarcohotels.com\/es\/","name":"San Marco Hotels","description":"","publisher":{"@id":"https:\/\/www.sanmarcohotels.com\/es\/#organization"},"potentialAction":[{"@type":"SearchAction","target":{"@type":"EntryPoint","urlTemplate":"https:\/\/www.sanmarcohotels.com\/es\/?s={search_term_string}"},"query-input":{"@type":"PropertyValueSpecification","valueRequired":true,"valueName":"search_term_string"}}],"inLanguage":"es"},{"@type":"Organization","@id":"https:\/\/www.sanmarcohotels.com\/es\/#organization","name":"San Marco Hotels","url":"https:\/\/www.sanmarcohotels.com\/es\/","logo":{"@type":"ImageObject","inLanguage":"es","@id":"https:\/\/www.sanmarcohotels.com\/es\/#\/schema\/logo\/image\/","url":"https:\/\/sanmarcohotels.ms3.decms.eu\/wp-content\/uploads\/sites\/63\/2026\/03\/san_marco_hotels_logo_c.svg","contentUrl":"https:\/\/sanmarcohotels.ms3.decms.eu\/wp-content\/uploads\/sites\/63\/2026\/03\/san_marco_hotels_logo_c.svg","width":802,"height":824,"caption":"San Marco Hotels"},"image":{"@id":"https:\/\/www.sanmarcohotels.com\/es\/#\/schema\/logo\/image\/"}}]}},"acf":[],"_links":{"self":[{"href":"https:\/\/www.sanmarcohotels.com\/es\/wp-json\/wp\/v2\/pages\/111","targetHints":{"allow":["GET"]}}],"collection":[{"href":"https:\/\/www.sanmarcohotels.com\/es\/wp-json\/wp\/v2\/pages"}],"about":[{"href":"https:\/\/www.sanmarcohotels.com\/es\/wp-json\/wp\/v2\/types\/page"}],"author":[{"embeddable":true,"href":"https:\/\/www.sanmarcohotels.com\/es\/wp-json\/wp\/v2\/users\/6"}],"replies":[{"embeddable":true,"href":"https:\/\/www.sanmarcohotels.com\/es\/wp-json\/wp\/v2\/comments?post=111"}],"version-history":[{"count":0,"href":"https:\/\/www.sanmarcohotels.com\/es\/wp-json\/wp\/v2\/pages\/111\/revisions"}],"up":[{"embeddable":true,"href":"https:\/\/www.sanmarcohotels.com\/es\/wp-json\/wp\/v2\/pages\/59"}],"wp:attachment":[{"href":"https:\/\/www.sanmarcohotels.com\/es\/wp-json\/wp\/v2\/media?parent=111"}],"curies":[{"name":"wp","href":"https:\/\/api.w.org\/{rel}","templated":true}]}}