{"id":121,"date":"2026-03-05T14:45:21","date_gmt":"2026-03-05T14:45:21","guid":{"rendered":"https:\/\/sanmarcohotels.ms3.decms.eu\/?page_id=121"},"modified":"2026-03-19T14:50:12","modified_gmt":"2026-03-19T14:50:12","slug":"the-doge-signature-collection","status":"publish","type":"page","link":"https:\/\/www.sanmarcohotels.com\/es\/nuestras-propiedades\/the-doge-signature-collection\/","title":{"rendered":"The Doge Signature Collection"},"content":{"rendered":"<p>En el coraz\u00f3n del centro hist\u00f3rico de Venecia, entre la Plaza de San Marcos y el Puente de Rialto, The Doge Signature Collection re\u00fane hoteles y residencias situados en las ubicaciones m\u00e1s deseadas de la ciudad. Hay lugares que se visitan, y luego hay lugares que se habitan. Vistas directas a la Plaza de San Marcos o al Puente de Rialto, en el punto exacto donde Venecia muestra su identidad m\u00e1s aut\u00e9ntica: la luz reflejada en las piedras antiguas, el ritmo del agua, el silencio repentino entre las callejuelas. No es simplemente una habitaci\u00f3n con vistas. Es alojarse dentro de la Venecia que el mundo imagina. Nuestras estructuras ocupan edificios hist\u00f3ricos, transmitidos a lo largo de los siglos, hoy reinterpretados con comodidades contempor\u00e1neas. Algunas perspectivas no se dise\u00f1an: pertenecen a la historia y son custodiadas. Elegir The Doge Signature Collection significa alojarse en el centro monumental de Venecia, en hoteles situados a pocos pasos de los principales lugares emblem\u00e1ticos de la ciudad.<\/p>\n","protected":false},"excerpt":{"rendered":"<p>En el coraz\u00f3n del centro hist\u00f3rico de Venecia, entre la Plaza de San Marcos y el Puente de Rialto, The Doge Signature Collection re\u00fane hoteles y residencias situados en las ubicaciones m\u00e1s deseadas de la ciudad. Hay lugares que se visitan, y luego hay lugares que se habitan. Vistas directas a la Plaza de San [&hellip;]<\/p>\n","protected":false},"author":6,"featured_media":0,"parent":59,"menu_order":40,"comment_status":"closed","ping_status":"closed","template":"template-single-hotel.php","meta":{"footnotes":""},"class_list":["post-121","page","type-page","status-publish","hentry"],"yoast_head":"<!-- This site is optimized with the Yoast SEO plugin v26.9 - https:\/\/yoast.com\/product\/yoast-seo-wordpress\/ -->\n<title>The Doge Signature Collection - San Marco Hotels -<\/title>\n<meta name=\"description\" content=\"En el coraz\u00f3n del centro hist\u00f3rico de Venecia, entre la Plaza de San Marcos y el Puente de Rialto, The Doge Signature Collection re\u00fane hoteles y residencias situados en las ubicaciones m\u00e1s deseadas de la ciudad. Hay lugares que se visitan, y luego hay lugares que se habitan\" \/>\n<meta name=\"robots\" content=\"index, follow, max-snippet:-1, max-image-preview:large, max-video-preview:-1\" \/>\n<link rel=\"canonical\" href=\"https:\/\/www.sanmarcohotels.com\/es\/nuestras-propiedades\/the-doge-signature-collection\/\" \/>\n<meta property=\"og:locale\" content=\"es_ES\" \/>\n<meta property=\"og:type\" content=\"article\" \/>\n<meta property=\"og:title\" content=\"The Doge Signature Collection - San Marco Hotels -\" \/>\n<meta property=\"og:description\" content=\"En el coraz\u00f3n del centro hist\u00f3rico de Venecia, entre la Plaza de San Marcos y el Puente de Rialto, The Doge Signature Collection re\u00fane hoteles y residencias situados en las ubicaciones m\u00e1s deseadas de la ciudad. Hay lugares que se visitan, y luego hay lugares que se habitan\" \/>\n<meta property=\"og:url\" content=\"https:\/\/www.sanmarcohotels.com\/es\/nuestras-propiedades\/the-doge-signature-collection\/\" \/>\n<meta property=\"og:site_name\" content=\"San Marco Hotels\" \/>\n<meta property=\"article:modified_time\" content=\"2026-03-19T14:50:12+00:00\" \/>\n<meta name=\"twitter:card\" content=\"summary_large_image\" \/>\n<meta name=\"twitter:label1\" content=\"Est. reading time\" \/>\n\t<meta name=\"twitter:data1\" content=\"1 minuto\" \/>\n<script type=\"application\/ld+json\" class=\"yoast-schema-graph\">{\"@context\":\"https:\/\/schema.org\",\"@graph\":[{\"@type\":\"WebPage\",\"@id\":\"https:\/\/www.sanmarcohotels.com\/es\/nuestras-propiedades\/the-doge-signature-collection\/\",\"url\":\"https:\/\/www.sanmarcohotels.com\/es\/nuestras-propiedades\/the-doge-signature-collection\/\",\"name\":\"The Doge Signature Collection - San Marco Hotels -\",\"isPartOf\":{\"@id\":\"https:\/\/www.sanmarcohotels.com\/es\/#website\"},\"datePublished\":\"2026-03-05T14:45:21+00:00\",\"dateModified\":\"2026-03-19T14:50:12+00:00\",\"description\":\"En el coraz\u00f3n del centro hist\u00f3rico de Venecia, entre la Plaza de San Marcos y el Puente de Rialto, The Doge Signature Collection re\u00fane hoteles y residencias situados en las ubicaciones m\u00e1s deseadas de la ciudad. Hay lugares que se visitan, y luego hay lugares que se habitan\",\"breadcrumb\":{\"@id\":\"https:\/\/www.sanmarcohotels.com\/es\/nuestras-propiedades\/the-doge-signature-collection\/#breadcrumb\"},\"inLanguage\":\"es\",\"potentialAction\":[{\"@type\":\"ReadAction\",\"target\":[\"https:\/\/www.sanmarcohotels.com\/es\/nuestras-propiedades\/the-doge-signature-collection\/\"]}]},{\"@type\":\"BreadcrumbList\",\"@id\":\"https:\/\/www.sanmarcohotels.com\/es\/nuestras-propiedades\/the-doge-signature-collection\/#breadcrumb\",\"itemListElement\":[{\"@type\":\"ListItem\",\"position\":1,\"name\":\"Home\",\"item\":\"https:\/\/www.sanmarcohotels.com\/es\/\"},{\"@type\":\"ListItem\",\"position\":2,\"name\":\"Nuestras propiedades\",\"item\":\"https:\/\/www.sanmarcohotels.com\/es\/our-properties\/\"},{\"@type\":\"ListItem\",\"position\":3,\"name\":\"The Doge Signature Collection\"}]},{\"@type\":\"WebSite\",\"@id\":\"https:\/\/www.sanmarcohotels.com\/es\/#website\",\"url\":\"https:\/\/www.sanmarcohotels.com\/es\/\",\"name\":\"San Marco Hotels\",\"description\":\"\",\"publisher\":{\"@id\":\"https:\/\/www.sanmarcohotels.com\/es\/#organization\"},\"potentialAction\":[{\"@type\":\"SearchAction\",\"target\":{\"@type\":\"EntryPoint\",\"urlTemplate\":\"https:\/\/www.sanmarcohotels.com\/es\/?s={search_term_string}\"},\"query-input\":{\"@type\":\"PropertyValueSpecification\",\"valueRequired\":true,\"valueName\":\"search_term_string\"}}],\"inLanguage\":\"es\"},{\"@type\":\"Organization\",\"@id\":\"https:\/\/www.sanmarcohotels.com\/es\/#organization\",\"name\":\"San Marco Hotels\",\"url\":\"https:\/\/www.sanmarcohotels.com\/es\/\",\"logo\":{\"@type\":\"ImageObject\",\"inLanguage\":\"es\",\"@id\":\"https:\/\/www.sanmarcohotels.com\/es\/#\/schema\/logo\/image\/\",\"url\":\"https:\/\/sanmarcohotels.ms3.decms.eu\/wp-content\/uploads\/sites\/63\/2026\/03\/san_marco_hotels_logo_c.svg\",\"contentUrl\":\"https:\/\/sanmarcohotels.ms3.decms.eu\/wp-content\/uploads\/sites\/63\/2026\/03\/san_marco_hotels_logo_c.svg\",\"width\":802,\"height\":824,\"caption\":\"San Marco Hotels\"},\"image\":{\"@id\":\"https:\/\/www.sanmarcohotels.com\/es\/#\/schema\/logo\/image\/\"}}]}<\/script>\n<!-- \/ Yoast SEO plugin. -->","yoast_head_json":{"title":"The Doge Signature Collection - San Marco Hotels -","description":"En el coraz\u00f3n del centro hist\u00f3rico de Venecia, entre la Plaza de San Marcos y el Puente de Rialto, The Doge Signature Collection re\u00fane hoteles y residencias situados en las ubicaciones m\u00e1s deseadas de la ciudad. Hay lugares que se visitan, y luego hay lugares que se habitan","robots":{"index":"index","follow":"follow","max-snippet":"max-snippet:-1","max-image-preview":"max-image-preview:large","max-video-preview":"max-video-preview:-1"},"canonical":"https:\/\/www.sanmarcohotels.com\/es\/nuestras-propiedades\/the-doge-signature-collection\/","og_locale":"es_ES","og_type":"article","og_title":"The Doge Signature Collection - San Marco Hotels -","og_description":"En el coraz\u00f3n del centro hist\u00f3rico de Venecia, entre la Plaza de San Marcos y el Puente de Rialto, The Doge Signature Collection re\u00fane hoteles y residencias situados en las ubicaciones m\u00e1s deseadas de la ciudad. Hay lugares que se visitan, y luego hay lugares que se habitan","og_url":"https:\/\/www.sanmarcohotels.com\/es\/nuestras-propiedades\/the-doge-signature-collection\/","og_site_name":"San Marco Hotels","article_modified_time":"2026-03-19T14:50:12+00:00","twitter_card":"summary_large_image","twitter_misc":{"Est. reading time":"1 minuto"},"schema":{"@context":"https:\/\/schema.org","@graph":[{"@type":"WebPage","@id":"https:\/\/www.sanmarcohotels.com\/es\/nuestras-propiedades\/the-doge-signature-collection\/","url":"https:\/\/www.sanmarcohotels.com\/es\/nuestras-propiedades\/the-doge-signature-collection\/","name":"The Doge Signature Collection - San Marco Hotels -","isPartOf":{"@id":"https:\/\/www.sanmarcohotels.com\/es\/#website"},"datePublished":"2026-03-05T14:45:21+00:00","dateModified":"2026-03-19T14:50:12+00:00","description":"En el coraz\u00f3n del centro hist\u00f3rico de Venecia, entre la Plaza de San Marcos y el Puente de Rialto, The Doge Signature Collection re\u00fane hoteles y residencias situados en las ubicaciones m\u00e1s deseadas de la ciudad. Hay lugares que se visitan, y luego hay lugares que se habitan","breadcrumb":{"@id":"https:\/\/www.sanmarcohotels.com\/es\/nuestras-propiedades\/the-doge-signature-collection\/#breadcrumb"},"inLanguage":"es","potentialAction":[{"@type":"ReadAction","target":["https:\/\/www.sanmarcohotels.com\/es\/nuestras-propiedades\/the-doge-signature-collection\/"]}]},{"@type":"BreadcrumbList","@id":"https:\/\/www.sanmarcohotels.com\/es\/nuestras-propiedades\/the-doge-signature-collection\/#breadcrumb","itemListElement":[{"@type":"ListItem","position":1,"name":"Home","item":"https:\/\/www.sanmarcohotels.com\/es\/"},{"@type":"ListItem","position":2,"name":"Nuestras propiedades","item":"https:\/\/www.sanmarcohotels.com\/es\/our-properties\/"},{"@type":"ListItem","position":3,"name":"The Doge Signature Collection"}]},{"@type":"WebSite","@id":"https:\/\/www.sanmarcohotels.com\/es\/#website","url":"https:\/\/www.sanmarcohotels.com\/es\/","name":"San Marco Hotels","description":"","publisher":{"@id":"https:\/\/www.sanmarcohotels.com\/es\/#organization"},"potentialAction":[{"@type":"SearchAction","target":{"@type":"EntryPoint","urlTemplate":"https:\/\/www.sanmarcohotels.com\/es\/?s={search_term_string}"},"query-input":{"@type":"PropertyValueSpecification","valueRequired":true,"valueName":"search_term_string"}}],"inLanguage":"es"},{"@type":"Organization","@id":"https:\/\/www.sanmarcohotels.com\/es\/#organization","name":"San Marco Hotels","url":"https:\/\/www.sanmarcohotels.com\/es\/","logo":{"@type":"ImageObject","inLanguage":"es","@id":"https:\/\/www.sanmarcohotels.com\/es\/#\/schema\/logo\/image\/","url":"https:\/\/sanmarcohotels.ms3.decms.eu\/wp-content\/uploads\/sites\/63\/2026\/03\/san_marco_hotels_logo_c.svg","contentUrl":"https:\/\/sanmarcohotels.ms3.decms.eu\/wp-content\/uploads\/sites\/63\/2026\/03\/san_marco_hotels_logo_c.svg","width":802,"height":824,"caption":"San Marco Hotels"},"image":{"@id":"https:\/\/www.sanmarcohotels.com\/es\/#\/schema\/logo\/image\/"}}]}},"acf":[],"_links":{"self":[{"href":"https:\/\/www.sanmarcohotels.com\/es\/wp-json\/wp\/v2\/pages\/121","targetHints":{"allow":["GET"]}}],"collection":[{"href":"https:\/\/www.sanmarcohotels.com\/es\/wp-json\/wp\/v2\/pages"}],"about":[{"href":"https:\/\/www.sanmarcohotels.com\/es\/wp-json\/wp\/v2\/types\/page"}],"author":[{"embeddable":true,"href":"https:\/\/www.sanmarcohotels.com\/es\/wp-json\/wp\/v2\/users\/6"}],"replies":[{"embeddable":true,"href":"https:\/\/www.sanmarcohotels.com\/es\/wp-json\/wp\/v2\/comments?post=121"}],"version-history":[{"count":0,"href":"https:\/\/www.sanmarcohotels.com\/es\/wp-json\/wp\/v2\/pages\/121\/revisions"}],"up":[{"embeddable":true,"href":"https:\/\/www.sanmarcohotels.com\/es\/wp-json\/wp\/v2\/pages\/59"}],"wp:attachment":[{"href":"https:\/\/www.sanmarcohotels.com\/es\/wp-json\/wp\/v2\/media?parent=121"}],"curies":[{"name":"wp","href":"https:\/\/api.w.org\/{rel}","templated":true}]}}