{"id":138,"date":"2026-03-05T15:21:53","date_gmt":"2026-03-05T15:21:53","guid":{"rendered":"https:\/\/sanmarcohotels.ms3.decms.eu\/?page_id=138"},"modified":"2026-03-19T15:28:16","modified_gmt":"2026-03-19T15:28:16","slug":"bar-del-doge","status":"publish","type":"page","link":"https:\/\/www.sanmarcohotels.com\/es\/restaurantes-bar\/bar-del-doge\/","title":{"rendered":"Bar Del Doge"},"content":{"rendered":"<p>El Bar Cavalletto es un elegante refugio en el centro hist\u00f3rico, donde el tiempo parece haberse detenido. Famoso por su propuesta de mixolog\u00eda que fusiona los grandes cl\u00e1sicos venecianos \u2014 como el Spritz y el Negroni \u2014 con destilados internacionales de prestigio. Para acompa\u00f1ar las copas, una refinada propuesta de cicchetti venecianos y platos ligeros, perfecta para quienes buscan una experiencia aut\u00e9ntica y reservada lejos de las multitudes.<\/p>\n","protected":false},"excerpt":{"rendered":"<p>El Bar Cavalletto es un elegante refugio en el centro hist\u00f3rico, donde el tiempo parece haberse detenido. Famoso por su propuesta de mixolog\u00eda que fusiona los grandes cl\u00e1sicos venecianos \u2014 como el Spritz y el Negroni \u2014 con destilados internacionales de prestigio. Para acompa\u00f1ar las copas, una refinada propuesta de cicchetti venecianos y platos ligeros, [&hellip;]<\/p>\n","protected":false},"author":6,"featured_media":0,"parent":65,"menu_order":20,"comment_status":"closed","ping_status":"closed","template":"template-single-restaurant.php","meta":{"footnotes":""},"class_list":["post-138","page","type-page","status-publish","hentry"],"yoast_head":"<!-- This site is optimized with the Yoast SEO plugin v26.9 - https:\/\/yoast.com\/product\/yoast-seo-wordpress\/ -->\n<title>Bar Del Doge - San Marco Hotels -<\/title>\n<meta name=\"description\" content=\"El Bar Cavalletto es un elegante refugio en el centro hist\u00f3rico, donde el tiempo parece haberse detenido. Famoso por su propuesta de mixolog\u00eda que fusiona los grandes cl\u00e1sicos venecianos \u2014 como el Spritz y el Negroni \u2014 con destilados internacionales de prestigio\" \/>\n<meta name=\"robots\" content=\"index, follow, max-snippet:-1, max-image-preview:large, max-video-preview:-1\" \/>\n<link rel=\"canonical\" href=\"https:\/\/www.sanmarcohotels.com\/es\/restaurantes-bar\/bar-del-doge\/\" \/>\n<meta property=\"og:locale\" content=\"es_ES\" \/>\n<meta property=\"og:type\" content=\"article\" \/>\n<meta property=\"og:title\" content=\"Bar Del Doge - San Marco Hotels -\" \/>\n<meta property=\"og:description\" content=\"El Bar Cavalletto es un elegante refugio en el centro hist\u00f3rico, donde el tiempo parece haberse detenido. Famoso por su propuesta de mixolog\u00eda que fusiona los grandes cl\u00e1sicos venecianos \u2014 como el Spritz y el Negroni \u2014 con destilados internacionales de prestigio\" \/>\n<meta property=\"og:url\" content=\"https:\/\/www.sanmarcohotels.com\/es\/restaurantes-bar\/bar-del-doge\/\" \/>\n<meta property=\"og:site_name\" content=\"San Marco Hotels\" \/>\n<meta property=\"article:modified_time\" content=\"2026-03-19T15:28:16+00:00\" \/>\n<meta name=\"twitter:card\" content=\"summary_large_image\" \/>\n<meta name=\"twitter:label1\" content=\"Est. reading time\" \/>\n\t<meta name=\"twitter:data1\" content=\"1 minuto\" \/>\n<script type=\"application\/ld+json\" class=\"yoast-schema-graph\">{\"@context\":\"https:\/\/schema.org\",\"@graph\":[{\"@type\":\"WebPage\",\"@id\":\"https:\/\/www.sanmarcohotels.com\/es\/restaurantes-bar\/bar-del-doge\/\",\"url\":\"https:\/\/www.sanmarcohotels.com\/es\/restaurantes-bar\/bar-del-doge\/\",\"name\":\"Bar Del Doge - San Marco Hotels -\",\"isPartOf\":{\"@id\":\"https:\/\/www.sanmarcohotels.com\/es\/#website\"},\"datePublished\":\"2026-03-05T15:21:53+00:00\",\"dateModified\":\"2026-03-19T15:28:16+00:00\",\"description\":\"El Bar Cavalletto es un elegante refugio en el centro hist\u00f3rico, donde el tiempo parece haberse detenido. Famoso por su propuesta de mixolog\u00eda que fusiona los grandes cl\u00e1sicos venecianos \u2014 como el Spritz y el Negroni \u2014 con destilados internacionales de prestigio\",\"breadcrumb\":{\"@id\":\"https:\/\/www.sanmarcohotels.com\/es\/restaurantes-bar\/bar-del-doge\/#breadcrumb\"},\"inLanguage\":\"es\",\"potentialAction\":[{\"@type\":\"ReadAction\",\"target\":[\"https:\/\/www.sanmarcohotels.com\/es\/restaurantes-bar\/bar-del-doge\/\"]}]},{\"@type\":\"BreadcrumbList\",\"@id\":\"https:\/\/www.sanmarcohotels.com\/es\/restaurantes-bar\/bar-del-doge\/#breadcrumb\",\"itemListElement\":[{\"@type\":\"ListItem\",\"position\":1,\"name\":\"Home\",\"item\":\"https:\/\/www.sanmarcohotels.com\/es\/\"},{\"@type\":\"ListItem\",\"position\":2,\"name\":\"Restaurantes &#038; Bar\",\"item\":\"https:\/\/www.sanmarcohotels.com\/es\/restaurants-bar\/\"},{\"@type\":\"ListItem\",\"position\":3,\"name\":\"Bar Del Doge\"}]},{\"@type\":\"WebSite\",\"@id\":\"https:\/\/www.sanmarcohotels.com\/es\/#website\",\"url\":\"https:\/\/www.sanmarcohotels.com\/es\/\",\"name\":\"San Marco Hotels\",\"description\":\"\",\"publisher\":{\"@id\":\"https:\/\/www.sanmarcohotels.com\/es\/#organization\"},\"potentialAction\":[{\"@type\":\"SearchAction\",\"target\":{\"@type\":\"EntryPoint\",\"urlTemplate\":\"https:\/\/www.sanmarcohotels.com\/es\/?s={search_term_string}\"},\"query-input\":{\"@type\":\"PropertyValueSpecification\",\"valueRequired\":true,\"valueName\":\"search_term_string\"}}],\"inLanguage\":\"es\"},{\"@type\":\"Organization\",\"@id\":\"https:\/\/www.sanmarcohotels.com\/es\/#organization\",\"name\":\"San Marco Hotels\",\"url\":\"https:\/\/www.sanmarcohotels.com\/es\/\",\"logo\":{\"@type\":\"ImageObject\",\"inLanguage\":\"es\",\"@id\":\"https:\/\/www.sanmarcohotels.com\/es\/#\/schema\/logo\/image\/\",\"url\":\"https:\/\/sanmarcohotels.ms3.decms.eu\/wp-content\/uploads\/sites\/63\/2026\/03\/san_marco_hotels_logo_c.svg\",\"contentUrl\":\"https:\/\/sanmarcohotels.ms3.decms.eu\/wp-content\/uploads\/sites\/63\/2026\/03\/san_marco_hotels_logo_c.svg\",\"width\":802,\"height\":824,\"caption\":\"San Marco Hotels\"},\"image\":{\"@id\":\"https:\/\/www.sanmarcohotels.com\/es\/#\/schema\/logo\/image\/\"}}]}<\/script>\n<!-- \/ Yoast SEO plugin. -->","yoast_head_json":{"title":"Bar Del Doge - San Marco Hotels -","description":"El Bar Cavalletto es un elegante refugio en el centro hist\u00f3rico, donde el tiempo parece haberse detenido. Famoso por su propuesta de mixolog\u00eda que fusiona los grandes cl\u00e1sicos venecianos \u2014 como el Spritz y el Negroni \u2014 con destilados internacionales de prestigio","robots":{"index":"index","follow":"follow","max-snippet":"max-snippet:-1","max-image-preview":"max-image-preview:large","max-video-preview":"max-video-preview:-1"},"canonical":"https:\/\/www.sanmarcohotels.com\/es\/restaurantes-bar\/bar-del-doge\/","og_locale":"es_ES","og_type":"article","og_title":"Bar Del Doge - San Marco Hotels -","og_description":"El Bar Cavalletto es un elegante refugio en el centro hist\u00f3rico, donde el tiempo parece haberse detenido. Famoso por su propuesta de mixolog\u00eda que fusiona los grandes cl\u00e1sicos venecianos \u2014 como el Spritz y el Negroni \u2014 con destilados internacionales de prestigio","og_url":"https:\/\/www.sanmarcohotels.com\/es\/restaurantes-bar\/bar-del-doge\/","og_site_name":"San Marco Hotels","article_modified_time":"2026-03-19T15:28:16+00:00","twitter_card":"summary_large_image","twitter_misc":{"Est. reading time":"1 minuto"},"schema":{"@context":"https:\/\/schema.org","@graph":[{"@type":"WebPage","@id":"https:\/\/www.sanmarcohotels.com\/es\/restaurantes-bar\/bar-del-doge\/","url":"https:\/\/www.sanmarcohotels.com\/es\/restaurantes-bar\/bar-del-doge\/","name":"Bar Del Doge - San Marco Hotels -","isPartOf":{"@id":"https:\/\/www.sanmarcohotels.com\/es\/#website"},"datePublished":"2026-03-05T15:21:53+00:00","dateModified":"2026-03-19T15:28:16+00:00","description":"El Bar Cavalletto es un elegante refugio en el centro hist\u00f3rico, donde el tiempo parece haberse detenido. Famoso por su propuesta de mixolog\u00eda que fusiona los grandes cl\u00e1sicos venecianos \u2014 como el Spritz y el Negroni \u2014 con destilados internacionales de prestigio","breadcrumb":{"@id":"https:\/\/www.sanmarcohotels.com\/es\/restaurantes-bar\/bar-del-doge\/#breadcrumb"},"inLanguage":"es","potentialAction":[{"@type":"ReadAction","target":["https:\/\/www.sanmarcohotels.com\/es\/restaurantes-bar\/bar-del-doge\/"]}]},{"@type":"BreadcrumbList","@id":"https:\/\/www.sanmarcohotels.com\/es\/restaurantes-bar\/bar-del-doge\/#breadcrumb","itemListElement":[{"@type":"ListItem","position":1,"name":"Home","item":"https:\/\/www.sanmarcohotels.com\/es\/"},{"@type":"ListItem","position":2,"name":"Restaurantes &#038; Bar","item":"https:\/\/www.sanmarcohotels.com\/es\/restaurants-bar\/"},{"@type":"ListItem","position":3,"name":"Bar Del Doge"}]},{"@type":"WebSite","@id":"https:\/\/www.sanmarcohotels.com\/es\/#website","url":"https:\/\/www.sanmarcohotels.com\/es\/","name":"San Marco Hotels","description":"","publisher":{"@id":"https:\/\/www.sanmarcohotels.com\/es\/#organization"},"potentialAction":[{"@type":"SearchAction","target":{"@type":"EntryPoint","urlTemplate":"https:\/\/www.sanmarcohotels.com\/es\/?s={search_term_string}"},"query-input":{"@type":"PropertyValueSpecification","valueRequired":true,"valueName":"search_term_string"}}],"inLanguage":"es"},{"@type":"Organization","@id":"https:\/\/www.sanmarcohotels.com\/es\/#organization","name":"San Marco Hotels","url":"https:\/\/www.sanmarcohotels.com\/es\/","logo":{"@type":"ImageObject","inLanguage":"es","@id":"https:\/\/www.sanmarcohotels.com\/es\/#\/schema\/logo\/image\/","url":"https:\/\/sanmarcohotels.ms3.decms.eu\/wp-content\/uploads\/sites\/63\/2026\/03\/san_marco_hotels_logo_c.svg","contentUrl":"https:\/\/sanmarcohotels.ms3.decms.eu\/wp-content\/uploads\/sites\/63\/2026\/03\/san_marco_hotels_logo_c.svg","width":802,"height":824,"caption":"San Marco Hotels"},"image":{"@id":"https:\/\/www.sanmarcohotels.com\/es\/#\/schema\/logo\/image\/"}}]}},"acf":[],"_links":{"self":[{"href":"https:\/\/www.sanmarcohotels.com\/es\/wp-json\/wp\/v2\/pages\/138","targetHints":{"allow":["GET"]}}],"collection":[{"href":"https:\/\/www.sanmarcohotels.com\/es\/wp-json\/wp\/v2\/pages"}],"about":[{"href":"https:\/\/www.sanmarcohotels.com\/es\/wp-json\/wp\/v2\/types\/page"}],"author":[{"embeddable":true,"href":"https:\/\/www.sanmarcohotels.com\/es\/wp-json\/wp\/v2\/users\/6"}],"replies":[{"embeddable":true,"href":"https:\/\/www.sanmarcohotels.com\/es\/wp-json\/wp\/v2\/comments?post=138"}],"version-history":[{"count":0,"href":"https:\/\/www.sanmarcohotels.com\/es\/wp-json\/wp\/v2\/pages\/138\/revisions"}],"up":[{"embeddable":true,"href":"https:\/\/www.sanmarcohotels.com\/es\/wp-json\/wp\/v2\/pages\/65"}],"wp:attachment":[{"href":"https:\/\/www.sanmarcohotels.com\/es\/wp-json\/wp\/v2\/media?parent=138"}],"curies":[{"name":"wp","href":"https:\/\/api.w.org\/{rel}","templated":true}]}}