{"id":164,"date":"2026-03-06T15:24:12","date_gmt":"2026-03-06T15:24:12","guid":{"rendered":"https:\/\/sanmarcohotels.ms3.decms.eu\/?page_id=164"},"modified":"2026-03-19T15:05:03","modified_gmt":"2026-03-19T15:05:03","slug":"hotel-ambassador-tre-rose","status":"publish","type":"page","link":"https:\/\/www.sanmarcohotels.com\/es\/nuestras-propiedades\/hotel-ambassador-tre-rose\/","title":{"rendered":"Hotel Ambassador Tre Rose"},"content":{"rendered":"<p>Situado en una ubicaci\u00f3n privilegiada a pocos pasos de la Plaza de San Marcos, el Ambassador Tre Rose es la elecci\u00f3n perfecta para quienes desean vivir Venecia desde dentro. Nuestra estructura, ubicada en un palacio hist\u00f3rico, conserva el encanto de la tradici\u00f3n veneciana en un ambiente familiar y genuino. Es la base ideal para quienes buscan la m\u00e1xima comodidad log\u00edstica: desde aqu\u00ed, las calles, los museos y los tesori de la ciudad est\u00e1n al alcance de la mano.<\/p>\n","protected":false},"excerpt":{"rendered":"<p>Situado en una ubicaci\u00f3n privilegiada a pocos pasos de la Plaza de San Marcos, el Ambassador Tre Rose es la elecci\u00f3n perfecta para quienes desean vivir Venecia desde dentro. Nuestra estructura, ubicada en un palacio hist\u00f3rico, conserva el encanto de la tradici\u00f3n veneciana en un ambiente familiar y genuino. Es la base ideal para quienes [&hellip;]<\/p>\n","protected":false},"author":6,"featured_media":0,"parent":59,"menu_order":70,"comment_status":"closed","ping_status":"closed","template":"template-single-hotel.php","meta":{"footnotes":""},"class_list":["post-164","page","type-page","status-publish","hentry"],"yoast_head":"<!-- This site is optimized with the Yoast SEO plugin v26.9 - https:\/\/yoast.com\/product\/yoast-seo-wordpress\/ -->\n<title>Hotel Ambassador Tre Rose - San Marco Hotels -<\/title>\n<meta name=\"description\" content=\"Situado en una ubicaci\u00f3n privilegiada a pocos pasos de la Plaza de San Marcos, el Ambassador Tre Rose es la elecci\u00f3n perfecta para quienes desean vivir Venecia desde dentro. Nuestra estructura, ubicada en un palacio hist\u00f3rico, conserva el encanto de la tradici\u00f3n veneciana en un ambiente familiar y genuino\" \/>\n<meta name=\"robots\" content=\"index, follow, max-snippet:-1, max-image-preview:large, max-video-preview:-1\" \/>\n<link rel=\"canonical\" href=\"https:\/\/www.sanmarcohotels.com\/es\/nuestras-propiedades\/hotel-ambassador-tre-rose\/\" \/>\n<meta property=\"og:locale\" content=\"es_ES\" \/>\n<meta property=\"og:type\" content=\"article\" \/>\n<meta property=\"og:title\" content=\"Hotel Ambassador Tre Rose - San Marco Hotels -\" \/>\n<meta property=\"og:description\" content=\"Situado en una ubicaci\u00f3n privilegiada a pocos pasos de la Plaza de San Marcos, el Ambassador Tre Rose es la elecci\u00f3n perfecta para quienes desean vivir Venecia desde dentro. Nuestra estructura, ubicada en un palacio hist\u00f3rico, conserva el encanto de la tradici\u00f3n veneciana en un ambiente familiar y genuino\" \/>\n<meta property=\"og:url\" content=\"https:\/\/www.sanmarcohotels.com\/es\/nuestras-propiedades\/hotel-ambassador-tre-rose\/\" \/>\n<meta property=\"og:site_name\" content=\"San Marco Hotels\" \/>\n<meta property=\"article:modified_time\" content=\"2026-03-19T15:05:03+00:00\" \/>\n<meta name=\"twitter:card\" content=\"summary_large_image\" \/>\n<meta name=\"twitter:label1\" content=\"Est. reading time\" \/>\n\t<meta name=\"twitter:data1\" content=\"1 minuto\" \/>\n<script type=\"application\/ld+json\" class=\"yoast-schema-graph\">{\"@context\":\"https:\/\/schema.org\",\"@graph\":[{\"@type\":\"WebPage\",\"@id\":\"https:\/\/www.sanmarcohotels.com\/es\/nuestras-propiedades\/hotel-ambassador-tre-rose\/\",\"url\":\"https:\/\/www.sanmarcohotels.com\/es\/nuestras-propiedades\/hotel-ambassador-tre-rose\/\",\"name\":\"Hotel Ambassador Tre Rose - San Marco Hotels -\",\"isPartOf\":{\"@id\":\"https:\/\/www.sanmarcohotels.com\/es\/#website\"},\"datePublished\":\"2026-03-06T15:24:12+00:00\",\"dateModified\":\"2026-03-19T15:05:03+00:00\",\"description\":\"Situado en una ubicaci\u00f3n privilegiada a pocos pasos de la Plaza de San Marcos, el Ambassador Tre Rose es la elecci\u00f3n perfecta para quienes desean vivir Venecia desde dentro. Nuestra estructura, ubicada en un palacio hist\u00f3rico, conserva el encanto de la tradici\u00f3n veneciana en un ambiente familiar y genuino\",\"breadcrumb\":{\"@id\":\"https:\/\/www.sanmarcohotels.com\/es\/nuestras-propiedades\/hotel-ambassador-tre-rose\/#breadcrumb\"},\"inLanguage\":\"es\",\"potentialAction\":[{\"@type\":\"ReadAction\",\"target\":[\"https:\/\/www.sanmarcohotels.com\/es\/nuestras-propiedades\/hotel-ambassador-tre-rose\/\"]}]},{\"@type\":\"BreadcrumbList\",\"@id\":\"https:\/\/www.sanmarcohotels.com\/es\/nuestras-propiedades\/hotel-ambassador-tre-rose\/#breadcrumb\",\"itemListElement\":[{\"@type\":\"ListItem\",\"position\":1,\"name\":\"Home\",\"item\":\"https:\/\/www.sanmarcohotels.com\/es\/\"},{\"@type\":\"ListItem\",\"position\":2,\"name\":\"Nuestras propiedades\",\"item\":\"https:\/\/www.sanmarcohotels.com\/es\/our-properties\/\"},{\"@type\":\"ListItem\",\"position\":3,\"name\":\"Hotel Ambassador Tre Rose\"}]},{\"@type\":\"WebSite\",\"@id\":\"https:\/\/www.sanmarcohotels.com\/es\/#website\",\"url\":\"https:\/\/www.sanmarcohotels.com\/es\/\",\"name\":\"San Marco Hotels\",\"description\":\"\",\"publisher\":{\"@id\":\"https:\/\/www.sanmarcohotels.com\/es\/#organization\"},\"potentialAction\":[{\"@type\":\"SearchAction\",\"target\":{\"@type\":\"EntryPoint\",\"urlTemplate\":\"https:\/\/www.sanmarcohotels.com\/es\/?s={search_term_string}\"},\"query-input\":{\"@type\":\"PropertyValueSpecification\",\"valueRequired\":true,\"valueName\":\"search_term_string\"}}],\"inLanguage\":\"es\"},{\"@type\":\"Organization\",\"@id\":\"https:\/\/www.sanmarcohotels.com\/es\/#organization\",\"name\":\"San Marco Hotels\",\"url\":\"https:\/\/www.sanmarcohotels.com\/es\/\",\"logo\":{\"@type\":\"ImageObject\",\"inLanguage\":\"es\",\"@id\":\"https:\/\/www.sanmarcohotels.com\/es\/#\/schema\/logo\/image\/\",\"url\":\"https:\/\/sanmarcohotels.ms3.decms.eu\/wp-content\/uploads\/sites\/63\/2026\/03\/san_marco_hotels_logo_c.svg\",\"contentUrl\":\"https:\/\/sanmarcohotels.ms3.decms.eu\/wp-content\/uploads\/sites\/63\/2026\/03\/san_marco_hotels_logo_c.svg\",\"width\":802,\"height\":824,\"caption\":\"San Marco Hotels\"},\"image\":{\"@id\":\"https:\/\/www.sanmarcohotels.com\/es\/#\/schema\/logo\/image\/\"}}]}<\/script>\n<!-- \/ Yoast SEO plugin. -->","yoast_head_json":{"title":"Hotel Ambassador Tre Rose - San Marco Hotels -","description":"Situado en una ubicaci\u00f3n privilegiada a pocos pasos de la Plaza de San Marcos, el Ambassador Tre Rose es la elecci\u00f3n perfecta para quienes desean vivir Venecia desde dentro. Nuestra estructura, ubicada en un palacio hist\u00f3rico, conserva el encanto de la tradici\u00f3n veneciana en un ambiente familiar y genuino","robots":{"index":"index","follow":"follow","max-snippet":"max-snippet:-1","max-image-preview":"max-image-preview:large","max-video-preview":"max-video-preview:-1"},"canonical":"https:\/\/www.sanmarcohotels.com\/es\/nuestras-propiedades\/hotel-ambassador-tre-rose\/","og_locale":"es_ES","og_type":"article","og_title":"Hotel Ambassador Tre Rose - San Marco Hotels -","og_description":"Situado en una ubicaci\u00f3n privilegiada a pocos pasos de la Plaza de San Marcos, el Ambassador Tre Rose es la elecci\u00f3n perfecta para quienes desean vivir Venecia desde dentro. Nuestra estructura, ubicada en un palacio hist\u00f3rico, conserva el encanto de la tradici\u00f3n veneciana en un ambiente familiar y genuino","og_url":"https:\/\/www.sanmarcohotels.com\/es\/nuestras-propiedades\/hotel-ambassador-tre-rose\/","og_site_name":"San Marco Hotels","article_modified_time":"2026-03-19T15:05:03+00:00","twitter_card":"summary_large_image","twitter_misc":{"Est. reading time":"1 minuto"},"schema":{"@context":"https:\/\/schema.org","@graph":[{"@type":"WebPage","@id":"https:\/\/www.sanmarcohotels.com\/es\/nuestras-propiedades\/hotel-ambassador-tre-rose\/","url":"https:\/\/www.sanmarcohotels.com\/es\/nuestras-propiedades\/hotel-ambassador-tre-rose\/","name":"Hotel Ambassador Tre Rose - San Marco Hotels -","isPartOf":{"@id":"https:\/\/www.sanmarcohotels.com\/es\/#website"},"datePublished":"2026-03-06T15:24:12+00:00","dateModified":"2026-03-19T15:05:03+00:00","description":"Situado en una ubicaci\u00f3n privilegiada a pocos pasos de la Plaza de San Marcos, el Ambassador Tre Rose es la elecci\u00f3n perfecta para quienes desean vivir Venecia desde dentro. Nuestra estructura, ubicada en un palacio hist\u00f3rico, conserva el encanto de la tradici\u00f3n veneciana en un ambiente familiar y genuino","breadcrumb":{"@id":"https:\/\/www.sanmarcohotels.com\/es\/nuestras-propiedades\/hotel-ambassador-tre-rose\/#breadcrumb"},"inLanguage":"es","potentialAction":[{"@type":"ReadAction","target":["https:\/\/www.sanmarcohotels.com\/es\/nuestras-propiedades\/hotel-ambassador-tre-rose\/"]}]},{"@type":"BreadcrumbList","@id":"https:\/\/www.sanmarcohotels.com\/es\/nuestras-propiedades\/hotel-ambassador-tre-rose\/#breadcrumb","itemListElement":[{"@type":"ListItem","position":1,"name":"Home","item":"https:\/\/www.sanmarcohotels.com\/es\/"},{"@type":"ListItem","position":2,"name":"Nuestras propiedades","item":"https:\/\/www.sanmarcohotels.com\/es\/our-properties\/"},{"@type":"ListItem","position":3,"name":"Hotel Ambassador Tre Rose"}]},{"@type":"WebSite","@id":"https:\/\/www.sanmarcohotels.com\/es\/#website","url":"https:\/\/www.sanmarcohotels.com\/es\/","name":"San Marco Hotels","description":"","publisher":{"@id":"https:\/\/www.sanmarcohotels.com\/es\/#organization"},"potentialAction":[{"@type":"SearchAction","target":{"@type":"EntryPoint","urlTemplate":"https:\/\/www.sanmarcohotels.com\/es\/?s={search_term_string}"},"query-input":{"@type":"PropertyValueSpecification","valueRequired":true,"valueName":"search_term_string"}}],"inLanguage":"es"},{"@type":"Organization","@id":"https:\/\/www.sanmarcohotels.com\/es\/#organization","name":"San Marco Hotels","url":"https:\/\/www.sanmarcohotels.com\/es\/","logo":{"@type":"ImageObject","inLanguage":"es","@id":"https:\/\/www.sanmarcohotels.com\/es\/#\/schema\/logo\/image\/","url":"https:\/\/sanmarcohotels.ms3.decms.eu\/wp-content\/uploads\/sites\/63\/2026\/03\/san_marco_hotels_logo_c.svg","contentUrl":"https:\/\/sanmarcohotels.ms3.decms.eu\/wp-content\/uploads\/sites\/63\/2026\/03\/san_marco_hotels_logo_c.svg","width":802,"height":824,"caption":"San Marco Hotels"},"image":{"@id":"https:\/\/www.sanmarcohotels.com\/es\/#\/schema\/logo\/image\/"}}]}},"acf":[],"_links":{"self":[{"href":"https:\/\/www.sanmarcohotels.com\/es\/wp-json\/wp\/v2\/pages\/164","targetHints":{"allow":["GET"]}}],"collection":[{"href":"https:\/\/www.sanmarcohotels.com\/es\/wp-json\/wp\/v2\/pages"}],"about":[{"href":"https:\/\/www.sanmarcohotels.com\/es\/wp-json\/wp\/v2\/types\/page"}],"author":[{"embeddable":true,"href":"https:\/\/www.sanmarcohotels.com\/es\/wp-json\/wp\/v2\/users\/6"}],"replies":[{"embeddable":true,"href":"https:\/\/www.sanmarcohotels.com\/es\/wp-json\/wp\/v2\/comments?post=164"}],"version-history":[{"count":0,"href":"https:\/\/www.sanmarcohotels.com\/es\/wp-json\/wp\/v2\/pages\/164\/revisions"}],"up":[{"embeddable":true,"href":"https:\/\/www.sanmarcohotels.com\/es\/wp-json\/wp\/v2\/pages\/59"}],"wp:attachment":[{"href":"https:\/\/www.sanmarcohotels.com\/es\/wp-json\/wp\/v2\/media?parent=164"}],"curies":[{"name":"wp","href":"https:\/\/api.w.org\/{rel}","templated":true}]}}