{"id":55,"date":"2026-03-05T13:49:07","date_gmt":"2026-03-05T13:49:07","guid":{"rendered":"https:\/\/sanmarcohotels.ms3.decms.eu\/?page_id=55"},"modified":"2026-03-20T11:03:39","modified_gmt":"2026-03-20T11:03:39","slug":"san-marco-hotels","status":"publish","type":"page","link":"https:\/\/www.sanmarcohotels.com\/es\/","title":{"rendered":"San Marco Hotels"},"content":{"rendered":"<p>San Marco Hotels\u00ae da la bienvenida a sus hu\u00e9spedes en el coraz\u00f3n aut\u00e9ntico de Venecia con una colecci\u00f3n de hoteles, residencias y suites situados entre la Piazza San Marco y el Puente de Rialto.<\/p>\n<p>Hoteles de 3 y 4 estrellas, residencias con encanto, apartamentos independientes y alojamientos exclusivos: soluciones diferentes unidas por una misma visi\u00f3n de hospitalidad, basada en una ubicaci\u00f3n estrat\u00e9gica, atenci\u00f3n al detalle y un servicio cuidadoso.<\/p>\n<p>Alojarse con San Marco Hotels\u00ae significa vivir Venecia desde su centro m\u00e1s emblem\u00e1tico, con la libertad de elegir la experiencia que mejor se adapte a su estilo de viaje.<\/p>\n<p>La oferta se completa con el Ristorante San Marco, elegante direcci\u00f3n gastron\u00f3mica a pocos pasos de la Plaza; el Ristorante dei Dogi, espacio dedicado a eventos y reuniones; y dos caf\u00e9s hist\u00f3ricos en la Piazza San Marco: Caff\u00e8 Eden y Bar Americano.<\/p>\n","protected":false},"excerpt":{"rendered":"<p>San Marco Hotels\u00ae da la bienvenida a sus hu\u00e9spedes en el coraz\u00f3n aut\u00e9ntico de Venecia con una colecci\u00f3n de hoteles, residencias y suites situados entre la Piazza San Marco y el Puente de Rialto. Hoteles de 3 y 4 estrellas, residencias con encanto, apartamentos independientes y alojamientos exclusivos: soluciones diferentes unidas por una misma visi\u00f3n [&hellip;]<\/p>\n","protected":false},"author":6,"featured_media":0,"parent":0,"menu_order":10,"comment_status":"closed","ping_status":"closed","template":"","meta":{"footnotes":""},"class_list":["post-55","page","type-page","status-publish","hentry"],"yoast_head":"<!-- This site is optimized with the Yoast SEO plugin v26.9 - https:\/\/yoast.com\/product\/yoast-seo-wordpress\/ -->\n<title>San Marco Hotels - San Marco Hotels -<\/title>\n<meta name=\"description\" content=\"San Marco Hotels\u00ae da la bienvenida a sus hu\u00e9spedes en el coraz\u00f3n aut\u00e9ntico de Venecia con una colecci\u00f3n de hoteles, residencias y suites situados entre la Piazza San Marco y el Puente de Rialto.  Hoteles de 3 y 4 estrellas, residencias con encanto, apartamentos independientes y alojamientos exclusivos: soluciones diferentes unidas por una misma visi\u00f3n de hospitalidad, basada en una ubicaci\u00f3n estrat\u00e9gica, atenci\u00f3n al detalle y un servicio cuidadoso.  Alojarse con San Marco Hotels\u00ae significa vivir Venecia desde su centro m\u00e1s emblem\u00e1tico, con la libertad de elegir la experiencia que mejor se adapte a su estilo de viaje.  La oferta se completa con el Ristorante San Marco, elegante direcci\u00f3n gastron\u00f3mica a pocos pasos de la Plaza; el Ristorante dei Dogi, espacio dedicado a eventos y reuniones; y dos caf\u00e9s hist\u00f3ricos en la Piazza San Marco: Caff\u00e8 Eden y Bar Americano..\" \/>\n<meta name=\"robots\" content=\"index, follow, max-snippet:-1, max-image-preview:large, max-video-preview:-1\" \/>\n<link rel=\"canonical\" href=\"https:\/\/www.sanmarcohotels.com\/es\/\" \/>\n<meta property=\"og:locale\" content=\"es_ES\" \/>\n<meta property=\"og:type\" content=\"article\" \/>\n<meta property=\"og:title\" content=\"San Marco Hotels - San Marco Hotels -\" \/>\n<meta property=\"og:description\" content=\"San Marco Hotels\u00ae da la bienvenida a sus hu\u00e9spedes en el coraz\u00f3n aut\u00e9ntico de Venecia con una colecci\u00f3n de hoteles, residencias y suites situados entre la Piazza San Marco y el Puente de Rialto.  Hoteles de 3 y 4 estrellas, residencias con encanto, apartamentos independientes y alojamientos exclusivos: soluciones diferentes unidas por una misma visi\u00f3n de hospitalidad, basada en una ubicaci\u00f3n estrat\u00e9gica, atenci\u00f3n al detalle y un servicio cuidadoso.  Alojarse con San Marco Hotels\u00ae significa vivir Venecia desde su centro m\u00e1s emblem\u00e1tico, con la libertad de elegir la experiencia que mejor se adapte a su estilo de viaje.  La oferta se completa con el Ristorante San Marco, elegante direcci\u00f3n gastron\u00f3mica a pocos pasos de la Plaza; el Ristorante dei Dogi, espacio dedicado a eventos y reuniones; y dos caf\u00e9s hist\u00f3ricos en la Piazza San Marco: Caff\u00e8 Eden y Bar Americano..\" \/>\n<meta property=\"og:url\" content=\"https:\/\/www.sanmarcohotels.com\/es\/\" \/>\n<meta property=\"og:site_name\" content=\"San Marco Hotels\" \/>\n<meta property=\"article:modified_time\" content=\"2026-03-20T11:03:39+00:00\" \/>\n<meta name=\"twitter:card\" content=\"summary_large_image\" \/>\n<meta name=\"twitter:label1\" content=\"Est. reading time\" \/>\n\t<meta name=\"twitter:data1\" content=\"1 minuto\" \/>\n<script type=\"application\/ld+json\" class=\"yoast-schema-graph\">{\"@context\":\"https:\/\/schema.org\",\"@graph\":[{\"@type\":\"WebPage\",\"@id\":\"https:\/\/www.sanmarcohotels.com\/es\/\",\"url\":\"https:\/\/www.sanmarcohotels.com\/es\/\",\"name\":\"San Marco Hotels - San Marco Hotels -\",\"isPartOf\":{\"@id\":\"https:\/\/www.sanmarcohotels.com\/es\/#website\"},\"datePublished\":\"2026-03-05T13:49:07+00:00\",\"dateModified\":\"2026-03-20T11:03:39+00:00\",\"description\":\"San Marco Hotels\u00ae da la bienvenida a sus hu\u00e9spedes en el coraz\u00f3n aut\u00e9ntico de Venecia con una colecci\u00f3n de hoteles, residencias y suites situados entre la Piazza San Marco y el Puente de Rialto. Hoteles de 3 y 4 estrellas, residencias con encanto, apartamentos independientes y alojamientos exclusivos: soluciones diferentes unidas por una misma visi\u00f3n de hospitalidad, basada en una ubicaci\u00f3n estrat\u00e9gica, atenci\u00f3n al detalle y un servicio cuidadoso. Alojarse con San Marco Hotels\u00ae significa vivir Venecia desde su centro m\u00e1s emblem\u00e1tico, con la libertad de elegir la experiencia que mejor se adapte a su estilo de viaje. La oferta se completa con el Ristorante San Marco, elegante direcci\u00f3n gastron\u00f3mica a pocos pasos de la Plaza; el Ristorante dei Dogi, espacio dedicado a eventos y reuniones; y dos caf\u00e9s hist\u00f3ricos en la Piazza San Marco: Caff\u00e8 Eden y Bar Americano..\",\"breadcrumb\":{\"@id\":\"https:\/\/www.sanmarcohotels.com\/es\/#breadcrumb\"},\"inLanguage\":\"es\",\"potentialAction\":[{\"@type\":\"ReadAction\",\"target\":[\"https:\/\/www.sanmarcohotels.com\/es\/\"]}]},{\"@type\":\"BreadcrumbList\",\"@id\":\"https:\/\/www.sanmarcohotels.com\/es\/#breadcrumb\",\"itemListElement\":[{\"@type\":\"ListItem\",\"position\":1,\"name\":\"Home\",\"item\":\"https:\/\/www.sanmarcohotels.com\/es\/\"},{\"@type\":\"ListItem\",\"position\":2,\"name\":\"San Marco Hotels\"}]},{\"@type\":\"WebSite\",\"@id\":\"https:\/\/www.sanmarcohotels.com\/es\/#website\",\"url\":\"https:\/\/www.sanmarcohotels.com\/es\/\",\"name\":\"San Marco Hotels\",\"description\":\"\",\"publisher\":{\"@id\":\"https:\/\/www.sanmarcohotels.com\/es\/#organization\"},\"potentialAction\":[{\"@type\":\"SearchAction\",\"target\":{\"@type\":\"EntryPoint\",\"urlTemplate\":\"https:\/\/www.sanmarcohotels.com\/es\/?s={search_term_string}\"},\"query-input\":{\"@type\":\"PropertyValueSpecification\",\"valueRequired\":true,\"valueName\":\"search_term_string\"}}],\"inLanguage\":\"es\"},{\"@type\":\"Organization\",\"@id\":\"https:\/\/www.sanmarcohotels.com\/es\/#organization\",\"name\":\"San Marco Hotels\",\"url\":\"https:\/\/www.sanmarcohotels.com\/es\/\",\"logo\":{\"@type\":\"ImageObject\",\"inLanguage\":\"es\",\"@id\":\"https:\/\/www.sanmarcohotels.com\/es\/#\/schema\/logo\/image\/\",\"url\":\"https:\/\/sanmarcohotels.ms3.decms.eu\/wp-content\/uploads\/sites\/63\/2026\/03\/san_marco_hotels_logo_c.svg\",\"contentUrl\":\"https:\/\/sanmarcohotels.ms3.decms.eu\/wp-content\/uploads\/sites\/63\/2026\/03\/san_marco_hotels_logo_c.svg\",\"width\":802,\"height\":824,\"caption\":\"San Marco Hotels\"},\"image\":{\"@id\":\"https:\/\/www.sanmarcohotels.com\/es\/#\/schema\/logo\/image\/\"}}]}<\/script>\n<!-- \/ Yoast SEO plugin. -->","yoast_head_json":{"title":"San Marco Hotels - San Marco Hotels -","description":"San Marco Hotels\u00ae da la bienvenida a sus hu\u00e9spedes en el coraz\u00f3n aut\u00e9ntico de Venecia con una colecci\u00f3n de hoteles, residencias y suites situados entre la Piazza San Marco y el Puente de Rialto.  Hoteles de 3 y 4 estrellas, residencias con encanto, apartamentos independientes y alojamientos exclusivos: soluciones diferentes unidas por una misma visi\u00f3n de hospitalidad, basada en una ubicaci\u00f3n estrat\u00e9gica, atenci\u00f3n al detalle y un servicio cuidadoso.  Alojarse con San Marco Hotels\u00ae significa vivir Venecia desde su centro m\u00e1s emblem\u00e1tico, con la libertad de elegir la experiencia que mejor se adapte a su estilo de viaje.  La oferta se completa con el Ristorante San Marco, elegante direcci\u00f3n gastron\u00f3mica a pocos pasos de la Plaza; el Ristorante dei Dogi, espacio dedicado a eventos y reuniones; y dos caf\u00e9s hist\u00f3ricos en la Piazza San Marco: Caff\u00e8 Eden y Bar Americano..","robots":{"index":"index","follow":"follow","max-snippet":"max-snippet:-1","max-image-preview":"max-image-preview:large","max-video-preview":"max-video-preview:-1"},"canonical":"https:\/\/www.sanmarcohotels.com\/es\/","og_locale":"es_ES","og_type":"article","og_title":"San Marco Hotels - San Marco Hotels -","og_description":"San Marco Hotels\u00ae da la bienvenida a sus hu\u00e9spedes en el coraz\u00f3n aut\u00e9ntico de Venecia con una colecci\u00f3n de hoteles, residencias y suites situados entre la Piazza San Marco y el Puente de Rialto.  Hoteles de 3 y 4 estrellas, residencias con encanto, apartamentos independientes y alojamientos exclusivos: soluciones diferentes unidas por una misma visi\u00f3n de hospitalidad, basada en una ubicaci\u00f3n estrat\u00e9gica, atenci\u00f3n al detalle y un servicio cuidadoso.  Alojarse con San Marco Hotels\u00ae significa vivir Venecia desde su centro m\u00e1s emblem\u00e1tico, con la libertad de elegir la experiencia que mejor se adapte a su estilo de viaje.  La oferta se completa con el Ristorante San Marco, elegante direcci\u00f3n gastron\u00f3mica a pocos pasos de la Plaza; el Ristorante dei Dogi, espacio dedicado a eventos y reuniones; y dos caf\u00e9s hist\u00f3ricos en la Piazza San Marco: Caff\u00e8 Eden y Bar Americano..","og_url":"https:\/\/www.sanmarcohotels.com\/es\/","og_site_name":"San Marco Hotels","article_modified_time":"2026-03-20T11:03:39+00:00","twitter_card":"summary_large_image","twitter_misc":{"Est. reading time":"1 minuto"},"schema":{"@context":"https:\/\/schema.org","@graph":[{"@type":"WebPage","@id":"https:\/\/www.sanmarcohotels.com\/es\/","url":"https:\/\/www.sanmarcohotels.com\/es\/","name":"San Marco Hotels - San Marco Hotels -","isPartOf":{"@id":"https:\/\/www.sanmarcohotels.com\/es\/#website"},"datePublished":"2026-03-05T13:49:07+00:00","dateModified":"2026-03-20T11:03:39+00:00","description":"San Marco Hotels\u00ae da la bienvenida a sus hu\u00e9spedes en el coraz\u00f3n aut\u00e9ntico de Venecia con una colecci\u00f3n de hoteles, residencias y suites situados entre la Piazza San Marco y el Puente de Rialto. Hoteles de 3 y 4 estrellas, residencias con encanto, apartamentos independientes y alojamientos exclusivos: soluciones diferentes unidas por una misma visi\u00f3n de hospitalidad, basada en una ubicaci\u00f3n estrat\u00e9gica, atenci\u00f3n al detalle y un servicio cuidadoso. Alojarse con San Marco Hotels\u00ae significa vivir Venecia desde su centro m\u00e1s emblem\u00e1tico, con la libertad de elegir la experiencia que mejor se adapte a su estilo de viaje. La oferta se completa con el Ristorante San Marco, elegante direcci\u00f3n gastron\u00f3mica a pocos pasos de la Plaza; el Ristorante dei Dogi, espacio dedicado a eventos y reuniones; y dos caf\u00e9s hist\u00f3ricos en la Piazza San Marco: Caff\u00e8 Eden y Bar Americano..","breadcrumb":{"@id":"https:\/\/www.sanmarcohotels.com\/es\/#breadcrumb"},"inLanguage":"es","potentialAction":[{"@type":"ReadAction","target":["https:\/\/www.sanmarcohotels.com\/es\/"]}]},{"@type":"BreadcrumbList","@id":"https:\/\/www.sanmarcohotels.com\/es\/#breadcrumb","itemListElement":[{"@type":"ListItem","position":1,"name":"Home","item":"https:\/\/www.sanmarcohotels.com\/es\/"},{"@type":"ListItem","position":2,"name":"San Marco Hotels"}]},{"@type":"WebSite","@id":"https:\/\/www.sanmarcohotels.com\/es\/#website","url":"https:\/\/www.sanmarcohotels.com\/es\/","name":"San Marco Hotels","description":"","publisher":{"@id":"https:\/\/www.sanmarcohotels.com\/es\/#organization"},"potentialAction":[{"@type":"SearchAction","target":{"@type":"EntryPoint","urlTemplate":"https:\/\/www.sanmarcohotels.com\/es\/?s={search_term_string}"},"query-input":{"@type":"PropertyValueSpecification","valueRequired":true,"valueName":"search_term_string"}}],"inLanguage":"es"},{"@type":"Organization","@id":"https:\/\/www.sanmarcohotels.com\/es\/#organization","name":"San Marco Hotels","url":"https:\/\/www.sanmarcohotels.com\/es\/","logo":{"@type":"ImageObject","inLanguage":"es","@id":"https:\/\/www.sanmarcohotels.com\/es\/#\/schema\/logo\/image\/","url":"https:\/\/sanmarcohotels.ms3.decms.eu\/wp-content\/uploads\/sites\/63\/2026\/03\/san_marco_hotels_logo_c.svg","contentUrl":"https:\/\/sanmarcohotels.ms3.decms.eu\/wp-content\/uploads\/sites\/63\/2026\/03\/san_marco_hotels_logo_c.svg","width":802,"height":824,"caption":"San Marco Hotels"},"image":{"@id":"https:\/\/www.sanmarcohotels.com\/es\/#\/schema\/logo\/image\/"}}]}},"acf":[],"_links":{"self":[{"href":"https:\/\/www.sanmarcohotels.com\/es\/wp-json\/wp\/v2\/pages\/55","targetHints":{"allow":["GET"]}}],"collection":[{"href":"https:\/\/www.sanmarcohotels.com\/es\/wp-json\/wp\/v2\/pages"}],"about":[{"href":"https:\/\/www.sanmarcohotels.com\/es\/wp-json\/wp\/v2\/types\/page"}],"author":[{"embeddable":true,"href":"https:\/\/www.sanmarcohotels.com\/es\/wp-json\/wp\/v2\/users\/6"}],"replies":[{"embeddable":true,"href":"https:\/\/www.sanmarcohotels.com\/es\/wp-json\/wp\/v2\/comments?post=55"}],"version-history":[{"count":0,"href":"https:\/\/www.sanmarcohotels.com\/es\/wp-json\/wp\/v2\/pages\/55\/revisions"}],"wp:attachment":[{"href":"https:\/\/www.sanmarcohotels.com\/es\/wp-json\/wp\/v2\/media?parent=55"}],"curies":[{"name":"wp","href":"https:\/\/api.w.org\/{rel}","templated":true}]}}