{"id":85,"date":"2026-03-05T15:47:16","date_gmt":"2026-03-05T15:47:16","guid":{"rendered":"https:\/\/sanmarcohotels.ms3.decms.eu\/?page_id=85"},"modified":"2026-03-19T15:22:36","modified_gmt":"2026-03-19T15:22:36","slug":"cafe-eden","status":"publish","type":"page","link":"https:\/\/www.sanmarcohotels.com\/es\/restaurantes-bar\/cafe-eden\/","title":{"rendered":"Caf\u00e9 Eden"},"content":{"rendered":"<p>Situado en el n\u00famero 118, el Caff\u00e8 Eden no es solo un bar, sino un escenario privilegiado sobre la \u00abplaza m\u00e1s bella del mundo\u00bb. Admirar la Bas\u00edlica y el Campanario mientras se saborea un caf\u00e9 o una copa de vino es una experiencia sensorial inolvidable. Es la parada ideal para quienes desean sumergirse en la historia de Venecia, disfrutando de un servicio de excelencia en un entorno monumental sin igual.<\/p>\n","protected":false},"excerpt":{"rendered":"<p>Situado en el n\u00famero 118, el Caff\u00e8 Eden no es solo un bar, sino un escenario privilegiado sobre la \u00abplaza m\u00e1s bella del mundo\u00bb. Admirar la Bas\u00edlica y el Campanario mientras se saborea un caf\u00e9 o una copa de vino es una experiencia sensorial inolvidable. Es la parada ideal para quienes desean sumergirse en la [&hellip;]<\/p>\n","protected":false},"author":6,"featured_media":0,"parent":65,"menu_order":30,"comment_status":"closed","ping_status":"closed","template":"template-single-restaurant.php","meta":{"footnotes":""},"class_list":["post-85","page","type-page","status-publish","hentry"],"yoast_head":"<!-- This site is optimized with the Yoast SEO plugin v26.9 - https:\/\/yoast.com\/product\/yoast-seo-wordpress\/ -->\n<title>Caf\u00e9 Eden - San Marco Hotels -<\/title>\n<meta name=\"description\" content=\"Situado en el n\u00famero 118, el Caff\u00e8 Eden no es solo un bar, sino un escenario privilegiado sobre la &quot;plaza m\u00e1s bella del mundo&quot;. Admirar la Bas\u00edlica y el Campanario mientras se saborea un caf\u00e9 o una copa de vino es una experiencia sensorial inolvidable\" \/>\n<meta name=\"robots\" content=\"index, follow, max-snippet:-1, max-image-preview:large, max-video-preview:-1\" \/>\n<link rel=\"canonical\" href=\"https:\/\/www.sanmarcohotels.com\/es\/restaurantes-bar\/cafe-eden\/\" \/>\n<meta property=\"og:locale\" content=\"es_ES\" \/>\n<meta property=\"og:type\" content=\"article\" \/>\n<meta property=\"og:title\" content=\"Caf\u00e9 Eden - San Marco Hotels -\" \/>\n<meta property=\"og:description\" content=\"Situado en el n\u00famero 118, el Caff\u00e8 Eden no es solo un bar, sino un escenario privilegiado sobre la &quot;plaza m\u00e1s bella del mundo&quot;. Admirar la Bas\u00edlica y el Campanario mientras se saborea un caf\u00e9 o una copa de vino es una experiencia sensorial inolvidable\" \/>\n<meta property=\"og:url\" content=\"https:\/\/www.sanmarcohotels.com\/es\/restaurantes-bar\/cafe-eden\/\" \/>\n<meta property=\"og:site_name\" content=\"San Marco Hotels\" \/>\n<meta property=\"article:modified_time\" content=\"2026-03-19T15:22:36+00:00\" \/>\n<meta name=\"twitter:card\" content=\"summary_large_image\" \/>\n<meta name=\"twitter:label1\" content=\"Est. reading time\" \/>\n\t<meta name=\"twitter:data1\" content=\"1 minuto\" \/>\n<script type=\"application\/ld+json\" class=\"yoast-schema-graph\">{\"@context\":\"https:\/\/schema.org\",\"@graph\":[{\"@type\":\"WebPage\",\"@id\":\"https:\/\/www.sanmarcohotels.com\/es\/restaurantes-bar\/cafe-eden\/\",\"url\":\"https:\/\/www.sanmarcohotels.com\/es\/restaurantes-bar\/cafe-eden\/\",\"name\":\"Caf\u00e9 Eden - San Marco Hotels -\",\"isPartOf\":{\"@id\":\"https:\/\/www.sanmarcohotels.com\/es\/#website\"},\"datePublished\":\"2026-03-05T15:47:16+00:00\",\"dateModified\":\"2026-03-19T15:22:36+00:00\",\"description\":\"Situado en el n\u00famero 118, el Caff\u00e8 Eden no es solo un bar, sino un escenario privilegiado sobre la \\\"plaza m\u00e1s bella del mundo\\\". Admirar la Bas\u00edlica y el Campanario mientras se saborea un caf\u00e9 o una copa de vino es una experiencia sensorial inolvidable\",\"breadcrumb\":{\"@id\":\"https:\/\/www.sanmarcohotels.com\/es\/restaurantes-bar\/cafe-eden\/#breadcrumb\"},\"inLanguage\":\"es\",\"potentialAction\":[{\"@type\":\"ReadAction\",\"target\":[\"https:\/\/www.sanmarcohotels.com\/es\/restaurantes-bar\/cafe-eden\/\"]}]},{\"@type\":\"BreadcrumbList\",\"@id\":\"https:\/\/www.sanmarcohotels.com\/es\/restaurantes-bar\/cafe-eden\/#breadcrumb\",\"itemListElement\":[{\"@type\":\"ListItem\",\"position\":1,\"name\":\"Home\",\"item\":\"https:\/\/www.sanmarcohotels.com\/es\/\"},{\"@type\":\"ListItem\",\"position\":2,\"name\":\"Restaurantes &#038; Bar\",\"item\":\"https:\/\/www.sanmarcohotels.com\/es\/restaurants-bar\/\"},{\"@type\":\"ListItem\",\"position\":3,\"name\":\"Caf\u00e9 Eden\"}]},{\"@type\":\"WebSite\",\"@id\":\"https:\/\/www.sanmarcohotels.com\/es\/#website\",\"url\":\"https:\/\/www.sanmarcohotels.com\/es\/\",\"name\":\"San Marco Hotels\",\"description\":\"\",\"publisher\":{\"@id\":\"https:\/\/www.sanmarcohotels.com\/es\/#organization\"},\"potentialAction\":[{\"@type\":\"SearchAction\",\"target\":{\"@type\":\"EntryPoint\",\"urlTemplate\":\"https:\/\/www.sanmarcohotels.com\/es\/?s={search_term_string}\"},\"query-input\":{\"@type\":\"PropertyValueSpecification\",\"valueRequired\":true,\"valueName\":\"search_term_string\"}}],\"inLanguage\":\"es\"},{\"@type\":\"Organization\",\"@id\":\"https:\/\/www.sanmarcohotels.com\/es\/#organization\",\"name\":\"San Marco Hotels\",\"url\":\"https:\/\/www.sanmarcohotels.com\/es\/\",\"logo\":{\"@type\":\"ImageObject\",\"inLanguage\":\"es\",\"@id\":\"https:\/\/www.sanmarcohotels.com\/es\/#\/schema\/logo\/image\/\",\"url\":\"https:\/\/sanmarcohotels.ms3.decms.eu\/wp-content\/uploads\/sites\/63\/2026\/03\/san_marco_hotels_logo_c.svg\",\"contentUrl\":\"https:\/\/sanmarcohotels.ms3.decms.eu\/wp-content\/uploads\/sites\/63\/2026\/03\/san_marco_hotels_logo_c.svg\",\"width\":802,\"height\":824,\"caption\":\"San Marco Hotels\"},\"image\":{\"@id\":\"https:\/\/www.sanmarcohotels.com\/es\/#\/schema\/logo\/image\/\"}}]}<\/script>\n<!-- \/ Yoast SEO plugin. -->","yoast_head_json":{"title":"Caf\u00e9 Eden - San Marco Hotels -","description":"Situado en el n\u00famero 118, el Caff\u00e8 Eden no es solo un bar, sino un escenario privilegiado sobre la \"plaza m\u00e1s bella del mundo\". Admirar la Bas\u00edlica y el Campanario mientras se saborea un caf\u00e9 o una copa de vino es una experiencia sensorial inolvidable","robots":{"index":"index","follow":"follow","max-snippet":"max-snippet:-1","max-image-preview":"max-image-preview:large","max-video-preview":"max-video-preview:-1"},"canonical":"https:\/\/www.sanmarcohotels.com\/es\/restaurantes-bar\/cafe-eden\/","og_locale":"es_ES","og_type":"article","og_title":"Caf\u00e9 Eden - San Marco Hotels -","og_description":"Situado en el n\u00famero 118, el Caff\u00e8 Eden no es solo un bar, sino un escenario privilegiado sobre la \"plaza m\u00e1s bella del mundo\". Admirar la Bas\u00edlica y el Campanario mientras se saborea un caf\u00e9 o una copa de vino es una experiencia sensorial inolvidable","og_url":"https:\/\/www.sanmarcohotels.com\/es\/restaurantes-bar\/cafe-eden\/","og_site_name":"San Marco Hotels","article_modified_time":"2026-03-19T15:22:36+00:00","twitter_card":"summary_large_image","twitter_misc":{"Est. reading time":"1 minuto"},"schema":{"@context":"https:\/\/schema.org","@graph":[{"@type":"WebPage","@id":"https:\/\/www.sanmarcohotels.com\/es\/restaurantes-bar\/cafe-eden\/","url":"https:\/\/www.sanmarcohotels.com\/es\/restaurantes-bar\/cafe-eden\/","name":"Caf\u00e9 Eden - San Marco Hotels -","isPartOf":{"@id":"https:\/\/www.sanmarcohotels.com\/es\/#website"},"datePublished":"2026-03-05T15:47:16+00:00","dateModified":"2026-03-19T15:22:36+00:00","description":"Situado en el n\u00famero 118, el Caff\u00e8 Eden no es solo un bar, sino un escenario privilegiado sobre la \"plaza m\u00e1s bella del mundo\". Admirar la Bas\u00edlica y el Campanario mientras se saborea un caf\u00e9 o una copa de vino es una experiencia sensorial inolvidable","breadcrumb":{"@id":"https:\/\/www.sanmarcohotels.com\/es\/restaurantes-bar\/cafe-eden\/#breadcrumb"},"inLanguage":"es","potentialAction":[{"@type":"ReadAction","target":["https:\/\/www.sanmarcohotels.com\/es\/restaurantes-bar\/cafe-eden\/"]}]},{"@type":"BreadcrumbList","@id":"https:\/\/www.sanmarcohotels.com\/es\/restaurantes-bar\/cafe-eden\/#breadcrumb","itemListElement":[{"@type":"ListItem","position":1,"name":"Home","item":"https:\/\/www.sanmarcohotels.com\/es\/"},{"@type":"ListItem","position":2,"name":"Restaurantes &#038; Bar","item":"https:\/\/www.sanmarcohotels.com\/es\/restaurants-bar\/"},{"@type":"ListItem","position":3,"name":"Caf\u00e9 Eden"}]},{"@type":"WebSite","@id":"https:\/\/www.sanmarcohotels.com\/es\/#website","url":"https:\/\/www.sanmarcohotels.com\/es\/","name":"San Marco Hotels","description":"","publisher":{"@id":"https:\/\/www.sanmarcohotels.com\/es\/#organization"},"potentialAction":[{"@type":"SearchAction","target":{"@type":"EntryPoint","urlTemplate":"https:\/\/www.sanmarcohotels.com\/es\/?s={search_term_string}"},"query-input":{"@type":"PropertyValueSpecification","valueRequired":true,"valueName":"search_term_string"}}],"inLanguage":"es"},{"@type":"Organization","@id":"https:\/\/www.sanmarcohotels.com\/es\/#organization","name":"San Marco Hotels","url":"https:\/\/www.sanmarcohotels.com\/es\/","logo":{"@type":"ImageObject","inLanguage":"es","@id":"https:\/\/www.sanmarcohotels.com\/es\/#\/schema\/logo\/image\/","url":"https:\/\/sanmarcohotels.ms3.decms.eu\/wp-content\/uploads\/sites\/63\/2026\/03\/san_marco_hotels_logo_c.svg","contentUrl":"https:\/\/sanmarcohotels.ms3.decms.eu\/wp-content\/uploads\/sites\/63\/2026\/03\/san_marco_hotels_logo_c.svg","width":802,"height":824,"caption":"San Marco Hotels"},"image":{"@id":"https:\/\/www.sanmarcohotels.com\/es\/#\/schema\/logo\/image\/"}}]}},"acf":[],"_links":{"self":[{"href":"https:\/\/www.sanmarcohotels.com\/es\/wp-json\/wp\/v2\/pages\/85","targetHints":{"allow":["GET"]}}],"collection":[{"href":"https:\/\/www.sanmarcohotels.com\/es\/wp-json\/wp\/v2\/pages"}],"about":[{"href":"https:\/\/www.sanmarcohotels.com\/es\/wp-json\/wp\/v2\/types\/page"}],"author":[{"embeddable":true,"href":"https:\/\/www.sanmarcohotels.com\/es\/wp-json\/wp\/v2\/users\/6"}],"replies":[{"embeddable":true,"href":"https:\/\/www.sanmarcohotels.com\/es\/wp-json\/wp\/v2\/comments?post=85"}],"version-history":[{"count":0,"href":"https:\/\/www.sanmarcohotels.com\/es\/wp-json\/wp\/v2\/pages\/85\/revisions"}],"up":[{"embeddable":true,"href":"https:\/\/www.sanmarcohotels.com\/es\/wp-json\/wp\/v2\/pages\/65"}],"wp:attachment":[{"href":"https:\/\/www.sanmarcohotels.com\/es\/wp-json\/wp\/v2\/media?parent=85"}],"curies":[{"name":"wp","href":"https:\/\/api.w.org\/{rel}","templated":true}]}}