{"id":101,"date":"2026-03-05T14:45:05","date_gmt":"2026-03-05T14:45:05","guid":{"rendered":"https:\/\/sanmarcohotels.ms3.decms.eu\/?page_id=101"},"modified":"2026-03-19T14:38:57","modified_gmt":"2026-03-19T14:38:57","slug":"hotel-cavalletto-e-doge-orseolo","status":"publish","type":"page","link":"https:\/\/www.sanmarcohotels.com\/fr\/nos-proprietes\/hotel-cavalletto-e-doge-orseolo\/","title":{"rendered":"H\u00f4tel Cavalletto e Doge Orseolo"},"content":{"rendered":"<p>L&rsquo;H\u00f4tel Cavalletto &amp; Doge Orseolo est un h\u00f4tel 4 \u00e9toiles \u00e0 Venise donnant sur le suggestif Bacino Orseolo, \u00e0 seulement 50 m\u00e8tres de la Place Saint-Marc. Parmi les h\u00f4tels historiques du centre de Venise, il se distingue par son emplacement exclusif avec acc\u00e8s direct en taxi fluvial et par ses chambres meubl\u00e9es dans le style v\u00e9nitien classique. L&rsquo;exp\u00e9rience est soutenue par un personnel multilingue et des services con\u00e7us pour un s\u00e9jour de niveau sup\u00e9rieur. Id\u00e9al pour ceux qui recherchent un h\u00f4tel 4 \u00e9toiles pr\u00e8s de la Place Saint-Marc avec vue et services complets au c\u0153ur de la ville.<\/p>\n","protected":false},"excerpt":{"rendered":"<p>L&rsquo;H\u00f4tel Cavalletto &amp; Doge Orseolo est un h\u00f4tel 4 \u00e9toiles \u00e0 Venise donnant sur le suggestif Bacino Orseolo, \u00e0 seulement 50 m\u00e8tres de la Place Saint-Marc. Parmi les h\u00f4tels historiques du centre de Venise, il se distingue par son emplacement exclusif avec acc\u00e8s direct en taxi fluvial et par ses chambres meubl\u00e9es dans le style [&hellip;]<\/p>\n","protected":false},"author":6,"featured_media":0,"parent":57,"menu_order":30,"comment_status":"closed","ping_status":"closed","template":"template-single-hotel.php","meta":{"footnotes":""},"class_list":["post-101","page","type-page","status-publish","hentry"],"yoast_head":"<!-- This site is optimized with the Yoast SEO plugin v26.9 - https:\/\/yoast.com\/product\/yoast-seo-wordpress\/ -->\n<title>H\u00f4tel Cavalletto e Doge Orseolo - San Marco Hotels -<\/title>\n<meta name=\"description\" content=\"L&#039;H\u00f4tel Cavalletto &amp; Doge Orseolo est un h\u00f4tel 4 \u00e9toiles \u00e0 Venise donnant sur le suggestif Bacino Orseolo, \u00e0 seulement 50 m\u00e8tres de la Place Saint-Marc. Parmi les h\u00f4tels historiques du centre de Venise, il se distingue par son emplacement exclusif avec acc\u00e8s direct en taxi fluvial et par ses chambres meubl\u00e9es dans le style v\u00e9nitien classique\" \/>\n<meta name=\"robots\" content=\"index, follow, max-snippet:-1, max-image-preview:large, max-video-preview:-1\" \/>\n<link rel=\"canonical\" href=\"https:\/\/www.sanmarcohotels.com\/fr\/nos-proprietes\/hotel-cavalletto-e-doge-orseolo\/\" \/>\n<meta property=\"og:locale\" content=\"fr_FR\" \/>\n<meta property=\"og:type\" content=\"article\" \/>\n<meta property=\"og:title\" content=\"H\u00f4tel Cavalletto e Doge Orseolo - San Marco Hotels -\" \/>\n<meta property=\"og:description\" content=\"L&#039;H\u00f4tel Cavalletto &amp; Doge Orseolo est un h\u00f4tel 4 \u00e9toiles \u00e0 Venise donnant sur le suggestif Bacino Orseolo, \u00e0 seulement 50 m\u00e8tres de la Place Saint-Marc. Parmi les h\u00f4tels historiques du centre de Venise, il se distingue par son emplacement exclusif avec acc\u00e8s direct en taxi fluvial et par ses chambres meubl\u00e9es dans le style v\u00e9nitien classique\" \/>\n<meta property=\"og:url\" content=\"https:\/\/www.sanmarcohotels.com\/fr\/nos-proprietes\/hotel-cavalletto-e-doge-orseolo\/\" \/>\n<meta property=\"og:site_name\" content=\"San Marco Hotels\" \/>\n<meta property=\"article:modified_time\" content=\"2026-03-19T14:38:57+00:00\" \/>\n<meta name=\"twitter:card\" content=\"summary_large_image\" \/>\n<meta name=\"twitter:label1\" content=\"Est. reading time\" \/>\n\t<meta name=\"twitter:data1\" content=\"1 minute\" \/>\n<script type=\"application\/ld+json\" class=\"yoast-schema-graph\">{\"@context\":\"https:\/\/schema.org\",\"@graph\":[{\"@type\":\"WebPage\",\"@id\":\"https:\/\/www.sanmarcohotels.com\/fr\/nos-proprietes\/hotel-cavalletto-e-doge-orseolo\/\",\"url\":\"https:\/\/www.sanmarcohotels.com\/fr\/nos-proprietes\/hotel-cavalletto-e-doge-orseolo\/\",\"name\":\"H\u00f4tel Cavalletto e Doge Orseolo - San Marco Hotels -\",\"isPartOf\":{\"@id\":\"https:\/\/www.sanmarcohotels.com\/fr\/#website\"},\"datePublished\":\"2026-03-05T14:45:05+00:00\",\"dateModified\":\"2026-03-19T14:38:57+00:00\",\"description\":\"L'H\u00f4tel Cavalletto &amp; Doge Orseolo est un h\u00f4tel 4 \u00e9toiles \u00e0 Venise donnant sur le suggestif Bacino Orseolo, \u00e0 seulement 50 m\u00e8tres de la Place Saint-Marc. Parmi les h\u00f4tels historiques du centre de Venise, il se distingue par son emplacement exclusif avec acc\u00e8s direct en taxi fluvial et par ses chambres meubl\u00e9es dans le style v\u00e9nitien classique\",\"breadcrumb\":{\"@id\":\"https:\/\/www.sanmarcohotels.com\/fr\/nos-proprietes\/hotel-cavalletto-e-doge-orseolo\/#breadcrumb\"},\"inLanguage\":\"fr-FR\",\"potentialAction\":[{\"@type\":\"ReadAction\",\"target\":[\"https:\/\/www.sanmarcohotels.com\/fr\/nos-proprietes\/hotel-cavalletto-e-doge-orseolo\/\"]}]},{\"@type\":\"BreadcrumbList\",\"@id\":\"https:\/\/www.sanmarcohotels.com\/fr\/nos-proprietes\/hotel-cavalletto-e-doge-orseolo\/#breadcrumb\",\"itemListElement\":[{\"@type\":\"ListItem\",\"position\":1,\"name\":\"Home\",\"item\":\"https:\/\/www.sanmarcohotels.com\/fr\/\"},{\"@type\":\"ListItem\",\"position\":2,\"name\":\"Nos propri\u00e9t\u00e9s\",\"item\":\"https:\/\/www.sanmarcohotels.com\/fr\/our-properties\/\"},{\"@type\":\"ListItem\",\"position\":3,\"name\":\"H\u00f4tel Cavalletto e Doge Orseolo\"}]},{\"@type\":\"WebSite\",\"@id\":\"https:\/\/www.sanmarcohotels.com\/fr\/#website\",\"url\":\"https:\/\/www.sanmarcohotels.com\/fr\/\",\"name\":\"San Marco Hotels\",\"description\":\"\",\"publisher\":{\"@id\":\"https:\/\/www.sanmarcohotels.com\/fr\/#organization\"},\"potentialAction\":[{\"@type\":\"SearchAction\",\"target\":{\"@type\":\"EntryPoint\",\"urlTemplate\":\"https:\/\/www.sanmarcohotels.com\/fr\/?s={search_term_string}\"},\"query-input\":{\"@type\":\"PropertyValueSpecification\",\"valueRequired\":true,\"valueName\":\"search_term_string\"}}],\"inLanguage\":\"fr-FR\"},{\"@type\":\"Organization\",\"@id\":\"https:\/\/www.sanmarcohotels.com\/fr\/#organization\",\"name\":\"San Marco Hotels\",\"url\":\"https:\/\/www.sanmarcohotels.com\/fr\/\",\"logo\":{\"@type\":\"ImageObject\",\"inLanguage\":\"fr-FR\",\"@id\":\"https:\/\/www.sanmarcohotels.com\/fr\/#\/schema\/logo\/image\/\",\"url\":\"https:\/\/sanmarcohotels.ms3.decms.eu\/wp-content\/uploads\/sites\/63\/2026\/03\/san_marco_hotels_logo_c.svg\",\"contentUrl\":\"https:\/\/sanmarcohotels.ms3.decms.eu\/wp-content\/uploads\/sites\/63\/2026\/03\/san_marco_hotels_logo_c.svg\",\"width\":802,\"height\":824,\"caption\":\"San Marco Hotels\"},\"image\":{\"@id\":\"https:\/\/www.sanmarcohotels.com\/fr\/#\/schema\/logo\/image\/\"}}]}<\/script>\n<!-- \/ Yoast SEO plugin. -->","yoast_head_json":{"title":"H\u00f4tel Cavalletto e Doge Orseolo - San Marco Hotels -","description":"L'H\u00f4tel Cavalletto &amp; Doge Orseolo est un h\u00f4tel 4 \u00e9toiles \u00e0 Venise donnant sur le suggestif Bacino Orseolo, \u00e0 seulement 50 m\u00e8tres de la Place Saint-Marc. Parmi les h\u00f4tels historiques du centre de Venise, il se distingue par son emplacement exclusif avec acc\u00e8s direct en taxi fluvial et par ses chambres meubl\u00e9es dans le style v\u00e9nitien classique","robots":{"index":"index","follow":"follow","max-snippet":"max-snippet:-1","max-image-preview":"max-image-preview:large","max-video-preview":"max-video-preview:-1"},"canonical":"https:\/\/www.sanmarcohotels.com\/fr\/nos-proprietes\/hotel-cavalletto-e-doge-orseolo\/","og_locale":"fr_FR","og_type":"article","og_title":"H\u00f4tel Cavalletto e Doge Orseolo - San Marco Hotels -","og_description":"L'H\u00f4tel Cavalletto &amp; Doge Orseolo est un h\u00f4tel 4 \u00e9toiles \u00e0 Venise donnant sur le suggestif Bacino Orseolo, \u00e0 seulement 50 m\u00e8tres de la Place Saint-Marc. Parmi les h\u00f4tels historiques du centre de Venise, il se distingue par son emplacement exclusif avec acc\u00e8s direct en taxi fluvial et par ses chambres meubl\u00e9es dans le style v\u00e9nitien classique","og_url":"https:\/\/www.sanmarcohotels.com\/fr\/nos-proprietes\/hotel-cavalletto-e-doge-orseolo\/","og_site_name":"San Marco Hotels","article_modified_time":"2026-03-19T14:38:57+00:00","twitter_card":"summary_large_image","twitter_misc":{"Est. reading time":"1 minute"},"schema":{"@context":"https:\/\/schema.org","@graph":[{"@type":"WebPage","@id":"https:\/\/www.sanmarcohotels.com\/fr\/nos-proprietes\/hotel-cavalletto-e-doge-orseolo\/","url":"https:\/\/www.sanmarcohotels.com\/fr\/nos-proprietes\/hotel-cavalletto-e-doge-orseolo\/","name":"H\u00f4tel Cavalletto e Doge Orseolo - San Marco Hotels -","isPartOf":{"@id":"https:\/\/www.sanmarcohotels.com\/fr\/#website"},"datePublished":"2026-03-05T14:45:05+00:00","dateModified":"2026-03-19T14:38:57+00:00","description":"L'H\u00f4tel Cavalletto &amp; Doge Orseolo est un h\u00f4tel 4 \u00e9toiles \u00e0 Venise donnant sur le suggestif Bacino Orseolo, \u00e0 seulement 50 m\u00e8tres de la Place Saint-Marc. Parmi les h\u00f4tels historiques du centre de Venise, il se distingue par son emplacement exclusif avec acc\u00e8s direct en taxi fluvial et par ses chambres meubl\u00e9es dans le style v\u00e9nitien classique","breadcrumb":{"@id":"https:\/\/www.sanmarcohotels.com\/fr\/nos-proprietes\/hotel-cavalletto-e-doge-orseolo\/#breadcrumb"},"inLanguage":"fr-FR","potentialAction":[{"@type":"ReadAction","target":["https:\/\/www.sanmarcohotels.com\/fr\/nos-proprietes\/hotel-cavalletto-e-doge-orseolo\/"]}]},{"@type":"BreadcrumbList","@id":"https:\/\/www.sanmarcohotels.com\/fr\/nos-proprietes\/hotel-cavalletto-e-doge-orseolo\/#breadcrumb","itemListElement":[{"@type":"ListItem","position":1,"name":"Home","item":"https:\/\/www.sanmarcohotels.com\/fr\/"},{"@type":"ListItem","position":2,"name":"Nos propri\u00e9t\u00e9s","item":"https:\/\/www.sanmarcohotels.com\/fr\/our-properties\/"},{"@type":"ListItem","position":3,"name":"H\u00f4tel Cavalletto e Doge Orseolo"}]},{"@type":"WebSite","@id":"https:\/\/www.sanmarcohotels.com\/fr\/#website","url":"https:\/\/www.sanmarcohotels.com\/fr\/","name":"San Marco Hotels","description":"","publisher":{"@id":"https:\/\/www.sanmarcohotels.com\/fr\/#organization"},"potentialAction":[{"@type":"SearchAction","target":{"@type":"EntryPoint","urlTemplate":"https:\/\/www.sanmarcohotels.com\/fr\/?s={search_term_string}"},"query-input":{"@type":"PropertyValueSpecification","valueRequired":true,"valueName":"search_term_string"}}],"inLanguage":"fr-FR"},{"@type":"Organization","@id":"https:\/\/www.sanmarcohotels.com\/fr\/#organization","name":"San Marco Hotels","url":"https:\/\/www.sanmarcohotels.com\/fr\/","logo":{"@type":"ImageObject","inLanguage":"fr-FR","@id":"https:\/\/www.sanmarcohotels.com\/fr\/#\/schema\/logo\/image\/","url":"https:\/\/sanmarcohotels.ms3.decms.eu\/wp-content\/uploads\/sites\/63\/2026\/03\/san_marco_hotels_logo_c.svg","contentUrl":"https:\/\/sanmarcohotels.ms3.decms.eu\/wp-content\/uploads\/sites\/63\/2026\/03\/san_marco_hotels_logo_c.svg","width":802,"height":824,"caption":"San Marco Hotels"},"image":{"@id":"https:\/\/www.sanmarcohotels.com\/fr\/#\/schema\/logo\/image\/"}}]}},"acf":[],"_links":{"self":[{"href":"https:\/\/www.sanmarcohotels.com\/fr\/wp-json\/wp\/v2\/pages\/101","targetHints":{"allow":["GET"]}}],"collection":[{"href":"https:\/\/www.sanmarcohotels.com\/fr\/wp-json\/wp\/v2\/pages"}],"about":[{"href":"https:\/\/www.sanmarcohotels.com\/fr\/wp-json\/wp\/v2\/types\/page"}],"author":[{"embeddable":true,"href":"https:\/\/www.sanmarcohotels.com\/fr\/wp-json\/wp\/v2\/users\/6"}],"replies":[{"embeddable":true,"href":"https:\/\/www.sanmarcohotels.com\/fr\/wp-json\/wp\/v2\/comments?post=101"}],"version-history":[{"count":0,"href":"https:\/\/www.sanmarcohotels.com\/fr\/wp-json\/wp\/v2\/pages\/101\/revisions"}],"up":[{"embeddable":true,"href":"https:\/\/www.sanmarcohotels.com\/fr\/wp-json\/wp\/v2\/pages\/57"}],"wp:attachment":[{"href":"https:\/\/www.sanmarcohotels.com\/fr\/wp-json\/wp\/v2\/media?parent=101"}],"curies":[{"name":"wp","href":"https:\/\/api.w.org\/{rel}","templated":true}]}}