{"id":108,"date":"2026-03-05T14:44:32","date_gmt":"2026-03-05T14:44:32","guid":{"rendered":"https:\/\/sanmarcohotels.ms3.decms.eu\/?page_id=108"},"modified":"2026-03-19T14:20:53","modified_gmt":"2026-03-19T14:20:53","slug":"rialto-hotel-ca-rialto-house","status":"publish","type":"page","link":"https:\/\/www.sanmarcohotels.com\/fr\/nos-proprietes\/rialto-hotel-ca-rialto-house\/","title":{"rendered":"Rialto H\u00f4tel &#038; C\u00e0 Rialto House"},"content":{"rendered":"<p>Au c\u0153ur de Venise, \u00e0 quelques pas du Pont du Rialto, l&rsquo;H\u00f4tel Rialto, la Ca\u2019 Rialto House et les Rialto Studios proposent diff\u00e9rentes solutions de s\u00e9jour dans le centre historique. De l&rsquo;h\u00f4tel avec service complet aux appartements et studios ind\u00e9pendants, chaque structure permet de choisir entre confort h\u00f4telier et autonomie. Les int\u00e9rieurs soign\u00e9s, l&#8217;emplacement sur le Grand Canal et la proximit\u00e9 des principaux points d&rsquo;int\u00e9r\u00eat font de ces solutions le choix id\u00e9al pour vivre Venise de mani\u00e8re flexible. Un choix parfait pour ceux qui cherchent un h\u00f4tel pr\u00e8s du Pont du Rialto ou un appartement dans le centre de Venise.<\/p>\n","protected":false},"excerpt":{"rendered":"<p>Au c\u0153ur de Venise, \u00e0 quelques pas du Pont du Rialto, l&rsquo;H\u00f4tel Rialto, la Ca\u2019 Rialto House et les Rialto Studios proposent diff\u00e9rentes solutions de s\u00e9jour dans le centre historique. De l&rsquo;h\u00f4tel avec service complet aux appartements et studios ind\u00e9pendants, chaque structure permet de choisir entre confort h\u00f4telier et autonomie. Les int\u00e9rieurs soign\u00e9s, l&#8217;emplacement sur [&hellip;]<\/p>\n","protected":false},"author":6,"featured_media":0,"parent":57,"menu_order":10,"comment_status":"closed","ping_status":"closed","template":"template-single-hotel.php","meta":{"footnotes":""},"class_list":["post-108","page","type-page","status-publish","hentry"],"yoast_head":"<!-- This site is optimized with the Yoast SEO plugin v26.9 - https:\/\/yoast.com\/product\/yoast-seo-wordpress\/ -->\n<title>Rialto H\u00f4tel &amp; C\u00e0 Rialto House - San Marco Hotels -<\/title>\n<meta name=\"description\" content=\"Au c\u0153ur de Venise, \u00e0 quelques pas du Pont du Rialto, l&#039;H\u00f4tel Rialto, la Ca\u2019 Rialto House et les Rialto Studios proposent diff\u00e9rentes solutions de s\u00e9jour dans le centre historique. De l&#039;h\u00f4tel avec service complet aux appartements et studios ind\u00e9pendants, chaque structure permet de choisir entre confort h\u00f4telier et autonomie\" \/>\n<meta name=\"robots\" content=\"index, follow, max-snippet:-1, max-image-preview:large, max-video-preview:-1\" \/>\n<link rel=\"canonical\" href=\"https:\/\/www.sanmarcohotels.com\/fr\/nos-proprietes\/rialto-hotel-ca-rialto-house\/\" \/>\n<meta property=\"og:locale\" content=\"fr_FR\" \/>\n<meta property=\"og:type\" content=\"article\" \/>\n<meta property=\"og:title\" content=\"Rialto H\u00f4tel &amp; C\u00e0 Rialto House - San Marco Hotels -\" \/>\n<meta property=\"og:description\" content=\"Au c\u0153ur de Venise, \u00e0 quelques pas du Pont du Rialto, l&#039;H\u00f4tel Rialto, la Ca\u2019 Rialto House et les Rialto Studios proposent diff\u00e9rentes solutions de s\u00e9jour dans le centre historique. De l&#039;h\u00f4tel avec service complet aux appartements et studios ind\u00e9pendants, chaque structure permet de choisir entre confort h\u00f4telier et autonomie\" \/>\n<meta property=\"og:url\" content=\"https:\/\/www.sanmarcohotels.com\/fr\/nos-proprietes\/rialto-hotel-ca-rialto-house\/\" \/>\n<meta property=\"og:site_name\" content=\"San Marco Hotels\" \/>\n<meta property=\"article:modified_time\" content=\"2026-03-19T14:20:53+00:00\" \/>\n<meta name=\"twitter:card\" content=\"summary_large_image\" \/>\n<meta name=\"twitter:label1\" content=\"Est. reading time\" \/>\n\t<meta name=\"twitter:data1\" content=\"1 minute\" \/>\n<script type=\"application\/ld+json\" class=\"yoast-schema-graph\">{\"@context\":\"https:\/\/schema.org\",\"@graph\":[{\"@type\":\"WebPage\",\"@id\":\"https:\/\/www.sanmarcohotels.com\/fr\/nos-proprietes\/rialto-hotel-ca-rialto-house\/\",\"url\":\"https:\/\/www.sanmarcohotels.com\/fr\/nos-proprietes\/rialto-hotel-ca-rialto-house\/\",\"name\":\"Rialto H\u00f4tel & C\u00e0 Rialto House - San Marco Hotels -\",\"isPartOf\":{\"@id\":\"https:\/\/www.sanmarcohotels.com\/fr\/#website\"},\"datePublished\":\"2026-03-05T14:44:32+00:00\",\"dateModified\":\"2026-03-19T14:20:53+00:00\",\"description\":\"Au c\u0153ur de Venise, \u00e0 quelques pas du Pont du Rialto, l'H\u00f4tel Rialto, la Ca\u2019 Rialto House et les Rialto Studios proposent diff\u00e9rentes solutions de s\u00e9jour dans le centre historique. De l'h\u00f4tel avec service complet aux appartements et studios ind\u00e9pendants, chaque structure permet de choisir entre confort h\u00f4telier et autonomie\",\"breadcrumb\":{\"@id\":\"https:\/\/www.sanmarcohotels.com\/fr\/nos-proprietes\/rialto-hotel-ca-rialto-house\/#breadcrumb\"},\"inLanguage\":\"fr-FR\",\"potentialAction\":[{\"@type\":\"ReadAction\",\"target\":[\"https:\/\/www.sanmarcohotels.com\/fr\/nos-proprietes\/rialto-hotel-ca-rialto-house\/\"]}]},{\"@type\":\"BreadcrumbList\",\"@id\":\"https:\/\/www.sanmarcohotels.com\/fr\/nos-proprietes\/rialto-hotel-ca-rialto-house\/#breadcrumb\",\"itemListElement\":[{\"@type\":\"ListItem\",\"position\":1,\"name\":\"Home\",\"item\":\"https:\/\/www.sanmarcohotels.com\/fr\/\"},{\"@type\":\"ListItem\",\"position\":2,\"name\":\"Nos propri\u00e9t\u00e9s\",\"item\":\"https:\/\/www.sanmarcohotels.com\/fr\/our-properties\/\"},{\"@type\":\"ListItem\",\"position\":3,\"name\":\"Rialto H\u00f4tel &#038; C\u00e0 Rialto House\"}]},{\"@type\":\"WebSite\",\"@id\":\"https:\/\/www.sanmarcohotels.com\/fr\/#website\",\"url\":\"https:\/\/www.sanmarcohotels.com\/fr\/\",\"name\":\"San Marco Hotels\",\"description\":\"\",\"publisher\":{\"@id\":\"https:\/\/www.sanmarcohotels.com\/fr\/#organization\"},\"potentialAction\":[{\"@type\":\"SearchAction\",\"target\":{\"@type\":\"EntryPoint\",\"urlTemplate\":\"https:\/\/www.sanmarcohotels.com\/fr\/?s={search_term_string}\"},\"query-input\":{\"@type\":\"PropertyValueSpecification\",\"valueRequired\":true,\"valueName\":\"search_term_string\"}}],\"inLanguage\":\"fr-FR\"},{\"@type\":\"Organization\",\"@id\":\"https:\/\/www.sanmarcohotels.com\/fr\/#organization\",\"name\":\"San Marco Hotels\",\"url\":\"https:\/\/www.sanmarcohotels.com\/fr\/\",\"logo\":{\"@type\":\"ImageObject\",\"inLanguage\":\"fr-FR\",\"@id\":\"https:\/\/www.sanmarcohotels.com\/fr\/#\/schema\/logo\/image\/\",\"url\":\"https:\/\/sanmarcohotels.ms3.decms.eu\/wp-content\/uploads\/sites\/63\/2026\/03\/san_marco_hotels_logo_c.svg\",\"contentUrl\":\"https:\/\/sanmarcohotels.ms3.decms.eu\/wp-content\/uploads\/sites\/63\/2026\/03\/san_marco_hotels_logo_c.svg\",\"width\":802,\"height\":824,\"caption\":\"San Marco Hotels\"},\"image\":{\"@id\":\"https:\/\/www.sanmarcohotels.com\/fr\/#\/schema\/logo\/image\/\"}}]}<\/script>\n<!-- \/ Yoast SEO plugin. -->","yoast_head_json":{"title":"Rialto H\u00f4tel & C\u00e0 Rialto House - San Marco Hotels -","description":"Au c\u0153ur de Venise, \u00e0 quelques pas du Pont du Rialto, l'H\u00f4tel Rialto, la Ca\u2019 Rialto House et les Rialto Studios proposent diff\u00e9rentes solutions de s\u00e9jour dans le centre historique. De l'h\u00f4tel avec service complet aux appartements et studios ind\u00e9pendants, chaque structure permet de choisir entre confort h\u00f4telier et autonomie","robots":{"index":"index","follow":"follow","max-snippet":"max-snippet:-1","max-image-preview":"max-image-preview:large","max-video-preview":"max-video-preview:-1"},"canonical":"https:\/\/www.sanmarcohotels.com\/fr\/nos-proprietes\/rialto-hotel-ca-rialto-house\/","og_locale":"fr_FR","og_type":"article","og_title":"Rialto H\u00f4tel & C\u00e0 Rialto House - San Marco Hotels -","og_description":"Au c\u0153ur de Venise, \u00e0 quelques pas du Pont du Rialto, l'H\u00f4tel Rialto, la Ca\u2019 Rialto House et les Rialto Studios proposent diff\u00e9rentes solutions de s\u00e9jour dans le centre historique. De l'h\u00f4tel avec service complet aux appartements et studios ind\u00e9pendants, chaque structure permet de choisir entre confort h\u00f4telier et autonomie","og_url":"https:\/\/www.sanmarcohotels.com\/fr\/nos-proprietes\/rialto-hotel-ca-rialto-house\/","og_site_name":"San Marco Hotels","article_modified_time":"2026-03-19T14:20:53+00:00","twitter_card":"summary_large_image","twitter_misc":{"Est. reading time":"1 minute"},"schema":{"@context":"https:\/\/schema.org","@graph":[{"@type":"WebPage","@id":"https:\/\/www.sanmarcohotels.com\/fr\/nos-proprietes\/rialto-hotel-ca-rialto-house\/","url":"https:\/\/www.sanmarcohotels.com\/fr\/nos-proprietes\/rialto-hotel-ca-rialto-house\/","name":"Rialto H\u00f4tel & C\u00e0 Rialto House - San Marco Hotels -","isPartOf":{"@id":"https:\/\/www.sanmarcohotels.com\/fr\/#website"},"datePublished":"2026-03-05T14:44:32+00:00","dateModified":"2026-03-19T14:20:53+00:00","description":"Au c\u0153ur de Venise, \u00e0 quelques pas du Pont du Rialto, l'H\u00f4tel Rialto, la Ca\u2019 Rialto House et les Rialto Studios proposent diff\u00e9rentes solutions de s\u00e9jour dans le centre historique. De l'h\u00f4tel avec service complet aux appartements et studios ind\u00e9pendants, chaque structure permet de choisir entre confort h\u00f4telier et autonomie","breadcrumb":{"@id":"https:\/\/www.sanmarcohotels.com\/fr\/nos-proprietes\/rialto-hotel-ca-rialto-house\/#breadcrumb"},"inLanguage":"fr-FR","potentialAction":[{"@type":"ReadAction","target":["https:\/\/www.sanmarcohotels.com\/fr\/nos-proprietes\/rialto-hotel-ca-rialto-house\/"]}]},{"@type":"BreadcrumbList","@id":"https:\/\/www.sanmarcohotels.com\/fr\/nos-proprietes\/rialto-hotel-ca-rialto-house\/#breadcrumb","itemListElement":[{"@type":"ListItem","position":1,"name":"Home","item":"https:\/\/www.sanmarcohotels.com\/fr\/"},{"@type":"ListItem","position":2,"name":"Nos propri\u00e9t\u00e9s","item":"https:\/\/www.sanmarcohotels.com\/fr\/our-properties\/"},{"@type":"ListItem","position":3,"name":"Rialto H\u00f4tel &#038; C\u00e0 Rialto House"}]},{"@type":"WebSite","@id":"https:\/\/www.sanmarcohotels.com\/fr\/#website","url":"https:\/\/www.sanmarcohotels.com\/fr\/","name":"San Marco Hotels","description":"","publisher":{"@id":"https:\/\/www.sanmarcohotels.com\/fr\/#organization"},"potentialAction":[{"@type":"SearchAction","target":{"@type":"EntryPoint","urlTemplate":"https:\/\/www.sanmarcohotels.com\/fr\/?s={search_term_string}"},"query-input":{"@type":"PropertyValueSpecification","valueRequired":true,"valueName":"search_term_string"}}],"inLanguage":"fr-FR"},{"@type":"Organization","@id":"https:\/\/www.sanmarcohotels.com\/fr\/#organization","name":"San Marco Hotels","url":"https:\/\/www.sanmarcohotels.com\/fr\/","logo":{"@type":"ImageObject","inLanguage":"fr-FR","@id":"https:\/\/www.sanmarcohotels.com\/fr\/#\/schema\/logo\/image\/","url":"https:\/\/sanmarcohotels.ms3.decms.eu\/wp-content\/uploads\/sites\/63\/2026\/03\/san_marco_hotels_logo_c.svg","contentUrl":"https:\/\/sanmarcohotels.ms3.decms.eu\/wp-content\/uploads\/sites\/63\/2026\/03\/san_marco_hotels_logo_c.svg","width":802,"height":824,"caption":"San Marco Hotels"},"image":{"@id":"https:\/\/www.sanmarcohotels.com\/fr\/#\/schema\/logo\/image\/"}}]}},"acf":[],"_links":{"self":[{"href":"https:\/\/www.sanmarcohotels.com\/fr\/wp-json\/wp\/v2\/pages\/108","targetHints":{"allow":["GET"]}}],"collection":[{"href":"https:\/\/www.sanmarcohotels.com\/fr\/wp-json\/wp\/v2\/pages"}],"about":[{"href":"https:\/\/www.sanmarcohotels.com\/fr\/wp-json\/wp\/v2\/types\/page"}],"author":[{"embeddable":true,"href":"https:\/\/www.sanmarcohotels.com\/fr\/wp-json\/wp\/v2\/users\/6"}],"replies":[{"embeddable":true,"href":"https:\/\/www.sanmarcohotels.com\/fr\/wp-json\/wp\/v2\/comments?post=108"}],"version-history":[{"count":0,"href":"https:\/\/www.sanmarcohotels.com\/fr\/wp-json\/wp\/v2\/pages\/108\/revisions"}],"up":[{"embeddable":true,"href":"https:\/\/www.sanmarcohotels.com\/fr\/wp-json\/wp\/v2\/pages\/57"}],"wp:attachment":[{"href":"https:\/\/www.sanmarcohotels.com\/fr\/wp-json\/wp\/v2\/media?parent=108"}],"curies":[{"name":"wp","href":"https:\/\/api.w.org\/{rel}","templated":true}]}}