{"id":113,"date":"2026-03-05T14:44:54","date_gmt":"2026-03-05T14:44:54","guid":{"rendered":"https:\/\/sanmarcohotels.ms3.decms.eu\/?page_id=113"},"modified":"2026-03-19T14:25:55","modified_gmt":"2026-03-19T14:25:55","slug":"hotel-royal-san-marco","status":"publish","type":"page","link":"https:\/\/www.sanmarcohotels.com\/fr\/nos-proprietes\/hotel-royal-san-marco\/","title":{"rendered":"H\u00f4tel Royal San Marco"},"content":{"rendered":"<p>Surplombant la Place Saint-Marc, l&rsquo;H\u00f4tel Royal San Marco propose des chambres, des suites et des appartements au c\u0153ur de Venise. Trois solutions diff\u00e9rentes pour un s\u00e9jour exclusif dans le centre historique : de l&rsquo;exp\u00e9rience h\u00f4teli\u00e8re traditionnelle \u00e0 la formule plus ind\u00e9pendante. L&#8217;emplacement privil\u00e9gi\u00e9 permet de vivre Venise en partant de son point le plus embl\u00e9matique. Un h\u00f4tel id\u00e9al pour ceux qui souhaitent dormir sur la Place Saint-Marc avec confort et services de qualit\u00e9.<\/p>\n","protected":false},"excerpt":{"rendered":"<p>Surplombant la Place Saint-Marc, l&rsquo;H\u00f4tel Royal San Marco propose des chambres, des suites et des appartements au c\u0153ur de Venise. Trois solutions diff\u00e9rentes pour un s\u00e9jour exclusif dans le centre historique : de l&rsquo;exp\u00e9rience h\u00f4teli\u00e8re traditionnelle \u00e0 la formule plus ind\u00e9pendante. L&#8217;emplacement privil\u00e9gi\u00e9 permet de vivre Venise en partant de son point le plus embl\u00e9matique. [&hellip;]<\/p>\n","protected":false},"author":6,"featured_media":0,"parent":57,"menu_order":20,"comment_status":"closed","ping_status":"closed","template":"template-single-hotel.php","meta":{"footnotes":""},"class_list":["post-113","page","type-page","status-publish","hentry"],"yoast_head":"<!-- This site is optimized with the Yoast SEO plugin v26.9 - https:\/\/yoast.com\/product\/yoast-seo-wordpress\/ -->\n<title>H\u00f4tel Royal San Marco - San Marco Hotels -<\/title>\n<meta name=\"description\" content=\"Surplombant la Place Saint-Marc, l&#039;H\u00f4tel Royal San Marco propose des chambres, des suites et des appartements au c\u0153ur de Venise. Trois solutions diff\u00e9rentes pour un s\u00e9jour exclusif dans le centre historique : de l&#039;exp\u00e9rience h\u00f4teli\u00e8re traditionnelle \u00e0 la formule plus ind\u00e9pendante\" \/>\n<meta name=\"robots\" content=\"index, follow, max-snippet:-1, max-image-preview:large, max-video-preview:-1\" \/>\n<link rel=\"canonical\" href=\"https:\/\/www.sanmarcohotels.com\/fr\/nos-proprietes\/hotel-royal-san-marco\/\" \/>\n<meta property=\"og:locale\" content=\"fr_FR\" \/>\n<meta property=\"og:type\" content=\"article\" \/>\n<meta property=\"og:title\" content=\"H\u00f4tel Royal San Marco - San Marco Hotels -\" \/>\n<meta property=\"og:description\" content=\"Surplombant la Place Saint-Marc, l&#039;H\u00f4tel Royal San Marco propose des chambres, des suites et des appartements au c\u0153ur de Venise. Trois solutions diff\u00e9rentes pour un s\u00e9jour exclusif dans le centre historique : de l&#039;exp\u00e9rience h\u00f4teli\u00e8re traditionnelle \u00e0 la formule plus ind\u00e9pendante\" \/>\n<meta property=\"og:url\" content=\"https:\/\/www.sanmarcohotels.com\/fr\/nos-proprietes\/hotel-royal-san-marco\/\" \/>\n<meta property=\"og:site_name\" content=\"San Marco Hotels\" \/>\n<meta property=\"article:modified_time\" content=\"2026-03-19T14:25:55+00:00\" \/>\n<meta name=\"twitter:card\" content=\"summary_large_image\" \/>\n<meta name=\"twitter:label1\" content=\"Est. reading time\" \/>\n\t<meta name=\"twitter:data1\" content=\"1 minute\" \/>\n<script type=\"application\/ld+json\" class=\"yoast-schema-graph\">{\"@context\":\"https:\/\/schema.org\",\"@graph\":[{\"@type\":\"WebPage\",\"@id\":\"https:\/\/www.sanmarcohotels.com\/fr\/nos-proprietes\/hotel-royal-san-marco\/\",\"url\":\"https:\/\/www.sanmarcohotels.com\/fr\/nos-proprietes\/hotel-royal-san-marco\/\",\"name\":\"H\u00f4tel Royal San Marco - San Marco Hotels -\",\"isPartOf\":{\"@id\":\"https:\/\/www.sanmarcohotels.com\/fr\/#website\"},\"datePublished\":\"2026-03-05T14:44:54+00:00\",\"dateModified\":\"2026-03-19T14:25:55+00:00\",\"description\":\"Surplombant la Place Saint-Marc, l'H\u00f4tel Royal San Marco propose des chambres, des suites et des appartements au c\u0153ur de Venise. Trois solutions diff\u00e9rentes pour un s\u00e9jour exclusif dans le centre historique : de l'exp\u00e9rience h\u00f4teli\u00e8re traditionnelle \u00e0 la formule plus ind\u00e9pendante\",\"breadcrumb\":{\"@id\":\"https:\/\/www.sanmarcohotels.com\/fr\/nos-proprietes\/hotel-royal-san-marco\/#breadcrumb\"},\"inLanguage\":\"fr-FR\",\"potentialAction\":[{\"@type\":\"ReadAction\",\"target\":[\"https:\/\/www.sanmarcohotels.com\/fr\/nos-proprietes\/hotel-royal-san-marco\/\"]}]},{\"@type\":\"BreadcrumbList\",\"@id\":\"https:\/\/www.sanmarcohotels.com\/fr\/nos-proprietes\/hotel-royal-san-marco\/#breadcrumb\",\"itemListElement\":[{\"@type\":\"ListItem\",\"position\":1,\"name\":\"Home\",\"item\":\"https:\/\/www.sanmarcohotels.com\/fr\/\"},{\"@type\":\"ListItem\",\"position\":2,\"name\":\"Nos propri\u00e9t\u00e9s\",\"item\":\"https:\/\/www.sanmarcohotels.com\/fr\/our-properties\/\"},{\"@type\":\"ListItem\",\"position\":3,\"name\":\"H\u00f4tel Royal San Marco\"}]},{\"@type\":\"WebSite\",\"@id\":\"https:\/\/www.sanmarcohotels.com\/fr\/#website\",\"url\":\"https:\/\/www.sanmarcohotels.com\/fr\/\",\"name\":\"San Marco Hotels\",\"description\":\"\",\"publisher\":{\"@id\":\"https:\/\/www.sanmarcohotels.com\/fr\/#organization\"},\"potentialAction\":[{\"@type\":\"SearchAction\",\"target\":{\"@type\":\"EntryPoint\",\"urlTemplate\":\"https:\/\/www.sanmarcohotels.com\/fr\/?s={search_term_string}\"},\"query-input\":{\"@type\":\"PropertyValueSpecification\",\"valueRequired\":true,\"valueName\":\"search_term_string\"}}],\"inLanguage\":\"fr-FR\"},{\"@type\":\"Organization\",\"@id\":\"https:\/\/www.sanmarcohotels.com\/fr\/#organization\",\"name\":\"San Marco Hotels\",\"url\":\"https:\/\/www.sanmarcohotels.com\/fr\/\",\"logo\":{\"@type\":\"ImageObject\",\"inLanguage\":\"fr-FR\",\"@id\":\"https:\/\/www.sanmarcohotels.com\/fr\/#\/schema\/logo\/image\/\",\"url\":\"https:\/\/sanmarcohotels.ms3.decms.eu\/wp-content\/uploads\/sites\/63\/2026\/03\/san_marco_hotels_logo_c.svg\",\"contentUrl\":\"https:\/\/sanmarcohotels.ms3.decms.eu\/wp-content\/uploads\/sites\/63\/2026\/03\/san_marco_hotels_logo_c.svg\",\"width\":802,\"height\":824,\"caption\":\"San Marco Hotels\"},\"image\":{\"@id\":\"https:\/\/www.sanmarcohotels.com\/fr\/#\/schema\/logo\/image\/\"}}]}<\/script>\n<!-- \/ Yoast SEO plugin. -->","yoast_head_json":{"title":"H\u00f4tel Royal San Marco - San Marco Hotels -","description":"Surplombant la Place Saint-Marc, l'H\u00f4tel Royal San Marco propose des chambres, des suites et des appartements au c\u0153ur de Venise. Trois solutions diff\u00e9rentes pour un s\u00e9jour exclusif dans le centre historique : de l'exp\u00e9rience h\u00f4teli\u00e8re traditionnelle \u00e0 la formule plus ind\u00e9pendante","robots":{"index":"index","follow":"follow","max-snippet":"max-snippet:-1","max-image-preview":"max-image-preview:large","max-video-preview":"max-video-preview:-1"},"canonical":"https:\/\/www.sanmarcohotels.com\/fr\/nos-proprietes\/hotel-royal-san-marco\/","og_locale":"fr_FR","og_type":"article","og_title":"H\u00f4tel Royal San Marco - San Marco Hotels -","og_description":"Surplombant la Place Saint-Marc, l'H\u00f4tel Royal San Marco propose des chambres, des suites et des appartements au c\u0153ur de Venise. Trois solutions diff\u00e9rentes pour un s\u00e9jour exclusif dans le centre historique : de l'exp\u00e9rience h\u00f4teli\u00e8re traditionnelle \u00e0 la formule plus ind\u00e9pendante","og_url":"https:\/\/www.sanmarcohotels.com\/fr\/nos-proprietes\/hotel-royal-san-marco\/","og_site_name":"San Marco Hotels","article_modified_time":"2026-03-19T14:25:55+00:00","twitter_card":"summary_large_image","twitter_misc":{"Est. reading time":"1 minute"},"schema":{"@context":"https:\/\/schema.org","@graph":[{"@type":"WebPage","@id":"https:\/\/www.sanmarcohotels.com\/fr\/nos-proprietes\/hotel-royal-san-marco\/","url":"https:\/\/www.sanmarcohotels.com\/fr\/nos-proprietes\/hotel-royal-san-marco\/","name":"H\u00f4tel Royal San Marco - San Marco Hotels -","isPartOf":{"@id":"https:\/\/www.sanmarcohotels.com\/fr\/#website"},"datePublished":"2026-03-05T14:44:54+00:00","dateModified":"2026-03-19T14:25:55+00:00","description":"Surplombant la Place Saint-Marc, l'H\u00f4tel Royal San Marco propose des chambres, des suites et des appartements au c\u0153ur de Venise. Trois solutions diff\u00e9rentes pour un s\u00e9jour exclusif dans le centre historique : de l'exp\u00e9rience h\u00f4teli\u00e8re traditionnelle \u00e0 la formule plus ind\u00e9pendante","breadcrumb":{"@id":"https:\/\/www.sanmarcohotels.com\/fr\/nos-proprietes\/hotel-royal-san-marco\/#breadcrumb"},"inLanguage":"fr-FR","potentialAction":[{"@type":"ReadAction","target":["https:\/\/www.sanmarcohotels.com\/fr\/nos-proprietes\/hotel-royal-san-marco\/"]}]},{"@type":"BreadcrumbList","@id":"https:\/\/www.sanmarcohotels.com\/fr\/nos-proprietes\/hotel-royal-san-marco\/#breadcrumb","itemListElement":[{"@type":"ListItem","position":1,"name":"Home","item":"https:\/\/www.sanmarcohotels.com\/fr\/"},{"@type":"ListItem","position":2,"name":"Nos propri\u00e9t\u00e9s","item":"https:\/\/www.sanmarcohotels.com\/fr\/our-properties\/"},{"@type":"ListItem","position":3,"name":"H\u00f4tel Royal San Marco"}]},{"@type":"WebSite","@id":"https:\/\/www.sanmarcohotels.com\/fr\/#website","url":"https:\/\/www.sanmarcohotels.com\/fr\/","name":"San Marco Hotels","description":"","publisher":{"@id":"https:\/\/www.sanmarcohotels.com\/fr\/#organization"},"potentialAction":[{"@type":"SearchAction","target":{"@type":"EntryPoint","urlTemplate":"https:\/\/www.sanmarcohotels.com\/fr\/?s={search_term_string}"},"query-input":{"@type":"PropertyValueSpecification","valueRequired":true,"valueName":"search_term_string"}}],"inLanguage":"fr-FR"},{"@type":"Organization","@id":"https:\/\/www.sanmarcohotels.com\/fr\/#organization","name":"San Marco Hotels","url":"https:\/\/www.sanmarcohotels.com\/fr\/","logo":{"@type":"ImageObject","inLanguage":"fr-FR","@id":"https:\/\/www.sanmarcohotels.com\/fr\/#\/schema\/logo\/image\/","url":"https:\/\/sanmarcohotels.ms3.decms.eu\/wp-content\/uploads\/sites\/63\/2026\/03\/san_marco_hotels_logo_c.svg","contentUrl":"https:\/\/sanmarcohotels.ms3.decms.eu\/wp-content\/uploads\/sites\/63\/2026\/03\/san_marco_hotels_logo_c.svg","width":802,"height":824,"caption":"San Marco Hotels"},"image":{"@id":"https:\/\/www.sanmarcohotels.com\/fr\/#\/schema\/logo\/image\/"}}]}},"acf":[],"_links":{"self":[{"href":"https:\/\/www.sanmarcohotels.com\/fr\/wp-json\/wp\/v2\/pages\/113","targetHints":{"allow":["GET"]}}],"collection":[{"href":"https:\/\/www.sanmarcohotels.com\/fr\/wp-json\/wp\/v2\/pages"}],"about":[{"href":"https:\/\/www.sanmarcohotels.com\/fr\/wp-json\/wp\/v2\/types\/page"}],"author":[{"embeddable":true,"href":"https:\/\/www.sanmarcohotels.com\/fr\/wp-json\/wp\/v2\/users\/6"}],"replies":[{"embeddable":true,"href":"https:\/\/www.sanmarcohotels.com\/fr\/wp-json\/wp\/v2\/comments?post=113"}],"version-history":[{"count":0,"href":"https:\/\/www.sanmarcohotels.com\/fr\/wp-json\/wp\/v2\/pages\/113\/revisions"}],"up":[{"embeddable":true,"href":"https:\/\/www.sanmarcohotels.com\/fr\/wp-json\/wp\/v2\/pages\/57"}],"wp:attachment":[{"href":"https:\/\/www.sanmarcohotels.com\/fr\/wp-json\/wp\/v2\/media?parent=113"}],"curies":[{"name":"wp","href":"https:\/\/api.w.org\/{rel}","templated":true}]}}