{"id":135,"date":"2026-03-05T15:21:53","date_gmt":"2026-03-05T15:21:53","guid":{"rendered":"https:\/\/sanmarcohotels.ms3.decms.eu\/?page_id=135"},"modified":"2026-03-19T15:27:26","modified_gmt":"2026-03-19T15:27:26","slug":"bar-del-doge","status":"publish","type":"page","link":"https:\/\/www.sanmarcohotels.com\/fr\/restaurants-bar\/bar-del-doge\/","title":{"rendered":"Bar Del Doge"},"content":{"rendered":"<p>Le Bar Cavalletto est un refuge \u00e9l\u00e9gant dans le centre historique, o\u00f9 le temps semble s&rsquo;\u00eatre arr\u00eat\u00e9. C\u00e9l\u00e8bre pour sa proposition de mixologie qui fusionne les grands classiques v\u00e9nitiens \u2014 comme le Spritz et le Negroni \u2014 avec des spiritueux internationaux de prestige. Pour accompagner les verres, une s\u00e9lection raffin\u00e9e de cicchetti v\u00e9nitiens et de plats l\u00e9gers, parfaite pour ceux qui recherchent une exp\u00e9rience authentique et r\u00e9serv\u00e9e loin de la foule.<\/p>\n","protected":false},"excerpt":{"rendered":"<p>Le Bar Cavalletto est un refuge \u00e9l\u00e9gant dans le centre historique, o\u00f9 le temps semble s&rsquo;\u00eatre arr\u00eat\u00e9. C\u00e9l\u00e8bre pour sa proposition de mixologie qui fusionne les grands classiques v\u00e9nitiens \u2014 comme le Spritz et le Negroni \u2014 avec des spiritueux internationaux de prestige. Pour accompagner les verres, une s\u00e9lection raffin\u00e9e de cicchetti v\u00e9nitiens et de [&hellip;]<\/p>\n","protected":false},"author":6,"featured_media":0,"parent":62,"menu_order":20,"comment_status":"closed","ping_status":"closed","template":"template-single-restaurant.php","meta":{"footnotes":""},"class_list":["post-135","page","type-page","status-publish","hentry"],"yoast_head":"<!-- This site is optimized with the Yoast SEO plugin v26.9 - https:\/\/yoast.com\/product\/yoast-seo-wordpress\/ -->\n<title>Bar Del Doge - San Marco Hotels -<\/title>\n<meta name=\"description\" content=\"Le Bar Cavalletto est un refuge \u00e9l\u00e9gant dans le centre historique, o\u00f9 le temps semble s&#039;\u00eatre arr\u00eat\u00e9. C\u00e9l\u00e8bre pour sa proposition de mixologie qui fusionne les grands classiques v\u00e9nitiens \u2014 comme le Spritz et le Negroni \u2014 avec des spiritueux internationaux de prestige\" \/>\n<meta name=\"robots\" content=\"index, follow, max-snippet:-1, max-image-preview:large, max-video-preview:-1\" \/>\n<link rel=\"canonical\" href=\"https:\/\/www.sanmarcohotels.com\/fr\/restaurants-bar\/bar-del-doge\/\" \/>\n<meta property=\"og:locale\" content=\"fr_FR\" \/>\n<meta property=\"og:type\" content=\"article\" \/>\n<meta property=\"og:title\" content=\"Bar Del Doge - San Marco Hotels -\" \/>\n<meta property=\"og:description\" content=\"Le Bar Cavalletto est un refuge \u00e9l\u00e9gant dans le centre historique, o\u00f9 le temps semble s&#039;\u00eatre arr\u00eat\u00e9. C\u00e9l\u00e8bre pour sa proposition de mixologie qui fusionne les grands classiques v\u00e9nitiens \u2014 comme le Spritz et le Negroni \u2014 avec des spiritueux internationaux de prestige\" \/>\n<meta property=\"og:url\" content=\"https:\/\/www.sanmarcohotels.com\/fr\/restaurants-bar\/bar-del-doge\/\" \/>\n<meta property=\"og:site_name\" content=\"San Marco Hotels\" \/>\n<meta property=\"article:modified_time\" content=\"2026-03-19T15:27:26+00:00\" \/>\n<meta name=\"twitter:card\" content=\"summary_large_image\" \/>\n<meta name=\"twitter:label1\" content=\"Est. reading time\" \/>\n\t<meta name=\"twitter:data1\" content=\"1 minute\" \/>\n<script type=\"application\/ld+json\" class=\"yoast-schema-graph\">{\"@context\":\"https:\/\/schema.org\",\"@graph\":[{\"@type\":\"WebPage\",\"@id\":\"https:\/\/www.sanmarcohotels.com\/fr\/restaurants-bar\/bar-del-doge\/\",\"url\":\"https:\/\/www.sanmarcohotels.com\/fr\/restaurants-bar\/bar-del-doge\/\",\"name\":\"Bar Del Doge - San Marco Hotels -\",\"isPartOf\":{\"@id\":\"https:\/\/www.sanmarcohotels.com\/fr\/#website\"},\"datePublished\":\"2026-03-05T15:21:53+00:00\",\"dateModified\":\"2026-03-19T15:27:26+00:00\",\"description\":\"Le Bar Cavalletto est un refuge \u00e9l\u00e9gant dans le centre historique, o\u00f9 le temps semble s'\u00eatre arr\u00eat\u00e9. C\u00e9l\u00e8bre pour sa proposition de mixologie qui fusionne les grands classiques v\u00e9nitiens \u2014 comme le Spritz et le Negroni \u2014 avec des spiritueux internationaux de prestige\",\"breadcrumb\":{\"@id\":\"https:\/\/www.sanmarcohotels.com\/fr\/restaurants-bar\/bar-del-doge\/#breadcrumb\"},\"inLanguage\":\"fr-FR\",\"potentialAction\":[{\"@type\":\"ReadAction\",\"target\":[\"https:\/\/www.sanmarcohotels.com\/fr\/restaurants-bar\/bar-del-doge\/\"]}]},{\"@type\":\"BreadcrumbList\",\"@id\":\"https:\/\/www.sanmarcohotels.com\/fr\/restaurants-bar\/bar-del-doge\/#breadcrumb\",\"itemListElement\":[{\"@type\":\"ListItem\",\"position\":1,\"name\":\"Home\",\"item\":\"https:\/\/www.sanmarcohotels.com\/fr\/\"},{\"@type\":\"ListItem\",\"position\":2,\"name\":\"Restaurants &#038; Bar\",\"item\":\"https:\/\/www.sanmarcohotels.com\/fr\/restaurants-bar\/\"},{\"@type\":\"ListItem\",\"position\":3,\"name\":\"Bar Del Doge\"}]},{\"@type\":\"WebSite\",\"@id\":\"https:\/\/www.sanmarcohotels.com\/fr\/#website\",\"url\":\"https:\/\/www.sanmarcohotels.com\/fr\/\",\"name\":\"San Marco Hotels\",\"description\":\"\",\"publisher\":{\"@id\":\"https:\/\/www.sanmarcohotels.com\/fr\/#organization\"},\"potentialAction\":[{\"@type\":\"SearchAction\",\"target\":{\"@type\":\"EntryPoint\",\"urlTemplate\":\"https:\/\/www.sanmarcohotels.com\/fr\/?s={search_term_string}\"},\"query-input\":{\"@type\":\"PropertyValueSpecification\",\"valueRequired\":true,\"valueName\":\"search_term_string\"}}],\"inLanguage\":\"fr-FR\"},{\"@type\":\"Organization\",\"@id\":\"https:\/\/www.sanmarcohotels.com\/fr\/#organization\",\"name\":\"San Marco Hotels\",\"url\":\"https:\/\/www.sanmarcohotels.com\/fr\/\",\"logo\":{\"@type\":\"ImageObject\",\"inLanguage\":\"fr-FR\",\"@id\":\"https:\/\/www.sanmarcohotels.com\/fr\/#\/schema\/logo\/image\/\",\"url\":\"https:\/\/sanmarcohotels.ms3.decms.eu\/wp-content\/uploads\/sites\/63\/2026\/03\/san_marco_hotels_logo_c.svg\",\"contentUrl\":\"https:\/\/sanmarcohotels.ms3.decms.eu\/wp-content\/uploads\/sites\/63\/2026\/03\/san_marco_hotels_logo_c.svg\",\"width\":802,\"height\":824,\"caption\":\"San Marco Hotels\"},\"image\":{\"@id\":\"https:\/\/www.sanmarcohotels.com\/fr\/#\/schema\/logo\/image\/\"}}]}<\/script>\n<!-- \/ Yoast SEO plugin. -->","yoast_head_json":{"title":"Bar Del Doge - San Marco Hotels -","description":"Le Bar Cavalletto est un refuge \u00e9l\u00e9gant dans le centre historique, o\u00f9 le temps semble s'\u00eatre arr\u00eat\u00e9. C\u00e9l\u00e8bre pour sa proposition de mixologie qui fusionne les grands classiques v\u00e9nitiens \u2014 comme le Spritz et le Negroni \u2014 avec des spiritueux internationaux de prestige","robots":{"index":"index","follow":"follow","max-snippet":"max-snippet:-1","max-image-preview":"max-image-preview:large","max-video-preview":"max-video-preview:-1"},"canonical":"https:\/\/www.sanmarcohotels.com\/fr\/restaurants-bar\/bar-del-doge\/","og_locale":"fr_FR","og_type":"article","og_title":"Bar Del Doge - San Marco Hotels -","og_description":"Le Bar Cavalletto est un refuge \u00e9l\u00e9gant dans le centre historique, o\u00f9 le temps semble s'\u00eatre arr\u00eat\u00e9. C\u00e9l\u00e8bre pour sa proposition de mixologie qui fusionne les grands classiques v\u00e9nitiens \u2014 comme le Spritz et le Negroni \u2014 avec des spiritueux internationaux de prestige","og_url":"https:\/\/www.sanmarcohotels.com\/fr\/restaurants-bar\/bar-del-doge\/","og_site_name":"San Marco Hotels","article_modified_time":"2026-03-19T15:27:26+00:00","twitter_card":"summary_large_image","twitter_misc":{"Est. reading time":"1 minute"},"schema":{"@context":"https:\/\/schema.org","@graph":[{"@type":"WebPage","@id":"https:\/\/www.sanmarcohotels.com\/fr\/restaurants-bar\/bar-del-doge\/","url":"https:\/\/www.sanmarcohotels.com\/fr\/restaurants-bar\/bar-del-doge\/","name":"Bar Del Doge - San Marco Hotels -","isPartOf":{"@id":"https:\/\/www.sanmarcohotels.com\/fr\/#website"},"datePublished":"2026-03-05T15:21:53+00:00","dateModified":"2026-03-19T15:27:26+00:00","description":"Le Bar Cavalletto est un refuge \u00e9l\u00e9gant dans le centre historique, o\u00f9 le temps semble s'\u00eatre arr\u00eat\u00e9. C\u00e9l\u00e8bre pour sa proposition de mixologie qui fusionne les grands classiques v\u00e9nitiens \u2014 comme le Spritz et le Negroni \u2014 avec des spiritueux internationaux de prestige","breadcrumb":{"@id":"https:\/\/www.sanmarcohotels.com\/fr\/restaurants-bar\/bar-del-doge\/#breadcrumb"},"inLanguage":"fr-FR","potentialAction":[{"@type":"ReadAction","target":["https:\/\/www.sanmarcohotels.com\/fr\/restaurants-bar\/bar-del-doge\/"]}]},{"@type":"BreadcrumbList","@id":"https:\/\/www.sanmarcohotels.com\/fr\/restaurants-bar\/bar-del-doge\/#breadcrumb","itemListElement":[{"@type":"ListItem","position":1,"name":"Home","item":"https:\/\/www.sanmarcohotels.com\/fr\/"},{"@type":"ListItem","position":2,"name":"Restaurants &#038; Bar","item":"https:\/\/www.sanmarcohotels.com\/fr\/restaurants-bar\/"},{"@type":"ListItem","position":3,"name":"Bar Del Doge"}]},{"@type":"WebSite","@id":"https:\/\/www.sanmarcohotels.com\/fr\/#website","url":"https:\/\/www.sanmarcohotels.com\/fr\/","name":"San Marco Hotels","description":"","publisher":{"@id":"https:\/\/www.sanmarcohotels.com\/fr\/#organization"},"potentialAction":[{"@type":"SearchAction","target":{"@type":"EntryPoint","urlTemplate":"https:\/\/www.sanmarcohotels.com\/fr\/?s={search_term_string}"},"query-input":{"@type":"PropertyValueSpecification","valueRequired":true,"valueName":"search_term_string"}}],"inLanguage":"fr-FR"},{"@type":"Organization","@id":"https:\/\/www.sanmarcohotels.com\/fr\/#organization","name":"San Marco Hotels","url":"https:\/\/www.sanmarcohotels.com\/fr\/","logo":{"@type":"ImageObject","inLanguage":"fr-FR","@id":"https:\/\/www.sanmarcohotels.com\/fr\/#\/schema\/logo\/image\/","url":"https:\/\/sanmarcohotels.ms3.decms.eu\/wp-content\/uploads\/sites\/63\/2026\/03\/san_marco_hotels_logo_c.svg","contentUrl":"https:\/\/sanmarcohotels.ms3.decms.eu\/wp-content\/uploads\/sites\/63\/2026\/03\/san_marco_hotels_logo_c.svg","width":802,"height":824,"caption":"San Marco Hotels"},"image":{"@id":"https:\/\/www.sanmarcohotels.com\/fr\/#\/schema\/logo\/image\/"}}]}},"acf":[],"_links":{"self":[{"href":"https:\/\/www.sanmarcohotels.com\/fr\/wp-json\/wp\/v2\/pages\/135","targetHints":{"allow":["GET"]}}],"collection":[{"href":"https:\/\/www.sanmarcohotels.com\/fr\/wp-json\/wp\/v2\/pages"}],"about":[{"href":"https:\/\/www.sanmarcohotels.com\/fr\/wp-json\/wp\/v2\/types\/page"}],"author":[{"embeddable":true,"href":"https:\/\/www.sanmarcohotels.com\/fr\/wp-json\/wp\/v2\/users\/6"}],"replies":[{"embeddable":true,"href":"https:\/\/www.sanmarcohotels.com\/fr\/wp-json\/wp\/v2\/comments?post=135"}],"version-history":[{"count":0,"href":"https:\/\/www.sanmarcohotels.com\/fr\/wp-json\/wp\/v2\/pages\/135\/revisions"}],"up":[{"embeddable":true,"href":"https:\/\/www.sanmarcohotels.com\/fr\/wp-json\/wp\/v2\/pages\/62"}],"wp:attachment":[{"href":"https:\/\/www.sanmarcohotels.com\/fr\/wp-json\/wp\/v2\/media?parent=135"}],"curies":[{"name":"wp","href":"https:\/\/api.w.org\/{rel}","templated":true}]}}