{"id":161,"date":"2026-03-06T15:24:12","date_gmt":"2026-03-06T15:24:12","guid":{"rendered":"https:\/\/sanmarcohotels.ms3.decms.eu\/?page_id=161"},"modified":"2026-03-19T15:04:58","modified_gmt":"2026-03-19T15:04:58","slug":"hotel-ambassador-tre-rose","status":"publish","type":"page","link":"https:\/\/www.sanmarcohotels.com\/fr\/nos-proprietes\/hotel-ambassador-tre-rose\/","title":{"rendered":"H\u00f4tel Ambassador Tre Rose"},"content":{"rendered":"<p>B\u00e9n\u00e9ficiant d&rsquo;un emplacement privil\u00e9gi\u00e9 \u00e0 quelques pas de la Place Saint-Marc, l&rsquo;Ambassador Tre Rose est le choix parfait pour ceux qui souhaitent vivre Venise de l&rsquo;int\u00e9rieur. Notre \u00e9tablissement, nich\u00e9 dans un palais historique, conserve le charme de la tradition v\u00e9nitienne dans une atmosph\u00e8re familiale et sinc\u00e8re. C&rsquo;est le point d&rsquo;ancrage id\u00e9al pour ceux qui recherchent une commodit\u00e9 logistique maximale : d&rsquo;ici, les ruelles, les mus\u00e9es et les tr\u00e9sors de la ville sont tous \u00e0 port\u00e9e de main.<\/p>\n","protected":false},"excerpt":{"rendered":"<p>B\u00e9n\u00e9ficiant d&rsquo;un emplacement privil\u00e9gi\u00e9 \u00e0 quelques pas de la Place Saint-Marc, l&rsquo;Ambassador Tre Rose est le choix parfait pour ceux qui souhaitent vivre Venise de l&rsquo;int\u00e9rieur. Notre \u00e9tablissement, nich\u00e9 dans un palais historique, conserve le charme de la tradition v\u00e9nitienne dans une atmosph\u00e8re familiale et sinc\u00e8re. C&rsquo;est le point d&rsquo;ancrage id\u00e9al pour ceux qui recherchent [&hellip;]<\/p>\n","protected":false},"author":6,"featured_media":0,"parent":57,"menu_order":70,"comment_status":"closed","ping_status":"closed","template":"template-single-hotel.php","meta":{"footnotes":""},"class_list":["post-161","page","type-page","status-publish","hentry"],"yoast_head":"<!-- This site is optimized with the Yoast SEO plugin v26.9 - https:\/\/yoast.com\/product\/yoast-seo-wordpress\/ -->\n<title>H\u00f4tel Ambassador Tre Rose - San Marco Hotels -<\/title>\n<meta name=\"description\" content=\"B\u00e9n\u00e9ficiant d&#039;un emplacement privil\u00e9gi\u00e9 \u00e0 quelques pas de la Place Saint-Marc, l&#039;Ambassador Tre Rose est le choix parfait pour ceux qui souhaitent vivre Venise de l&#039;int\u00e9rieur. Notre \u00e9tablissement, nich\u00e9 dans un palais historique, conserve le charme de la tradition v\u00e9nitienne dans une atmosph\u00e8re familiale et sinc\u00e8re\" \/>\n<meta name=\"robots\" content=\"index, follow, max-snippet:-1, max-image-preview:large, max-video-preview:-1\" \/>\n<link rel=\"canonical\" href=\"https:\/\/www.sanmarcohotels.com\/fr\/nos-proprietes\/hotel-ambassador-tre-rose\/\" \/>\n<meta property=\"og:locale\" content=\"fr_FR\" \/>\n<meta property=\"og:type\" content=\"article\" \/>\n<meta property=\"og:title\" content=\"H\u00f4tel Ambassador Tre Rose - San Marco Hotels -\" \/>\n<meta property=\"og:description\" content=\"B\u00e9n\u00e9ficiant d&#039;un emplacement privil\u00e9gi\u00e9 \u00e0 quelques pas de la Place Saint-Marc, l&#039;Ambassador Tre Rose est le choix parfait pour ceux qui souhaitent vivre Venise de l&#039;int\u00e9rieur. Notre \u00e9tablissement, nich\u00e9 dans un palais historique, conserve le charme de la tradition v\u00e9nitienne dans une atmosph\u00e8re familiale et sinc\u00e8re\" \/>\n<meta property=\"og:url\" content=\"https:\/\/www.sanmarcohotels.com\/fr\/nos-proprietes\/hotel-ambassador-tre-rose\/\" \/>\n<meta property=\"og:site_name\" content=\"San Marco Hotels\" \/>\n<meta property=\"article:modified_time\" content=\"2026-03-19T15:04:58+00:00\" \/>\n<meta name=\"twitter:card\" content=\"summary_large_image\" \/>\n<meta name=\"twitter:label1\" content=\"Est. reading time\" \/>\n\t<meta name=\"twitter:data1\" content=\"1 minute\" \/>\n<script type=\"application\/ld+json\" class=\"yoast-schema-graph\">{\"@context\":\"https:\/\/schema.org\",\"@graph\":[{\"@type\":\"WebPage\",\"@id\":\"https:\/\/www.sanmarcohotels.com\/fr\/nos-proprietes\/hotel-ambassador-tre-rose\/\",\"url\":\"https:\/\/www.sanmarcohotels.com\/fr\/nos-proprietes\/hotel-ambassador-tre-rose\/\",\"name\":\"H\u00f4tel Ambassador Tre Rose - San Marco Hotels -\",\"isPartOf\":{\"@id\":\"https:\/\/www.sanmarcohotels.com\/fr\/#website\"},\"datePublished\":\"2026-03-06T15:24:12+00:00\",\"dateModified\":\"2026-03-19T15:04:58+00:00\",\"description\":\"B\u00e9n\u00e9ficiant d'un emplacement privil\u00e9gi\u00e9 \u00e0 quelques pas de la Place Saint-Marc, l'Ambassador Tre Rose est le choix parfait pour ceux qui souhaitent vivre Venise de l'int\u00e9rieur. Notre \u00e9tablissement, nich\u00e9 dans un palais historique, conserve le charme de la tradition v\u00e9nitienne dans une atmosph\u00e8re familiale et sinc\u00e8re\",\"breadcrumb\":{\"@id\":\"https:\/\/www.sanmarcohotels.com\/fr\/nos-proprietes\/hotel-ambassador-tre-rose\/#breadcrumb\"},\"inLanguage\":\"fr-FR\",\"potentialAction\":[{\"@type\":\"ReadAction\",\"target\":[\"https:\/\/www.sanmarcohotels.com\/fr\/nos-proprietes\/hotel-ambassador-tre-rose\/\"]}]},{\"@type\":\"BreadcrumbList\",\"@id\":\"https:\/\/www.sanmarcohotels.com\/fr\/nos-proprietes\/hotel-ambassador-tre-rose\/#breadcrumb\",\"itemListElement\":[{\"@type\":\"ListItem\",\"position\":1,\"name\":\"Home\",\"item\":\"https:\/\/www.sanmarcohotels.com\/fr\/\"},{\"@type\":\"ListItem\",\"position\":2,\"name\":\"Nos propri\u00e9t\u00e9s\",\"item\":\"https:\/\/www.sanmarcohotels.com\/fr\/our-properties\/\"},{\"@type\":\"ListItem\",\"position\":3,\"name\":\"H\u00f4tel Ambassador Tre Rose\"}]},{\"@type\":\"WebSite\",\"@id\":\"https:\/\/www.sanmarcohotels.com\/fr\/#website\",\"url\":\"https:\/\/www.sanmarcohotels.com\/fr\/\",\"name\":\"San Marco Hotels\",\"description\":\"\",\"publisher\":{\"@id\":\"https:\/\/www.sanmarcohotels.com\/fr\/#organization\"},\"potentialAction\":[{\"@type\":\"SearchAction\",\"target\":{\"@type\":\"EntryPoint\",\"urlTemplate\":\"https:\/\/www.sanmarcohotels.com\/fr\/?s={search_term_string}\"},\"query-input\":{\"@type\":\"PropertyValueSpecification\",\"valueRequired\":true,\"valueName\":\"search_term_string\"}}],\"inLanguage\":\"fr-FR\"},{\"@type\":\"Organization\",\"@id\":\"https:\/\/www.sanmarcohotels.com\/fr\/#organization\",\"name\":\"San Marco Hotels\",\"url\":\"https:\/\/www.sanmarcohotels.com\/fr\/\",\"logo\":{\"@type\":\"ImageObject\",\"inLanguage\":\"fr-FR\",\"@id\":\"https:\/\/www.sanmarcohotels.com\/fr\/#\/schema\/logo\/image\/\",\"url\":\"https:\/\/sanmarcohotels.ms3.decms.eu\/wp-content\/uploads\/sites\/63\/2026\/03\/san_marco_hotels_logo_c.svg\",\"contentUrl\":\"https:\/\/sanmarcohotels.ms3.decms.eu\/wp-content\/uploads\/sites\/63\/2026\/03\/san_marco_hotels_logo_c.svg\",\"width\":802,\"height\":824,\"caption\":\"San Marco Hotels\"},\"image\":{\"@id\":\"https:\/\/www.sanmarcohotels.com\/fr\/#\/schema\/logo\/image\/\"}}]}<\/script>\n<!-- \/ Yoast SEO plugin. -->","yoast_head_json":{"title":"H\u00f4tel Ambassador Tre Rose - San Marco Hotels -","description":"B\u00e9n\u00e9ficiant d'un emplacement privil\u00e9gi\u00e9 \u00e0 quelques pas de la Place Saint-Marc, l'Ambassador Tre Rose est le choix parfait pour ceux qui souhaitent vivre Venise de l'int\u00e9rieur. Notre \u00e9tablissement, nich\u00e9 dans un palais historique, conserve le charme de la tradition v\u00e9nitienne dans une atmosph\u00e8re familiale et sinc\u00e8re","robots":{"index":"index","follow":"follow","max-snippet":"max-snippet:-1","max-image-preview":"max-image-preview:large","max-video-preview":"max-video-preview:-1"},"canonical":"https:\/\/www.sanmarcohotels.com\/fr\/nos-proprietes\/hotel-ambassador-tre-rose\/","og_locale":"fr_FR","og_type":"article","og_title":"H\u00f4tel Ambassador Tre Rose - San Marco Hotels -","og_description":"B\u00e9n\u00e9ficiant d'un emplacement privil\u00e9gi\u00e9 \u00e0 quelques pas de la Place Saint-Marc, l'Ambassador Tre Rose est le choix parfait pour ceux qui souhaitent vivre Venise de l'int\u00e9rieur. Notre \u00e9tablissement, nich\u00e9 dans un palais historique, conserve le charme de la tradition v\u00e9nitienne dans une atmosph\u00e8re familiale et sinc\u00e8re","og_url":"https:\/\/www.sanmarcohotels.com\/fr\/nos-proprietes\/hotel-ambassador-tre-rose\/","og_site_name":"San Marco Hotels","article_modified_time":"2026-03-19T15:04:58+00:00","twitter_card":"summary_large_image","twitter_misc":{"Est. reading time":"1 minute"},"schema":{"@context":"https:\/\/schema.org","@graph":[{"@type":"WebPage","@id":"https:\/\/www.sanmarcohotels.com\/fr\/nos-proprietes\/hotel-ambassador-tre-rose\/","url":"https:\/\/www.sanmarcohotels.com\/fr\/nos-proprietes\/hotel-ambassador-tre-rose\/","name":"H\u00f4tel Ambassador Tre Rose - San Marco Hotels -","isPartOf":{"@id":"https:\/\/www.sanmarcohotels.com\/fr\/#website"},"datePublished":"2026-03-06T15:24:12+00:00","dateModified":"2026-03-19T15:04:58+00:00","description":"B\u00e9n\u00e9ficiant d'un emplacement privil\u00e9gi\u00e9 \u00e0 quelques pas de la Place Saint-Marc, l'Ambassador Tre Rose est le choix parfait pour ceux qui souhaitent vivre Venise de l'int\u00e9rieur. Notre \u00e9tablissement, nich\u00e9 dans un palais historique, conserve le charme de la tradition v\u00e9nitienne dans une atmosph\u00e8re familiale et sinc\u00e8re","breadcrumb":{"@id":"https:\/\/www.sanmarcohotels.com\/fr\/nos-proprietes\/hotel-ambassador-tre-rose\/#breadcrumb"},"inLanguage":"fr-FR","potentialAction":[{"@type":"ReadAction","target":["https:\/\/www.sanmarcohotels.com\/fr\/nos-proprietes\/hotel-ambassador-tre-rose\/"]}]},{"@type":"BreadcrumbList","@id":"https:\/\/www.sanmarcohotels.com\/fr\/nos-proprietes\/hotel-ambassador-tre-rose\/#breadcrumb","itemListElement":[{"@type":"ListItem","position":1,"name":"Home","item":"https:\/\/www.sanmarcohotels.com\/fr\/"},{"@type":"ListItem","position":2,"name":"Nos propri\u00e9t\u00e9s","item":"https:\/\/www.sanmarcohotels.com\/fr\/our-properties\/"},{"@type":"ListItem","position":3,"name":"H\u00f4tel Ambassador Tre Rose"}]},{"@type":"WebSite","@id":"https:\/\/www.sanmarcohotels.com\/fr\/#website","url":"https:\/\/www.sanmarcohotels.com\/fr\/","name":"San Marco Hotels","description":"","publisher":{"@id":"https:\/\/www.sanmarcohotels.com\/fr\/#organization"},"potentialAction":[{"@type":"SearchAction","target":{"@type":"EntryPoint","urlTemplate":"https:\/\/www.sanmarcohotels.com\/fr\/?s={search_term_string}"},"query-input":{"@type":"PropertyValueSpecification","valueRequired":true,"valueName":"search_term_string"}}],"inLanguage":"fr-FR"},{"@type":"Organization","@id":"https:\/\/www.sanmarcohotels.com\/fr\/#organization","name":"San Marco Hotels","url":"https:\/\/www.sanmarcohotels.com\/fr\/","logo":{"@type":"ImageObject","inLanguage":"fr-FR","@id":"https:\/\/www.sanmarcohotels.com\/fr\/#\/schema\/logo\/image\/","url":"https:\/\/sanmarcohotels.ms3.decms.eu\/wp-content\/uploads\/sites\/63\/2026\/03\/san_marco_hotels_logo_c.svg","contentUrl":"https:\/\/sanmarcohotels.ms3.decms.eu\/wp-content\/uploads\/sites\/63\/2026\/03\/san_marco_hotels_logo_c.svg","width":802,"height":824,"caption":"San Marco Hotels"},"image":{"@id":"https:\/\/www.sanmarcohotels.com\/fr\/#\/schema\/logo\/image\/"}}]}},"acf":[],"_links":{"self":[{"href":"https:\/\/www.sanmarcohotels.com\/fr\/wp-json\/wp\/v2\/pages\/161","targetHints":{"allow":["GET"]}}],"collection":[{"href":"https:\/\/www.sanmarcohotels.com\/fr\/wp-json\/wp\/v2\/pages"}],"about":[{"href":"https:\/\/www.sanmarcohotels.com\/fr\/wp-json\/wp\/v2\/types\/page"}],"author":[{"embeddable":true,"href":"https:\/\/www.sanmarcohotels.com\/fr\/wp-json\/wp\/v2\/users\/6"}],"replies":[{"embeddable":true,"href":"https:\/\/www.sanmarcohotels.com\/fr\/wp-json\/wp\/v2\/comments?post=161"}],"version-history":[{"count":0,"href":"https:\/\/www.sanmarcohotels.com\/fr\/wp-json\/wp\/v2\/pages\/161\/revisions"}],"up":[{"embeddable":true,"href":"https:\/\/www.sanmarcohotels.com\/fr\/wp-json\/wp\/v2\/pages\/57"}],"wp:attachment":[{"href":"https:\/\/www.sanmarcohotels.com\/fr\/wp-json\/wp\/v2\/media?parent=161"}],"curies":[{"name":"wp","href":"https:\/\/api.w.org\/{rel}","templated":true}]}}