{"id":52,"date":"2026-03-05T13:49:07","date_gmt":"2026-03-05T13:49:07","guid":{"rendered":"https:\/\/sanmarcohotels.ms3.decms.eu\/?page_id=52"},"modified":"2026-03-20T11:04:40","modified_gmt":"2026-03-20T11:04:40","slug":"san-marco-hotels","status":"publish","type":"page","link":"https:\/\/www.sanmarcohotels.com\/fr\/","title":{"rendered":"San Marco Hotels"},"content":{"rendered":"<p>San Marco Hotels\u00ae accueille ses h\u00f4tes au c\u0153ur authentique de Venise avec une collection d\u2019h\u00f4tels, de r\u00e9sidences et de suites situ\u00e9s entre la Piazza San Marco et le Pont du Rialto.<\/p>\n<p>H\u00f4tels 3 et 4 \u00e9toiles, demeures de charme, appartements ind\u00e9pendants et r\u00e9sidences exclusives : des solutions diff\u00e9rentes r\u00e9unies par une vision commune de l\u2019hospitalit\u00e9, fond\u00e9e sur un emplacement strat\u00e9gique, le soin du d\u00e9tail et un service attentif.<\/p>\n<p>S\u00e9journer avec San Marco Hotels\u00ae signifie vivre Venise depuis son centre le plus embl\u00e9matique, avec la libert\u00e9 de choisir l\u2019exp\u00e9rience la plus adapt\u00e9e \u00e0 son style de voyage.<\/p>\n<p>L\u2019offre est compl\u00e9t\u00e9e par le Ristorante San Marco, \u00e9l\u00e9gante adresse gastronomique \u00e0 quelques pas de la Place ; le Ristorante dei Dogi, lieu d\u00e9di\u00e9 aux \u00e9v\u00e9nements et aux r\u00e9unions ; ainsi que deux caf\u00e9s historiques sur la Piazza San Marco : Caff\u00e8 Eden et Bar Americano.<\/p>\n","protected":false},"excerpt":{"rendered":"<p>San Marco Hotels\u00ae accueille ses h\u00f4tes au c\u0153ur authentique de Venise avec une collection d\u2019h\u00f4tels, de r\u00e9sidences et de suites situ\u00e9s entre la Piazza San Marco et le Pont du Rialto. H\u00f4tels 3 et 4 \u00e9toiles, demeures de charme, appartements ind\u00e9pendants et r\u00e9sidences exclusives : des solutions diff\u00e9rentes r\u00e9unies par une vision commune de l\u2019hospitalit\u00e9, [&hellip;]<\/p>\n","protected":false},"author":6,"featured_media":0,"parent":0,"menu_order":10,"comment_status":"closed","ping_status":"closed","template":"","meta":{"footnotes":""},"class_list":["post-52","page","type-page","status-publish","hentry"],"yoast_head":"<!-- This site is optimized with the Yoast SEO plugin v26.9 - https:\/\/yoast.com\/product\/yoast-seo-wordpress\/ -->\n<title>San Marco Hotels - San Marco Hotels -<\/title>\n<meta name=\"description\" content=\"San Marco Hotels\u00ae accueille ses h\u00f4tes au c\u0153ur authentique de Venise avec une collection d\u2019h\u00f4tels, de r\u00e9sidences et de suites situ\u00e9s entre la Piazza San Marco et le Pont du Rialto.  H\u00f4tels 3 et 4 \u00e9toiles, demeures de charme, appartements ind\u00e9pendants et r\u00e9sidences exclusives : des solutions diff\u00e9rentes r\u00e9unies par une vision commune de l\u2019hospitalit\u00e9, fond\u00e9e sur un emplacement strat\u00e9gique, le soin du d\u00e9tail et un service attentif.  S\u00e9journer avec San Marco Hotels\u00ae signifie vivre Venise depuis son centre le plus embl\u00e9matique, avec la libert\u00e9 de choisir l\u2019exp\u00e9rience la plus adapt\u00e9e \u00e0 son style de voyage.  L\u2019offre est compl\u00e9t\u00e9e par le Ristorante San Marco, \u00e9l\u00e9gante adresse gastronomique \u00e0 quelques pas de la Place ; le Ristorante dei Dogi, lieu d\u00e9di\u00e9 aux \u00e9v\u00e9nements et aux r\u00e9unions ; ainsi que deux caf\u00e9s historiques sur la Piazza San Marco : Caff\u00e8 Eden et Bar Americano..\" \/>\n<meta name=\"robots\" content=\"index, follow, max-snippet:-1, max-image-preview:large, max-video-preview:-1\" \/>\n<link rel=\"canonical\" href=\"https:\/\/www.sanmarcohotels.com\/fr\/\" \/>\n<meta property=\"og:locale\" content=\"fr_FR\" \/>\n<meta property=\"og:type\" content=\"article\" \/>\n<meta property=\"og:title\" content=\"San Marco Hotels - San Marco Hotels -\" \/>\n<meta property=\"og:description\" content=\"San Marco Hotels\u00ae accueille ses h\u00f4tes au c\u0153ur authentique de Venise avec une collection d\u2019h\u00f4tels, de r\u00e9sidences et de suites situ\u00e9s entre la Piazza San Marco et le Pont du Rialto.  H\u00f4tels 3 et 4 \u00e9toiles, demeures de charme, appartements ind\u00e9pendants et r\u00e9sidences exclusives : des solutions diff\u00e9rentes r\u00e9unies par une vision commune de l\u2019hospitalit\u00e9, fond\u00e9e sur un emplacement strat\u00e9gique, le soin du d\u00e9tail et un service attentif.  S\u00e9journer avec San Marco Hotels\u00ae signifie vivre Venise depuis son centre le plus embl\u00e9matique, avec la libert\u00e9 de choisir l\u2019exp\u00e9rience la plus adapt\u00e9e \u00e0 son style de voyage.  L\u2019offre est compl\u00e9t\u00e9e par le Ristorante San Marco, \u00e9l\u00e9gante adresse gastronomique \u00e0 quelques pas de la Place ; le Ristorante dei Dogi, lieu d\u00e9di\u00e9 aux \u00e9v\u00e9nements et aux r\u00e9unions ; ainsi que deux caf\u00e9s historiques sur la Piazza San Marco : Caff\u00e8 Eden et Bar Americano..\" \/>\n<meta property=\"og:url\" content=\"https:\/\/www.sanmarcohotels.com\/fr\/\" \/>\n<meta property=\"og:site_name\" content=\"San Marco Hotels\" \/>\n<meta property=\"article:modified_time\" content=\"2026-03-20T11:04:40+00:00\" \/>\n<meta name=\"twitter:card\" content=\"summary_large_image\" \/>\n<meta name=\"twitter:label1\" content=\"Est. reading time\" \/>\n\t<meta name=\"twitter:data1\" content=\"1 minute\" \/>\n<script type=\"application\/ld+json\" class=\"yoast-schema-graph\">{\"@context\":\"https:\/\/schema.org\",\"@graph\":[{\"@type\":\"WebPage\",\"@id\":\"https:\/\/www.sanmarcohotels.com\/fr\/\",\"url\":\"https:\/\/www.sanmarcohotels.com\/fr\/\",\"name\":\"San Marco Hotels - San Marco Hotels -\",\"isPartOf\":{\"@id\":\"https:\/\/www.sanmarcohotels.com\/fr\/#website\"},\"datePublished\":\"2026-03-05T13:49:07+00:00\",\"dateModified\":\"2026-03-20T11:04:40+00:00\",\"description\":\"San Marco Hotels\u00ae accueille ses h\u00f4tes au c\u0153ur authentique de Venise avec une collection d\u2019h\u00f4tels, de r\u00e9sidences et de suites situ\u00e9s entre la Piazza San Marco et le Pont du Rialto. H\u00f4tels 3 et 4 \u00e9toiles, demeures de charme, appartements ind\u00e9pendants et r\u00e9sidences exclusives : des solutions diff\u00e9rentes r\u00e9unies par une vision commune de l\u2019hospitalit\u00e9, fond\u00e9e sur un emplacement strat\u00e9gique, le soin du d\u00e9tail et un service attentif. S\u00e9journer avec San Marco Hotels\u00ae signifie vivre Venise depuis son centre le plus embl\u00e9matique, avec la libert\u00e9 de choisir l\u2019exp\u00e9rience la plus adapt\u00e9e \u00e0 son style de voyage. L\u2019offre est compl\u00e9t\u00e9e par le Ristorante San Marco, \u00e9l\u00e9gante adresse gastronomique \u00e0 quelques pas de la Place ; le Ristorante dei Dogi, lieu d\u00e9di\u00e9 aux \u00e9v\u00e9nements et aux r\u00e9unions ; ainsi que deux caf\u00e9s historiques sur la Piazza San Marco : Caff\u00e8 Eden et Bar Americano..\",\"breadcrumb\":{\"@id\":\"https:\/\/www.sanmarcohotels.com\/fr\/#breadcrumb\"},\"inLanguage\":\"fr-FR\",\"potentialAction\":[{\"@type\":\"ReadAction\",\"target\":[\"https:\/\/www.sanmarcohotels.com\/fr\/\"]}]},{\"@type\":\"BreadcrumbList\",\"@id\":\"https:\/\/www.sanmarcohotels.com\/fr\/#breadcrumb\",\"itemListElement\":[{\"@type\":\"ListItem\",\"position\":1,\"name\":\"Home\",\"item\":\"https:\/\/www.sanmarcohotels.com\/fr\/\"},{\"@type\":\"ListItem\",\"position\":2,\"name\":\"San Marco Hotels\"}]},{\"@type\":\"WebSite\",\"@id\":\"https:\/\/www.sanmarcohotels.com\/fr\/#website\",\"url\":\"https:\/\/www.sanmarcohotels.com\/fr\/\",\"name\":\"San Marco Hotels\",\"description\":\"\",\"publisher\":{\"@id\":\"https:\/\/www.sanmarcohotels.com\/fr\/#organization\"},\"potentialAction\":[{\"@type\":\"SearchAction\",\"target\":{\"@type\":\"EntryPoint\",\"urlTemplate\":\"https:\/\/www.sanmarcohotels.com\/fr\/?s={search_term_string}\"},\"query-input\":{\"@type\":\"PropertyValueSpecification\",\"valueRequired\":true,\"valueName\":\"search_term_string\"}}],\"inLanguage\":\"fr-FR\"},{\"@type\":\"Organization\",\"@id\":\"https:\/\/www.sanmarcohotels.com\/fr\/#organization\",\"name\":\"San Marco Hotels\",\"url\":\"https:\/\/www.sanmarcohotels.com\/fr\/\",\"logo\":{\"@type\":\"ImageObject\",\"inLanguage\":\"fr-FR\",\"@id\":\"https:\/\/www.sanmarcohotels.com\/fr\/#\/schema\/logo\/image\/\",\"url\":\"https:\/\/sanmarcohotels.ms3.decms.eu\/wp-content\/uploads\/sites\/63\/2026\/03\/san_marco_hotels_logo_c.svg\",\"contentUrl\":\"https:\/\/sanmarcohotels.ms3.decms.eu\/wp-content\/uploads\/sites\/63\/2026\/03\/san_marco_hotels_logo_c.svg\",\"width\":802,\"height\":824,\"caption\":\"San Marco Hotels\"},\"image\":{\"@id\":\"https:\/\/www.sanmarcohotels.com\/fr\/#\/schema\/logo\/image\/\"}}]}<\/script>\n<!-- \/ Yoast SEO plugin. -->","yoast_head_json":{"title":"San Marco Hotels - San Marco Hotels -","description":"San Marco Hotels\u00ae accueille ses h\u00f4tes au c\u0153ur authentique de Venise avec une collection d\u2019h\u00f4tels, de r\u00e9sidences et de suites situ\u00e9s entre la Piazza San Marco et le Pont du Rialto.  H\u00f4tels 3 et 4 \u00e9toiles, demeures de charme, appartements ind\u00e9pendants et r\u00e9sidences exclusives : des solutions diff\u00e9rentes r\u00e9unies par une vision commune de l\u2019hospitalit\u00e9, fond\u00e9e sur un emplacement strat\u00e9gique, le soin du d\u00e9tail et un service attentif.  S\u00e9journer avec San Marco Hotels\u00ae signifie vivre Venise depuis son centre le plus embl\u00e9matique, avec la libert\u00e9 de choisir l\u2019exp\u00e9rience la plus adapt\u00e9e \u00e0 son style de voyage.  L\u2019offre est compl\u00e9t\u00e9e par le Ristorante San Marco, \u00e9l\u00e9gante adresse gastronomique \u00e0 quelques pas de la Place ; le Ristorante dei Dogi, lieu d\u00e9di\u00e9 aux \u00e9v\u00e9nements et aux r\u00e9unions ; ainsi que deux caf\u00e9s historiques sur la Piazza San Marco : Caff\u00e8 Eden et Bar Americano..","robots":{"index":"index","follow":"follow","max-snippet":"max-snippet:-1","max-image-preview":"max-image-preview:large","max-video-preview":"max-video-preview:-1"},"canonical":"https:\/\/www.sanmarcohotels.com\/fr\/","og_locale":"fr_FR","og_type":"article","og_title":"San Marco Hotels - San Marco Hotels -","og_description":"San Marco Hotels\u00ae accueille ses h\u00f4tes au c\u0153ur authentique de Venise avec une collection d\u2019h\u00f4tels, de r\u00e9sidences et de suites situ\u00e9s entre la Piazza San Marco et le Pont du Rialto.  H\u00f4tels 3 et 4 \u00e9toiles, demeures de charme, appartements ind\u00e9pendants et r\u00e9sidences exclusives : des solutions diff\u00e9rentes r\u00e9unies par une vision commune de l\u2019hospitalit\u00e9, fond\u00e9e sur un emplacement strat\u00e9gique, le soin du d\u00e9tail et un service attentif.  S\u00e9journer avec San Marco Hotels\u00ae signifie vivre Venise depuis son centre le plus embl\u00e9matique, avec la libert\u00e9 de choisir l\u2019exp\u00e9rience la plus adapt\u00e9e \u00e0 son style de voyage.  L\u2019offre est compl\u00e9t\u00e9e par le Ristorante San Marco, \u00e9l\u00e9gante adresse gastronomique \u00e0 quelques pas de la Place ; le Ristorante dei Dogi, lieu d\u00e9di\u00e9 aux \u00e9v\u00e9nements et aux r\u00e9unions ; ainsi que deux caf\u00e9s historiques sur la Piazza San Marco : Caff\u00e8 Eden et Bar Americano..","og_url":"https:\/\/www.sanmarcohotels.com\/fr\/","og_site_name":"San Marco Hotels","article_modified_time":"2026-03-20T11:04:40+00:00","twitter_card":"summary_large_image","twitter_misc":{"Est. reading time":"1 minute"},"schema":{"@context":"https:\/\/schema.org","@graph":[{"@type":"WebPage","@id":"https:\/\/www.sanmarcohotels.com\/fr\/","url":"https:\/\/www.sanmarcohotels.com\/fr\/","name":"San Marco Hotels - San Marco Hotels -","isPartOf":{"@id":"https:\/\/www.sanmarcohotels.com\/fr\/#website"},"datePublished":"2026-03-05T13:49:07+00:00","dateModified":"2026-03-20T11:04:40+00:00","description":"San Marco Hotels\u00ae accueille ses h\u00f4tes au c\u0153ur authentique de Venise avec une collection d\u2019h\u00f4tels, de r\u00e9sidences et de suites situ\u00e9s entre la Piazza San Marco et le Pont du Rialto. H\u00f4tels 3 et 4 \u00e9toiles, demeures de charme, appartements ind\u00e9pendants et r\u00e9sidences exclusives : des solutions diff\u00e9rentes r\u00e9unies par une vision commune de l\u2019hospitalit\u00e9, fond\u00e9e sur un emplacement strat\u00e9gique, le soin du d\u00e9tail et un service attentif. S\u00e9journer avec San Marco Hotels\u00ae signifie vivre Venise depuis son centre le plus embl\u00e9matique, avec la libert\u00e9 de choisir l\u2019exp\u00e9rience la plus adapt\u00e9e \u00e0 son style de voyage. L\u2019offre est compl\u00e9t\u00e9e par le Ristorante San Marco, \u00e9l\u00e9gante adresse gastronomique \u00e0 quelques pas de la Place ; le Ristorante dei Dogi, lieu d\u00e9di\u00e9 aux \u00e9v\u00e9nements et aux r\u00e9unions ; ainsi que deux caf\u00e9s historiques sur la Piazza San Marco : Caff\u00e8 Eden et Bar Americano..","breadcrumb":{"@id":"https:\/\/www.sanmarcohotels.com\/fr\/#breadcrumb"},"inLanguage":"fr-FR","potentialAction":[{"@type":"ReadAction","target":["https:\/\/www.sanmarcohotels.com\/fr\/"]}]},{"@type":"BreadcrumbList","@id":"https:\/\/www.sanmarcohotels.com\/fr\/#breadcrumb","itemListElement":[{"@type":"ListItem","position":1,"name":"Home","item":"https:\/\/www.sanmarcohotels.com\/fr\/"},{"@type":"ListItem","position":2,"name":"San Marco Hotels"}]},{"@type":"WebSite","@id":"https:\/\/www.sanmarcohotels.com\/fr\/#website","url":"https:\/\/www.sanmarcohotels.com\/fr\/","name":"San Marco Hotels","description":"","publisher":{"@id":"https:\/\/www.sanmarcohotels.com\/fr\/#organization"},"potentialAction":[{"@type":"SearchAction","target":{"@type":"EntryPoint","urlTemplate":"https:\/\/www.sanmarcohotels.com\/fr\/?s={search_term_string}"},"query-input":{"@type":"PropertyValueSpecification","valueRequired":true,"valueName":"search_term_string"}}],"inLanguage":"fr-FR"},{"@type":"Organization","@id":"https:\/\/www.sanmarcohotels.com\/fr\/#organization","name":"San Marco Hotels","url":"https:\/\/www.sanmarcohotels.com\/fr\/","logo":{"@type":"ImageObject","inLanguage":"fr-FR","@id":"https:\/\/www.sanmarcohotels.com\/fr\/#\/schema\/logo\/image\/","url":"https:\/\/sanmarcohotels.ms3.decms.eu\/wp-content\/uploads\/sites\/63\/2026\/03\/san_marco_hotels_logo_c.svg","contentUrl":"https:\/\/sanmarcohotels.ms3.decms.eu\/wp-content\/uploads\/sites\/63\/2026\/03\/san_marco_hotels_logo_c.svg","width":802,"height":824,"caption":"San Marco Hotels"},"image":{"@id":"https:\/\/www.sanmarcohotels.com\/fr\/#\/schema\/logo\/image\/"}}]}},"acf":[],"_links":{"self":[{"href":"https:\/\/www.sanmarcohotels.com\/fr\/wp-json\/wp\/v2\/pages\/52","targetHints":{"allow":["GET"]}}],"collection":[{"href":"https:\/\/www.sanmarcohotels.com\/fr\/wp-json\/wp\/v2\/pages"}],"about":[{"href":"https:\/\/www.sanmarcohotels.com\/fr\/wp-json\/wp\/v2\/types\/page"}],"author":[{"embeddable":true,"href":"https:\/\/www.sanmarcohotels.com\/fr\/wp-json\/wp\/v2\/users\/6"}],"replies":[{"embeddable":true,"href":"https:\/\/www.sanmarcohotels.com\/fr\/wp-json\/wp\/v2\/comments?post=52"}],"version-history":[{"count":0,"href":"https:\/\/www.sanmarcohotels.com\/fr\/wp-json\/wp\/v2\/pages\/52\/revisions"}],"wp:attachment":[{"href":"https:\/\/www.sanmarcohotels.com\/fr\/wp-json\/wp\/v2\/media?parent=52"}],"curies":[{"name":"wp","href":"https:\/\/api.w.org\/{rel}","templated":true}]}}