{"id":57,"date":"2026-03-05T15:02:04","date_gmt":"2026-03-05T15:02:04","guid":{"rendered":"https:\/\/sanmarcohotels.ms3.decms.eu\/?page_id=57"},"modified":"2026-03-06T13:48:12","modified_gmt":"2026-03-06T13:48:12","slug":"nos-proprietes","status":"publish","type":"page","link":"https:\/\/www.sanmarcohotels.com\/fr\/nos-proprietes\/","title":{"rendered":"Nos propri\u00e9t\u00e9s"},"content":{"rendered":"<p>Qu\u2019il s\u2019agisse d\u2019un week-end romantique, d\u2019un s\u00e9jour culturel ou de vacances en famille, les \u00e9tablissements San Marco Hotels\u00ae proposent des chambres, suites et appartements dans le centre historique de Venise.<\/p>\n<p>Vues sur le Campanile de Saint-Marc, panoramas sur les toits v\u00e9nitiens, aper\u00e7us sur des canaux pittoresques ou sur le Pont du Rialto : chaque propri\u00e9t\u00e9 conserve sa propre identit\u00e9 tout en garantissant confort, centralit\u00e9 et accueil professionnel.<\/p>\n","protected":false},"excerpt":{"rendered":"<p>Qu\u2019il s\u2019agisse d\u2019un week-end romantique, d\u2019un s\u00e9jour culturel ou de vacances en famille, les \u00e9tablissements San Marco Hotels\u00ae proposent des chambres, suites et appartements dans le centre historique de Venise. Vues sur le Campanile de Saint-Marc, panoramas sur les toits v\u00e9nitiens, aper\u00e7us sur des canaux pittoresques ou sur le Pont du Rialto : chaque propri\u00e9t\u00e9 [&hellip;]<\/p>\n","protected":false},"author":6,"featured_media":0,"parent":0,"menu_order":20,"comment_status":"closed","ping_status":"closed","template":"template-hotels.php","meta":{"footnotes":""},"class_list":["post-57","page","type-page","status-publish","hentry"],"yoast_head":"<!-- This site is optimized with the Yoast SEO plugin v26.9 - https:\/\/yoast.com\/product\/yoast-seo-wordpress\/ -->\n<title>Nos propri\u00e9t\u00e9s - San Marco Hotels -<\/title>\n<meta name=\"description\" content=\"Qu\u2019il s\u2019agisse d\u2019un week-end romantique, d\u2019un s\u00e9jour culturel ou de vacances en famille, les \u00e9tablissements San Marco Hotels\u00ae proposent des chambres, suites et appartements dans le centre historique de Venise.  Vues sur le Campanile de Saint-Marc, panoramas sur les toits v\u00e9nitiens, aper\u00e7us sur des canaux pittoresques ou sur le Pont du Rialto : chaque propri\u00e9t\u00e9 conserve sa propre identit\u00e9 tout en garantissant confort, centralit\u00e9 et accueil professionnel..\" \/>\n<meta name=\"robots\" content=\"index, follow, max-snippet:-1, max-image-preview:large, max-video-preview:-1\" \/>\n<link rel=\"canonical\" href=\"https:\/\/www.sanmarcohotels.com\/fr\/nos-proprietes\/\" \/>\n<meta property=\"og:locale\" content=\"fr_FR\" \/>\n<meta property=\"og:type\" content=\"article\" \/>\n<meta property=\"og:title\" content=\"Nos propri\u00e9t\u00e9s - San Marco Hotels -\" \/>\n<meta property=\"og:description\" content=\"Qu\u2019il s\u2019agisse d\u2019un week-end romantique, d\u2019un s\u00e9jour culturel ou de vacances en famille, les \u00e9tablissements San Marco Hotels\u00ae proposent des chambres, suites et appartements dans le centre historique de Venise.  Vues sur le Campanile de Saint-Marc, panoramas sur les toits v\u00e9nitiens, aper\u00e7us sur des canaux pittoresques ou sur le Pont du Rialto : chaque propri\u00e9t\u00e9 conserve sa propre identit\u00e9 tout en garantissant confort, centralit\u00e9 et accueil professionnel..\" \/>\n<meta property=\"og:url\" content=\"https:\/\/www.sanmarcohotels.com\/fr\/nos-proprietes\/\" \/>\n<meta property=\"og:site_name\" content=\"San Marco Hotels\" \/>\n<meta property=\"article:modified_time\" content=\"2026-03-06T13:48:12+00:00\" \/>\n<meta name=\"twitter:card\" content=\"summary_large_image\" \/>\n<meta name=\"twitter:label1\" content=\"Est. reading time\" \/>\n\t<meta name=\"twitter:data1\" content=\"1 minute\" \/>\n<script type=\"application\/ld+json\" class=\"yoast-schema-graph\">{\"@context\":\"https:\/\/schema.org\",\"@graph\":[{\"@type\":\"WebPage\",\"@id\":\"https:\/\/www.sanmarcohotels.com\/fr\/nos-proprietes\/\",\"url\":\"https:\/\/www.sanmarcohotels.com\/fr\/nos-proprietes\/\",\"name\":\"Nos propri\u00e9t\u00e9s - San Marco Hotels -\",\"isPartOf\":{\"@id\":\"https:\/\/www.sanmarcohotels.com\/fr\/#website\"},\"datePublished\":\"2026-03-05T15:02:04+00:00\",\"dateModified\":\"2026-03-06T13:48:12+00:00\",\"description\":\"Qu\u2019il s\u2019agisse d\u2019un week-end romantique, d\u2019un s\u00e9jour culturel ou de vacances en famille, les \u00e9tablissements San Marco Hotels\u00ae proposent des chambres, suites et appartements dans le centre historique de Venise. Vues sur le Campanile de Saint-Marc, panoramas sur les toits v\u00e9nitiens, aper\u00e7us sur des canaux pittoresques ou sur le Pont du Rialto : chaque propri\u00e9t\u00e9 conserve sa propre identit\u00e9 tout en garantissant confort, centralit\u00e9 et accueil professionnel..\",\"breadcrumb\":{\"@id\":\"https:\/\/www.sanmarcohotels.com\/fr\/nos-proprietes\/#breadcrumb\"},\"inLanguage\":\"fr-FR\",\"potentialAction\":[{\"@type\":\"ReadAction\",\"target\":[\"https:\/\/www.sanmarcohotels.com\/fr\/nos-proprietes\/\"]}]},{\"@type\":\"BreadcrumbList\",\"@id\":\"https:\/\/www.sanmarcohotels.com\/fr\/nos-proprietes\/#breadcrumb\",\"itemListElement\":[{\"@type\":\"ListItem\",\"position\":1,\"name\":\"Home\",\"item\":\"https:\/\/www.sanmarcohotels.com\/fr\/\"},{\"@type\":\"ListItem\",\"position\":2,\"name\":\"Nos propri\u00e9t\u00e9s\"}]},{\"@type\":\"WebSite\",\"@id\":\"https:\/\/www.sanmarcohotels.com\/fr\/#website\",\"url\":\"https:\/\/www.sanmarcohotels.com\/fr\/\",\"name\":\"San Marco Hotels\",\"description\":\"\",\"publisher\":{\"@id\":\"https:\/\/www.sanmarcohotels.com\/fr\/#organization\"},\"potentialAction\":[{\"@type\":\"SearchAction\",\"target\":{\"@type\":\"EntryPoint\",\"urlTemplate\":\"https:\/\/www.sanmarcohotels.com\/fr\/?s={search_term_string}\"},\"query-input\":{\"@type\":\"PropertyValueSpecification\",\"valueRequired\":true,\"valueName\":\"search_term_string\"}}],\"inLanguage\":\"fr-FR\"},{\"@type\":\"Organization\",\"@id\":\"https:\/\/www.sanmarcohotels.com\/fr\/#organization\",\"name\":\"San Marco Hotels\",\"url\":\"https:\/\/www.sanmarcohotels.com\/fr\/\",\"logo\":{\"@type\":\"ImageObject\",\"inLanguage\":\"fr-FR\",\"@id\":\"https:\/\/www.sanmarcohotels.com\/fr\/#\/schema\/logo\/image\/\",\"url\":\"https:\/\/sanmarcohotels.ms3.decms.eu\/wp-content\/uploads\/sites\/63\/2026\/03\/san_marco_hotels_logo_c.svg\",\"contentUrl\":\"https:\/\/sanmarcohotels.ms3.decms.eu\/wp-content\/uploads\/sites\/63\/2026\/03\/san_marco_hotels_logo_c.svg\",\"width\":802,\"height\":824,\"caption\":\"San Marco Hotels\"},\"image\":{\"@id\":\"https:\/\/www.sanmarcohotels.com\/fr\/#\/schema\/logo\/image\/\"}}]}<\/script>\n<!-- \/ Yoast SEO plugin. -->","yoast_head_json":{"title":"Nos propri\u00e9t\u00e9s - San Marco Hotels -","description":"Qu\u2019il s\u2019agisse d\u2019un week-end romantique, d\u2019un s\u00e9jour culturel ou de vacances en famille, les \u00e9tablissements San Marco Hotels\u00ae proposent des chambres, suites et appartements dans le centre historique de Venise.  Vues sur le Campanile de Saint-Marc, panoramas sur les toits v\u00e9nitiens, aper\u00e7us sur des canaux pittoresques ou sur le Pont du Rialto : chaque propri\u00e9t\u00e9 conserve sa propre identit\u00e9 tout en garantissant confort, centralit\u00e9 et accueil professionnel..","robots":{"index":"index","follow":"follow","max-snippet":"max-snippet:-1","max-image-preview":"max-image-preview:large","max-video-preview":"max-video-preview:-1"},"canonical":"https:\/\/www.sanmarcohotels.com\/fr\/nos-proprietes\/","og_locale":"fr_FR","og_type":"article","og_title":"Nos propri\u00e9t\u00e9s - San Marco Hotels -","og_description":"Qu\u2019il s\u2019agisse d\u2019un week-end romantique, d\u2019un s\u00e9jour culturel ou de vacances en famille, les \u00e9tablissements San Marco Hotels\u00ae proposent des chambres, suites et appartements dans le centre historique de Venise.  Vues sur le Campanile de Saint-Marc, panoramas sur les toits v\u00e9nitiens, aper\u00e7us sur des canaux pittoresques ou sur le Pont du Rialto : chaque propri\u00e9t\u00e9 conserve sa propre identit\u00e9 tout en garantissant confort, centralit\u00e9 et accueil professionnel..","og_url":"https:\/\/www.sanmarcohotels.com\/fr\/nos-proprietes\/","og_site_name":"San Marco Hotels","article_modified_time":"2026-03-06T13:48:12+00:00","twitter_card":"summary_large_image","twitter_misc":{"Est. reading time":"1 minute"},"schema":{"@context":"https:\/\/schema.org","@graph":[{"@type":"WebPage","@id":"https:\/\/www.sanmarcohotels.com\/fr\/nos-proprietes\/","url":"https:\/\/www.sanmarcohotels.com\/fr\/nos-proprietes\/","name":"Nos propri\u00e9t\u00e9s - San Marco Hotels -","isPartOf":{"@id":"https:\/\/www.sanmarcohotels.com\/fr\/#website"},"datePublished":"2026-03-05T15:02:04+00:00","dateModified":"2026-03-06T13:48:12+00:00","description":"Qu\u2019il s\u2019agisse d\u2019un week-end romantique, d\u2019un s\u00e9jour culturel ou de vacances en famille, les \u00e9tablissements San Marco Hotels\u00ae proposent des chambres, suites et appartements dans le centre historique de Venise. Vues sur le Campanile de Saint-Marc, panoramas sur les toits v\u00e9nitiens, aper\u00e7us sur des canaux pittoresques ou sur le Pont du Rialto : chaque propri\u00e9t\u00e9 conserve sa propre identit\u00e9 tout en garantissant confort, centralit\u00e9 et accueil professionnel..","breadcrumb":{"@id":"https:\/\/www.sanmarcohotels.com\/fr\/nos-proprietes\/#breadcrumb"},"inLanguage":"fr-FR","potentialAction":[{"@type":"ReadAction","target":["https:\/\/www.sanmarcohotels.com\/fr\/nos-proprietes\/"]}]},{"@type":"BreadcrumbList","@id":"https:\/\/www.sanmarcohotels.com\/fr\/nos-proprietes\/#breadcrumb","itemListElement":[{"@type":"ListItem","position":1,"name":"Home","item":"https:\/\/www.sanmarcohotels.com\/fr\/"},{"@type":"ListItem","position":2,"name":"Nos propri\u00e9t\u00e9s"}]},{"@type":"WebSite","@id":"https:\/\/www.sanmarcohotels.com\/fr\/#website","url":"https:\/\/www.sanmarcohotels.com\/fr\/","name":"San Marco Hotels","description":"","publisher":{"@id":"https:\/\/www.sanmarcohotels.com\/fr\/#organization"},"potentialAction":[{"@type":"SearchAction","target":{"@type":"EntryPoint","urlTemplate":"https:\/\/www.sanmarcohotels.com\/fr\/?s={search_term_string}"},"query-input":{"@type":"PropertyValueSpecification","valueRequired":true,"valueName":"search_term_string"}}],"inLanguage":"fr-FR"},{"@type":"Organization","@id":"https:\/\/www.sanmarcohotels.com\/fr\/#organization","name":"San Marco Hotels","url":"https:\/\/www.sanmarcohotels.com\/fr\/","logo":{"@type":"ImageObject","inLanguage":"fr-FR","@id":"https:\/\/www.sanmarcohotels.com\/fr\/#\/schema\/logo\/image\/","url":"https:\/\/sanmarcohotels.ms3.decms.eu\/wp-content\/uploads\/sites\/63\/2026\/03\/san_marco_hotels_logo_c.svg","contentUrl":"https:\/\/sanmarcohotels.ms3.decms.eu\/wp-content\/uploads\/sites\/63\/2026\/03\/san_marco_hotels_logo_c.svg","width":802,"height":824,"caption":"San Marco Hotels"},"image":{"@id":"https:\/\/www.sanmarcohotels.com\/fr\/#\/schema\/logo\/image\/"}}]}},"acf":[],"_links":{"self":[{"href":"https:\/\/www.sanmarcohotels.com\/fr\/wp-json\/wp\/v2\/pages\/57","targetHints":{"allow":["GET"]}}],"collection":[{"href":"https:\/\/www.sanmarcohotels.com\/fr\/wp-json\/wp\/v2\/pages"}],"about":[{"href":"https:\/\/www.sanmarcohotels.com\/fr\/wp-json\/wp\/v2\/types\/page"}],"author":[{"embeddable":true,"href":"https:\/\/www.sanmarcohotels.com\/fr\/wp-json\/wp\/v2\/users\/6"}],"replies":[{"embeddable":true,"href":"https:\/\/www.sanmarcohotels.com\/fr\/wp-json\/wp\/v2\/comments?post=57"}],"version-history":[{"count":0,"href":"https:\/\/www.sanmarcohotels.com\/fr\/wp-json\/wp\/v2\/pages\/57\/revisions"}],"wp:attachment":[{"href":"https:\/\/www.sanmarcohotels.com\/fr\/wp-json\/wp\/v2\/media?parent=57"}],"curies":[{"name":"wp","href":"https:\/\/api.w.org\/{rel}","templated":true}]}}