{"id":62,"date":"2026-03-05T15:03:15","date_gmt":"2026-03-05T15:03:15","guid":{"rendered":"https:\/\/sanmarcohotels.ms3.decms.eu\/?page_id=62"},"modified":"2026-03-18T15:27:52","modified_gmt":"2026-03-18T15:27:52","slug":"restaurants-bar","status":"publish","type":"page","link":"https:\/\/www.sanmarcohotels.com\/fr\/restaurants-bar\/","title":{"rendered":"Restaurants &#038; Bar"},"content":{"rendered":"<p>Sublimez votre s\u00e9jour avec l&rsquo;offre culinaire de San Marco Hotels\u00ae : des saveurs raffin\u00e9es de notre restaurant d&rsquo;exception aux caf\u00e9s historiques surplombant la place Saint-Marc, en passant par des lieux exclusifs pour vos \u00e9v\u00e9nements priv\u00e9s. Quatre adresses uniques o\u00f9 la tradition v\u00e9nitienne e le service impeccable s&rsquo;unissent per vous offrir des moments inoubliables, \u00e0 deux pas des monuments les plus embl\u00e9matiques de la ville.<\/p>\n","protected":false},"excerpt":{"rendered":"<p>Sublimez votre s\u00e9jour avec l&rsquo;offre culinaire de San Marco Hotels\u00ae : des saveurs raffin\u00e9es de notre restaurant d&rsquo;exception aux caf\u00e9s historiques surplombant la place Saint-Marc, en passant par des lieux exclusifs pour vos \u00e9v\u00e9nements priv\u00e9s. Quatre adresses uniques o\u00f9 la tradition v\u00e9nitienne e le service impeccable s&rsquo;unissent per vous offrir des moments inoubliables, \u00e0 deux [&hellip;]<\/p>\n","protected":false},"author":6,"featured_media":0,"parent":0,"menu_order":30,"comment_status":"closed","ping_status":"closed","template":"template-restaurants.php","meta":{"footnotes":""},"class_list":["post-62","page","type-page","status-publish","hentry"],"yoast_head":"<!-- This site is optimized with the Yoast SEO plugin v26.9 - https:\/\/yoast.com\/product\/yoast-seo-wordpress\/ -->\n<title>Restaurants &amp; Bar - San Marco Hotels -<\/title>\n<meta name=\"description\" content=\"Sublimez votre s\u00e9jour avec l&#039;offre culinaire de San Marco Hotels\u00ae : des saveurs raffin\u00e9es de notre restaurant d&#039;exception aux caf\u00e9s historiques surplombant la place Saint-Marc, en passant par des lieux exclusifs pour vos \u00e9v\u00e9nements priv\u00e9s. Quatre adresses uniques o\u00f9 la tradition v\u00e9nitienne e le service impeccable s&#039;unissent per vous offrir des moments inoubliables, \u00e0 deux pas des monuments les plus embl\u00e9matiques de la ville.\" \/>\n<meta name=\"robots\" content=\"index, follow, max-snippet:-1, max-image-preview:large, max-video-preview:-1\" \/>\n<link rel=\"canonical\" href=\"https:\/\/www.sanmarcohotels.com\/fr\/restaurants-bar\/\" \/>\n<meta property=\"og:locale\" content=\"fr_FR\" \/>\n<meta property=\"og:type\" content=\"article\" \/>\n<meta property=\"og:title\" content=\"Restaurants &amp; Bar - San Marco Hotels -\" \/>\n<meta property=\"og:description\" content=\"Sublimez votre s\u00e9jour avec l&#039;offre culinaire de San Marco Hotels\u00ae : des saveurs raffin\u00e9es de notre restaurant d&#039;exception aux caf\u00e9s historiques surplombant la place Saint-Marc, en passant par des lieux exclusifs pour vos \u00e9v\u00e9nements priv\u00e9s. Quatre adresses uniques o\u00f9 la tradition v\u00e9nitienne e le service impeccable s&#039;unissent per vous offrir des moments inoubliables, \u00e0 deux pas des monuments les plus embl\u00e9matiques de la ville.\" \/>\n<meta property=\"og:url\" content=\"https:\/\/www.sanmarcohotels.com\/fr\/restaurants-bar\/\" \/>\n<meta property=\"og:site_name\" content=\"San Marco Hotels\" \/>\n<meta property=\"article:modified_time\" content=\"2026-03-18T15:27:52+00:00\" \/>\n<meta name=\"twitter:card\" content=\"summary_large_image\" \/>\n<meta name=\"twitter:label1\" content=\"Est. reading time\" \/>\n\t<meta name=\"twitter:data1\" content=\"1 minute\" \/>\n<script type=\"application\/ld+json\" class=\"yoast-schema-graph\">{\"@context\":\"https:\/\/schema.org\",\"@graph\":[{\"@type\":\"WebPage\",\"@id\":\"https:\/\/www.sanmarcohotels.com\/fr\/restaurants-bar\/\",\"url\":\"https:\/\/www.sanmarcohotels.com\/fr\/restaurants-bar\/\",\"name\":\"Restaurants & Bar - San Marco Hotels -\",\"isPartOf\":{\"@id\":\"https:\/\/www.sanmarcohotels.com\/fr\/#website\"},\"datePublished\":\"2026-03-05T15:03:15+00:00\",\"dateModified\":\"2026-03-18T15:27:52+00:00\",\"description\":\"Sublimez votre s\u00e9jour avec l'offre culinaire de San Marco Hotels\u00ae : des saveurs raffin\u00e9es de notre restaurant d'exception aux caf\u00e9s historiques surplombant la place Saint-Marc, en passant par des lieux exclusifs pour vos \u00e9v\u00e9nements priv\u00e9s. Quatre adresses uniques o\u00f9 la tradition v\u00e9nitienne e le service impeccable s'unissent per vous offrir des moments inoubliables, \u00e0 deux pas des monuments les plus embl\u00e9matiques de la ville.\",\"breadcrumb\":{\"@id\":\"https:\/\/www.sanmarcohotels.com\/fr\/restaurants-bar\/#breadcrumb\"},\"inLanguage\":\"fr-FR\",\"potentialAction\":[{\"@type\":\"ReadAction\",\"target\":[\"https:\/\/www.sanmarcohotels.com\/fr\/restaurants-bar\/\"]}]},{\"@type\":\"BreadcrumbList\",\"@id\":\"https:\/\/www.sanmarcohotels.com\/fr\/restaurants-bar\/#breadcrumb\",\"itemListElement\":[{\"@type\":\"ListItem\",\"position\":1,\"name\":\"Home\",\"item\":\"https:\/\/www.sanmarcohotels.com\/fr\/\"},{\"@type\":\"ListItem\",\"position\":2,\"name\":\"Restaurants &#038; Bar\"}]},{\"@type\":\"WebSite\",\"@id\":\"https:\/\/www.sanmarcohotels.com\/fr\/#website\",\"url\":\"https:\/\/www.sanmarcohotels.com\/fr\/\",\"name\":\"San Marco Hotels\",\"description\":\"\",\"publisher\":{\"@id\":\"https:\/\/www.sanmarcohotels.com\/fr\/#organization\"},\"potentialAction\":[{\"@type\":\"SearchAction\",\"target\":{\"@type\":\"EntryPoint\",\"urlTemplate\":\"https:\/\/www.sanmarcohotels.com\/fr\/?s={search_term_string}\"},\"query-input\":{\"@type\":\"PropertyValueSpecification\",\"valueRequired\":true,\"valueName\":\"search_term_string\"}}],\"inLanguage\":\"fr-FR\"},{\"@type\":\"Organization\",\"@id\":\"https:\/\/www.sanmarcohotels.com\/fr\/#organization\",\"name\":\"San Marco Hotels\",\"url\":\"https:\/\/www.sanmarcohotels.com\/fr\/\",\"logo\":{\"@type\":\"ImageObject\",\"inLanguage\":\"fr-FR\",\"@id\":\"https:\/\/www.sanmarcohotels.com\/fr\/#\/schema\/logo\/image\/\",\"url\":\"https:\/\/sanmarcohotels.ms3.decms.eu\/wp-content\/uploads\/sites\/63\/2026\/03\/san_marco_hotels_logo_c.svg\",\"contentUrl\":\"https:\/\/sanmarcohotels.ms3.decms.eu\/wp-content\/uploads\/sites\/63\/2026\/03\/san_marco_hotels_logo_c.svg\",\"width\":802,\"height\":824,\"caption\":\"San Marco Hotels\"},\"image\":{\"@id\":\"https:\/\/www.sanmarcohotels.com\/fr\/#\/schema\/logo\/image\/\"}}]}<\/script>\n<!-- \/ Yoast SEO plugin. -->","yoast_head_json":{"title":"Restaurants & Bar - San Marco Hotels -","description":"Sublimez votre s\u00e9jour avec l'offre culinaire de San Marco Hotels\u00ae : des saveurs raffin\u00e9es de notre restaurant d'exception aux caf\u00e9s historiques surplombant la place Saint-Marc, en passant par des lieux exclusifs pour vos \u00e9v\u00e9nements priv\u00e9s. Quatre adresses uniques o\u00f9 la tradition v\u00e9nitienne e le service impeccable s'unissent per vous offrir des moments inoubliables, \u00e0 deux pas des monuments les plus embl\u00e9matiques de la ville.","robots":{"index":"index","follow":"follow","max-snippet":"max-snippet:-1","max-image-preview":"max-image-preview:large","max-video-preview":"max-video-preview:-1"},"canonical":"https:\/\/www.sanmarcohotels.com\/fr\/restaurants-bar\/","og_locale":"fr_FR","og_type":"article","og_title":"Restaurants & Bar - San Marco Hotels -","og_description":"Sublimez votre s\u00e9jour avec l'offre culinaire de San Marco Hotels\u00ae : des saveurs raffin\u00e9es de notre restaurant d'exception aux caf\u00e9s historiques surplombant la place Saint-Marc, en passant par des lieux exclusifs pour vos \u00e9v\u00e9nements priv\u00e9s. Quatre adresses uniques o\u00f9 la tradition v\u00e9nitienne e le service impeccable s'unissent per vous offrir des moments inoubliables, \u00e0 deux pas des monuments les plus embl\u00e9matiques de la ville.","og_url":"https:\/\/www.sanmarcohotels.com\/fr\/restaurants-bar\/","og_site_name":"San Marco Hotels","article_modified_time":"2026-03-18T15:27:52+00:00","twitter_card":"summary_large_image","twitter_misc":{"Est. reading time":"1 minute"},"schema":{"@context":"https:\/\/schema.org","@graph":[{"@type":"WebPage","@id":"https:\/\/www.sanmarcohotels.com\/fr\/restaurants-bar\/","url":"https:\/\/www.sanmarcohotels.com\/fr\/restaurants-bar\/","name":"Restaurants & Bar - San Marco Hotels -","isPartOf":{"@id":"https:\/\/www.sanmarcohotels.com\/fr\/#website"},"datePublished":"2026-03-05T15:03:15+00:00","dateModified":"2026-03-18T15:27:52+00:00","description":"Sublimez votre s\u00e9jour avec l'offre culinaire de San Marco Hotels\u00ae : des saveurs raffin\u00e9es de notre restaurant d'exception aux caf\u00e9s historiques surplombant la place Saint-Marc, en passant par des lieux exclusifs pour vos \u00e9v\u00e9nements priv\u00e9s. Quatre adresses uniques o\u00f9 la tradition v\u00e9nitienne e le service impeccable s'unissent per vous offrir des moments inoubliables, \u00e0 deux pas des monuments les plus embl\u00e9matiques de la ville.","breadcrumb":{"@id":"https:\/\/www.sanmarcohotels.com\/fr\/restaurants-bar\/#breadcrumb"},"inLanguage":"fr-FR","potentialAction":[{"@type":"ReadAction","target":["https:\/\/www.sanmarcohotels.com\/fr\/restaurants-bar\/"]}]},{"@type":"BreadcrumbList","@id":"https:\/\/www.sanmarcohotels.com\/fr\/restaurants-bar\/#breadcrumb","itemListElement":[{"@type":"ListItem","position":1,"name":"Home","item":"https:\/\/www.sanmarcohotels.com\/fr\/"},{"@type":"ListItem","position":2,"name":"Restaurants &#038; Bar"}]},{"@type":"WebSite","@id":"https:\/\/www.sanmarcohotels.com\/fr\/#website","url":"https:\/\/www.sanmarcohotels.com\/fr\/","name":"San Marco Hotels","description":"","publisher":{"@id":"https:\/\/www.sanmarcohotels.com\/fr\/#organization"},"potentialAction":[{"@type":"SearchAction","target":{"@type":"EntryPoint","urlTemplate":"https:\/\/www.sanmarcohotels.com\/fr\/?s={search_term_string}"},"query-input":{"@type":"PropertyValueSpecification","valueRequired":true,"valueName":"search_term_string"}}],"inLanguage":"fr-FR"},{"@type":"Organization","@id":"https:\/\/www.sanmarcohotels.com\/fr\/#organization","name":"San Marco Hotels","url":"https:\/\/www.sanmarcohotels.com\/fr\/","logo":{"@type":"ImageObject","inLanguage":"fr-FR","@id":"https:\/\/www.sanmarcohotels.com\/fr\/#\/schema\/logo\/image\/","url":"https:\/\/sanmarcohotels.ms3.decms.eu\/wp-content\/uploads\/sites\/63\/2026\/03\/san_marco_hotels_logo_c.svg","contentUrl":"https:\/\/sanmarcohotels.ms3.decms.eu\/wp-content\/uploads\/sites\/63\/2026\/03\/san_marco_hotels_logo_c.svg","width":802,"height":824,"caption":"San Marco Hotels"},"image":{"@id":"https:\/\/www.sanmarcohotels.com\/fr\/#\/schema\/logo\/image\/"}}]}},"acf":[],"_links":{"self":[{"href":"https:\/\/www.sanmarcohotels.com\/fr\/wp-json\/wp\/v2\/pages\/62","targetHints":{"allow":["GET"]}}],"collection":[{"href":"https:\/\/www.sanmarcohotels.com\/fr\/wp-json\/wp\/v2\/pages"}],"about":[{"href":"https:\/\/www.sanmarcohotels.com\/fr\/wp-json\/wp\/v2\/types\/page"}],"author":[{"embeddable":true,"href":"https:\/\/www.sanmarcohotels.com\/fr\/wp-json\/wp\/v2\/users\/6"}],"replies":[{"embeddable":true,"href":"https:\/\/www.sanmarcohotels.com\/fr\/wp-json\/wp\/v2\/comments?post=62"}],"version-history":[{"count":0,"href":"https:\/\/www.sanmarcohotels.com\/fr\/wp-json\/wp\/v2\/pages\/62\/revisions"}],"wp:attachment":[{"href":"https:\/\/www.sanmarcohotels.com\/fr\/wp-json\/wp\/v2\/media?parent=62"}],"curies":[{"name":"wp","href":"https:\/\/api.w.org\/{rel}","templated":true}]}}