{"id":68,"date":"2026-03-05T15:21:35","date_gmt":"2026-03-05T15:21:35","guid":{"rendered":"https:\/\/sanmarcohotels.ms3.decms.eu\/?page_id=68"},"modified":"2026-03-19T15:16:26","modified_gmt":"2026-03-19T15:16:26","slug":"ristorante-san-marco","status":"publish","type":"page","link":"https:\/\/www.sanmarcohotels.com\/fr\/restaurants-bar\/ristorante-san-marco\/","title":{"rendered":"Ristorante San Marco"},"content":{"rendered":"<p>Situ\u00e9 \u00e0 deux pas de l&#8217;embl\u00e9matique Ponte dei Dai, le Ristorante San Marco \u00e8st un temple de la cuisine v\u00e9nitienne contemporaine. Ici, l\u2019h\u00e9ritage culinaire local rencontre des techniques modernes et des ingr\u00e9dients de saison rigoureusement s\u00e9lectionn\u00e9s. Qu&rsquo;il s&rsquo;agisse d&rsquo;un d\u00eener romantique ou d&rsquo;un toast exclusif, l\u2019ambiance raffin\u00e9e et le service impeccable offrent un refuge de classe au c\u0153ur battant de Venise.<\/p>\n","protected":false},"excerpt":{"rendered":"<p>Situ\u00e9 \u00e0 deux pas de l&#8217;embl\u00e9matique Ponte dei Dai, le Ristorante San Marco \u00e8st un temple de la cuisine v\u00e9nitienne contemporaine. Ici, l\u2019h\u00e9ritage culinaire local rencontre des techniques modernes et des ingr\u00e9dients de saison rigoureusement s\u00e9lectionn\u00e9s. Qu&rsquo;il s&rsquo;agisse d&rsquo;un d\u00eener romantique ou d&rsquo;un toast exclusif, l\u2019ambiance raffin\u00e9e et le service impeccable offrent un refuge de [&hellip;]<\/p>\n","protected":false},"author":6,"featured_media":0,"parent":62,"menu_order":10,"comment_status":"closed","ping_status":"closed","template":"template-single-restaurant.php","meta":{"footnotes":""},"class_list":["post-68","page","type-page","status-publish","hentry"],"yoast_head":"<!-- This site is optimized with the Yoast SEO plugin v26.9 - https:\/\/yoast.com\/product\/yoast-seo-wordpress\/ -->\n<title>Ristorante San Marco - San Marco Hotels -<\/title>\n<meta name=\"description\" content=\"Situ\u00e9 \u00e0 deux pas de l&#039;embl\u00e9matique Ponte dei Dai, le Ristorante San Marco \u00e8st un temple de la cuisine v\u00e9nitienne contemporaine. Ici, l\u2019h\u00e9ritage culinaire local rencontre des techniques modernes et des ingr\u00e9dients de saison rigoureusement s\u00e9lectionn\u00e9s\" \/>\n<meta name=\"robots\" content=\"index, follow, max-snippet:-1, max-image-preview:large, max-video-preview:-1\" \/>\n<link rel=\"canonical\" href=\"https:\/\/www.sanmarcohotels.com\/fr\/restaurants-bar\/ristorante-san-marco\/\" \/>\n<meta property=\"og:locale\" content=\"fr_FR\" \/>\n<meta property=\"og:type\" content=\"article\" \/>\n<meta property=\"og:title\" content=\"Ristorante San Marco - San Marco Hotels -\" \/>\n<meta property=\"og:description\" content=\"Situ\u00e9 \u00e0 deux pas de l&#039;embl\u00e9matique Ponte dei Dai, le Ristorante San Marco \u00e8st un temple de la cuisine v\u00e9nitienne contemporaine. Ici, l\u2019h\u00e9ritage culinaire local rencontre des techniques modernes et des ingr\u00e9dients de saison rigoureusement s\u00e9lectionn\u00e9s\" \/>\n<meta property=\"og:url\" content=\"https:\/\/www.sanmarcohotels.com\/fr\/restaurants-bar\/ristorante-san-marco\/\" \/>\n<meta property=\"og:site_name\" content=\"San Marco Hotels\" \/>\n<meta property=\"article:modified_time\" content=\"2026-03-19T15:16:26+00:00\" \/>\n<meta name=\"twitter:card\" content=\"summary_large_image\" \/>\n<meta name=\"twitter:label1\" content=\"Est. reading time\" \/>\n\t<meta name=\"twitter:data1\" content=\"1 minute\" \/>\n<script type=\"application\/ld+json\" class=\"yoast-schema-graph\">{\"@context\":\"https:\/\/schema.org\",\"@graph\":[{\"@type\":\"WebPage\",\"@id\":\"https:\/\/www.sanmarcohotels.com\/fr\/restaurants-bar\/ristorante-san-marco\/\",\"url\":\"https:\/\/www.sanmarcohotels.com\/fr\/restaurants-bar\/ristorante-san-marco\/\",\"name\":\"Ristorante San Marco - San Marco Hotels -\",\"isPartOf\":{\"@id\":\"https:\/\/www.sanmarcohotels.com\/fr\/#website\"},\"datePublished\":\"2026-03-05T15:21:35+00:00\",\"dateModified\":\"2026-03-19T15:16:26+00:00\",\"description\":\"Situ\u00e9 \u00e0 deux pas de l'embl\u00e9matique Ponte dei Dai, le Ristorante San Marco \u00e8st un temple de la cuisine v\u00e9nitienne contemporaine. Ici, l\u2019h\u00e9ritage culinaire local rencontre des techniques modernes et des ingr\u00e9dients de saison rigoureusement s\u00e9lectionn\u00e9s\",\"breadcrumb\":{\"@id\":\"https:\/\/www.sanmarcohotels.com\/fr\/restaurants-bar\/ristorante-san-marco\/#breadcrumb\"},\"inLanguage\":\"fr-FR\",\"potentialAction\":[{\"@type\":\"ReadAction\",\"target\":[\"https:\/\/www.sanmarcohotels.com\/fr\/restaurants-bar\/ristorante-san-marco\/\"]}]},{\"@type\":\"BreadcrumbList\",\"@id\":\"https:\/\/www.sanmarcohotels.com\/fr\/restaurants-bar\/ristorante-san-marco\/#breadcrumb\",\"itemListElement\":[{\"@type\":\"ListItem\",\"position\":1,\"name\":\"Home\",\"item\":\"https:\/\/www.sanmarcohotels.com\/fr\/\"},{\"@type\":\"ListItem\",\"position\":2,\"name\":\"Restaurants &#038; Bar\",\"item\":\"https:\/\/www.sanmarcohotels.com\/fr\/restaurants-bar\/\"},{\"@type\":\"ListItem\",\"position\":3,\"name\":\"Ristorante San Marco\"}]},{\"@type\":\"WebSite\",\"@id\":\"https:\/\/www.sanmarcohotels.com\/fr\/#website\",\"url\":\"https:\/\/www.sanmarcohotels.com\/fr\/\",\"name\":\"San Marco Hotels\",\"description\":\"\",\"publisher\":{\"@id\":\"https:\/\/www.sanmarcohotels.com\/fr\/#organization\"},\"potentialAction\":[{\"@type\":\"SearchAction\",\"target\":{\"@type\":\"EntryPoint\",\"urlTemplate\":\"https:\/\/www.sanmarcohotels.com\/fr\/?s={search_term_string}\"},\"query-input\":{\"@type\":\"PropertyValueSpecification\",\"valueRequired\":true,\"valueName\":\"search_term_string\"}}],\"inLanguage\":\"fr-FR\"},{\"@type\":\"Organization\",\"@id\":\"https:\/\/www.sanmarcohotels.com\/fr\/#organization\",\"name\":\"San Marco Hotels\",\"url\":\"https:\/\/www.sanmarcohotels.com\/fr\/\",\"logo\":{\"@type\":\"ImageObject\",\"inLanguage\":\"fr-FR\",\"@id\":\"https:\/\/www.sanmarcohotels.com\/fr\/#\/schema\/logo\/image\/\",\"url\":\"https:\/\/sanmarcohotels.ms3.decms.eu\/wp-content\/uploads\/sites\/63\/2026\/03\/san_marco_hotels_logo_c.svg\",\"contentUrl\":\"https:\/\/sanmarcohotels.ms3.decms.eu\/wp-content\/uploads\/sites\/63\/2026\/03\/san_marco_hotels_logo_c.svg\",\"width\":802,\"height\":824,\"caption\":\"San Marco Hotels\"},\"image\":{\"@id\":\"https:\/\/www.sanmarcohotels.com\/fr\/#\/schema\/logo\/image\/\"}}]}<\/script>\n<!-- \/ Yoast SEO plugin. -->","yoast_head_json":{"title":"Ristorante San Marco - San Marco Hotels -","description":"Situ\u00e9 \u00e0 deux pas de l'embl\u00e9matique Ponte dei Dai, le Ristorante San Marco \u00e8st un temple de la cuisine v\u00e9nitienne contemporaine. Ici, l\u2019h\u00e9ritage culinaire local rencontre des techniques modernes et des ingr\u00e9dients de saison rigoureusement s\u00e9lectionn\u00e9s","robots":{"index":"index","follow":"follow","max-snippet":"max-snippet:-1","max-image-preview":"max-image-preview:large","max-video-preview":"max-video-preview:-1"},"canonical":"https:\/\/www.sanmarcohotels.com\/fr\/restaurants-bar\/ristorante-san-marco\/","og_locale":"fr_FR","og_type":"article","og_title":"Ristorante San Marco - San Marco Hotels -","og_description":"Situ\u00e9 \u00e0 deux pas de l'embl\u00e9matique Ponte dei Dai, le Ristorante San Marco \u00e8st un temple de la cuisine v\u00e9nitienne contemporaine. Ici, l\u2019h\u00e9ritage culinaire local rencontre des techniques modernes et des ingr\u00e9dients de saison rigoureusement s\u00e9lectionn\u00e9s","og_url":"https:\/\/www.sanmarcohotels.com\/fr\/restaurants-bar\/ristorante-san-marco\/","og_site_name":"San Marco Hotels","article_modified_time":"2026-03-19T15:16:26+00:00","twitter_card":"summary_large_image","twitter_misc":{"Est. reading time":"1 minute"},"schema":{"@context":"https:\/\/schema.org","@graph":[{"@type":"WebPage","@id":"https:\/\/www.sanmarcohotels.com\/fr\/restaurants-bar\/ristorante-san-marco\/","url":"https:\/\/www.sanmarcohotels.com\/fr\/restaurants-bar\/ristorante-san-marco\/","name":"Ristorante San Marco - San Marco Hotels -","isPartOf":{"@id":"https:\/\/www.sanmarcohotels.com\/fr\/#website"},"datePublished":"2026-03-05T15:21:35+00:00","dateModified":"2026-03-19T15:16:26+00:00","description":"Situ\u00e9 \u00e0 deux pas de l'embl\u00e9matique Ponte dei Dai, le Ristorante San Marco \u00e8st un temple de la cuisine v\u00e9nitienne contemporaine. Ici, l\u2019h\u00e9ritage culinaire local rencontre des techniques modernes et des ingr\u00e9dients de saison rigoureusement s\u00e9lectionn\u00e9s","breadcrumb":{"@id":"https:\/\/www.sanmarcohotels.com\/fr\/restaurants-bar\/ristorante-san-marco\/#breadcrumb"},"inLanguage":"fr-FR","potentialAction":[{"@type":"ReadAction","target":["https:\/\/www.sanmarcohotels.com\/fr\/restaurants-bar\/ristorante-san-marco\/"]}]},{"@type":"BreadcrumbList","@id":"https:\/\/www.sanmarcohotels.com\/fr\/restaurants-bar\/ristorante-san-marco\/#breadcrumb","itemListElement":[{"@type":"ListItem","position":1,"name":"Home","item":"https:\/\/www.sanmarcohotels.com\/fr\/"},{"@type":"ListItem","position":2,"name":"Restaurants &#038; Bar","item":"https:\/\/www.sanmarcohotels.com\/fr\/restaurants-bar\/"},{"@type":"ListItem","position":3,"name":"Ristorante San Marco"}]},{"@type":"WebSite","@id":"https:\/\/www.sanmarcohotels.com\/fr\/#website","url":"https:\/\/www.sanmarcohotels.com\/fr\/","name":"San Marco Hotels","description":"","publisher":{"@id":"https:\/\/www.sanmarcohotels.com\/fr\/#organization"},"potentialAction":[{"@type":"SearchAction","target":{"@type":"EntryPoint","urlTemplate":"https:\/\/www.sanmarcohotels.com\/fr\/?s={search_term_string}"},"query-input":{"@type":"PropertyValueSpecification","valueRequired":true,"valueName":"search_term_string"}}],"inLanguage":"fr-FR"},{"@type":"Organization","@id":"https:\/\/www.sanmarcohotels.com\/fr\/#organization","name":"San Marco Hotels","url":"https:\/\/www.sanmarcohotels.com\/fr\/","logo":{"@type":"ImageObject","inLanguage":"fr-FR","@id":"https:\/\/www.sanmarcohotels.com\/fr\/#\/schema\/logo\/image\/","url":"https:\/\/sanmarcohotels.ms3.decms.eu\/wp-content\/uploads\/sites\/63\/2026\/03\/san_marco_hotels_logo_c.svg","contentUrl":"https:\/\/sanmarcohotels.ms3.decms.eu\/wp-content\/uploads\/sites\/63\/2026\/03\/san_marco_hotels_logo_c.svg","width":802,"height":824,"caption":"San Marco Hotels"},"image":{"@id":"https:\/\/www.sanmarcohotels.com\/fr\/#\/schema\/logo\/image\/"}}]}},"acf":[],"_links":{"self":[{"href":"https:\/\/www.sanmarcohotels.com\/fr\/wp-json\/wp\/v2\/pages\/68","targetHints":{"allow":["GET"]}}],"collection":[{"href":"https:\/\/www.sanmarcohotels.com\/fr\/wp-json\/wp\/v2\/pages"}],"about":[{"href":"https:\/\/www.sanmarcohotels.com\/fr\/wp-json\/wp\/v2\/types\/page"}],"author":[{"embeddable":true,"href":"https:\/\/www.sanmarcohotels.com\/fr\/wp-json\/wp\/v2\/users\/6"}],"replies":[{"embeddable":true,"href":"https:\/\/www.sanmarcohotels.com\/fr\/wp-json\/wp\/v2\/comments?post=68"}],"version-history":[{"count":0,"href":"https:\/\/www.sanmarcohotels.com\/fr\/wp-json\/wp\/v2\/pages\/68\/revisions"}],"up":[{"embeddable":true,"href":"https:\/\/www.sanmarcohotels.com\/fr\/wp-json\/wp\/v2\/pages\/62"}],"wp:attachment":[{"href":"https:\/\/www.sanmarcohotels.com\/fr\/wp-json\/wp\/v2\/media?parent=68"}],"curies":[{"name":"wp","href":"https:\/\/api.w.org\/{rel}","templated":true}]}}