{"id":72,"date":"2026-03-05T15:48:13","date_gmt":"2026-03-05T15:48:13","guid":{"rendered":"https:\/\/sanmarcohotels.ms3.decms.eu\/?page_id=72"},"modified":"2026-03-19T15:11:03","modified_gmt":"2026-03-19T15:11:03","slug":"ristorante-ai-dogi","status":"publish","type":"page","link":"https:\/\/www.sanmarcohotels.com\/fr\/restaurants-bar\/ristorante-ai-dogi\/","title":{"rendered":"Ristorante Ai Dogi"},"content":{"rendered":"<p>Le Ristorante Ai Dogi est l&rsquo;espace r\u00e9serv\u00e9 du Groupe, enti\u00e8rement d\u00e9di\u00e9 aux \u00e9v\u00e9nements priv\u00e9s, r\u00e9unions d&rsquo;affaires et c\u00e9r\u00e9monies. Un cadre de prestige o\u00f9 la polyvalence des espaces rencontre l&rsquo;\u00e9l\u00e9gance v\u00e9nitienne. Notre \u00e9quipe transforme chaque rencontre professionnelle ou c\u00e9l\u00e9bration priv\u00e9e en un \u00e9v\u00e9nement sur mesure, garantissant une confidentialit\u00e9 maximale et une restauration de haut niveau \u00e0 quelques m\u00e8tres de Saint-Marc.<\/p>\n","protected":false},"excerpt":{"rendered":"<p>Le Ristorante Ai Dogi est l&rsquo;espace r\u00e9serv\u00e9 du Groupe, enti\u00e8rement d\u00e9di\u00e9 aux \u00e9v\u00e9nements priv\u00e9s, r\u00e9unions d&rsquo;affaires et c\u00e9r\u00e9monies. Un cadre de prestige o\u00f9 la polyvalence des espaces rencontre l&rsquo;\u00e9l\u00e9gance v\u00e9nitienne. Notre \u00e9quipe transforme chaque rencontre professionnelle ou c\u00e9l\u00e9bration priv\u00e9e en un \u00e9v\u00e9nement sur mesure, garantissant une confidentialit\u00e9 maximale et une restauration de haut niveau \u00e0 [&hellip;]<\/p>\n","protected":false},"author":6,"featured_media":0,"parent":62,"menu_order":50,"comment_status":"closed","ping_status":"closed","template":"template-single-restaurant.php","meta":{"footnotes":""},"class_list":["post-72","page","type-page","status-publish","hentry"],"yoast_head":"<!-- This site is optimized with the Yoast SEO plugin v26.9 - https:\/\/yoast.com\/product\/yoast-seo-wordpress\/ -->\n<title>Ristorante Ai Dogi - San Marco Hotels -<\/title>\n<meta name=\"description\" content=\"Le Ristorante Ai Dogi est l&#039;espace r\u00e9serv\u00e9 du Groupe, enti\u00e8rement d\u00e9di\u00e9 aux \u00e9v\u00e9nements priv\u00e9s, r\u00e9unions d&#039;affaires et c\u00e9r\u00e9monies. Un cadre de prestige o\u00f9 la polyvalence des espaces rencontre l&#039;\u00e9l\u00e9gance v\u00e9nitienne\" \/>\n<meta name=\"robots\" content=\"index, follow, max-snippet:-1, max-image-preview:large, max-video-preview:-1\" \/>\n<link rel=\"canonical\" href=\"https:\/\/www.sanmarcohotels.com\/fr\/restaurants-bar\/ristorante-ai-dogi\/\" \/>\n<meta property=\"og:locale\" content=\"fr_FR\" \/>\n<meta property=\"og:type\" content=\"article\" \/>\n<meta property=\"og:title\" content=\"Ristorante Ai Dogi - San Marco Hotels -\" \/>\n<meta property=\"og:description\" content=\"Le Ristorante Ai Dogi est l&#039;espace r\u00e9serv\u00e9 du Groupe, enti\u00e8rement d\u00e9di\u00e9 aux \u00e9v\u00e9nements priv\u00e9s, r\u00e9unions d&#039;affaires et c\u00e9r\u00e9monies. Un cadre de prestige o\u00f9 la polyvalence des espaces rencontre l&#039;\u00e9l\u00e9gance v\u00e9nitienne\" \/>\n<meta property=\"og:url\" content=\"https:\/\/www.sanmarcohotels.com\/fr\/restaurants-bar\/ristorante-ai-dogi\/\" \/>\n<meta property=\"og:site_name\" content=\"San Marco Hotels\" \/>\n<meta property=\"article:modified_time\" content=\"2026-03-19T15:11:03+00:00\" \/>\n<meta name=\"twitter:card\" content=\"summary_large_image\" \/>\n<meta name=\"twitter:label1\" content=\"Est. reading time\" \/>\n\t<meta name=\"twitter:data1\" content=\"1 minute\" \/>\n<script type=\"application\/ld+json\" class=\"yoast-schema-graph\">{\"@context\":\"https:\/\/schema.org\",\"@graph\":[{\"@type\":\"WebPage\",\"@id\":\"https:\/\/www.sanmarcohotels.com\/fr\/restaurants-bar\/ristorante-ai-dogi\/\",\"url\":\"https:\/\/www.sanmarcohotels.com\/fr\/restaurants-bar\/ristorante-ai-dogi\/\",\"name\":\"Ristorante Ai Dogi - San Marco Hotels -\",\"isPartOf\":{\"@id\":\"https:\/\/www.sanmarcohotels.com\/fr\/#website\"},\"datePublished\":\"2026-03-05T15:48:13+00:00\",\"dateModified\":\"2026-03-19T15:11:03+00:00\",\"description\":\"Le Ristorante Ai Dogi est l'espace r\u00e9serv\u00e9 du Groupe, enti\u00e8rement d\u00e9di\u00e9 aux \u00e9v\u00e9nements priv\u00e9s, r\u00e9unions d'affaires et c\u00e9r\u00e9monies. Un cadre de prestige o\u00f9 la polyvalence des espaces rencontre l'\u00e9l\u00e9gance v\u00e9nitienne\",\"breadcrumb\":{\"@id\":\"https:\/\/www.sanmarcohotels.com\/fr\/restaurants-bar\/ristorante-ai-dogi\/#breadcrumb\"},\"inLanguage\":\"fr-FR\",\"potentialAction\":[{\"@type\":\"ReadAction\",\"target\":[\"https:\/\/www.sanmarcohotels.com\/fr\/restaurants-bar\/ristorante-ai-dogi\/\"]}]},{\"@type\":\"BreadcrumbList\",\"@id\":\"https:\/\/www.sanmarcohotels.com\/fr\/restaurants-bar\/ristorante-ai-dogi\/#breadcrumb\",\"itemListElement\":[{\"@type\":\"ListItem\",\"position\":1,\"name\":\"Home\",\"item\":\"https:\/\/www.sanmarcohotels.com\/fr\/\"},{\"@type\":\"ListItem\",\"position\":2,\"name\":\"Restaurants &#038; Bar\",\"item\":\"https:\/\/www.sanmarcohotels.com\/fr\/restaurants-bar\/\"},{\"@type\":\"ListItem\",\"position\":3,\"name\":\"Ristorante Ai Dogi\"}]},{\"@type\":\"WebSite\",\"@id\":\"https:\/\/www.sanmarcohotels.com\/fr\/#website\",\"url\":\"https:\/\/www.sanmarcohotels.com\/fr\/\",\"name\":\"San Marco Hotels\",\"description\":\"\",\"publisher\":{\"@id\":\"https:\/\/www.sanmarcohotels.com\/fr\/#organization\"},\"potentialAction\":[{\"@type\":\"SearchAction\",\"target\":{\"@type\":\"EntryPoint\",\"urlTemplate\":\"https:\/\/www.sanmarcohotels.com\/fr\/?s={search_term_string}\"},\"query-input\":{\"@type\":\"PropertyValueSpecification\",\"valueRequired\":true,\"valueName\":\"search_term_string\"}}],\"inLanguage\":\"fr-FR\"},{\"@type\":\"Organization\",\"@id\":\"https:\/\/www.sanmarcohotels.com\/fr\/#organization\",\"name\":\"San Marco Hotels\",\"url\":\"https:\/\/www.sanmarcohotels.com\/fr\/\",\"logo\":{\"@type\":\"ImageObject\",\"inLanguage\":\"fr-FR\",\"@id\":\"https:\/\/www.sanmarcohotels.com\/fr\/#\/schema\/logo\/image\/\",\"url\":\"https:\/\/sanmarcohotels.ms3.decms.eu\/wp-content\/uploads\/sites\/63\/2026\/03\/san_marco_hotels_logo_c.svg\",\"contentUrl\":\"https:\/\/sanmarcohotels.ms3.decms.eu\/wp-content\/uploads\/sites\/63\/2026\/03\/san_marco_hotels_logo_c.svg\",\"width\":802,\"height\":824,\"caption\":\"San Marco Hotels\"},\"image\":{\"@id\":\"https:\/\/www.sanmarcohotels.com\/fr\/#\/schema\/logo\/image\/\"}}]}<\/script>\n<!-- \/ Yoast SEO plugin. -->","yoast_head_json":{"title":"Ristorante Ai Dogi - San Marco Hotels -","description":"Le Ristorante Ai Dogi est l'espace r\u00e9serv\u00e9 du Groupe, enti\u00e8rement d\u00e9di\u00e9 aux \u00e9v\u00e9nements priv\u00e9s, r\u00e9unions d'affaires et c\u00e9r\u00e9monies. Un cadre de prestige o\u00f9 la polyvalence des espaces rencontre l'\u00e9l\u00e9gance v\u00e9nitienne","robots":{"index":"index","follow":"follow","max-snippet":"max-snippet:-1","max-image-preview":"max-image-preview:large","max-video-preview":"max-video-preview:-1"},"canonical":"https:\/\/www.sanmarcohotels.com\/fr\/restaurants-bar\/ristorante-ai-dogi\/","og_locale":"fr_FR","og_type":"article","og_title":"Ristorante Ai Dogi - San Marco Hotels -","og_description":"Le Ristorante Ai Dogi est l'espace r\u00e9serv\u00e9 du Groupe, enti\u00e8rement d\u00e9di\u00e9 aux \u00e9v\u00e9nements priv\u00e9s, r\u00e9unions d'affaires et c\u00e9r\u00e9monies. Un cadre de prestige o\u00f9 la polyvalence des espaces rencontre l'\u00e9l\u00e9gance v\u00e9nitienne","og_url":"https:\/\/www.sanmarcohotels.com\/fr\/restaurants-bar\/ristorante-ai-dogi\/","og_site_name":"San Marco Hotels","article_modified_time":"2026-03-19T15:11:03+00:00","twitter_card":"summary_large_image","twitter_misc":{"Est. reading time":"1 minute"},"schema":{"@context":"https:\/\/schema.org","@graph":[{"@type":"WebPage","@id":"https:\/\/www.sanmarcohotels.com\/fr\/restaurants-bar\/ristorante-ai-dogi\/","url":"https:\/\/www.sanmarcohotels.com\/fr\/restaurants-bar\/ristorante-ai-dogi\/","name":"Ristorante Ai Dogi - San Marco Hotels -","isPartOf":{"@id":"https:\/\/www.sanmarcohotels.com\/fr\/#website"},"datePublished":"2026-03-05T15:48:13+00:00","dateModified":"2026-03-19T15:11:03+00:00","description":"Le Ristorante Ai Dogi est l'espace r\u00e9serv\u00e9 du Groupe, enti\u00e8rement d\u00e9di\u00e9 aux \u00e9v\u00e9nements priv\u00e9s, r\u00e9unions d'affaires et c\u00e9r\u00e9monies. Un cadre de prestige o\u00f9 la polyvalence des espaces rencontre l'\u00e9l\u00e9gance v\u00e9nitienne","breadcrumb":{"@id":"https:\/\/www.sanmarcohotels.com\/fr\/restaurants-bar\/ristorante-ai-dogi\/#breadcrumb"},"inLanguage":"fr-FR","potentialAction":[{"@type":"ReadAction","target":["https:\/\/www.sanmarcohotels.com\/fr\/restaurants-bar\/ristorante-ai-dogi\/"]}]},{"@type":"BreadcrumbList","@id":"https:\/\/www.sanmarcohotels.com\/fr\/restaurants-bar\/ristorante-ai-dogi\/#breadcrumb","itemListElement":[{"@type":"ListItem","position":1,"name":"Home","item":"https:\/\/www.sanmarcohotels.com\/fr\/"},{"@type":"ListItem","position":2,"name":"Restaurants &#038; Bar","item":"https:\/\/www.sanmarcohotels.com\/fr\/restaurants-bar\/"},{"@type":"ListItem","position":3,"name":"Ristorante Ai Dogi"}]},{"@type":"WebSite","@id":"https:\/\/www.sanmarcohotels.com\/fr\/#website","url":"https:\/\/www.sanmarcohotels.com\/fr\/","name":"San Marco Hotels","description":"","publisher":{"@id":"https:\/\/www.sanmarcohotels.com\/fr\/#organization"},"potentialAction":[{"@type":"SearchAction","target":{"@type":"EntryPoint","urlTemplate":"https:\/\/www.sanmarcohotels.com\/fr\/?s={search_term_string}"},"query-input":{"@type":"PropertyValueSpecification","valueRequired":true,"valueName":"search_term_string"}}],"inLanguage":"fr-FR"},{"@type":"Organization","@id":"https:\/\/www.sanmarcohotels.com\/fr\/#organization","name":"San Marco Hotels","url":"https:\/\/www.sanmarcohotels.com\/fr\/","logo":{"@type":"ImageObject","inLanguage":"fr-FR","@id":"https:\/\/www.sanmarcohotels.com\/fr\/#\/schema\/logo\/image\/","url":"https:\/\/sanmarcohotels.ms3.decms.eu\/wp-content\/uploads\/sites\/63\/2026\/03\/san_marco_hotels_logo_c.svg","contentUrl":"https:\/\/sanmarcohotels.ms3.decms.eu\/wp-content\/uploads\/sites\/63\/2026\/03\/san_marco_hotels_logo_c.svg","width":802,"height":824,"caption":"San Marco Hotels"},"image":{"@id":"https:\/\/www.sanmarcohotels.com\/fr\/#\/schema\/logo\/image\/"}}]}},"acf":[],"_links":{"self":[{"href":"https:\/\/www.sanmarcohotels.com\/fr\/wp-json\/wp\/v2\/pages\/72","targetHints":{"allow":["GET"]}}],"collection":[{"href":"https:\/\/www.sanmarcohotels.com\/fr\/wp-json\/wp\/v2\/pages"}],"about":[{"href":"https:\/\/www.sanmarcohotels.com\/fr\/wp-json\/wp\/v2\/types\/page"}],"author":[{"embeddable":true,"href":"https:\/\/www.sanmarcohotels.com\/fr\/wp-json\/wp\/v2\/users\/6"}],"replies":[{"embeddable":true,"href":"https:\/\/www.sanmarcohotels.com\/fr\/wp-json\/wp\/v2\/comments?post=72"}],"version-history":[{"count":0,"href":"https:\/\/www.sanmarcohotels.com\/fr\/wp-json\/wp\/v2\/pages\/72\/revisions"}],"up":[{"embeddable":true,"href":"https:\/\/www.sanmarcohotels.com\/fr\/wp-json\/wp\/v2\/pages\/62"}],"wp:attachment":[{"href":"https:\/\/www.sanmarcohotels.com\/fr\/wp-json\/wp\/v2\/media?parent=72"}],"curies":[{"name":"wp","href":"https:\/\/api.w.org\/{rel}","templated":true}]}}