{"id":78,"date":"2026-03-05T15:47:31","date_gmt":"2026-03-05T15:47:31","guid":{"rendered":"https:\/\/sanmarcohotels.ms3.decms.eu\/?page_id=78"},"modified":"2026-03-19T15:20:02","modified_gmt":"2026-03-19T15:20:02","slug":"bar-americano","status":"publish","type":"page","link":"https:\/\/www.sanmarcohotels.com\/fr\/restaurants-bar\/bar-americano\/","title":{"rendered":"Bar Americano"},"content":{"rendered":"<p>Juste \u00e0 l&rsquo;ombre de la c\u00e9l\u00e8bre Tour de l&rsquo;Horloge, le Bar Americano repr\u00e9sente l&rsquo;\u00e2me dynamique de la Place Saint-Marc. Id\u00e9al pour ceux qui recherchent une pause r\u00e9g\u00e9n\u00e9rante sans renoncer \u00e0 la qualit\u00e9, il offre un service rapide et attentionn\u00e9. Des caf\u00e9s d&rsquo;auteur aux boissons fra\u00eeches, en passant par les en-cas gourmands, c&rsquo;est la r\u00e9f\u00e9rence pour vivre l&rsquo;\u00e9nergie de la place la plus iconique du monde avec go\u00fbt et ponctualit\u00e9.<\/p>\n","protected":false},"excerpt":{"rendered":"<p>Juste \u00e0 l&rsquo;ombre de la c\u00e9l\u00e8bre Tour de l&rsquo;Horloge, le Bar Americano repr\u00e9sente l&rsquo;\u00e2me dynamique de la Place Saint-Marc. Id\u00e9al pour ceux qui recherchent une pause r\u00e9g\u00e9n\u00e9rante sans renoncer \u00e0 la qualit\u00e9, il offre un service rapide et attentionn\u00e9. Des caf\u00e9s d&rsquo;auteur aux boissons fra\u00eeches, en passant par les en-cas gourmands, c&rsquo;est la r\u00e9f\u00e9rence pour [&hellip;]<\/p>\n","protected":false},"author":6,"featured_media":0,"parent":62,"menu_order":40,"comment_status":"closed","ping_status":"closed","template":"template-single-restaurant.php","meta":{"footnotes":""},"class_list":["post-78","page","type-page","status-publish","hentry"],"yoast_head":"<!-- This site is optimized with the Yoast SEO plugin v26.9 - https:\/\/yoast.com\/product\/yoast-seo-wordpress\/ -->\n<title>Bar Americano - San Marco Hotels -<\/title>\n<meta name=\"description\" content=\"Juste \u00e0 l&#039;ombre de la c\u00e9l\u00e8bre Tour de l&#039;Horloge, le Bar Americano repr\u00e9sente l&#039;\u00e2me dynamique de la Place Saint-Marc. Id\u00e9al pour ceux qui recherchent une pause r\u00e9g\u00e9n\u00e9rante sans renoncer \u00e0 la qualit\u00e9, il offre un service rapide et attentionn\u00e9\" \/>\n<meta name=\"robots\" content=\"index, follow, max-snippet:-1, max-image-preview:large, max-video-preview:-1\" \/>\n<link rel=\"canonical\" href=\"https:\/\/www.sanmarcohotels.com\/fr\/restaurants-bar\/bar-americano\/\" \/>\n<meta property=\"og:locale\" content=\"fr_FR\" \/>\n<meta property=\"og:type\" content=\"article\" \/>\n<meta property=\"og:title\" content=\"Bar Americano - San Marco Hotels -\" \/>\n<meta property=\"og:description\" content=\"Juste \u00e0 l&#039;ombre de la c\u00e9l\u00e8bre Tour de l&#039;Horloge, le Bar Americano repr\u00e9sente l&#039;\u00e2me dynamique de la Place Saint-Marc. Id\u00e9al pour ceux qui recherchent une pause r\u00e9g\u00e9n\u00e9rante sans renoncer \u00e0 la qualit\u00e9, il offre un service rapide et attentionn\u00e9\" \/>\n<meta property=\"og:url\" content=\"https:\/\/www.sanmarcohotels.com\/fr\/restaurants-bar\/bar-americano\/\" \/>\n<meta property=\"og:site_name\" content=\"San Marco Hotels\" \/>\n<meta property=\"article:modified_time\" content=\"2026-03-19T15:20:02+00:00\" \/>\n<meta name=\"twitter:card\" content=\"summary_large_image\" \/>\n<meta name=\"twitter:label1\" content=\"Est. reading time\" \/>\n\t<meta name=\"twitter:data1\" content=\"1 minute\" \/>\n<script type=\"application\/ld+json\" class=\"yoast-schema-graph\">{\"@context\":\"https:\/\/schema.org\",\"@graph\":[{\"@type\":\"WebPage\",\"@id\":\"https:\/\/www.sanmarcohotels.com\/fr\/restaurants-bar\/bar-americano\/\",\"url\":\"https:\/\/www.sanmarcohotels.com\/fr\/restaurants-bar\/bar-americano\/\",\"name\":\"Bar Americano - San Marco Hotels -\",\"isPartOf\":{\"@id\":\"https:\/\/www.sanmarcohotels.com\/fr\/#website\"},\"datePublished\":\"2026-03-05T15:47:31+00:00\",\"dateModified\":\"2026-03-19T15:20:02+00:00\",\"description\":\"Juste \u00e0 l'ombre de la c\u00e9l\u00e8bre Tour de l'Horloge, le Bar Americano repr\u00e9sente l'\u00e2me dynamique de la Place Saint-Marc. Id\u00e9al pour ceux qui recherchent une pause r\u00e9g\u00e9n\u00e9rante sans renoncer \u00e0 la qualit\u00e9, il offre un service rapide et attentionn\u00e9\",\"breadcrumb\":{\"@id\":\"https:\/\/www.sanmarcohotels.com\/fr\/restaurants-bar\/bar-americano\/#breadcrumb\"},\"inLanguage\":\"fr-FR\",\"potentialAction\":[{\"@type\":\"ReadAction\",\"target\":[\"https:\/\/www.sanmarcohotels.com\/fr\/restaurants-bar\/bar-americano\/\"]}]},{\"@type\":\"BreadcrumbList\",\"@id\":\"https:\/\/www.sanmarcohotels.com\/fr\/restaurants-bar\/bar-americano\/#breadcrumb\",\"itemListElement\":[{\"@type\":\"ListItem\",\"position\":1,\"name\":\"Home\",\"item\":\"https:\/\/www.sanmarcohotels.com\/fr\/\"},{\"@type\":\"ListItem\",\"position\":2,\"name\":\"Restaurants &#038; Bar\",\"item\":\"https:\/\/www.sanmarcohotels.com\/fr\/restaurants-bar\/\"},{\"@type\":\"ListItem\",\"position\":3,\"name\":\"Bar Americano\"}]},{\"@type\":\"WebSite\",\"@id\":\"https:\/\/www.sanmarcohotels.com\/fr\/#website\",\"url\":\"https:\/\/www.sanmarcohotels.com\/fr\/\",\"name\":\"San Marco Hotels\",\"description\":\"\",\"publisher\":{\"@id\":\"https:\/\/www.sanmarcohotels.com\/fr\/#organization\"},\"potentialAction\":[{\"@type\":\"SearchAction\",\"target\":{\"@type\":\"EntryPoint\",\"urlTemplate\":\"https:\/\/www.sanmarcohotels.com\/fr\/?s={search_term_string}\"},\"query-input\":{\"@type\":\"PropertyValueSpecification\",\"valueRequired\":true,\"valueName\":\"search_term_string\"}}],\"inLanguage\":\"fr-FR\"},{\"@type\":\"Organization\",\"@id\":\"https:\/\/www.sanmarcohotels.com\/fr\/#organization\",\"name\":\"San Marco Hotels\",\"url\":\"https:\/\/www.sanmarcohotels.com\/fr\/\",\"logo\":{\"@type\":\"ImageObject\",\"inLanguage\":\"fr-FR\",\"@id\":\"https:\/\/www.sanmarcohotels.com\/fr\/#\/schema\/logo\/image\/\",\"url\":\"https:\/\/sanmarcohotels.ms3.decms.eu\/wp-content\/uploads\/sites\/63\/2026\/03\/san_marco_hotels_logo_c.svg\",\"contentUrl\":\"https:\/\/sanmarcohotels.ms3.decms.eu\/wp-content\/uploads\/sites\/63\/2026\/03\/san_marco_hotels_logo_c.svg\",\"width\":802,\"height\":824,\"caption\":\"San Marco Hotels\"},\"image\":{\"@id\":\"https:\/\/www.sanmarcohotels.com\/fr\/#\/schema\/logo\/image\/\"}}]}<\/script>\n<!-- \/ Yoast SEO plugin. -->","yoast_head_json":{"title":"Bar Americano - San Marco Hotels -","description":"Juste \u00e0 l'ombre de la c\u00e9l\u00e8bre Tour de l'Horloge, le Bar Americano repr\u00e9sente l'\u00e2me dynamique de la Place Saint-Marc. Id\u00e9al pour ceux qui recherchent une pause r\u00e9g\u00e9n\u00e9rante sans renoncer \u00e0 la qualit\u00e9, il offre un service rapide et attentionn\u00e9","robots":{"index":"index","follow":"follow","max-snippet":"max-snippet:-1","max-image-preview":"max-image-preview:large","max-video-preview":"max-video-preview:-1"},"canonical":"https:\/\/www.sanmarcohotels.com\/fr\/restaurants-bar\/bar-americano\/","og_locale":"fr_FR","og_type":"article","og_title":"Bar Americano - San Marco Hotels -","og_description":"Juste \u00e0 l'ombre de la c\u00e9l\u00e8bre Tour de l'Horloge, le Bar Americano repr\u00e9sente l'\u00e2me dynamique de la Place Saint-Marc. Id\u00e9al pour ceux qui recherchent une pause r\u00e9g\u00e9n\u00e9rante sans renoncer \u00e0 la qualit\u00e9, il offre un service rapide et attentionn\u00e9","og_url":"https:\/\/www.sanmarcohotels.com\/fr\/restaurants-bar\/bar-americano\/","og_site_name":"San Marco Hotels","article_modified_time":"2026-03-19T15:20:02+00:00","twitter_card":"summary_large_image","twitter_misc":{"Est. reading time":"1 minute"},"schema":{"@context":"https:\/\/schema.org","@graph":[{"@type":"WebPage","@id":"https:\/\/www.sanmarcohotels.com\/fr\/restaurants-bar\/bar-americano\/","url":"https:\/\/www.sanmarcohotels.com\/fr\/restaurants-bar\/bar-americano\/","name":"Bar Americano - San Marco Hotels -","isPartOf":{"@id":"https:\/\/www.sanmarcohotels.com\/fr\/#website"},"datePublished":"2026-03-05T15:47:31+00:00","dateModified":"2026-03-19T15:20:02+00:00","description":"Juste \u00e0 l'ombre de la c\u00e9l\u00e8bre Tour de l'Horloge, le Bar Americano repr\u00e9sente l'\u00e2me dynamique de la Place Saint-Marc. Id\u00e9al pour ceux qui recherchent une pause r\u00e9g\u00e9n\u00e9rante sans renoncer \u00e0 la qualit\u00e9, il offre un service rapide et attentionn\u00e9","breadcrumb":{"@id":"https:\/\/www.sanmarcohotels.com\/fr\/restaurants-bar\/bar-americano\/#breadcrumb"},"inLanguage":"fr-FR","potentialAction":[{"@type":"ReadAction","target":["https:\/\/www.sanmarcohotels.com\/fr\/restaurants-bar\/bar-americano\/"]}]},{"@type":"BreadcrumbList","@id":"https:\/\/www.sanmarcohotels.com\/fr\/restaurants-bar\/bar-americano\/#breadcrumb","itemListElement":[{"@type":"ListItem","position":1,"name":"Home","item":"https:\/\/www.sanmarcohotels.com\/fr\/"},{"@type":"ListItem","position":2,"name":"Restaurants &#038; Bar","item":"https:\/\/www.sanmarcohotels.com\/fr\/restaurants-bar\/"},{"@type":"ListItem","position":3,"name":"Bar Americano"}]},{"@type":"WebSite","@id":"https:\/\/www.sanmarcohotels.com\/fr\/#website","url":"https:\/\/www.sanmarcohotels.com\/fr\/","name":"San Marco Hotels","description":"","publisher":{"@id":"https:\/\/www.sanmarcohotels.com\/fr\/#organization"},"potentialAction":[{"@type":"SearchAction","target":{"@type":"EntryPoint","urlTemplate":"https:\/\/www.sanmarcohotels.com\/fr\/?s={search_term_string}"},"query-input":{"@type":"PropertyValueSpecification","valueRequired":true,"valueName":"search_term_string"}}],"inLanguage":"fr-FR"},{"@type":"Organization","@id":"https:\/\/www.sanmarcohotels.com\/fr\/#organization","name":"San Marco Hotels","url":"https:\/\/www.sanmarcohotels.com\/fr\/","logo":{"@type":"ImageObject","inLanguage":"fr-FR","@id":"https:\/\/www.sanmarcohotels.com\/fr\/#\/schema\/logo\/image\/","url":"https:\/\/sanmarcohotels.ms3.decms.eu\/wp-content\/uploads\/sites\/63\/2026\/03\/san_marco_hotels_logo_c.svg","contentUrl":"https:\/\/sanmarcohotels.ms3.decms.eu\/wp-content\/uploads\/sites\/63\/2026\/03\/san_marco_hotels_logo_c.svg","width":802,"height":824,"caption":"San Marco Hotels"},"image":{"@id":"https:\/\/www.sanmarcohotels.com\/fr\/#\/schema\/logo\/image\/"}}]}},"acf":[],"_links":{"self":[{"href":"https:\/\/www.sanmarcohotels.com\/fr\/wp-json\/wp\/v2\/pages\/78","targetHints":{"allow":["GET"]}}],"collection":[{"href":"https:\/\/www.sanmarcohotels.com\/fr\/wp-json\/wp\/v2\/pages"}],"about":[{"href":"https:\/\/www.sanmarcohotels.com\/fr\/wp-json\/wp\/v2\/types\/page"}],"author":[{"embeddable":true,"href":"https:\/\/www.sanmarcohotels.com\/fr\/wp-json\/wp\/v2\/users\/6"}],"replies":[{"embeddable":true,"href":"https:\/\/www.sanmarcohotels.com\/fr\/wp-json\/wp\/v2\/comments?post=78"}],"version-history":[{"count":0,"href":"https:\/\/www.sanmarcohotels.com\/fr\/wp-json\/wp\/v2\/pages\/78\/revisions"}],"up":[{"embeddable":true,"href":"https:\/\/www.sanmarcohotels.com\/fr\/wp-json\/wp\/v2\/pages\/62"}],"wp:attachment":[{"href":"https:\/\/www.sanmarcohotels.com\/fr\/wp-json\/wp\/v2\/media?parent=78"}],"curies":[{"name":"wp","href":"https:\/\/api.w.org\/{rel}","templated":true}]}}