{"id":82,"date":"2026-03-05T15:47:16","date_gmt":"2026-03-05T15:47:16","guid":{"rendered":"https:\/\/sanmarcohotels.ms3.decms.eu\/?page_id=82"},"modified":"2026-03-19T15:22:40","modified_gmt":"2026-03-19T15:22:40","slug":"cafe-eden","status":"publish","type":"page","link":"https:\/\/www.sanmarcohotels.com\/fr\/restaurants-bar\/cafe-eden\/","title":{"rendered":"Caf\u00e9 Eden"},"content":{"rendered":"<p>Situ\u00e9 au num\u00e9ro 118, le Caff\u00e8 Eden n&rsquo;est pas seulement un bar, mais une sc\u00e8ne privil\u00e9gi\u00e9e sur la \u00ab\u00a0plus belle place du monde\u00a0\u00bb. Admirer la Basilique et le Campanile en sirotant un caf\u00e9 ou un verre de vin est une exp\u00e9rience sensorielle inoubliable. C&rsquo;est l&rsquo;escale de choix pour ceux qui souhaitent s&rsquo;immerger dans l&rsquo;histoire de Venise, tout en profitant d&rsquo;un service d&rsquo;excellence dans un cadre monumental sans pareil.<\/p>\n","protected":false},"excerpt":{"rendered":"<p>Situ\u00e9 au num\u00e9ro 118, le Caff\u00e8 Eden n&rsquo;est pas seulement un bar, mais une sc\u00e8ne privil\u00e9gi\u00e9e sur la \u00ab\u00a0plus belle place du monde\u00a0\u00bb. Admirer la Basilique et le Campanile en sirotant un caf\u00e9 ou un verre de vin est une exp\u00e9rience sensorielle inoubliable. C&rsquo;est l&rsquo;escale de choix pour ceux qui souhaitent s&rsquo;immerger dans l&rsquo;histoire de [&hellip;]<\/p>\n","protected":false},"author":6,"featured_media":0,"parent":62,"menu_order":30,"comment_status":"closed","ping_status":"closed","template":"template-single-restaurant.php","meta":{"footnotes":""},"class_list":["post-82","page","type-page","status-publish","hentry"],"yoast_head":"<!-- This site is optimized with the Yoast SEO plugin v26.9 - https:\/\/yoast.com\/product\/yoast-seo-wordpress\/ -->\n<title>Caf\u00e9 Eden - San Marco Hotels -<\/title>\n<meta name=\"description\" content=\"Situ\u00e9 au num\u00e9ro 118, le Caff\u00e8 Eden n&#039;est pas seulement un bar, mais une sc\u00e8ne privil\u00e9gi\u00e9e sur la &quot;plus belle place du monde&quot;. Admirer la Basilique et le Campanile en sirotant un caf\u00e9 ou un verre de vin est une exp\u00e9rience sensorielle inoubliable\" \/>\n<meta name=\"robots\" content=\"index, follow, max-snippet:-1, max-image-preview:large, max-video-preview:-1\" \/>\n<link rel=\"canonical\" href=\"https:\/\/www.sanmarcohotels.com\/fr\/restaurants-bar\/cafe-eden\/\" \/>\n<meta property=\"og:locale\" content=\"fr_FR\" \/>\n<meta property=\"og:type\" content=\"article\" \/>\n<meta property=\"og:title\" content=\"Caf\u00e9 Eden - San Marco Hotels -\" \/>\n<meta property=\"og:description\" content=\"Situ\u00e9 au num\u00e9ro 118, le Caff\u00e8 Eden n&#039;est pas seulement un bar, mais une sc\u00e8ne privil\u00e9gi\u00e9e sur la &quot;plus belle place du monde&quot;. Admirer la Basilique et le Campanile en sirotant un caf\u00e9 ou un verre de vin est une exp\u00e9rience sensorielle inoubliable\" \/>\n<meta property=\"og:url\" content=\"https:\/\/www.sanmarcohotels.com\/fr\/restaurants-bar\/cafe-eden\/\" \/>\n<meta property=\"og:site_name\" content=\"San Marco Hotels\" \/>\n<meta property=\"article:modified_time\" content=\"2026-03-19T15:22:40+00:00\" \/>\n<meta name=\"twitter:card\" content=\"summary_large_image\" \/>\n<meta name=\"twitter:label1\" content=\"Est. reading time\" \/>\n\t<meta name=\"twitter:data1\" content=\"1 minute\" \/>\n<script type=\"application\/ld+json\" class=\"yoast-schema-graph\">{\"@context\":\"https:\/\/schema.org\",\"@graph\":[{\"@type\":\"WebPage\",\"@id\":\"https:\/\/www.sanmarcohotels.com\/fr\/restaurants-bar\/cafe-eden\/\",\"url\":\"https:\/\/www.sanmarcohotels.com\/fr\/restaurants-bar\/cafe-eden\/\",\"name\":\"Caf\u00e9 Eden - San Marco Hotels -\",\"isPartOf\":{\"@id\":\"https:\/\/www.sanmarcohotels.com\/fr\/#website\"},\"datePublished\":\"2026-03-05T15:47:16+00:00\",\"dateModified\":\"2026-03-19T15:22:40+00:00\",\"description\":\"Situ\u00e9 au num\u00e9ro 118, le Caff\u00e8 Eden n'est pas seulement un bar, mais une sc\u00e8ne privil\u00e9gi\u00e9e sur la \\\"plus belle place du monde\\\". Admirer la Basilique et le Campanile en sirotant un caf\u00e9 ou un verre de vin est une exp\u00e9rience sensorielle inoubliable\",\"breadcrumb\":{\"@id\":\"https:\/\/www.sanmarcohotels.com\/fr\/restaurants-bar\/cafe-eden\/#breadcrumb\"},\"inLanguage\":\"fr-FR\",\"potentialAction\":[{\"@type\":\"ReadAction\",\"target\":[\"https:\/\/www.sanmarcohotels.com\/fr\/restaurants-bar\/cafe-eden\/\"]}]},{\"@type\":\"BreadcrumbList\",\"@id\":\"https:\/\/www.sanmarcohotels.com\/fr\/restaurants-bar\/cafe-eden\/#breadcrumb\",\"itemListElement\":[{\"@type\":\"ListItem\",\"position\":1,\"name\":\"Home\",\"item\":\"https:\/\/www.sanmarcohotels.com\/fr\/\"},{\"@type\":\"ListItem\",\"position\":2,\"name\":\"Restaurants &#038; Bar\",\"item\":\"https:\/\/www.sanmarcohotels.com\/fr\/restaurants-bar\/\"},{\"@type\":\"ListItem\",\"position\":3,\"name\":\"Caf\u00e9 Eden\"}]},{\"@type\":\"WebSite\",\"@id\":\"https:\/\/www.sanmarcohotels.com\/fr\/#website\",\"url\":\"https:\/\/www.sanmarcohotels.com\/fr\/\",\"name\":\"San Marco Hotels\",\"description\":\"\",\"publisher\":{\"@id\":\"https:\/\/www.sanmarcohotels.com\/fr\/#organization\"},\"potentialAction\":[{\"@type\":\"SearchAction\",\"target\":{\"@type\":\"EntryPoint\",\"urlTemplate\":\"https:\/\/www.sanmarcohotels.com\/fr\/?s={search_term_string}\"},\"query-input\":{\"@type\":\"PropertyValueSpecification\",\"valueRequired\":true,\"valueName\":\"search_term_string\"}}],\"inLanguage\":\"fr-FR\"},{\"@type\":\"Organization\",\"@id\":\"https:\/\/www.sanmarcohotels.com\/fr\/#organization\",\"name\":\"San Marco Hotels\",\"url\":\"https:\/\/www.sanmarcohotels.com\/fr\/\",\"logo\":{\"@type\":\"ImageObject\",\"inLanguage\":\"fr-FR\",\"@id\":\"https:\/\/www.sanmarcohotels.com\/fr\/#\/schema\/logo\/image\/\",\"url\":\"https:\/\/sanmarcohotels.ms3.decms.eu\/wp-content\/uploads\/sites\/63\/2026\/03\/san_marco_hotels_logo_c.svg\",\"contentUrl\":\"https:\/\/sanmarcohotels.ms3.decms.eu\/wp-content\/uploads\/sites\/63\/2026\/03\/san_marco_hotels_logo_c.svg\",\"width\":802,\"height\":824,\"caption\":\"San Marco Hotels\"},\"image\":{\"@id\":\"https:\/\/www.sanmarcohotels.com\/fr\/#\/schema\/logo\/image\/\"}}]}<\/script>\n<!-- \/ Yoast SEO plugin. -->","yoast_head_json":{"title":"Caf\u00e9 Eden - San Marco Hotels -","description":"Situ\u00e9 au num\u00e9ro 118, le Caff\u00e8 Eden n'est pas seulement un bar, mais une sc\u00e8ne privil\u00e9gi\u00e9e sur la \"plus belle place du monde\". Admirer la Basilique et le Campanile en sirotant un caf\u00e9 ou un verre de vin est une exp\u00e9rience sensorielle inoubliable","robots":{"index":"index","follow":"follow","max-snippet":"max-snippet:-1","max-image-preview":"max-image-preview:large","max-video-preview":"max-video-preview:-1"},"canonical":"https:\/\/www.sanmarcohotels.com\/fr\/restaurants-bar\/cafe-eden\/","og_locale":"fr_FR","og_type":"article","og_title":"Caf\u00e9 Eden - San Marco Hotels -","og_description":"Situ\u00e9 au num\u00e9ro 118, le Caff\u00e8 Eden n'est pas seulement un bar, mais une sc\u00e8ne privil\u00e9gi\u00e9e sur la \"plus belle place du monde\". Admirer la Basilique et le Campanile en sirotant un caf\u00e9 ou un verre de vin est une exp\u00e9rience sensorielle inoubliable","og_url":"https:\/\/www.sanmarcohotels.com\/fr\/restaurants-bar\/cafe-eden\/","og_site_name":"San Marco Hotels","article_modified_time":"2026-03-19T15:22:40+00:00","twitter_card":"summary_large_image","twitter_misc":{"Est. reading time":"1 minute"},"schema":{"@context":"https:\/\/schema.org","@graph":[{"@type":"WebPage","@id":"https:\/\/www.sanmarcohotels.com\/fr\/restaurants-bar\/cafe-eden\/","url":"https:\/\/www.sanmarcohotels.com\/fr\/restaurants-bar\/cafe-eden\/","name":"Caf\u00e9 Eden - San Marco Hotels -","isPartOf":{"@id":"https:\/\/www.sanmarcohotels.com\/fr\/#website"},"datePublished":"2026-03-05T15:47:16+00:00","dateModified":"2026-03-19T15:22:40+00:00","description":"Situ\u00e9 au num\u00e9ro 118, le Caff\u00e8 Eden n'est pas seulement un bar, mais une sc\u00e8ne privil\u00e9gi\u00e9e sur la \"plus belle place du monde\". Admirer la Basilique et le Campanile en sirotant un caf\u00e9 ou un verre de vin est une exp\u00e9rience sensorielle inoubliable","breadcrumb":{"@id":"https:\/\/www.sanmarcohotels.com\/fr\/restaurants-bar\/cafe-eden\/#breadcrumb"},"inLanguage":"fr-FR","potentialAction":[{"@type":"ReadAction","target":["https:\/\/www.sanmarcohotels.com\/fr\/restaurants-bar\/cafe-eden\/"]}]},{"@type":"BreadcrumbList","@id":"https:\/\/www.sanmarcohotels.com\/fr\/restaurants-bar\/cafe-eden\/#breadcrumb","itemListElement":[{"@type":"ListItem","position":1,"name":"Home","item":"https:\/\/www.sanmarcohotels.com\/fr\/"},{"@type":"ListItem","position":2,"name":"Restaurants &#038; Bar","item":"https:\/\/www.sanmarcohotels.com\/fr\/restaurants-bar\/"},{"@type":"ListItem","position":3,"name":"Caf\u00e9 Eden"}]},{"@type":"WebSite","@id":"https:\/\/www.sanmarcohotels.com\/fr\/#website","url":"https:\/\/www.sanmarcohotels.com\/fr\/","name":"San Marco Hotels","description":"","publisher":{"@id":"https:\/\/www.sanmarcohotels.com\/fr\/#organization"},"potentialAction":[{"@type":"SearchAction","target":{"@type":"EntryPoint","urlTemplate":"https:\/\/www.sanmarcohotels.com\/fr\/?s={search_term_string}"},"query-input":{"@type":"PropertyValueSpecification","valueRequired":true,"valueName":"search_term_string"}}],"inLanguage":"fr-FR"},{"@type":"Organization","@id":"https:\/\/www.sanmarcohotels.com\/fr\/#organization","name":"San Marco Hotels","url":"https:\/\/www.sanmarcohotels.com\/fr\/","logo":{"@type":"ImageObject","inLanguage":"fr-FR","@id":"https:\/\/www.sanmarcohotels.com\/fr\/#\/schema\/logo\/image\/","url":"https:\/\/sanmarcohotels.ms3.decms.eu\/wp-content\/uploads\/sites\/63\/2026\/03\/san_marco_hotels_logo_c.svg","contentUrl":"https:\/\/sanmarcohotels.ms3.decms.eu\/wp-content\/uploads\/sites\/63\/2026\/03\/san_marco_hotels_logo_c.svg","width":802,"height":824,"caption":"San Marco Hotels"},"image":{"@id":"https:\/\/www.sanmarcohotels.com\/fr\/#\/schema\/logo\/image\/"}}]}},"acf":[],"_links":{"self":[{"href":"https:\/\/www.sanmarcohotels.com\/fr\/wp-json\/wp\/v2\/pages\/82","targetHints":{"allow":["GET"]}}],"collection":[{"href":"https:\/\/www.sanmarcohotels.com\/fr\/wp-json\/wp\/v2\/pages"}],"about":[{"href":"https:\/\/www.sanmarcohotels.com\/fr\/wp-json\/wp\/v2\/types\/page"}],"author":[{"embeddable":true,"href":"https:\/\/www.sanmarcohotels.com\/fr\/wp-json\/wp\/v2\/users\/6"}],"replies":[{"embeddable":true,"href":"https:\/\/www.sanmarcohotels.com\/fr\/wp-json\/wp\/v2\/comments?post=82"}],"version-history":[{"count":0,"href":"https:\/\/www.sanmarcohotels.com\/fr\/wp-json\/wp\/v2\/pages\/82\/revisions"}],"up":[{"embeddable":true,"href":"https:\/\/www.sanmarcohotels.com\/fr\/wp-json\/wp\/v2\/pages\/62"}],"wp:attachment":[{"href":"https:\/\/www.sanmarcohotels.com\/fr\/wp-json\/wp\/v2\/media?parent=82"}],"curies":[{"name":"wp","href":"https:\/\/api.w.org\/{rel}","templated":true}]}}