{"id":96,"date":"2026-03-05T14:45:49","date_gmt":"2026-03-05T14:45:49","guid":{"rendered":"https:\/\/sanmarcohotels.ms3.decms.eu\/?page_id=96"},"modified":"2026-03-19T15:01:16","modified_gmt":"2026-03-19T15:01:16","slug":"albergo-san-marco","status":"publish","type":"page","link":"https:\/\/www.sanmarcohotels.com\/fr\/nos-proprietes\/albergo-san-marco\/","title":{"rendered":"Albergo San Marco"},"content":{"rendered":"<p>Situ\u00e9 dans un palais historique de 1207, l&rsquo;Albergo San Marco est un h\u00f4tel 3 \u00e9toiles au centre de Venise, enti\u00e8rement r\u00e9nov\u00e9 en 2024 avec un design m\u00ealant style v\u00e9nitien et confort contemporain. \u00c0 deux pas de la Place Saint-Marc, l&rsquo;\u00e9tablissement propose un s\u00e9jour au c\u0153ur de la ville, id\u00e9al pour ceux qui recherchent un h\u00f4tel central \u00e0 Venise avec une atmosph\u00e8re authentique et un accueil professionnel. Chaque espace est con\u00e7u pour garantir une exp\u00e9rience relaxante, o\u00f9 \u00e9l\u00e9gance, tradition et fonctionnalit\u00e9 cohabitent. Ici, l&rsquo;hospitalit\u00e9 est concr\u00e8te : attention aux d\u00e9tails, emplacement strat\u00e9gique et environnements soign\u00e9s pour vous faire sentir vraiment chez vous \u00e0 Venise.<\/p>\n","protected":false},"excerpt":{"rendered":"<p>Situ\u00e9 dans un palais historique de 1207, l&rsquo;Albergo San Marco est un h\u00f4tel 3 \u00e9toiles au centre de Venise, enti\u00e8rement r\u00e9nov\u00e9 en 2024 avec un design m\u00ealant style v\u00e9nitien et confort contemporain. \u00c0 deux pas de la Place Saint-Marc, l&rsquo;\u00e9tablissement propose un s\u00e9jour au c\u0153ur de la ville, id\u00e9al pour ceux qui recherchent un h\u00f4tel [&hellip;]<\/p>\n","protected":false},"author":6,"featured_media":0,"parent":57,"menu_order":60,"comment_status":"closed","ping_status":"closed","template":"template-single-hotel.php","meta":{"footnotes":""},"class_list":["post-96","page","type-page","status-publish","hentry"],"yoast_head":"<!-- This site is optimized with the Yoast SEO plugin v26.9 - https:\/\/yoast.com\/product\/yoast-seo-wordpress\/ -->\n<title>Albergo San Marco - San Marco Hotels -<\/title>\n<meta name=\"description\" content=\"Situ\u00e9 dans un palais historique de 1207, l&#039;Albergo San Marco est un h\u00f4tel 3 \u00e9toiles au centre de Venise, enti\u00e8rement r\u00e9nov\u00e9 en 2024 avec un design m\u00ealant style v\u00e9nitien et confort contemporain. \u00c0 deux pas de la Place Saint-Marc, l&#039;\u00e9tablissement propose un s\u00e9jour au c\u0153ur de la ville, id\u00e9al pour ceux qui recherchent un h\u00f4tel central \u00e0 Venise avec une atmosph\u00e8re authentique et un accueil professionnel\" \/>\n<meta name=\"robots\" content=\"index, follow, max-snippet:-1, max-image-preview:large, max-video-preview:-1\" \/>\n<link rel=\"canonical\" href=\"https:\/\/www.sanmarcohotels.com\/fr\/nos-proprietes\/albergo-san-marco\/\" \/>\n<meta property=\"og:locale\" content=\"fr_FR\" \/>\n<meta property=\"og:type\" content=\"article\" \/>\n<meta property=\"og:title\" content=\"Albergo San Marco - San Marco Hotels -\" \/>\n<meta property=\"og:description\" content=\"Situ\u00e9 dans un palais historique de 1207, l&#039;Albergo San Marco est un h\u00f4tel 3 \u00e9toiles au centre de Venise, enti\u00e8rement r\u00e9nov\u00e9 en 2024 avec un design m\u00ealant style v\u00e9nitien et confort contemporain. \u00c0 deux pas de la Place Saint-Marc, l&#039;\u00e9tablissement propose un s\u00e9jour au c\u0153ur de la ville, id\u00e9al pour ceux qui recherchent un h\u00f4tel central \u00e0 Venise avec une atmosph\u00e8re authentique et un accueil professionnel\" \/>\n<meta property=\"og:url\" content=\"https:\/\/www.sanmarcohotels.com\/fr\/nos-proprietes\/albergo-san-marco\/\" \/>\n<meta property=\"og:site_name\" content=\"San Marco Hotels\" \/>\n<meta property=\"article:modified_time\" content=\"2026-03-19T15:01:16+00:00\" \/>\n<meta name=\"twitter:card\" content=\"summary_large_image\" \/>\n<meta name=\"twitter:label1\" content=\"Est. reading time\" \/>\n\t<meta name=\"twitter:data1\" content=\"1 minute\" \/>\n<script type=\"application\/ld+json\" class=\"yoast-schema-graph\">{\"@context\":\"https:\/\/schema.org\",\"@graph\":[{\"@type\":\"WebPage\",\"@id\":\"https:\/\/www.sanmarcohotels.com\/fr\/nos-proprietes\/albergo-san-marco\/\",\"url\":\"https:\/\/www.sanmarcohotels.com\/fr\/nos-proprietes\/albergo-san-marco\/\",\"name\":\"Albergo San Marco - San Marco Hotels -\",\"isPartOf\":{\"@id\":\"https:\/\/www.sanmarcohotels.com\/fr\/#website\"},\"datePublished\":\"2026-03-05T14:45:49+00:00\",\"dateModified\":\"2026-03-19T15:01:16+00:00\",\"description\":\"Situ\u00e9 dans un palais historique de 1207, l'Albergo San Marco est un h\u00f4tel 3 \u00e9toiles au centre de Venise, enti\u00e8rement r\u00e9nov\u00e9 en 2024 avec un design m\u00ealant style v\u00e9nitien et confort contemporain. \u00c0 deux pas de la Place Saint-Marc, l'\u00e9tablissement propose un s\u00e9jour au c\u0153ur de la ville, id\u00e9al pour ceux qui recherchent un h\u00f4tel central \u00e0 Venise avec une atmosph\u00e8re authentique et un accueil professionnel\",\"breadcrumb\":{\"@id\":\"https:\/\/www.sanmarcohotels.com\/fr\/nos-proprietes\/albergo-san-marco\/#breadcrumb\"},\"inLanguage\":\"fr-FR\",\"potentialAction\":[{\"@type\":\"ReadAction\",\"target\":[\"https:\/\/www.sanmarcohotels.com\/fr\/nos-proprietes\/albergo-san-marco\/\"]}]},{\"@type\":\"BreadcrumbList\",\"@id\":\"https:\/\/www.sanmarcohotels.com\/fr\/nos-proprietes\/albergo-san-marco\/#breadcrumb\",\"itemListElement\":[{\"@type\":\"ListItem\",\"position\":1,\"name\":\"Home\",\"item\":\"https:\/\/www.sanmarcohotels.com\/fr\/\"},{\"@type\":\"ListItem\",\"position\":2,\"name\":\"Nos propri\u00e9t\u00e9s\",\"item\":\"https:\/\/www.sanmarcohotels.com\/fr\/our-properties\/\"},{\"@type\":\"ListItem\",\"position\":3,\"name\":\"Albergo San Marco\"}]},{\"@type\":\"WebSite\",\"@id\":\"https:\/\/www.sanmarcohotels.com\/fr\/#website\",\"url\":\"https:\/\/www.sanmarcohotels.com\/fr\/\",\"name\":\"San Marco Hotels\",\"description\":\"\",\"publisher\":{\"@id\":\"https:\/\/www.sanmarcohotels.com\/fr\/#organization\"},\"potentialAction\":[{\"@type\":\"SearchAction\",\"target\":{\"@type\":\"EntryPoint\",\"urlTemplate\":\"https:\/\/www.sanmarcohotels.com\/fr\/?s={search_term_string}\"},\"query-input\":{\"@type\":\"PropertyValueSpecification\",\"valueRequired\":true,\"valueName\":\"search_term_string\"}}],\"inLanguage\":\"fr-FR\"},{\"@type\":\"Organization\",\"@id\":\"https:\/\/www.sanmarcohotels.com\/fr\/#organization\",\"name\":\"San Marco Hotels\",\"url\":\"https:\/\/www.sanmarcohotels.com\/fr\/\",\"logo\":{\"@type\":\"ImageObject\",\"inLanguage\":\"fr-FR\",\"@id\":\"https:\/\/www.sanmarcohotels.com\/fr\/#\/schema\/logo\/image\/\",\"url\":\"https:\/\/sanmarcohotels.ms3.decms.eu\/wp-content\/uploads\/sites\/63\/2026\/03\/san_marco_hotels_logo_c.svg\",\"contentUrl\":\"https:\/\/sanmarcohotels.ms3.decms.eu\/wp-content\/uploads\/sites\/63\/2026\/03\/san_marco_hotels_logo_c.svg\",\"width\":802,\"height\":824,\"caption\":\"San Marco Hotels\"},\"image\":{\"@id\":\"https:\/\/www.sanmarcohotels.com\/fr\/#\/schema\/logo\/image\/\"}}]}<\/script>\n<!-- \/ Yoast SEO plugin. -->","yoast_head_json":{"title":"Albergo San Marco - San Marco Hotels -","description":"Situ\u00e9 dans un palais historique de 1207, l'Albergo San Marco est un h\u00f4tel 3 \u00e9toiles au centre de Venise, enti\u00e8rement r\u00e9nov\u00e9 en 2024 avec un design m\u00ealant style v\u00e9nitien et confort contemporain. \u00c0 deux pas de la Place Saint-Marc, l'\u00e9tablissement propose un s\u00e9jour au c\u0153ur de la ville, id\u00e9al pour ceux qui recherchent un h\u00f4tel central \u00e0 Venise avec une atmosph\u00e8re authentique et un accueil professionnel","robots":{"index":"index","follow":"follow","max-snippet":"max-snippet:-1","max-image-preview":"max-image-preview:large","max-video-preview":"max-video-preview:-1"},"canonical":"https:\/\/www.sanmarcohotels.com\/fr\/nos-proprietes\/albergo-san-marco\/","og_locale":"fr_FR","og_type":"article","og_title":"Albergo San Marco - San Marco Hotels -","og_description":"Situ\u00e9 dans un palais historique de 1207, l'Albergo San Marco est un h\u00f4tel 3 \u00e9toiles au centre de Venise, enti\u00e8rement r\u00e9nov\u00e9 en 2024 avec un design m\u00ealant style v\u00e9nitien et confort contemporain. \u00c0 deux pas de la Place Saint-Marc, l'\u00e9tablissement propose un s\u00e9jour au c\u0153ur de la ville, id\u00e9al pour ceux qui recherchent un h\u00f4tel central \u00e0 Venise avec une atmosph\u00e8re authentique et un accueil professionnel","og_url":"https:\/\/www.sanmarcohotels.com\/fr\/nos-proprietes\/albergo-san-marco\/","og_site_name":"San Marco Hotels","article_modified_time":"2026-03-19T15:01:16+00:00","twitter_card":"summary_large_image","twitter_misc":{"Est. reading time":"1 minute"},"schema":{"@context":"https:\/\/schema.org","@graph":[{"@type":"WebPage","@id":"https:\/\/www.sanmarcohotels.com\/fr\/nos-proprietes\/albergo-san-marco\/","url":"https:\/\/www.sanmarcohotels.com\/fr\/nos-proprietes\/albergo-san-marco\/","name":"Albergo San Marco - San Marco Hotels -","isPartOf":{"@id":"https:\/\/www.sanmarcohotels.com\/fr\/#website"},"datePublished":"2026-03-05T14:45:49+00:00","dateModified":"2026-03-19T15:01:16+00:00","description":"Situ\u00e9 dans un palais historique de 1207, l'Albergo San Marco est un h\u00f4tel 3 \u00e9toiles au centre de Venise, enti\u00e8rement r\u00e9nov\u00e9 en 2024 avec un design m\u00ealant style v\u00e9nitien et confort contemporain. \u00c0 deux pas de la Place Saint-Marc, l'\u00e9tablissement propose un s\u00e9jour au c\u0153ur de la ville, id\u00e9al pour ceux qui recherchent un h\u00f4tel central \u00e0 Venise avec une atmosph\u00e8re authentique et un accueil professionnel","breadcrumb":{"@id":"https:\/\/www.sanmarcohotels.com\/fr\/nos-proprietes\/albergo-san-marco\/#breadcrumb"},"inLanguage":"fr-FR","potentialAction":[{"@type":"ReadAction","target":["https:\/\/www.sanmarcohotels.com\/fr\/nos-proprietes\/albergo-san-marco\/"]}]},{"@type":"BreadcrumbList","@id":"https:\/\/www.sanmarcohotels.com\/fr\/nos-proprietes\/albergo-san-marco\/#breadcrumb","itemListElement":[{"@type":"ListItem","position":1,"name":"Home","item":"https:\/\/www.sanmarcohotels.com\/fr\/"},{"@type":"ListItem","position":2,"name":"Nos propri\u00e9t\u00e9s","item":"https:\/\/www.sanmarcohotels.com\/fr\/our-properties\/"},{"@type":"ListItem","position":3,"name":"Albergo San Marco"}]},{"@type":"WebSite","@id":"https:\/\/www.sanmarcohotels.com\/fr\/#website","url":"https:\/\/www.sanmarcohotels.com\/fr\/","name":"San Marco Hotels","description":"","publisher":{"@id":"https:\/\/www.sanmarcohotels.com\/fr\/#organization"},"potentialAction":[{"@type":"SearchAction","target":{"@type":"EntryPoint","urlTemplate":"https:\/\/www.sanmarcohotels.com\/fr\/?s={search_term_string}"},"query-input":{"@type":"PropertyValueSpecification","valueRequired":true,"valueName":"search_term_string"}}],"inLanguage":"fr-FR"},{"@type":"Organization","@id":"https:\/\/www.sanmarcohotels.com\/fr\/#organization","name":"San Marco Hotels","url":"https:\/\/www.sanmarcohotels.com\/fr\/","logo":{"@type":"ImageObject","inLanguage":"fr-FR","@id":"https:\/\/www.sanmarcohotels.com\/fr\/#\/schema\/logo\/image\/","url":"https:\/\/sanmarcohotels.ms3.decms.eu\/wp-content\/uploads\/sites\/63\/2026\/03\/san_marco_hotels_logo_c.svg","contentUrl":"https:\/\/sanmarcohotels.ms3.decms.eu\/wp-content\/uploads\/sites\/63\/2026\/03\/san_marco_hotels_logo_c.svg","width":802,"height":824,"caption":"San Marco Hotels"},"image":{"@id":"https:\/\/www.sanmarcohotels.com\/fr\/#\/schema\/logo\/image\/"}}]}},"acf":[],"_links":{"self":[{"href":"https:\/\/www.sanmarcohotels.com\/fr\/wp-json\/wp\/v2\/pages\/96","targetHints":{"allow":["GET"]}}],"collection":[{"href":"https:\/\/www.sanmarcohotels.com\/fr\/wp-json\/wp\/v2\/pages"}],"about":[{"href":"https:\/\/www.sanmarcohotels.com\/fr\/wp-json\/wp\/v2\/types\/page"}],"author":[{"embeddable":true,"href":"https:\/\/www.sanmarcohotels.com\/fr\/wp-json\/wp\/v2\/users\/6"}],"replies":[{"embeddable":true,"href":"https:\/\/www.sanmarcohotels.com\/fr\/wp-json\/wp\/v2\/comments?post=96"}],"version-history":[{"count":0,"href":"https:\/\/www.sanmarcohotels.com\/fr\/wp-json\/wp\/v2\/pages\/96\/revisions"}],"up":[{"embeddable":true,"href":"https:\/\/www.sanmarcohotels.com\/fr\/wp-json\/wp\/v2\/pages\/57"}],"wp:attachment":[{"href":"https:\/\/www.sanmarcohotels.com\/fr\/wp-json\/wp\/v2\/media?parent=96"}],"curies":[{"name":"wp","href":"https:\/\/api.w.org\/{rel}","templated":true}]}}