{"id":163,"date":"2026-03-06T15:24:12","date_gmt":"2026-03-06T15:24:12","guid":{"rendered":"https:\/\/sanmarcohotels.ms3.decms.eu\/?page_id=163"},"modified":"2026-03-19T15:05:01","modified_gmt":"2026-03-19T15:05:01","slug":"hotel-ambassador-tre-rose","status":"publish","type":"page","link":"https:\/\/www.sanmarcohotels.com\/it\/le-nostre-strutture\/hotel-ambassador-tre-rose\/","title":{"rendered":"Hotel Ambassador Tre Rose"},"content":{"rendered":"<p>Situato in una posizione privilegiata a pochi passi da Piazza San Marco, l\u2019Ambassador Tre Rose \u00e8 la scelta perfetta per chi desidera vivere Venezia dall\u2019interno. La nostra struttura, ospitata in un palazzo storico, conserva il fascino della tradizione veneziana in un\u2019atmosfera familiare e genuina. \u00c8 il punto d&#8217;appoggio ideale per chi cerca la massima comodit\u00e0 logistica: da qui, calli, musei e i tesori della citt\u00e0 sono tutti a portata di mano.<\/p>\n","protected":false},"excerpt":{"rendered":"<p>Situato in una posizione privilegiata a pochi passi da Piazza San Marco, l\u2019Ambassador Tre Rose \u00e8 la scelta perfetta per chi desidera vivere Venezia dall\u2019interno. La nostra struttura, ospitata in un palazzo storico, conserva il fascino della tradizione veneziana in un\u2019atmosfera familiare e genuina. \u00c8 il punto d&#8217;appoggio ideale per chi cerca la massima comodit\u00e0 [&hellip;]<\/p>\n","protected":false},"author":6,"featured_media":0,"parent":61,"menu_order":70,"comment_status":"closed","ping_status":"closed","template":"template-single-hotel.php","meta":{"footnotes":""},"class_list":["post-163","page","type-page","status-publish","hentry"],"yoast_head":"<!-- This site is optimized with the Yoast SEO plugin v26.9 - https:\/\/yoast.com\/product\/yoast-seo-wordpress\/ -->\n<title>Hotel Ambassador Tre Rose - San Marco Hotels -<\/title>\n<meta name=\"description\" content=\"Situato in una posizione privilegiata a pochi passi da Piazza San Marco, l\u2019Ambassador Tre Rose \u00e8 la scelta perfetta per chi desidera vivere Venezia dall\u2019interno. La nostra struttura, ospitata in un palazzo storico, conserva il fascino della tradizione veneziana in un\u2019atmosfera familiare e genuina\" \/>\n<meta name=\"robots\" content=\"index, follow, max-snippet:-1, max-image-preview:large, max-video-preview:-1\" \/>\n<link rel=\"canonical\" href=\"https:\/\/www.sanmarcohotels.com\/it\/le-nostre-strutture\/hotel-ambassador-tre-rose\/\" \/>\n<meta property=\"og:locale\" content=\"it_IT\" \/>\n<meta property=\"og:type\" content=\"article\" \/>\n<meta property=\"og:title\" content=\"Hotel Ambassador Tre Rose - San Marco Hotels -\" \/>\n<meta property=\"og:description\" content=\"Situato in una posizione privilegiata a pochi passi da Piazza San Marco, l\u2019Ambassador Tre Rose \u00e8 la scelta perfetta per chi desidera vivere Venezia dall\u2019interno. La nostra struttura, ospitata in un palazzo storico, conserva il fascino della tradizione veneziana in un\u2019atmosfera familiare e genuina\" \/>\n<meta property=\"og:url\" content=\"https:\/\/www.sanmarcohotels.com\/it\/le-nostre-strutture\/hotel-ambassador-tre-rose\/\" \/>\n<meta property=\"og:site_name\" content=\"San Marco Hotels\" \/>\n<meta property=\"article:modified_time\" content=\"2026-03-19T15:05:01+00:00\" \/>\n<meta name=\"twitter:card\" content=\"summary_large_image\" \/>\n<meta name=\"twitter:label1\" content=\"Est. reading time\" \/>\n\t<meta name=\"twitter:data1\" content=\"1 minuto\" \/>\n<script type=\"application\/ld+json\" class=\"yoast-schema-graph\">{\"@context\":\"https:\/\/schema.org\",\"@graph\":[{\"@type\":\"WebPage\",\"@id\":\"https:\/\/www.sanmarcohotels.com\/it\/le-nostre-strutture\/hotel-ambassador-tre-rose\/\",\"url\":\"https:\/\/www.sanmarcohotels.com\/it\/le-nostre-strutture\/hotel-ambassador-tre-rose\/\",\"name\":\"Hotel Ambassador Tre Rose - San Marco Hotels -\",\"isPartOf\":{\"@id\":\"https:\/\/www.sanmarcohotels.com\/it\/#website\"},\"datePublished\":\"2026-03-06T15:24:12+00:00\",\"dateModified\":\"2026-03-19T15:05:01+00:00\",\"description\":\"Situato in una posizione privilegiata a pochi passi da Piazza San Marco, l\u2019Ambassador Tre Rose \u00e8 la scelta perfetta per chi desidera vivere Venezia dall\u2019interno. La nostra struttura, ospitata in un palazzo storico, conserva il fascino della tradizione veneziana in un\u2019atmosfera familiare e genuina\",\"breadcrumb\":{\"@id\":\"https:\/\/www.sanmarcohotels.com\/it\/le-nostre-strutture\/hotel-ambassador-tre-rose\/#breadcrumb\"},\"inLanguage\":\"it-IT\",\"potentialAction\":[{\"@type\":\"ReadAction\",\"target\":[\"https:\/\/www.sanmarcohotels.com\/it\/le-nostre-strutture\/hotel-ambassador-tre-rose\/\"]}]},{\"@type\":\"BreadcrumbList\",\"@id\":\"https:\/\/www.sanmarcohotels.com\/it\/le-nostre-strutture\/hotel-ambassador-tre-rose\/#breadcrumb\",\"itemListElement\":[{\"@type\":\"ListItem\",\"position\":1,\"name\":\"Home\",\"item\":\"https:\/\/www.sanmarcohotels.com\/it\/\"},{\"@type\":\"ListItem\",\"position\":2,\"name\":\"Le nostre strutture\",\"item\":\"https:\/\/www.sanmarcohotels.com\/it\/our-properties\/\"},{\"@type\":\"ListItem\",\"position\":3,\"name\":\"Hotel Ambassador Tre Rose\"}]},{\"@type\":\"WebSite\",\"@id\":\"https:\/\/www.sanmarcohotels.com\/it\/#website\",\"url\":\"https:\/\/www.sanmarcohotels.com\/it\/\",\"name\":\"San Marco Hotels\",\"description\":\"\",\"publisher\":{\"@id\":\"https:\/\/www.sanmarcohotels.com\/it\/#organization\"},\"potentialAction\":[{\"@type\":\"SearchAction\",\"target\":{\"@type\":\"EntryPoint\",\"urlTemplate\":\"https:\/\/www.sanmarcohotels.com\/it\/?s={search_term_string}\"},\"query-input\":{\"@type\":\"PropertyValueSpecification\",\"valueRequired\":true,\"valueName\":\"search_term_string\"}}],\"inLanguage\":\"it-IT\"},{\"@type\":\"Organization\",\"@id\":\"https:\/\/www.sanmarcohotels.com\/it\/#organization\",\"name\":\"San Marco Hotels\",\"url\":\"https:\/\/www.sanmarcohotels.com\/it\/\",\"logo\":{\"@type\":\"ImageObject\",\"inLanguage\":\"it-IT\",\"@id\":\"https:\/\/www.sanmarcohotels.com\/it\/#\/schema\/logo\/image\/\",\"url\":\"https:\/\/sanmarcohotels.ms3.decms.eu\/wp-content\/uploads\/sites\/63\/2026\/03\/san_marco_hotels_logo_c.svg\",\"contentUrl\":\"https:\/\/sanmarcohotels.ms3.decms.eu\/wp-content\/uploads\/sites\/63\/2026\/03\/san_marco_hotels_logo_c.svg\",\"width\":802,\"height\":824,\"caption\":\"San Marco Hotels\"},\"image\":{\"@id\":\"https:\/\/www.sanmarcohotels.com\/it\/#\/schema\/logo\/image\/\"}}]}<\/script>\n<!-- \/ Yoast SEO plugin. -->","yoast_head_json":{"title":"Hotel Ambassador Tre Rose - San Marco Hotels -","description":"Situato in una posizione privilegiata a pochi passi da Piazza San Marco, l\u2019Ambassador Tre Rose \u00e8 la scelta perfetta per chi desidera vivere Venezia dall\u2019interno. La nostra struttura, ospitata in un palazzo storico, conserva il fascino della tradizione veneziana in un\u2019atmosfera familiare e genuina","robots":{"index":"index","follow":"follow","max-snippet":"max-snippet:-1","max-image-preview":"max-image-preview:large","max-video-preview":"max-video-preview:-1"},"canonical":"https:\/\/www.sanmarcohotels.com\/it\/le-nostre-strutture\/hotel-ambassador-tre-rose\/","og_locale":"it_IT","og_type":"article","og_title":"Hotel Ambassador Tre Rose - San Marco Hotels -","og_description":"Situato in una posizione privilegiata a pochi passi da Piazza San Marco, l\u2019Ambassador Tre Rose \u00e8 la scelta perfetta per chi desidera vivere Venezia dall\u2019interno. La nostra struttura, ospitata in un palazzo storico, conserva il fascino della tradizione veneziana in un\u2019atmosfera familiare e genuina","og_url":"https:\/\/www.sanmarcohotels.com\/it\/le-nostre-strutture\/hotel-ambassador-tre-rose\/","og_site_name":"San Marco Hotels","article_modified_time":"2026-03-19T15:05:01+00:00","twitter_card":"summary_large_image","twitter_misc":{"Est. reading time":"1 minuto"},"schema":{"@context":"https:\/\/schema.org","@graph":[{"@type":"WebPage","@id":"https:\/\/www.sanmarcohotels.com\/it\/le-nostre-strutture\/hotel-ambassador-tre-rose\/","url":"https:\/\/www.sanmarcohotels.com\/it\/le-nostre-strutture\/hotel-ambassador-tre-rose\/","name":"Hotel Ambassador Tre Rose - San Marco Hotels -","isPartOf":{"@id":"https:\/\/www.sanmarcohotels.com\/it\/#website"},"datePublished":"2026-03-06T15:24:12+00:00","dateModified":"2026-03-19T15:05:01+00:00","description":"Situato in una posizione privilegiata a pochi passi da Piazza San Marco, l\u2019Ambassador Tre Rose \u00e8 la scelta perfetta per chi desidera vivere Venezia dall\u2019interno. La nostra struttura, ospitata in un palazzo storico, conserva il fascino della tradizione veneziana in un\u2019atmosfera familiare e genuina","breadcrumb":{"@id":"https:\/\/www.sanmarcohotels.com\/it\/le-nostre-strutture\/hotel-ambassador-tre-rose\/#breadcrumb"},"inLanguage":"it-IT","potentialAction":[{"@type":"ReadAction","target":["https:\/\/www.sanmarcohotels.com\/it\/le-nostre-strutture\/hotel-ambassador-tre-rose\/"]}]},{"@type":"BreadcrumbList","@id":"https:\/\/www.sanmarcohotels.com\/it\/le-nostre-strutture\/hotel-ambassador-tre-rose\/#breadcrumb","itemListElement":[{"@type":"ListItem","position":1,"name":"Home","item":"https:\/\/www.sanmarcohotels.com\/it\/"},{"@type":"ListItem","position":2,"name":"Le nostre strutture","item":"https:\/\/www.sanmarcohotels.com\/it\/our-properties\/"},{"@type":"ListItem","position":3,"name":"Hotel Ambassador Tre Rose"}]},{"@type":"WebSite","@id":"https:\/\/www.sanmarcohotels.com\/it\/#website","url":"https:\/\/www.sanmarcohotels.com\/it\/","name":"San Marco Hotels","description":"","publisher":{"@id":"https:\/\/www.sanmarcohotels.com\/it\/#organization"},"potentialAction":[{"@type":"SearchAction","target":{"@type":"EntryPoint","urlTemplate":"https:\/\/www.sanmarcohotels.com\/it\/?s={search_term_string}"},"query-input":{"@type":"PropertyValueSpecification","valueRequired":true,"valueName":"search_term_string"}}],"inLanguage":"it-IT"},{"@type":"Organization","@id":"https:\/\/www.sanmarcohotels.com\/it\/#organization","name":"San Marco Hotels","url":"https:\/\/www.sanmarcohotels.com\/it\/","logo":{"@type":"ImageObject","inLanguage":"it-IT","@id":"https:\/\/www.sanmarcohotels.com\/it\/#\/schema\/logo\/image\/","url":"https:\/\/sanmarcohotels.ms3.decms.eu\/wp-content\/uploads\/sites\/63\/2026\/03\/san_marco_hotels_logo_c.svg","contentUrl":"https:\/\/sanmarcohotels.ms3.decms.eu\/wp-content\/uploads\/sites\/63\/2026\/03\/san_marco_hotels_logo_c.svg","width":802,"height":824,"caption":"San Marco Hotels"},"image":{"@id":"https:\/\/www.sanmarcohotels.com\/it\/#\/schema\/logo\/image\/"}}]}},"acf":[],"_links":{"self":[{"href":"https:\/\/www.sanmarcohotels.com\/it\/wp-json\/wp\/v2\/pages\/163","targetHints":{"allow":["GET"]}}],"collection":[{"href":"https:\/\/www.sanmarcohotels.com\/it\/wp-json\/wp\/v2\/pages"}],"about":[{"href":"https:\/\/www.sanmarcohotels.com\/it\/wp-json\/wp\/v2\/types\/page"}],"author":[{"embeddable":true,"href":"https:\/\/www.sanmarcohotels.com\/it\/wp-json\/wp\/v2\/users\/6"}],"replies":[{"embeddable":true,"href":"https:\/\/www.sanmarcohotels.com\/it\/wp-json\/wp\/v2\/comments?post=163"}],"version-history":[{"count":0,"href":"https:\/\/www.sanmarcohotels.com\/it\/wp-json\/wp\/v2\/pages\/163\/revisions"}],"up":[{"embeddable":true,"href":"https:\/\/www.sanmarcohotels.com\/it\/wp-json\/wp\/v2\/pages\/61"}],"wp:attachment":[{"href":"https:\/\/www.sanmarcohotels.com\/it\/wp-json\/wp\/v2\/media?parent=163"}],"curies":[{"name":"wp","href":"https:\/\/api.w.org\/{rel}","templated":true}]}}