{"id":61,"date":"2026-03-05T15:02:04","date_gmt":"2026-03-05T15:02:04","guid":{"rendered":"https:\/\/sanmarcohotels.ms3.decms.eu\/?page_id=61"},"modified":"2026-03-06T13:48:16","modified_gmt":"2026-03-06T13:48:16","slug":"le-nostre-strutture","status":"publish","type":"page","link":"https:\/\/www.sanmarcohotels.com\/it\/le-nostre-strutture\/","title":{"rendered":"Le nostre strutture"},"content":{"rendered":"<p>Che si tratti di un weekend romantico, di un soggiorno culturale o di una vacanza in famiglia, le strutture San Marco Hotels\u00ae offrono camere, suite e appartamenti nel centro storico di Venezia.<\/p>\n<p>Affacci sul Campanile di San Marco, scorci sui tetti veneziani, viste su canali pittoreschi o sul Ponte di Rialto: ogni propriet\u00e0 mantiene una propria identit\u00e0, garantendo comfort, centralit\u00e0 e accoglienza professionale.<\/p>\n","protected":false},"excerpt":{"rendered":"<p>Che si tratti di un weekend romantico, di un soggiorno culturale o di una vacanza in famiglia, le strutture San Marco Hotels\u00ae offrono camere, suite e appartamenti nel centro storico di Venezia. Affacci sul Campanile di San Marco, scorci sui tetti veneziani, viste su canali pittoreschi o sul Ponte di Rialto: ogni propriet\u00e0 mantiene una [&hellip;]<\/p>\n","protected":false},"author":6,"featured_media":0,"parent":0,"menu_order":20,"comment_status":"closed","ping_status":"closed","template":"template-hotels.php","meta":{"footnotes":""},"class_list":["post-61","page","type-page","status-publish","hentry"],"yoast_head":"<!-- This site is optimized with the Yoast SEO plugin v26.9 - https:\/\/yoast.com\/product\/yoast-seo-wordpress\/ -->\n<title>Le nostre strutture - San Marco Hotels -<\/title>\n<meta name=\"description\" content=\"Che si tratti di un weekend romantico, di un soggiorno culturale o di una vacanza in famiglia, le strutture San Marco Hotels\u00ae offrono camere, suite e appartamenti nel centro storico di Venezia.  Affacci sul Campanile di San Marco, scorci sui tetti veneziani, viste su canali pittoreschi o sul Ponte di Rialto: ogni propriet\u00e0 mantiene una propria identit\u00e0, garantendo comfort, centralit\u00e0 e accoglienza professionale..\" \/>\n<meta name=\"robots\" content=\"index, follow, max-snippet:-1, max-image-preview:large, max-video-preview:-1\" \/>\n<link rel=\"canonical\" href=\"https:\/\/www.sanmarcohotels.com\/it\/le-nostre-strutture\/\" \/>\n<meta property=\"og:locale\" content=\"it_IT\" \/>\n<meta property=\"og:type\" content=\"article\" \/>\n<meta property=\"og:title\" content=\"Le nostre strutture - San Marco Hotels -\" \/>\n<meta property=\"og:description\" content=\"Che si tratti di un weekend romantico, di un soggiorno culturale o di una vacanza in famiglia, le strutture San Marco Hotels\u00ae offrono camere, suite e appartamenti nel centro storico di Venezia.  Affacci sul Campanile di San Marco, scorci sui tetti veneziani, viste su canali pittoreschi o sul Ponte di Rialto: ogni propriet\u00e0 mantiene una propria identit\u00e0, garantendo comfort, centralit\u00e0 e accoglienza professionale..\" \/>\n<meta property=\"og:url\" content=\"https:\/\/www.sanmarcohotels.com\/it\/le-nostre-strutture\/\" \/>\n<meta property=\"og:site_name\" content=\"San Marco Hotels\" \/>\n<meta property=\"article:modified_time\" content=\"2026-03-06T13:48:16+00:00\" \/>\n<meta name=\"twitter:card\" content=\"summary_large_image\" \/>\n<meta name=\"twitter:label1\" content=\"Est. reading time\" \/>\n\t<meta name=\"twitter:data1\" content=\"1 minuto\" \/>\n<script type=\"application\/ld+json\" class=\"yoast-schema-graph\">{\"@context\":\"https:\/\/schema.org\",\"@graph\":[{\"@type\":\"WebPage\",\"@id\":\"https:\/\/www.sanmarcohotels.com\/it\/le-nostre-strutture\/\",\"url\":\"https:\/\/www.sanmarcohotels.com\/it\/le-nostre-strutture\/\",\"name\":\"Le nostre strutture - San Marco Hotels -\",\"isPartOf\":{\"@id\":\"https:\/\/www.sanmarcohotels.com\/it\/#website\"},\"datePublished\":\"2026-03-05T15:02:04+00:00\",\"dateModified\":\"2026-03-06T13:48:16+00:00\",\"description\":\"Che si tratti di un weekend romantico, di un soggiorno culturale o di una vacanza in famiglia, le strutture San Marco Hotels\u00ae offrono camere, suite e appartamenti nel centro storico di Venezia. Affacci sul Campanile di San Marco, scorci sui tetti veneziani, viste su canali pittoreschi o sul Ponte di Rialto: ogni propriet\u00e0 mantiene una propria identit\u00e0, garantendo comfort, centralit\u00e0 e accoglienza professionale..\",\"breadcrumb\":{\"@id\":\"https:\/\/www.sanmarcohotels.com\/it\/le-nostre-strutture\/#breadcrumb\"},\"inLanguage\":\"it-IT\",\"potentialAction\":[{\"@type\":\"ReadAction\",\"target\":[\"https:\/\/www.sanmarcohotels.com\/it\/le-nostre-strutture\/\"]}]},{\"@type\":\"BreadcrumbList\",\"@id\":\"https:\/\/www.sanmarcohotels.com\/it\/le-nostre-strutture\/#breadcrumb\",\"itemListElement\":[{\"@type\":\"ListItem\",\"position\":1,\"name\":\"Home\",\"item\":\"https:\/\/www.sanmarcohotels.com\/it\/\"},{\"@type\":\"ListItem\",\"position\":2,\"name\":\"Le nostre strutture\"}]},{\"@type\":\"WebSite\",\"@id\":\"https:\/\/www.sanmarcohotels.com\/it\/#website\",\"url\":\"https:\/\/www.sanmarcohotels.com\/it\/\",\"name\":\"San Marco Hotels\",\"description\":\"\",\"publisher\":{\"@id\":\"https:\/\/www.sanmarcohotels.com\/it\/#organization\"},\"potentialAction\":[{\"@type\":\"SearchAction\",\"target\":{\"@type\":\"EntryPoint\",\"urlTemplate\":\"https:\/\/www.sanmarcohotels.com\/it\/?s={search_term_string}\"},\"query-input\":{\"@type\":\"PropertyValueSpecification\",\"valueRequired\":true,\"valueName\":\"search_term_string\"}}],\"inLanguage\":\"it-IT\"},{\"@type\":\"Organization\",\"@id\":\"https:\/\/www.sanmarcohotels.com\/it\/#organization\",\"name\":\"San Marco Hotels\",\"url\":\"https:\/\/www.sanmarcohotels.com\/it\/\",\"logo\":{\"@type\":\"ImageObject\",\"inLanguage\":\"it-IT\",\"@id\":\"https:\/\/www.sanmarcohotels.com\/it\/#\/schema\/logo\/image\/\",\"url\":\"https:\/\/sanmarcohotels.ms3.decms.eu\/wp-content\/uploads\/sites\/63\/2026\/03\/san_marco_hotels_logo_c.svg\",\"contentUrl\":\"https:\/\/sanmarcohotels.ms3.decms.eu\/wp-content\/uploads\/sites\/63\/2026\/03\/san_marco_hotels_logo_c.svg\",\"width\":802,\"height\":824,\"caption\":\"San Marco Hotels\"},\"image\":{\"@id\":\"https:\/\/www.sanmarcohotels.com\/it\/#\/schema\/logo\/image\/\"}}]}<\/script>\n<!-- \/ Yoast SEO plugin. -->","yoast_head_json":{"title":"Le nostre strutture - San Marco Hotels -","description":"Che si tratti di un weekend romantico, di un soggiorno culturale o di una vacanza in famiglia, le strutture San Marco Hotels\u00ae offrono camere, suite e appartamenti nel centro storico di Venezia.  Affacci sul Campanile di San Marco, scorci sui tetti veneziani, viste su canali pittoreschi o sul Ponte di Rialto: ogni propriet\u00e0 mantiene una propria identit\u00e0, garantendo comfort, centralit\u00e0 e accoglienza professionale..","robots":{"index":"index","follow":"follow","max-snippet":"max-snippet:-1","max-image-preview":"max-image-preview:large","max-video-preview":"max-video-preview:-1"},"canonical":"https:\/\/www.sanmarcohotels.com\/it\/le-nostre-strutture\/","og_locale":"it_IT","og_type":"article","og_title":"Le nostre strutture - San Marco Hotels -","og_description":"Che si tratti di un weekend romantico, di un soggiorno culturale o di una vacanza in famiglia, le strutture San Marco Hotels\u00ae offrono camere, suite e appartamenti nel centro storico di Venezia.  Affacci sul Campanile di San Marco, scorci sui tetti veneziani, viste su canali pittoreschi o sul Ponte di Rialto: ogni propriet\u00e0 mantiene una propria identit\u00e0, garantendo comfort, centralit\u00e0 e accoglienza professionale..","og_url":"https:\/\/www.sanmarcohotels.com\/it\/le-nostre-strutture\/","og_site_name":"San Marco Hotels","article_modified_time":"2026-03-06T13:48:16+00:00","twitter_card":"summary_large_image","twitter_misc":{"Est. reading time":"1 minuto"},"schema":{"@context":"https:\/\/schema.org","@graph":[{"@type":"WebPage","@id":"https:\/\/www.sanmarcohotels.com\/it\/le-nostre-strutture\/","url":"https:\/\/www.sanmarcohotels.com\/it\/le-nostre-strutture\/","name":"Le nostre strutture - San Marco Hotels -","isPartOf":{"@id":"https:\/\/www.sanmarcohotels.com\/it\/#website"},"datePublished":"2026-03-05T15:02:04+00:00","dateModified":"2026-03-06T13:48:16+00:00","description":"Che si tratti di un weekend romantico, di un soggiorno culturale o di una vacanza in famiglia, le strutture San Marco Hotels\u00ae offrono camere, suite e appartamenti nel centro storico di Venezia. Affacci sul Campanile di San Marco, scorci sui tetti veneziani, viste su canali pittoreschi o sul Ponte di Rialto: ogni propriet\u00e0 mantiene una propria identit\u00e0, garantendo comfort, centralit\u00e0 e accoglienza professionale..","breadcrumb":{"@id":"https:\/\/www.sanmarcohotels.com\/it\/le-nostre-strutture\/#breadcrumb"},"inLanguage":"it-IT","potentialAction":[{"@type":"ReadAction","target":["https:\/\/www.sanmarcohotels.com\/it\/le-nostre-strutture\/"]}]},{"@type":"BreadcrumbList","@id":"https:\/\/www.sanmarcohotels.com\/it\/le-nostre-strutture\/#breadcrumb","itemListElement":[{"@type":"ListItem","position":1,"name":"Home","item":"https:\/\/www.sanmarcohotels.com\/it\/"},{"@type":"ListItem","position":2,"name":"Le nostre strutture"}]},{"@type":"WebSite","@id":"https:\/\/www.sanmarcohotels.com\/it\/#website","url":"https:\/\/www.sanmarcohotels.com\/it\/","name":"San Marco Hotels","description":"","publisher":{"@id":"https:\/\/www.sanmarcohotels.com\/it\/#organization"},"potentialAction":[{"@type":"SearchAction","target":{"@type":"EntryPoint","urlTemplate":"https:\/\/www.sanmarcohotels.com\/it\/?s={search_term_string}"},"query-input":{"@type":"PropertyValueSpecification","valueRequired":true,"valueName":"search_term_string"}}],"inLanguage":"it-IT"},{"@type":"Organization","@id":"https:\/\/www.sanmarcohotels.com\/it\/#organization","name":"San Marco Hotels","url":"https:\/\/www.sanmarcohotels.com\/it\/","logo":{"@type":"ImageObject","inLanguage":"it-IT","@id":"https:\/\/www.sanmarcohotels.com\/it\/#\/schema\/logo\/image\/","url":"https:\/\/sanmarcohotels.ms3.decms.eu\/wp-content\/uploads\/sites\/63\/2026\/03\/san_marco_hotels_logo_c.svg","contentUrl":"https:\/\/sanmarcohotels.ms3.decms.eu\/wp-content\/uploads\/sites\/63\/2026\/03\/san_marco_hotels_logo_c.svg","width":802,"height":824,"caption":"San Marco Hotels"},"image":{"@id":"https:\/\/www.sanmarcohotels.com\/it\/#\/schema\/logo\/image\/"}}]}},"acf":[],"_links":{"self":[{"href":"https:\/\/www.sanmarcohotels.com\/it\/wp-json\/wp\/v2\/pages\/61","targetHints":{"allow":["GET"]}}],"collection":[{"href":"https:\/\/www.sanmarcohotels.com\/it\/wp-json\/wp\/v2\/pages"}],"about":[{"href":"https:\/\/www.sanmarcohotels.com\/it\/wp-json\/wp\/v2\/types\/page"}],"author":[{"embeddable":true,"href":"https:\/\/www.sanmarcohotels.com\/it\/wp-json\/wp\/v2\/users\/6"}],"replies":[{"embeddable":true,"href":"https:\/\/www.sanmarcohotels.com\/it\/wp-json\/wp\/v2\/comments?post=61"}],"version-history":[{"count":0,"href":"https:\/\/www.sanmarcohotels.com\/it\/wp-json\/wp\/v2\/pages\/61\/revisions"}],"wp:attachment":[{"href":"https:\/\/www.sanmarcohotels.com\/it\/wp-json\/wp\/v2\/media?parent=61"}],"curies":[{"name":"wp","href":"https:\/\/api.w.org\/{rel}","templated":true}]}}