{"id":80,"date":"2026-03-05T15:47:31","date_gmt":"2026-03-05T15:47:31","guid":{"rendered":"https:\/\/sanmarcohotels.ms3.decms.eu\/?page_id=80"},"modified":"2026-03-19T15:20:04","modified_gmt":"2026-03-19T15:20:04","slug":"bar-americano","status":"publish","type":"page","link":"https:\/\/www.sanmarcohotels.com\/it\/ristoranti-bar\/bar-americano\/","title":{"rendered":"Bar Americano"},"content":{"rendered":"<p>Proprio all&#8217;ombra della celebre Torre dell&#8217;Orologio, il Bar Americano rappresenta l\u2019anima dinamica di Piazza San Marco. Ideale per chi cerca una pausa rigenerante senza rinunciare alla qualit\u00e0, offre un servizio rapido e attento. Dai caff\u00e8 d&#8217;autore alle bibite fresche, fino agli snack gourmet, \u00e8 il punto di riferimento per chi vuole vivere l&#8217;energia della piazza pi\u00f9 iconica del mondo con gusto e puntualit\u00e0.<\/p>\n","protected":false},"excerpt":{"rendered":"<p>Proprio all&#8217;ombra della celebre Torre dell&#8217;Orologio, il Bar Americano rappresenta l\u2019anima dinamica di Piazza San Marco. Ideale per chi cerca una pausa rigenerante senza rinunciare alla qualit\u00e0, offre un servizio rapido e attento. Dai caff\u00e8 d&#8217;autore alle bibite fresche, fino agli snack gourmet, \u00e8 il punto di riferimento per chi vuole vivere l&#8217;energia della piazza [&hellip;]<\/p>\n","protected":false},"author":6,"featured_media":0,"parent":64,"menu_order":40,"comment_status":"closed","ping_status":"closed","template":"template-single-restaurant.php","meta":{"footnotes":""},"class_list":["post-80","page","type-page","status-publish","hentry"],"yoast_head":"<!-- This site is optimized with the Yoast SEO plugin v26.9 - https:\/\/yoast.com\/product\/yoast-seo-wordpress\/ -->\n<title>Bar Americano - San Marco Hotels -<\/title>\n<meta name=\"description\" content=\"Proprio all&#039;ombra della celebre Torre dell&#039;Orologio, il Bar Americano rappresenta l\u2019anima dinamica di Piazza San Marco. Ideale per chi cerca una pausa rigenerante senza rinunciare alla qualit\u00e0, offre un servizio rapido e attento\" \/>\n<meta name=\"robots\" content=\"index, follow, max-snippet:-1, max-image-preview:large, max-video-preview:-1\" \/>\n<link rel=\"canonical\" href=\"https:\/\/www.sanmarcohotels.com\/it\/ristoranti-bar\/bar-americano\/\" \/>\n<meta property=\"og:locale\" content=\"it_IT\" \/>\n<meta property=\"og:type\" content=\"article\" \/>\n<meta property=\"og:title\" content=\"Bar Americano - San Marco Hotels -\" \/>\n<meta property=\"og:description\" content=\"Proprio all&#039;ombra della celebre Torre dell&#039;Orologio, il Bar Americano rappresenta l\u2019anima dinamica di Piazza San Marco. Ideale per chi cerca una pausa rigenerante senza rinunciare alla qualit\u00e0, offre un servizio rapido e attento\" \/>\n<meta property=\"og:url\" content=\"https:\/\/www.sanmarcohotels.com\/it\/ristoranti-bar\/bar-americano\/\" \/>\n<meta property=\"og:site_name\" content=\"San Marco Hotels\" \/>\n<meta property=\"article:modified_time\" content=\"2026-03-19T15:20:04+00:00\" \/>\n<meta name=\"twitter:card\" content=\"summary_large_image\" \/>\n<meta name=\"twitter:label1\" content=\"Est. reading time\" \/>\n\t<meta name=\"twitter:data1\" content=\"1 minuto\" \/>\n<script type=\"application\/ld+json\" class=\"yoast-schema-graph\">{\"@context\":\"https:\/\/schema.org\",\"@graph\":[{\"@type\":\"WebPage\",\"@id\":\"https:\/\/www.sanmarcohotels.com\/it\/ristoranti-bar\/bar-americano\/\",\"url\":\"https:\/\/www.sanmarcohotels.com\/it\/ristoranti-bar\/bar-americano\/\",\"name\":\"Bar Americano - San Marco Hotels -\",\"isPartOf\":{\"@id\":\"https:\/\/www.sanmarcohotels.com\/it\/#website\"},\"datePublished\":\"2026-03-05T15:47:31+00:00\",\"dateModified\":\"2026-03-19T15:20:04+00:00\",\"description\":\"Proprio all'ombra della celebre Torre dell'Orologio, il Bar Americano rappresenta l\u2019anima dinamica di Piazza San Marco. Ideale per chi cerca una pausa rigenerante senza rinunciare alla qualit\u00e0, offre un servizio rapido e attento\",\"breadcrumb\":{\"@id\":\"https:\/\/www.sanmarcohotels.com\/it\/ristoranti-bar\/bar-americano\/#breadcrumb\"},\"inLanguage\":\"it-IT\",\"potentialAction\":[{\"@type\":\"ReadAction\",\"target\":[\"https:\/\/www.sanmarcohotels.com\/it\/ristoranti-bar\/bar-americano\/\"]}]},{\"@type\":\"BreadcrumbList\",\"@id\":\"https:\/\/www.sanmarcohotels.com\/it\/ristoranti-bar\/bar-americano\/#breadcrumb\",\"itemListElement\":[{\"@type\":\"ListItem\",\"position\":1,\"name\":\"Home\",\"item\":\"https:\/\/www.sanmarcohotels.com\/it\/\"},{\"@type\":\"ListItem\",\"position\":2,\"name\":\"Ristoranti &#038; Bar\",\"item\":\"https:\/\/www.sanmarcohotels.com\/it\/restaurants-bar\/\"},{\"@type\":\"ListItem\",\"position\":3,\"name\":\"Bar Americano\"}]},{\"@type\":\"WebSite\",\"@id\":\"https:\/\/www.sanmarcohotels.com\/it\/#website\",\"url\":\"https:\/\/www.sanmarcohotels.com\/it\/\",\"name\":\"San Marco Hotels\",\"description\":\"\",\"publisher\":{\"@id\":\"https:\/\/www.sanmarcohotels.com\/it\/#organization\"},\"potentialAction\":[{\"@type\":\"SearchAction\",\"target\":{\"@type\":\"EntryPoint\",\"urlTemplate\":\"https:\/\/www.sanmarcohotels.com\/it\/?s={search_term_string}\"},\"query-input\":{\"@type\":\"PropertyValueSpecification\",\"valueRequired\":true,\"valueName\":\"search_term_string\"}}],\"inLanguage\":\"it-IT\"},{\"@type\":\"Organization\",\"@id\":\"https:\/\/www.sanmarcohotels.com\/it\/#organization\",\"name\":\"San Marco Hotels\",\"url\":\"https:\/\/www.sanmarcohotels.com\/it\/\",\"logo\":{\"@type\":\"ImageObject\",\"inLanguage\":\"it-IT\",\"@id\":\"https:\/\/www.sanmarcohotels.com\/it\/#\/schema\/logo\/image\/\",\"url\":\"https:\/\/sanmarcohotels.ms3.decms.eu\/wp-content\/uploads\/sites\/63\/2026\/03\/san_marco_hotels_logo_c.svg\",\"contentUrl\":\"https:\/\/sanmarcohotels.ms3.decms.eu\/wp-content\/uploads\/sites\/63\/2026\/03\/san_marco_hotels_logo_c.svg\",\"width\":802,\"height\":824,\"caption\":\"San Marco Hotels\"},\"image\":{\"@id\":\"https:\/\/www.sanmarcohotels.com\/it\/#\/schema\/logo\/image\/\"}}]}<\/script>\n<!-- \/ Yoast SEO plugin. -->","yoast_head_json":{"title":"Bar Americano - San Marco Hotels -","description":"Proprio all'ombra della celebre Torre dell'Orologio, il Bar Americano rappresenta l\u2019anima dinamica di Piazza San Marco. Ideale per chi cerca una pausa rigenerante senza rinunciare alla qualit\u00e0, offre un servizio rapido e attento","robots":{"index":"index","follow":"follow","max-snippet":"max-snippet:-1","max-image-preview":"max-image-preview:large","max-video-preview":"max-video-preview:-1"},"canonical":"https:\/\/www.sanmarcohotels.com\/it\/ristoranti-bar\/bar-americano\/","og_locale":"it_IT","og_type":"article","og_title":"Bar Americano - San Marco Hotels -","og_description":"Proprio all'ombra della celebre Torre dell'Orologio, il Bar Americano rappresenta l\u2019anima dinamica di Piazza San Marco. Ideale per chi cerca una pausa rigenerante senza rinunciare alla qualit\u00e0, offre un servizio rapido e attento","og_url":"https:\/\/www.sanmarcohotels.com\/it\/ristoranti-bar\/bar-americano\/","og_site_name":"San Marco Hotels","article_modified_time":"2026-03-19T15:20:04+00:00","twitter_card":"summary_large_image","twitter_misc":{"Est. reading time":"1 minuto"},"schema":{"@context":"https:\/\/schema.org","@graph":[{"@type":"WebPage","@id":"https:\/\/www.sanmarcohotels.com\/it\/ristoranti-bar\/bar-americano\/","url":"https:\/\/www.sanmarcohotels.com\/it\/ristoranti-bar\/bar-americano\/","name":"Bar Americano - San Marco Hotels -","isPartOf":{"@id":"https:\/\/www.sanmarcohotels.com\/it\/#website"},"datePublished":"2026-03-05T15:47:31+00:00","dateModified":"2026-03-19T15:20:04+00:00","description":"Proprio all'ombra della celebre Torre dell'Orologio, il Bar Americano rappresenta l\u2019anima dinamica di Piazza San Marco. Ideale per chi cerca una pausa rigenerante senza rinunciare alla qualit\u00e0, offre un servizio rapido e attento","breadcrumb":{"@id":"https:\/\/www.sanmarcohotels.com\/it\/ristoranti-bar\/bar-americano\/#breadcrumb"},"inLanguage":"it-IT","potentialAction":[{"@type":"ReadAction","target":["https:\/\/www.sanmarcohotels.com\/it\/ristoranti-bar\/bar-americano\/"]}]},{"@type":"BreadcrumbList","@id":"https:\/\/www.sanmarcohotels.com\/it\/ristoranti-bar\/bar-americano\/#breadcrumb","itemListElement":[{"@type":"ListItem","position":1,"name":"Home","item":"https:\/\/www.sanmarcohotels.com\/it\/"},{"@type":"ListItem","position":2,"name":"Ristoranti &#038; Bar","item":"https:\/\/www.sanmarcohotels.com\/it\/restaurants-bar\/"},{"@type":"ListItem","position":3,"name":"Bar Americano"}]},{"@type":"WebSite","@id":"https:\/\/www.sanmarcohotels.com\/it\/#website","url":"https:\/\/www.sanmarcohotels.com\/it\/","name":"San Marco Hotels","description":"","publisher":{"@id":"https:\/\/www.sanmarcohotels.com\/it\/#organization"},"potentialAction":[{"@type":"SearchAction","target":{"@type":"EntryPoint","urlTemplate":"https:\/\/www.sanmarcohotels.com\/it\/?s={search_term_string}"},"query-input":{"@type":"PropertyValueSpecification","valueRequired":true,"valueName":"search_term_string"}}],"inLanguage":"it-IT"},{"@type":"Organization","@id":"https:\/\/www.sanmarcohotels.com\/it\/#organization","name":"San Marco Hotels","url":"https:\/\/www.sanmarcohotels.com\/it\/","logo":{"@type":"ImageObject","inLanguage":"it-IT","@id":"https:\/\/www.sanmarcohotels.com\/it\/#\/schema\/logo\/image\/","url":"https:\/\/sanmarcohotels.ms3.decms.eu\/wp-content\/uploads\/sites\/63\/2026\/03\/san_marco_hotels_logo_c.svg","contentUrl":"https:\/\/sanmarcohotels.ms3.decms.eu\/wp-content\/uploads\/sites\/63\/2026\/03\/san_marco_hotels_logo_c.svg","width":802,"height":824,"caption":"San Marco Hotels"},"image":{"@id":"https:\/\/www.sanmarcohotels.com\/it\/#\/schema\/logo\/image\/"}}]}},"acf":[],"_links":{"self":[{"href":"https:\/\/www.sanmarcohotels.com\/it\/wp-json\/wp\/v2\/pages\/80","targetHints":{"allow":["GET"]}}],"collection":[{"href":"https:\/\/www.sanmarcohotels.com\/it\/wp-json\/wp\/v2\/pages"}],"about":[{"href":"https:\/\/www.sanmarcohotels.com\/it\/wp-json\/wp\/v2\/types\/page"}],"author":[{"embeddable":true,"href":"https:\/\/www.sanmarcohotels.com\/it\/wp-json\/wp\/v2\/users\/6"}],"replies":[{"embeddable":true,"href":"https:\/\/www.sanmarcohotels.com\/it\/wp-json\/wp\/v2\/comments?post=80"}],"version-history":[{"count":0,"href":"https:\/\/www.sanmarcohotels.com\/it\/wp-json\/wp\/v2\/pages\/80\/revisions"}],"up":[{"embeddable":true,"href":"https:\/\/www.sanmarcohotels.com\/it\/wp-json\/wp\/v2\/pages\/64"}],"wp:attachment":[{"href":"https:\/\/www.sanmarcohotels.com\/it\/wp-json\/wp\/v2\/media?parent=80"}],"curies":[{"name":"wp","href":"https:\/\/api.w.org\/{rel}","templated":true}]}}